{"id":1163,"date":"2026-02-26T17:17:55","date_gmt":"2026-02-26T20:17:55","guid":{"rendered":"https:\/\/cbie.sbc.org.br\/2026\/?page_id=1163"},"modified":"2026-02-26T17:28:22","modified_gmt":"2026-02-26T20:28:22","slug":"local-do-evento","status":"publish","type":"page","link":"https:\/\/cbie.sbc.org.br\/2026\/index.php\/local-do-evento\/","title":{"rendered":"Local do evento"},"content":{"rendered":"\t\t<div data-elementor-type=\"wp-page\" data-elementor-id=\"1163\" class=\"elementor elementor-1163\">\n\t\t\t\t<div class=\"elementor-element elementor-element-be6d8e2 e-con-full e-flex e-con e-parent\" data-id=\"be6d8e2\" data-element_type=\"container\" data-e-type=\"container\" data-settings=\"{&quot;background_background&quot;:&quot;classic&quot;}\">\n\t\t\t\t<div class=\"elementor-element elementor-element-24a96e4 elementor-widget elementor-widget-heading\" data-id=\"24a96e4\" data-element_type=\"widget\" data-e-type=\"widget\" data-widget_type=\"heading.default\">\n\t\t\t\t\t<h2 class=\"elementor-heading-title elementor-size-default\">Castro\u2019s Park Hotel<\/h2>\t\t\t\t<\/div>\n\t\t\t\t<\/div>\n\t\t<div class=\"elementor-element elementor-element-e36763e e-flex e-con-boxed e-con e-parent\" data-id=\"e36763e\" data-element_type=\"container\" data-e-type=\"container\">\n\t\t\t\t\t<div class=\"e-con-inner\">\n\t\t<div class=\"elementor-element elementor-element-db333d5 e-con-full e-flex e-con e-child\" data-id=\"db333d5\" data-element_type=\"container\" data-e-type=\"container\">\n\t\t<div class=\"elementor-element elementor-element-c28c3d8 e-con-full e-flex e-con e-child\" data-id=\"c28c3d8\" data-element_type=\"container\" data-e-type=\"container\">\n\t\t\t\t<div class=\"elementor-element elementor-element-3a8a4dc elementor-widget elementor-widget-text-editor\" data-id=\"3a8a4dc\" data-element_type=\"widget\" data-e-type=\"widget\" data-widget_type=\"text-editor.default\">\n\t\t\t\t\t\t\t\t\t<p>\u00c9 Refer\u00eancia em servi\u00e7os. Reconhecido por sua premiada gastronomia e por seu estilo \u00fanico de servir.<\/p><p>De f\u00e1cil acesso, est\u00e1 situado no setor Oeste de Goi\u00e2nia e \u00e9 refer\u00eancia quando se busca um hotel de primeira linha na regi\u00e3o. Com infraestrutura completa, oferece 171 confort\u00e1veis apartamentos e su\u00edtes, completa \u00e1rea de lazer com piscinas aquecidas.<\/p><p>Fonte: <a href=\"https:\/\/www.castrospark.com.br\/quem-somos\">Castro\u2019s Park Hotel<\/a><\/p>\t\t\t\t\t\t\t\t<\/div>\n\t\t\t\t<\/div>\n\t\t\t\t<\/div>\n\t\t<div class=\"elementor-element elementor-element-fd2f8e9 e-con-full e-flex e-con e-child\" data-id=\"fd2f8e9\" data-element_type=\"container\" data-e-type=\"container\">\n\t\t\t\t<div class=\"elementor-element elementor-element-487639e elementor-widget elementor-widget-image\" data-id=\"487639e\" data-element_type=\"widget\" data-e-type=\"widget\" data-widget_type=\"image.default\">\n\t\t\t\t\t\t\t\t\t\t\t\t\t\t\t<img fetchpriority=\"high\" decoding=\"async\" width=\"640\" height=\"427\" src=\"https:\/\/cbie.sbc.org.br\/2026\/wp-content\/uploads\/2026\/01\/hotel.webp\" class=\"attachment-large size-large wp-image-439\" alt=\"\" srcset=\"https:\/\/cbie.sbc.org.br\/2026\/wp-content\/uploads\/2026\/01\/hotel.webp 640w, https:\/\/cbie.sbc.org.br\/2026\/wp-content\/uploads\/2026\/01\/hotel-300x200.webp 300w\" sizes=\"(max-width: 640px) 100vw, 640px\" \/>\t\t\t\t\t\t\t\t\t\t\t\t\t\t\t<\/div>\n\t\t\t\t<div class=\"elementor-element elementor-element-96c3250 elementor-widget elementor-widget-text-editor\" data-id=\"96c3250\" data-element_type=\"widget\" data-e-type=\"widget\" data-widget_type=\"text-editor.default\">\n\t\t\t\t\t\t\t\t\t<p>Imagem retirada do site Castro&#8217;s Park Hotel<\/p>\t\t\t\t\t\t\t\t<\/div>\n\t\t\t\t<\/div>\n\t\t\t\t\t<\/div>\n\t\t\t\t<\/div>\n\t\t\t\t<\/div>\n\t\t","protected":false},"excerpt":{"rendered":"<p>Castro\u2019s Park Hotel \u00c9 Refer\u00eancia em servi\u00e7os. Reconhecido por sua premiada gastronomia e por seu estilo \u00fanico de servir. De f\u00e1cil acesso, est\u00e1 situado no setor Oeste de Goi\u00e2nia e \u00e9 refer\u00eancia quando se busca um hotel de primeira linha na regi\u00e3o. Com infraestrutura completa, oferece 171 confort\u00e1veis apartamentos e su\u00edtes, completa \u00e1rea de lazer [&hellip;]<\/p>\n","protected":false},"author":6,"featured_media":0,"parent":0,"menu_order":0,"comment_status":"closed","ping_status":"closed","template":"elementor_canvas","meta":{"footnotes":""},"class_list":["post-1163","page","type-page","status-publish","hentry"],"_links":{"self":[{"href":"https:\/\/cbie.sbc.org.br\/2026\/index.php\/wp-json\/wp\/v2\/pages\/1163","targetHints":{"allow":["GET"]}}],"collection":[{"href":"https:\/\/cbie.sbc.org.br\/2026\/index.php\/wp-json\/wp\/v2\/pages"}],"about":[{"href":"https:\/\/cbie.sbc.org.br\/2026\/index.php\/wp-json\/wp\/v2\/types\/page"}],"author":[{"embeddable":true,"href":"https:\/\/cbie.sbc.org.br\/2026\/index.php\/wp-json\/wp\/v2\/users\/6"}],"replies":[{"embeddable":true,"href":"https:\/\/cbie.sbc.org.br\/2026\/index.php\/wp-json\/wp\/v2\/comments?post=1163"}],"version-history":[{"count":4,"href":"https:\/\/cbie.sbc.org.br\/2026\/index.php\/wp-json\/wp\/v2\/pages\/1163\/revisions"}],"predecessor-version":[{"id":1168,"href":"https:\/\/cbie.sbc.org.br\/2026\/index.php\/wp-json\/wp\/v2\/pages\/1163\/revisions\/1168"}],"wp:attachment":[{"href":"https:\/\/cbie.sbc.org.br\/2026\/index.php\/wp-json\/wp\/v2\/media?parent=1163"}],"curies":[{"name":"wp","href":"https:\/\/api.w.org\/{rel}","templated":true}]}}