{"id":1153,"date":"2026-02-26T17:09:21","date_gmt":"2026-02-26T20:09:21","guid":{"rendered":"https:\/\/cbie.sbc.org.br\/2026\/?page_id=1153"},"modified":"2026-03-25T23:17:25","modified_gmt":"2026-03-26T02:17:25","slug":"sobre-o-cbie","status":"publish","type":"page","link":"https:\/\/cbie.sbc.org.br\/2026\/index.php\/sobre-o-cbie\/","title":{"rendered":"Sobre o CBIE"},"content":{"rendered":"\t\t<div data-elementor-type=\"wp-page\" data-elementor-id=\"1153\" class=\"elementor elementor-1153\">\n\t\t\t\t<div class=\"elementor-element elementor-element-be6d8e2 e-con-full e-flex e-con e-parent\" data-id=\"be6d8e2\" data-element_type=\"container\" data-e-type=\"container\" data-settings=\"{&quot;background_background&quot;:&quot;classic&quot;}\">\n\t\t\t\t<div class=\"elementor-element elementor-element-24a96e4 elementor-widget elementor-widget-heading\" data-id=\"24a96e4\" data-element_type=\"widget\" data-e-type=\"widget\" data-widget_type=\"heading.default\">\n\t\t\t\t\t<h2 class=\"elementor-heading-title elementor-size-default\">XV Congresso Brasileiro de Inform\u00e1tica na Educa\u00e7\u00e3o (C B I E 2026)<\/h2>\t\t\t\t<\/div>\n\t\t\t\t<\/div>\n\t\t<div class=\"elementor-element elementor-element-e634f91 e-flex e-con-boxed e-con e-parent\" data-id=\"e634f91\" data-element_type=\"container\" data-e-type=\"container\">\n\t\t\t\t\t<div class=\"e-con-inner\">\n\t\t<div class=\"elementor-element elementor-element-1a2767f e-con-full e-flex e-con e-child\" data-id=\"1a2767f\" data-element_type=\"container\" data-e-type=\"container\">\n\t\t\t\t<div class=\"elementor-element elementor-element-120b3a4 elementor-widget elementor-widget-text-editor\" data-id=\"120b3a4\" data-element_type=\"widget\" data-e-type=\"widget\" data-widget_type=\"text-editor.default\">\n\t\t\t\t\t\t\t\t\t<p>O Congresso Brasileiro de Inform\u00e1tica na Educa\u00e7\u00e3o (C B I E) \u00e9 um evento anual da Sociedade Brasileira de Computa\u00e7\u00e3o (S B C), promove e incentiva as trocas de experi\u00eancias entre as comunidades cient\u00edfica, profissional, governamental e empresarial na \u00e1rea de Inform\u00e1tica na Educa\u00e7\u00e3o. Neste ano, o C B I E ser\u00e1 realizado no Castro&#8217;s Park Hotel, em Goi\u00e2nia, <strong>de 5 a 9 de outubro.<\/strong><\/p><p>Ser\u00e3o 5 dias de debates cr\u00edticos, networking cient\u00edfico e discuss\u00e3o de pesquisas e solu\u00e7\u00f5es em Inform\u00e1tica na Educa\u00e7\u00e3o, pautados pelo tema deste ano: <strong>\u201cNo Centro do Brasil, no Centro do Debate: Computa\u00e7\u00e3o, Educa\u00e7\u00e3o e os Dilemas da Era Digital\u201d<\/strong>.<\/p><p>O p\u00fablico estimado \u00e9 de <strong>700 a 1000 participantes<\/strong> de todo o pa\u00eds, incluindo representantes de pa\u00edses da Am\u00e9rica Latina, compreendendo <strong>estudantes, professores da educa\u00e7\u00e3o b\u00e1sica, pesquisadores e profissionais da ind\u00fastria e governo.<\/strong><\/p>\t\t\t\t\t\t\t\t<\/div>\n\t\t<div class=\"elementor-element elementor-element-a928111 e-con-full e-flex e-con e-child\" data-id=\"a928111\" data-element_type=\"container\" data-e-type=\"container\">\n\t\t\t\t<div class=\"elementor-element elementor-element-74efc9f elementor-widget elementor-widget-heading\" data-id=\"74efc9f\" data-element_type=\"widget\" data-e-type=\"widget\" data-widget_type=\"heading.default\">\n\t\t\t\t\t<h2 class=\"elementor-heading-title elementor-size-default\">Coordena\u00e7\u00e3o CBIE<\/h2>\t\t\t\t<\/div>\n\t\t<div class=\"elementor-element elementor-element-ae4a7fc e-con-full e-flex e-con e-child\" data-id=\"ae4a7fc\" data-element_type=\"container\" data-e-type=\"container\">\n\t\t\t\t<div class=\"elementor-element elementor-element-cb2a212 elementor-widget elementor-widget-text-editor\" data-id=\"cb2a212\" data-element_type=\"widget\" data-e-type=\"widget\" data-widget_type=\"text-editor.default\">\n\t\t\t\t\t\t\t\t\t<p>Cleon Xavier Pereira Junior (I F Goiano) <span style=\"font-weight: 400;\">| \u00a0<a href=\"https:\/\/lattes.cnpq.br\/2106704642081867\">Lattes<\/a> <\/span><span style=\"font-weight: 400;\">| cleon.junior@ifgoiano.edu.br<\/span><\/p><p>Rafael Ferreira Leite de Mello (U F R P E) | <a href=\"https:\/\/lattes.cnpq.br\/6190254569597745\">Lattes<\/a> | rafael.mello@ufrpe.br<\/p><p>J\u00falio C\u00e9sar Ferreira (I F Goiano) | <a href=\"https:\/\/lattes.cnpq.br\/8909334567319212\">Lattes<\/a> | julio.ferreira@ifgoiano.edu.br<\/p>\t\t\t\t\t\t\t\t<\/div>\n\t\t\t\t<\/div>\n\t\t\t\t<\/div>\n\t\t<div class=\"elementor-element elementor-element-4a448e1 e-con-full e-flex e-con e-child\" data-id=\"4a448e1\" data-element_type=\"container\" data-e-type=\"container\">\n\t\t\t\t<div class=\"elementor-element elementor-element-9f561ce elementor-widget elementor-widget-heading\" data-id=\"9f561ce\" data-element_type=\"widget\" data-e-type=\"widget\" data-widget_type=\"heading.default\">\n\t\t\t\t\t<h4 class=\"elementor-heading-title elementor-size-default\">Durante o CBIE 2026 ocorrem diversos eventos:<\/h4>\t\t\t\t<\/div>\n\t\t\t\t<div class=\"elementor-element elementor-element-7ddd6dd elementor-widget elementor-widget-text-editor\" data-id=\"7ddd6dd\" data-element_type=\"widget\" data-e-type=\"widget\" data-widget_type=\"text-editor.default\">\n\t\t\t\t\t\t\t\t\t<ul><li>XXXVII Simp\u00f3sio Brasileiro de Inform\u00e1tica na Educa\u00e7\u00e3o (S B I E):<ul><li>Trilha de Pesquisa (T P I E)<\/li><li>Trilha de Ideias Inovadoras e Resultados Emergentes (T I I R E)<\/li><li>Trilha de Journal First (T J F)<\/li><\/ul><\/li><li>XXXII Workshop de Inform\u00e1tica na Escola (W I E):<ul><li>Trilha 1: Relatos de experi\u00eancias com Tecnologias Digitais na Educa\u00e7\u00e3o<\/li><li>Trilha 2: Pr\u00e1ticas e Experi\u00eancias em Tecnologias Digitais na Educa\u00e7\u00e3o B\u00e1sica<\/li><\/ul><\/li><li>Concurso de Teses e Disserta\u00e7\u00f5es (C T D &#8211; I E)<\/li><li>Jornada de Atualiza\u00e7\u00e3o em Inform\u00e1tica na Educa\u00e7\u00e3o (J A I E)<\/li><li>Concurso Integrado de Desenvolvimento de Solu\u00e7\u00f5es de Tecnologia e Objetos de Aprendizagem para a Educa\u00e7\u00e3o (Apps.Edu 2026)<\/li><li>Postgraduate Students Experience (StudX)<\/li><li><span style=\"background-color: transparent;\">Painel de Pol\u00edticas e Diretrizes em Inform\u00e1tica na Educa\u00e7\u00e3o (<\/span>P P D I E)<\/li><li>Workshops<\/li><\/ul>\t\t\t\t\t\t\t\t<\/div>\n\t\t\t\t<\/div>\n\t\t\t\t<\/div>\n\t\t\t\t\t<\/div>\n\t\t\t\t<\/div>\n\t\t<div class=\"elementor-element elementor-element-c844027 e-con-full e-flex e-con e-parent\" data-id=\"c844027\" data-element_type=\"container\" data-e-type=\"container\">\n\t\t<div class=\"elementor-element elementor-element-91fbfbb e-con-full e-flex e-con e-child\" data-id=\"91fbfbb\" data-element_type=\"container\" data-e-type=\"container\">\n\t\t<div class=\"elementor-element elementor-element-23afb70 e-con-full e-flex e-con e-child\" data-id=\"23afb70\" data-element_type=\"container\" data-e-type=\"container\">\n\t\t\t\t<div class=\"elementor-element elementor-element-6abec7d elementor-widget elementor-widget-heading\" data-id=\"6abec7d\" data-element_type=\"widget\" data-e-type=\"widget\" data-widget_type=\"heading.default\">\n\t\t\t\t\t<p class=\"elementor-heading-title elementor-size-default\">Patrocinadores bronze<\/p>\t\t\t\t<\/div>\n\t\t<div class=\"elementor-element elementor-element-d390dd2 e-con-full e-flex e-con e-child\" data-id=\"d390dd2\" data-element_type=\"container\" data-e-type=\"container\">\n\t\t\t\t<div class=\"elementor-element elementor-element-6705fff elementor-widget__width-initial elementor-widget-mobile__width-initial elementor-widget elementor-widget-image\" data-id=\"6705fff\" data-element_type=\"widget\" data-e-type=\"widget\" data-widget_type=\"image.default\">\n\t\t\t\t\t\t\t\t\t\t\t\t<figure class=\"wp-caption\">\n\t\t\t\t\t\t\t\t\t\t\t<a href=\"https:\/\/ceia.ufg.br\/\">\n\t\t\t\t\t\t\t<img fetchpriority=\"high\" decoding=\"async\" width=\"800\" height=\"419\" src=\"https:\/\/cbie.sbc.org.br\/2026\/wp-content\/uploads\/2026\/03\/Horizontal2-1024x536.png\" class=\"attachment-large size-large wp-image-1604\" alt=\"\" srcset=\"https:\/\/cbie.sbc.org.br\/2026\/wp-content\/uploads\/2026\/03\/Horizontal2-1024x536.png 1024w, https:\/\/cbie.sbc.org.br\/2026\/wp-content\/uploads\/2026\/03\/Horizontal2-300x157.png 300w, https:\/\/cbie.sbc.org.br\/2026\/wp-content\/uploads\/2026\/03\/Horizontal2-768x402.png 768w, https:\/\/cbie.sbc.org.br\/2026\/wp-content\/uploads\/2026\/03\/Horizontal2.png 1201w\" sizes=\"(max-width: 800px) 100vw, 800px\" \/>\t\t\t\t\t\t\t\t<\/a>\n\t\t\t\t\t\t\t\t\t\t\t<figcaption class=\"widget-image-caption wp-caption-text\">Logo C E I A<\/figcaption>\n\t\t\t\t\t\t\t\t\t\t<\/figure>\n\t\t\t\t\t\t\t\t\t<\/div>\n\t\t\t\t<\/div>\n\t\t\t\t<\/div>\n\t\t<div class=\"elementor-element elementor-element-2b76023 e-con-full e-flex e-con e-child\" data-id=\"2b76023\" data-element_type=\"container\" data-e-type=\"container\">\n\t\t<div class=\"elementor-element elementor-element-04b9328 e-con-full e-flex e-con e-child\" data-id=\"04b9328\" data-element_type=\"container\" data-e-type=\"container\">\n\t\t\t\t<div class=\"elementor-element elementor-element-5f52330 elementor-widget elementor-widget-heading\" data-id=\"5f52330\" data-element_type=\"widget\" data-e-type=\"widget\" data-widget_type=\"heading.default\">\n\t\t\t\t\t<p class=\"elementor-heading-title elementor-size-default\">Realiza\u00e7\u00e3o<\/p>\t\t\t\t<\/div>\n\t\t<div class=\"elementor-element elementor-element-b9e75ab e-con-full e-flex e-con e-child\" data-id=\"b9e75ab\" data-element_type=\"container\" data-e-type=\"container\">\n\t\t\t\t<div class=\"elementor-element elementor-element-c208543 elementor-widget elementor-widget-image\" data-id=\"c208543\" data-element_type=\"widget\" data-e-type=\"widget\" data-widget_type=\"image.default\">\n\t\t\t\t\t\t\t\t\t\t\t\t\t\t\t\t<a href=\"https:\/\/www.sbc.org.br\/\">\n\t\t\t\t\t\t\t<img decoding=\"async\" width=\"74\" height=\"112\" src=\"https:\/\/cbie.sbc.org.br\/2026\/wp-content\/uploads\/2026\/01\/SBC-LOGO.png\" class=\"attachment-full size-full wp-image-897\" alt=\"\" \/>\t\t\t\t\t\t\t\t<\/a>\n\t\t\t\t\t\t\t\t\t\t\t\t\t\t\t<\/div>\n\t\t\t\t<\/div>\n\t\t\t\t<\/div>\n\t\t<div class=\"elementor-element elementor-element-a9db88b e-con-full e-flex e-con e-child\" data-id=\"a9db88b\" data-element_type=\"container\" data-e-type=\"container\">\n\t\t\t\t<div class=\"elementor-element elementor-element-3d59c6b elementor-widget elementor-widget-heading\" data-id=\"3d59c6b\" data-element_type=\"widget\" data-e-type=\"widget\" data-widget_type=\"heading.default\">\n\t\t\t\t\t<p class=\"elementor-heading-title elementor-size-default\">Organiza\u00e7\u00e3o<\/p>\t\t\t\t<\/div>\n\t\t<div class=\"elementor-element elementor-element-48801aa e-con-full e-flex e-con e-child\" data-id=\"48801aa\" data-element_type=\"container\" data-e-type=\"container\">\n\t\t\t\t<div class=\"elementor-element elementor-element-fd483df elementor-widget elementor-widget-image\" data-id=\"fd483df\" data-element_type=\"widget\" data-e-type=\"widget\" data-widget_type=\"image.default\">\n\t\t\t\t\t\t\t\t\t\t\t\t\t\t\t\t<a href=\"http:\/\/www.ifgoiano.edu.br\">\n\t\t\t\t\t\t\t<img decoding=\"async\" width=\"127\" height=\"109\" src=\"https:\/\/cbie.sbc.org.br\/2026\/wp-content\/uploads\/2026\/01\/ifgoiano2.png\" class=\"attachment-full size-full wp-image-921\" alt=\"\" \/>\t\t\t\t\t\t\t\t<\/a>\n\t\t\t\t\t\t\t\t\t\t\t\t\t\t\t<\/div>\n\t\t\t\t<div class=\"elementor-element elementor-element-3325290 elementor-widget elementor-widget-image\" data-id=\"3325290\" data-element_type=\"widget\" data-e-type=\"widget\" data-widget_type=\"image.default\">\n\t\t\t\t\t\t\t\t\t\t\t\t\t\t\t\t<a href=\"https:\/\/ceie.sbc.org.br\/\">\n\t\t\t\t\t\t\t<img loading=\"lazy\" decoding=\"async\" width=\"111\" height=\"90\" src=\"https:\/\/cbie.sbc.org.br\/2026\/wp-content\/uploads\/2026\/01\/CEIE.png\" class=\"attachment-full size-full wp-image-898\" alt=\"\" \/>\t\t\t\t\t\t\t\t<\/a>\n\t\t\t\t\t\t\t\t\t\t\t\t\t\t\t<\/div>\n\t\t\t\t<\/div>\n\t\t\t\t<\/div>\n\t\t<div class=\"elementor-element elementor-element-2955392 e-con-full e-flex e-con e-child\" data-id=\"2955392\" data-element_type=\"container\" data-e-type=\"container\">\n\t\t\t\t<div class=\"elementor-element elementor-element-08a7c53 elementor-widget elementor-widget-heading\" data-id=\"08a7c53\" data-element_type=\"widget\" data-e-type=\"widget\" data-widget_type=\"heading.default\">\n\t\t\t\t\t<p class=\"elementor-heading-title elementor-size-default\">Fomentos<\/p>\t\t\t\t<\/div>\n\t\t<div class=\"elementor-element elementor-element-11fa83e e-con-full e-flex e-con e-child\" data-id=\"11fa83e\" data-element_type=\"container\" data-e-type=\"container\">\n\t\t\t\t<div class=\"elementor-element elementor-element-39b835d elementor-widget elementor-widget-image\" data-id=\"39b835d\" data-element_type=\"widget\" data-e-type=\"widget\" data-widget_type=\"image.default\">\n\t\t\t\t\t\t\t\t\t\t\t\t\t\t\t\t<a href=\"http:\/\/www.capes.gov.br\">\n\t\t\t\t\t\t\t<img loading=\"lazy\" decoding=\"async\" width=\"119\" height=\"110\" src=\"https:\/\/cbie.sbc.org.br\/2026\/wp-content\/uploads\/2026\/01\/capes.png\" class=\"attachment-full size-full wp-image-925\" alt=\"\" \/>\t\t\t\t\t\t\t\t<\/a>\n\t\t\t\t\t\t\t\t\t\t\t\t\t\t\t<\/div>\n\t\t\t\t<div class=\"elementor-element elementor-element-c625ae3 elementor-widget elementor-widget-image\" data-id=\"c625ae3\" data-element_type=\"widget\" data-e-type=\"widget\" data-widget_type=\"image.default\">\n\t\t\t\t\t\t\t\t\t\t\t\t\t\t\t\t<a href=\"https:\/\/cnpq.br\">\n\t\t\t\t\t\t\t<img loading=\"lazy\" decoding=\"async\" width=\"211\" height=\"65\" src=\"https:\/\/cbie.sbc.org.br\/2026\/wp-content\/uploads\/2026\/01\/cnpq.png\" class=\"attachment-full size-full wp-image-926\" alt=\"\" \/>\t\t\t\t\t\t\t\t<\/a>\n\t\t\t\t\t\t\t\t\t\t\t\t\t\t\t<\/div>\n\t\t\t\t<\/div>\n\t\t\t\t<\/div>\n\t\t<div class=\"elementor-element elementor-element-efac9a4 e-con-full e-flex e-con e-child\" data-id=\"efac9a4\" data-element_type=\"container\" data-e-type=\"container\">\n\t\t\t\t<div class=\"elementor-element elementor-element-c3d976c elementor-widget elementor-widget-heading\" data-id=\"c3d976c\" data-element_type=\"widget\" data-e-type=\"widget\" data-widget_type=\"heading.default\">\n\t\t\t\t\t<p class=\"elementor-heading-title elementor-size-default\">Apoio<\/p>\t\t\t\t<\/div>\n\t\t<div class=\"elementor-element elementor-element-d081fa0 e-con-full e-flex e-con e-child\" data-id=\"d081fa0\" data-element_type=\"container\" data-e-type=\"container\">\n\t\t\t\t<div class=\"elementor-element elementor-element-5f7c3ae elementor-widget elementor-widget-image\" data-id=\"5f7c3ae\" data-element_type=\"widget\" data-e-type=\"widget\" data-widget_type=\"image.default\">\n\t\t\t\t\t\t\t\t\t\t\t\t\t\t\t\t<a href=\"http:\/\/medialab.ufg.br\">\n\t\t\t\t\t\t\t<img loading=\"lazy\" decoding=\"async\" width=\"226\" height=\"50\" src=\"https:\/\/cbie.sbc.org.br\/2026\/wp-content\/uploads\/2026\/01\/medialab2.png\" class=\"attachment-full size-full wp-image-905\" alt=\"\" \/>\t\t\t\t\t\t\t\t<\/a>\n\t\t\t\t\t\t\t\t\t\t\t\t\t\t\t<\/div>\n\t\t\t\t<\/div>\n\t\t\t\t<\/div>\n\t\t\t\t<\/div>\n\t\t\t\t<\/div>\n\t\t\t\t<\/div>\n\t\t\t\t<\/div>\n\t\t","protected":false},"excerpt":{"rendered":"<p>XV Congresso Brasileiro de Inform\u00e1tica na Educa\u00e7\u00e3o (C B I E 2026) O Congresso Brasileiro de Inform\u00e1tica na Educa\u00e7\u00e3o (C B I E) \u00e9 um evento anual da Sociedade Brasileira de Computa\u00e7\u00e3o (S B C), promove e incentiva as trocas de experi\u00eancias entre as comunidades cient\u00edfica, profissional, governamental e empresarial na \u00e1rea de Inform\u00e1tica na [&hellip;]<\/p>\n","protected":false},"author":6,"featured_media":0,"parent":0,"menu_order":0,"comment_status":"closed","ping_status":"closed","template":"elementor_canvas","meta":{"footnotes":""},"class_list":["post-1153","page","type-page","status-publish","hentry"],"_links":{"self":[{"href":"https:\/\/cbie.sbc.org.br\/2026\/index.php\/wp-json\/wp\/v2\/pages\/1153","targetHints":{"allow":["GET"]}}],"collection":[{"href":"https:\/\/cbie.sbc.org.br\/2026\/index.php\/wp-json\/wp\/v2\/pages"}],"about":[{"href":"https:\/\/cbie.sbc.org.br\/2026\/index.php\/wp-json\/wp\/v2\/types\/page"}],"author":[{"embeddable":true,"href":"https:\/\/cbie.sbc.org.br\/2026\/index.php\/wp-json\/wp\/v2\/users\/6"}],"replies":[{"embeddable":true,"href":"https:\/\/cbie.sbc.org.br\/2026\/index.php\/wp-json\/wp\/v2\/comments?post=1153"}],"version-history":[{"count":37,"href":"https:\/\/cbie.sbc.org.br\/2026\/index.php\/wp-json\/wp\/v2\/pages\/1153\/revisions"}],"predecessor-version":[{"id":1621,"href":"https:\/\/cbie.sbc.org.br\/2026\/index.php\/wp-json\/wp\/v2\/pages\/1153\/revisions\/1621"}],"wp:attachment":[{"href":"https:\/\/cbie.sbc.org.br\/2026\/index.php\/wp-json\/wp\/v2\/media?parent=1153"}],"curies":[{"name":"wp","href":"https:\/\/api.w.org\/{rel}","templated":true}]}}