{"id":1144,"date":"2026-02-26T16:29:52","date_gmt":"2026-02-26T19:29:52","guid":{"rendered":"https:\/\/cbie.sbc.org.br\/2026\/?page_id=1144"},"modified":"2026-03-06T23:36:50","modified_gmt":"2026-03-07T02:36:50","slug":"orientacoes-para-apresentacao","status":"publish","type":"page","link":"https:\/\/cbie.sbc.org.br\/2026\/index.php\/orientacoes-para-apresentacao\/","title":{"rendered":"Orienta\u00e7\u00f5es para apresenta\u00e7\u00e3o"},"content":{"rendered":"\t\t<div data-elementor-type=\"wp-page\" data-elementor-id=\"1144\" class=\"elementor elementor-1144\">\n\t\t\t\t<div class=\"elementor-element elementor-element-be6d8e2 e-con-full e-flex e-con e-parent\" data-id=\"be6d8e2\" data-element_type=\"container\" data-e-type=\"container\" data-settings=\"{&quot;background_background&quot;:&quot;classic&quot;}\">\n\t\t\t\t<div class=\"elementor-element elementor-element-24a96e4 elementor-widget elementor-widget-heading\" data-id=\"24a96e4\" data-element_type=\"widget\" data-e-type=\"widget\" data-widget_type=\"heading.default\">\n\t\t\t\t\t<h2 class=\"elementor-heading-title elementor-size-default\">Orienta\u00e7\u00f5es para apresenta\u00e7\u00e3o<\/h2>\t\t\t\t<\/div>\n\t\t\t\t<\/div>\n\t\t<div class=\"elementor-element elementor-element-e634f91 e-flex e-con-boxed e-con e-parent\" data-id=\"e634f91\" data-element_type=\"container\" data-e-type=\"container\">\n\t\t\t\t\t<div class=\"e-con-inner\">\n\t\t<div class=\"elementor-element elementor-element-1a2767f e-con-full e-flex e-con e-child\" data-id=\"1a2767f\" data-element_type=\"container\" data-e-type=\"container\">\n\t\t\t\t<div class=\"elementor-element elementor-element-57615e2 elementor-widget elementor-widget-heading\" data-id=\"57615e2\" data-element_type=\"widget\" data-e-type=\"widget\" data-widget_type=\"heading.default\">\n\t\t\t\t\t<h3 class=\"elementor-heading-title elementor-size-default\">Template<\/h3>\t\t\t\t<\/div>\n\t\t\t\t<div class=\"elementor-element elementor-element-120b3a4 elementor-widget elementor-widget-text-editor\" data-id=\"120b3a4\" data-element_type=\"widget\" data-e-type=\"widget\" data-widget_type=\"text-editor.default\">\n\t\t\t\t\t\t\t\t\t<p>Disponibilizamos\u00a0<span data-token-index=\"1\">[um modelo edit\u00e1vel de slides\u00a0<\/span><b>(Em breve)<\/b><span data-token-index=\"1\">]<\/span>\u00a0que poder\u00e1 ser usado nas apresenta\u00e7\u00f5es. O uso do modelo \u00e9 facultativo.<\/p>\t\t\t\t\t\t\t\t<\/div>\n\t\t\t\t<\/div>\n\t\t<div class=\"elementor-element elementor-element-edf8b5b e-con-full e-flex e-con e-child\" data-id=\"edf8b5b\" data-element_type=\"container\" data-e-type=\"container\">\n\t\t\t\t<div class=\"elementor-element elementor-element-0a9e6ce elementor-widget elementor-widget-heading\" data-id=\"0a9e6ce\" data-element_type=\"widget\" data-e-type=\"widget\" data-widget_type=\"heading.default\">\n\t\t\t\t\t<h3 class=\"elementor-heading-title elementor-size-default\">Orienta\u00e7\u00f5es gerais<\/h3>\t\t\t\t<\/div>\n\t\t\t\t<div class=\"elementor-element elementor-element-3031477 elementor-widget elementor-widget-text-editor\" data-id=\"3031477\" data-element_type=\"widget\" data-e-type=\"widget\" data-widget_type=\"text-editor.default\">\n\t\t\t\t\t\t\t\t\t<ol><li>N\u00e3o utilize apenas cor para transmitir informa\u00e7\u00f5es.<\/li><li>N\u00e3o diminua o tamanho da fonte (50px: t\u00edtulos e 36px: textos) e espa\u00e7amentos (1,5 entre linhas).<\/li><li>Evite slides com muito texto. Se houver necessidade de mais texto, divida em mais slides.<\/li><\/ol>\t\t\t\t\t\t\t\t<\/div>\n\t\t\t\t<div class=\"elementor-element elementor-element-54f2ad0 elementor-widget elementor-widget-text-editor\" data-id=\"54f2ad0\" data-element_type=\"widget\" data-e-type=\"widget\" data-widget_type=\"text-editor.default\">\n\t\t\t\t\t\t\t\t\t<p><strong>\u00c9 importante que todas as pessoas, inclusive quem est\u00e1 no fundo da sala, consiga visualizar sua apresenta\u00e7\u00e3o!<\/strong><\/p>\t\t\t\t\t\t\t\t<\/div>\n\t\t\t\t<\/div>\n\t\t<div class=\"elementor-element elementor-element-48db211 e-con-full e-flex e-con e-child\" data-id=\"48db211\" data-element_type=\"container\" data-e-type=\"container\">\n\t\t\t\t<div class=\"elementor-element elementor-element-cfc3e8c elementor-widget elementor-widget-heading\" data-id=\"cfc3e8c\" data-element_type=\"widget\" data-e-type=\"widget\" data-widget_type=\"heading.default\">\n\t\t\t\t\t<h3 class=\"elementor-heading-title elementor-size-default\">Orienta\u00e7\u00f5es sobre as imagens<\/h3>\t\t\t\t<\/div>\n\t\t\t\t<div class=\"elementor-element elementor-element-1f41f43 elementor-widget elementor-widget-text-editor\" data-id=\"1f41f43\" data-element_type=\"widget\" data-e-type=\"widget\" data-widget_type=\"text-editor.default\">\n\t\t\t\t\t\t\t\t\t<ol><li>Utilize imagens com boa resolu\u00e7\u00e3o, para melhor legibilidade.<\/li><li>Adote contraste adequado de cores entre os elementos da imagem e o plano de fundo: a taxa de contraste deve ser, no m\u00ednimo, de 7:1.<\/li><li>Ferramentas como o <a href=\"https:\/\/colourcontrast.cc\/\" target=\"_blank\" rel=\"noopener\">Colour Contrast Checker<\/a> podem ajudar a descobrir se as cores que escolheu possuem bom contraste!<\/li><li>Verificar se as cores utilizadas podem ser percebidas por pessoas dalt\u00f4nicas (consulte: <a href=\"https:\/\/www.color-blindness.com\/coblis-color-blindness-simulator\/\" target=\"_blank\" rel=\"noopener\">Coblis \u2013 Color Blindness Simulator<\/a>).<\/li><li>Fa\u00e7a gr\u00e1ficos e diagramas simples, e s\u00f3 incorpore-os aos slides se voc\u00ea for descrev\u00ea-los.<\/li><li>Todas as as imagens que transmitem conte\u00fado devem ser descritas durante a apresenta\u00e7\u00e3o!<\/li><\/ol>\t\t\t\t\t\t\t\t<\/div>\n\t\t\t\t<div class=\"elementor-element elementor-element-d87dd82 elementor-widget elementor-widget-text-editor\" data-id=\"d87dd82\" data-element_type=\"widget\" data-e-type=\"widget\" data-widget_type=\"text-editor.default\">\n\t\t\t\t\t\t\t\t\t<p>Na apresenta\u00e7\u00e3o, durante o evento, n\u00e3o aponte ou mencione imagens sem descrev\u00ea-las.<\/p><p><a href=\"https:\/\/www.instagram.com\/p\/CUitKK4NPdt\/\" target=\"_blank\" rel=\"noopener\">Esse v\u00eddeo<\/a> explica porque descrever imagens \u00e9 importante!<\/p>\t\t\t\t\t\t\t\t<\/div>\n\t\t\t\t<\/div>\n\t\t<div class=\"elementor-element elementor-element-3586505 e-con-full e-flex e-con e-child\" data-id=\"3586505\" data-element_type=\"container\" data-e-type=\"container\">\n\t\t\t\t<div class=\"elementor-element elementor-element-a4fa23c elementor-widget elementor-widget-heading\" data-id=\"a4fa23c\" data-element_type=\"widget\" data-e-type=\"widget\" data-widget_type=\"heading.default\">\n\t\t\t\t\t<h3 class=\"elementor-heading-title elementor-size-default\">Como descrever imagens?<\/h3>\t\t\t\t<\/div>\n\t\t\t\t<div class=\"elementor-element elementor-element-1ab3903 elementor-widget elementor-widget-text-editor\" data-id=\"1ab3903\" data-element_type=\"widget\" data-e-type=\"widget\" data-widget_type=\"text-editor.default\">\n\t\t\t\t\t\t\t\t\t<ol><li>Inicie indicando o tipo de imagem.<\/li><li>Informe o que voc\u00ea quer comunicar com a imagem.<\/li><li>Se tiver texto informativo, indique o que est\u00e1 escrito na imagem.<\/li><li>Descreva o que mais chama aten\u00e7\u00e3o na imagem e \u00e9 relevante comunicar.<\/li><li>Descreva de cima para baixo e da esquerda para a direita, a n\u00e3o ser que o foco esteja em outro local.<\/li><\/ol>\t\t\t\t\t\t\t\t<\/div>\n\t\t\t\t<\/div>\n\t\t<div class=\"elementor-element elementor-element-9cc1bb4 e-con-full e-flex e-con e-child\" data-id=\"9cc1bb4\" data-element_type=\"container\" data-e-type=\"container\">\n\t\t\t\t<div class=\"elementor-element elementor-element-39c3863 elementor-widget elementor-widget-heading\" data-id=\"39c3863\" data-element_type=\"widget\" data-e-type=\"widget\" data-widget_type=\"heading.default\">\n\t\t\t\t\t<h3 class=\"elementor-heading-title elementor-size-default\">Orienta\u00e7\u00f5es sobre v\u00eddeos e anima\u00e7\u00f5es<\/h3>\t\t\t\t<\/div>\n\t\t\t\t<div class=\"elementor-element elementor-element-fdca86f elementor-widget elementor-widget-text-editor\" data-id=\"fdca86f\" data-element_type=\"widget\" data-e-type=\"widget\" data-widget_type=\"text-editor.default\">\n\t\t\t\t\t\t\t\t\t<p>Caso incorpore v\u00eddeos e anima\u00e7\u00f5es em sua apresenta\u00e7\u00e3o, forne\u00e7a recursos como:<\/p><ul><li>Tradu\u00e7\u00e3o;<\/li><li>Legendas;<\/li><li>Audiodescri\u00e7\u00e3o;<\/li><li>Interpreta\u00e7\u00e3o em Libras.<\/li><\/ul>\t\t\t\t\t\t\t\t<\/div>\n\t\t\t\t<\/div>\n\t\t\t\t\t<\/div>\n\t\t\t\t<\/div>\n\t\t<div class=\"elementor-element elementor-element-72941e6 e-grid e-con-boxed e-con e-parent\" data-id=\"72941e6\" data-element_type=\"container\" data-e-type=\"container\">\n\t\t\t\t\t<div class=\"e-con-inner\">\n\t\t<div class=\"elementor-element elementor-element-600442a e-con-full e-flex e-con e-child\" data-id=\"600442a\" data-element_type=\"container\" data-e-type=\"container\">\n\t\t<div class=\"elementor-element elementor-element-23c3d34 e-con-full e-flex e-con e-child\" data-id=\"23c3d34\" data-element_type=\"container\" data-e-type=\"container\">\n\t\t\t\t<div class=\"elementor-element elementor-element-019c682 elementor-widget elementor-widget-heading\" data-id=\"019c682\" data-element_type=\"widget\" data-e-type=\"widget\" data-widget_type=\"heading.default\">\n\t\t\t\t\t<p class=\"elementor-heading-title elementor-size-default\">Realiza\u00e7\u00e3o<\/p>\t\t\t\t<\/div>\n\t\t<div class=\"elementor-element elementor-element-2052f97 e-con-full e-flex e-con e-child\" data-id=\"2052f97\" data-element_type=\"container\" data-e-type=\"container\">\n\t\t\t\t<div class=\"elementor-element elementor-element-7acc8ec elementor-widget elementor-widget-image\" data-id=\"7acc8ec\" data-element_type=\"widget\" data-e-type=\"widget\" data-widget_type=\"image.default\">\n\t\t\t\t\t\t\t\t\t\t\t\t\t\t\t\t<a href=\"https:\/\/www.sbc.org.br\/\">\n\t\t\t\t\t\t\t<img decoding=\"async\" width=\"74\" height=\"112\" src=\"https:\/\/cbie.sbc.org.br\/2026\/wp-content\/uploads\/2026\/01\/SBC-LOGO.png\" class=\"attachment-full size-full wp-image-897\" alt=\"\" \/>\t\t\t\t\t\t\t\t<\/a>\n\t\t\t\t\t\t\t\t\t\t\t\t\t\t\t<\/div>\n\t\t\t\t<\/div>\n\t\t\t\t<\/div>\n\t\t<div class=\"elementor-element elementor-element-9632b0c e-con-full e-flex e-con e-child\" data-id=\"9632b0c\" data-element_type=\"container\" data-e-type=\"container\">\n\t\t\t\t<div class=\"elementor-element elementor-element-cded95f elementor-widget elementor-widget-heading\" data-id=\"cded95f\" data-element_type=\"widget\" data-e-type=\"widget\" data-widget_type=\"heading.default\">\n\t\t\t\t\t<p class=\"elementor-heading-title elementor-size-default\">Organiza\u00e7\u00e3o<\/p>\t\t\t\t<\/div>\n\t\t<div class=\"elementor-element elementor-element-4a668cf e-con-full e-flex e-con e-child\" data-id=\"4a668cf\" data-element_type=\"container\" data-e-type=\"container\">\n\t\t\t\t<div class=\"elementor-element elementor-element-961b8cf elementor-widget elementor-widget-image\" data-id=\"961b8cf\" data-element_type=\"widget\" data-e-type=\"widget\" data-widget_type=\"image.default\">\n\t\t\t\t\t\t\t\t\t\t\t\t\t\t\t\t<a href=\"http:\/\/www.ifgoiano.edu.br\">\n\t\t\t\t\t\t\t<img decoding=\"async\" width=\"127\" height=\"109\" src=\"https:\/\/cbie.sbc.org.br\/2026\/wp-content\/uploads\/2026\/01\/ifgoiano2.png\" class=\"attachment-full size-full wp-image-921\" alt=\"\" \/>\t\t\t\t\t\t\t\t<\/a>\n\t\t\t\t\t\t\t\t\t\t\t\t\t\t\t<\/div>\n\t\t\t\t<div class=\"elementor-element elementor-element-783a07a elementor-widget elementor-widget-image\" data-id=\"783a07a\" data-element_type=\"widget\" data-e-type=\"widget\" data-widget_type=\"image.default\">\n\t\t\t\t\t\t\t\t\t\t\t\t\t\t\t\t<a href=\"https:\/\/ceie.sbc.org.br\/\">\n\t\t\t\t\t\t\t<img decoding=\"async\" width=\"111\" height=\"90\" src=\"https:\/\/cbie.sbc.org.br\/2026\/wp-content\/uploads\/2026\/01\/CEIE.png\" class=\"attachment-full size-full wp-image-898\" alt=\"\" \/>\t\t\t\t\t\t\t\t<\/a>\n\t\t\t\t\t\t\t\t\t\t\t\t\t\t\t<\/div>\n\t\t\t\t<\/div>\n\t\t\t\t<\/div>\n\t\t<div class=\"elementor-element elementor-element-8d75634 e-con-full e-flex e-con e-child\" data-id=\"8d75634\" data-element_type=\"container\" data-e-type=\"container\">\n\t\t\t\t<div class=\"elementor-element elementor-element-252dc99 elementor-widget elementor-widget-heading\" data-id=\"252dc99\" data-element_type=\"widget\" data-e-type=\"widget\" data-widget_type=\"heading.default\">\n\t\t\t\t\t<p class=\"elementor-heading-title elementor-size-default\">Fomentos<\/p>\t\t\t\t<\/div>\n\t\t<div class=\"elementor-element elementor-element-ed5a14a e-con-full e-flex e-con e-child\" data-id=\"ed5a14a\" data-element_type=\"container\" data-e-type=\"container\">\n\t\t\t\t<div class=\"elementor-element elementor-element-e4584b3 elementor-widget elementor-widget-image\" data-id=\"e4584b3\" data-element_type=\"widget\" data-e-type=\"widget\" data-widget_type=\"image.default\">\n\t\t\t\t\t\t\t\t\t\t\t\t\t\t\t\t<a href=\"http:\/\/www.capes.gov.br\">\n\t\t\t\t\t\t\t<img loading=\"lazy\" decoding=\"async\" width=\"119\" height=\"110\" src=\"https:\/\/cbie.sbc.org.br\/2026\/wp-content\/uploads\/2026\/01\/capes.png\" class=\"attachment-full size-full wp-image-925\" alt=\"\" \/>\t\t\t\t\t\t\t\t<\/a>\n\t\t\t\t\t\t\t\t\t\t\t\t\t\t\t<\/div>\n\t\t\t\t<div class=\"elementor-element elementor-element-fe2cf3c elementor-widget elementor-widget-image\" data-id=\"fe2cf3c\" data-element_type=\"widget\" data-e-type=\"widget\" data-widget_type=\"image.default\">\n\t\t\t\t\t\t\t\t\t\t\t\t\t\t\t\t<a href=\"https:\/\/cnpq.br\">\n\t\t\t\t\t\t\t<img loading=\"lazy\" decoding=\"async\" width=\"211\" height=\"65\" src=\"https:\/\/cbie.sbc.org.br\/2026\/wp-content\/uploads\/2026\/01\/cnpq.png\" class=\"attachment-full size-full wp-image-926\" alt=\"\" \/>\t\t\t\t\t\t\t\t<\/a>\n\t\t\t\t\t\t\t\t\t\t\t\t\t\t\t<\/div>\n\t\t\t\t<\/div>\n\t\t\t\t<\/div>\n\t\t<div class=\"elementor-element elementor-element-587edf5 e-con-full e-flex e-con e-child\" data-id=\"587edf5\" data-element_type=\"container\" data-e-type=\"container\">\n\t\t\t\t<div class=\"elementor-element elementor-element-0a24cf9 elementor-widget elementor-widget-heading\" data-id=\"0a24cf9\" data-element_type=\"widget\" data-e-type=\"widget\" data-widget_type=\"heading.default\">\n\t\t\t\t\t<p class=\"elementor-heading-title elementor-size-default\">Apoio<\/p>\t\t\t\t<\/div>\n\t\t<div class=\"elementor-element elementor-element-39d75e4 e-con-full e-flex e-con e-child\" data-id=\"39d75e4\" data-element_type=\"container\" data-e-type=\"container\">\n\t\t\t\t<div class=\"elementor-element elementor-element-efee40a elementor-widget elementor-widget-image\" data-id=\"efee40a\" data-element_type=\"widget\" data-e-type=\"widget\" data-widget_type=\"image.default\">\n\t\t\t\t\t\t\t\t\t\t\t\t\t\t\t\t<a href=\"http:\/\/medialab.ufg.br\">\n\t\t\t\t\t\t\t<img loading=\"lazy\" decoding=\"async\" width=\"226\" height=\"50\" src=\"https:\/\/cbie.sbc.org.br\/2026\/wp-content\/uploads\/2026\/01\/medialab2.png\" class=\"attachment-full size-full wp-image-905\" alt=\"\" \/>\t\t\t\t\t\t\t\t<\/a>\n\t\t\t\t\t\t\t\t\t\t\t\t\t\t\t<\/div>\n\t\t\t\t<\/div>\n\t\t\t\t<\/div>\n\t\t\t\t<\/div>\n\t\t\t\t\t<\/div>\n\t\t\t\t<\/div>\n\t\t\t\t<\/div>\n\t\t","protected":false},"excerpt":{"rendered":"<p>Orienta\u00e7\u00f5es para apresenta\u00e7\u00e3o Template Disponibilizamos\u00a0[um modelo edit\u00e1vel de slides\u00a0(Em breve)]\u00a0que poder\u00e1 ser usado nas apresenta\u00e7\u00f5es. O uso do modelo \u00e9 facultativo. Orienta\u00e7\u00f5es gerais N\u00e3o utilize apenas cor para transmitir informa\u00e7\u00f5es. N\u00e3o diminua o tamanho da fonte (50px: t\u00edtulos e 36px: textos) e espa\u00e7amentos (1,5 entre linhas). Evite slides com muito texto. Se houver necessidade de [&hellip;]<\/p>\n","protected":false},"author":6,"featured_media":0,"parent":0,"menu_order":0,"comment_status":"closed","ping_status":"closed","template":"elementor_canvas","meta":{"footnotes":""},"class_list":["post-1144","page","type-page","status-publish","hentry"],"_links":{"self":[{"href":"https:\/\/cbie.sbc.org.br\/2026\/index.php\/wp-json\/wp\/v2\/pages\/1144","targetHints":{"allow":["GET"]}}],"collection":[{"href":"https:\/\/cbie.sbc.org.br\/2026\/index.php\/wp-json\/wp\/v2\/pages"}],"about":[{"href":"https:\/\/cbie.sbc.org.br\/2026\/index.php\/wp-json\/wp\/v2\/types\/page"}],"author":[{"embeddable":true,"href":"https:\/\/cbie.sbc.org.br\/2026\/index.php\/wp-json\/wp\/v2\/users\/6"}],"replies":[{"embeddable":true,"href":"https:\/\/cbie.sbc.org.br\/2026\/index.php\/wp-json\/wp\/v2\/comments?post=1144"}],"version-history":[{"count":14,"href":"https:\/\/cbie.sbc.org.br\/2026\/index.php\/wp-json\/wp\/v2\/pages\/1144\/revisions"}],"predecessor-version":[{"id":1255,"href":"https:\/\/cbie.sbc.org.br\/2026\/index.php\/wp-json\/wp\/v2\/pages\/1144\/revisions\/1255"}],"wp:attachment":[{"href":"https:\/\/cbie.sbc.org.br\/2026\/index.php\/wp-json\/wp\/v2\/media?parent=1144"}],"curies":[{"name":"wp","href":"https:\/\/api.w.org\/{rel}","templated":true}]}}