{"id":1112,"date":"2026-02-26T11:06:53","date_gmt":"2026-02-26T14:06:53","guid":{"rendered":"https:\/\/cbie.sbc.org.br\/2026\/?page_id=1112"},"modified":"2026-05-06T17:09:48","modified_gmt":"2026-05-06T20:09:48","slug":"workshops","status":"publish","type":"page","link":"https:\/\/cbie.sbc.org.br\/2026\/index.php\/workshops\/","title":{"rendered":"Workshops"},"content":{"rendered":"\t\t<div data-elementor-type=\"wp-page\" data-elementor-id=\"1112\" class=\"elementor elementor-1112\">\n\t\t\t\t<div class=\"elementor-element elementor-element-2b19cc2 e-flex e-con-boxed e-con e-parent\" data-id=\"2b19cc2\" data-element_type=\"container\" data-e-type=\"container\" data-settings=\"{&quot;background_background&quot;:&quot;classic&quot;}\">\n\t\t\t\t\t<div class=\"e-con-inner\">\n\t\t<div class=\"elementor-element elementor-element-44c78a6 e-con-full e-flex e-con e-child\" data-id=\"44c78a6\" data-element_type=\"container\" data-e-type=\"container\">\n\t\t\t\t<div class=\"elementor-element elementor-element-8caa2a0 elementor-widget elementor-widget-heading\" data-id=\"8caa2a0\" data-element_type=\"widget\" data-e-type=\"widget\" data-widget_type=\"heading.default\">\n\t\t\t\t\t<h2 class=\"elementor-heading-title elementor-size-default\">Workshops do C B I E 2026<\/h2>\t\t\t\t<\/div>\n\t\t\t\t<\/div>\n\t\t\t\t\t<\/div>\n\t\t\t\t<\/div>\n\t\t<div class=\"elementor-element elementor-element-97e8381 e-con-full e-flex e-con e-parent\" data-id=\"97e8381\" data-element_type=\"container\" data-e-type=\"container\">\n\t\t<div class=\"elementor-element elementor-element-5eec27d e-con-full e-flex e-con e-child\" data-id=\"5eec27d\" data-element_type=\"container\" data-e-type=\"container\">\n\t\t\t\t<div class=\"elementor-element elementor-element-b67623d elementor-widget elementor-widget-heading\" data-id=\"b67623d\" data-element_type=\"widget\" data-e-type=\"widget\" data-widget_type=\"heading.default\">\n\t\t\t\t\t<h2 class=\"elementor-heading-title elementor-size-default\">Coordena\u00e7\u00e3o dos Workshops do C B I E 2026<\/h2>\t\t\t\t<\/div>\n\t\t<div class=\"elementor-element elementor-element-b626137 e-con-full e-flex e-con e-child\" data-id=\"b626137\" data-element_type=\"container\" data-e-type=\"container\">\n\t\t\t\t<div class=\"elementor-element elementor-element-ce28426 elementor-widget elementor-widget-text-editor\" data-id=\"ce28426\" data-element_type=\"widget\" data-e-type=\"widget\" data-widget_type=\"text-editor.default\">\n\t\t\t\t\t\t\t\t\t<p>Leander Cordeiro de Oliveira (U T F P R) | <a href=\"http:\/\/lattes.cnpq.br\/1758372887041658\">Lattes <\/a>| leanderoliveira@utfpr.edu.br\u00a0<\/p><p>Elis\u00e2ngela Silva Dias (U F G) | <a href=\"http:\/\/lattes.cnpq.br\/0138908377103572\">Lattes <\/a>| elisangelasd@ufg.br<\/p>\t\t\t\t\t\t\t\t<\/div>\n\t\t\t\t<\/div>\n\t\t\t\t<\/div>\n\t\t<div class=\"elementor-element elementor-element-394e885 e-con-full e-flex e-con e-child\" data-id=\"394e885\" data-element_type=\"container\" data-e-type=\"container\">\n\t\t\t\t<div class=\"elementor-element elementor-element-5516864 elementor-widget elementor-widget-heading\" data-id=\"5516864\" data-element_type=\"widget\" data-e-type=\"widget\" data-widget_type=\"heading.default\">\n\t\t\t\t\t<h2 class=\"elementor-heading-title elementor-size-default\">Coordena\u00e7\u00e3o Geral de Programa do  C B I E 2026<\/h2>\t\t\t\t<\/div>\n\t\t<div class=\"elementor-element elementor-element-d15824e e-con-full e-flex e-con e-child\" data-id=\"d15824e\" data-element_type=\"container\" data-e-type=\"container\">\n\t\t\t\t<div class=\"elementor-element elementor-element-1f3a54b elementor-widget elementor-widget-text-editor\" data-id=\"1f3a54b\" data-element_type=\"widget\" data-e-type=\"widget\" data-widget_type=\"text-editor.default\">\n\t\t\t\t\t\t\t\t\t<p>Rafael Dias Ara\u00fajo (U F U) | <a href=\"http:\/\/lattes.cnpq.br\/3067137114142725\">Lattes<\/a> | rafael.araujo@ufu.br<\/p><p>Taciana Pontual Falc\u00e3o (U F R P E) | <a href=\"http:\/\/lattes.cnpq.br\/5706959249737319\">Lattes<\/a> | taciana.pontual@ufrpe.br<\/p>\t\t\t\t\t\t\t\t<\/div>\n\t\t\t\t<\/div>\n\t\t\t\t<\/div>\n\t\t<div class=\"elementor-element elementor-element-b7e55b9 e-con-full e-flex e-con e-child\" data-id=\"b7e55b9\" data-element_type=\"container\" data-e-type=\"container\">\n\t\t\t\t<div class=\"elementor-element elementor-element-b557af0 elementor-widget elementor-widget-heading\" data-id=\"b557af0\" data-element_type=\"widget\" data-e-type=\"widget\" data-widget_type=\"heading.default\">\n\t\t\t\t\t<h2 class=\"elementor-heading-title elementor-size-default\">Datas importantes<\/h2>\t\t\t\t<\/div>\n\t\t<div class=\"elementor-element elementor-element-57da2d8 e-con-full e-flex e-con e-child\" data-id=\"57da2d8\" data-element_type=\"container\" data-e-type=\"container\">\n\t\t\t\t<div class=\"elementor-element elementor-element-173ca05 elementor-widget elementor-widget-text-editor\" data-id=\"173ca05\" data-element_type=\"widget\" data-e-type=\"widget\" data-widget_type=\"text-editor.default\">\n\t\t\t\t\t\t\t\t\t<ul>\n<li><span style=\"color: #000000;\"><del>06\/05\/2026<\/del><\/span>&nbsp;&#8211; <span style=\"color: #ff0000;\">11\/05\/2026 (Nova data)<\/span>: Data limite para submiss\u00e3o de propostas de workshop<\/li>\n<li>28\/05\/2026: Notifica\u00e7\u00e3o de workshops aceitos<\/li>\n<li>12\/06\/2026: Data limite para disponibilizar o site do workshop<\/li>\n<li>01\/07\/2026: Data limite para envio de trabalhos para os workshops<\/li>\n<li>07\/08\/2026: Notifica\u00e7\u00e3o dos trabalhos aceitos para os workshops<\/li>\n<li>19\/08\/2026: Data limite para envio das vers\u00f5es finais dos trabalhos para os workshops<\/li>\n<li>19\/08\/2026: Data limite para inscri\u00e7\u00e3o de pelo menos um(a) autor(a) por trabalho aceito e envio do comprovante de pagamento de inscri\u00e7\u00e3o e termo de autoriza\u00e7\u00e3o de publica\u00e7\u00e3o da obra via&nbsp;<a href=\"https:\/\/jems3.sbc.org.br\/events\/555\" target=\"_blank\">J E M S<\/a><\/li>\n<li>09\/11\/2026: Envio da produ\u00e7\u00e3o coletiva resultante do workshop (opcional)<\/li>\n<\/ul>\t\t\t\t\t\t\t\t<\/div>\n\t\t\t\t<\/div>\n\t\t\t\t<\/div>\n\t\t<div class=\"elementor-element elementor-element-3502979 e-con-full e-flex e-con e-child\" data-id=\"3502979\" data-element_type=\"container\" data-e-type=\"container\">\n\t\t\t\t<div class=\"elementor-element elementor-element-f835771 elementor-widget elementor-widget-heading\" data-id=\"f835771\" data-element_type=\"widget\" data-e-type=\"widget\" data-widget_type=\"heading.default\">\n\t\t\t\t\t<h2 class=\"elementor-heading-title elementor-size-default\">Apresenta\u00e7\u00e3o e objetivos<\/h2>\t\t\t\t<\/div>\n\t\t<div class=\"elementor-element elementor-element-20ec134 e-con-full e-flex e-con e-child\" data-id=\"20ec134\" data-element_type=\"container\" data-e-type=\"container\">\n\t\t\t\t<div class=\"elementor-element elementor-element-1f7e3c1 elementor-widget elementor-widget-text-editor\" data-id=\"1f7e3c1\" data-element_type=\"widget\" data-e-type=\"widget\" data-widget_type=\"text-editor.default\">\n\t\t\t\t\t\t\t\t\t<p>Os Workshops do C B I E s\u00e3o f\u00f3runs de discuss\u00f5es tem\u00e1ticas com oportunidades para centrar esfor\u00e7os de reflex\u00e3o sobre um tema espec\u00edfico. Os workshops podem fomentar a emerg\u00eancia de novos grupos de pesquisa e Grupos de Interesse da Sociedade Brasileira de Computa\u00e7\u00e3o (S B C), em temas emergentes, inovadores ou com car\u00eancia de pesquisas na comunidade. Espera-se que os workshops n\u00e3o sejam similares a sess\u00f5es t\u00e9cnicas do Simp\u00f3sio Brasileiro de Inform\u00e1tica na Educa\u00e7\u00e3o (S B I E) ou do Workshop de Inform\u00e1tica na Escola (W I E), al\u00e9m de poderem tamb\u00e9m envolver tem\u00e1ticas inovadoras, sendo este um crit\u00e9rio de sele\u00e7\u00e3o das propostas.<\/p><p>Al\u00e9m disso, os workshops n\u00e3o precisam se limitar ao formato tradicional de apresenta\u00e7\u00e3o de artigos, podendo adotar formatos alternativos que favore\u00e7am pr\u00e1ticas, discuss\u00e3o, reflex\u00e3o, elabora\u00e7\u00e3o ensa\u00edstica e troca entre os participantes. Assim, os formatos sugeridos de workshops incluem:<\/p><ul><li>workshops interativos, nos quais as pessoas participantes possam explorar artefatos;<\/li><li>workshops de <i>design<\/i>, nos quais as pessoas participantes possam projetar e desenvolver artefatos;<\/li><li>workshops reflexivos, nos quais as pessoas participantes possam refletir e discutir sobre aspectos epistemol\u00f3gicos, \u00e9ticos, sociais, pedag\u00f3gicos, entre outros;<\/li><li>outros formatos inovadores, ousados e surpreendentes!<\/li><\/ul>\t\t\t\t\t\t\t\t<\/div>\n\t\t\t\t<\/div>\n\t\t<div class=\"elementor-element elementor-element-adc255b e-con-full e-flex e-con e-child\" data-id=\"adc255b\" data-element_type=\"container\" data-e-type=\"container\">\n\t\t\t\t<div class=\"elementor-element elementor-element-9e1cd4e elementor-widget elementor-widget-heading\" data-id=\"9e1cd4e\" data-element_type=\"widget\" data-e-type=\"widget\" data-widget_type=\"heading.default\">\n\t\t\t\t\t<h2 class=\"elementor-heading-title elementor-size-default\">Submiss\u00e3o de propostas<\/h2>\t\t\t\t<\/div>\n\t\t<div class=\"elementor-element elementor-element-d1ff8f3 e-con-full e-flex e-con e-child\" data-id=\"d1ff8f3\" data-element_type=\"container\" data-e-type=\"container\">\n\t\t\t\t<div class=\"elementor-element elementor-element-9ce44fd elementor-widget elementor-widget-text-editor\" data-id=\"9ce44fd\" data-element_type=\"widget\" data-e-type=\"widget\" data-widget_type=\"text-editor.default\">\n\t\t\t\t\t\t\t\t\t<p>As propostas de workshops devem ter at\u00e9 quatro p\u00e1ginas no <a href=\"http:\/\/www.sbc.org.br\/documentos-da-sbc\/summary\/169-templates-para-artigos-e-capitulos-de-livros\/878-modelosparapublicaodeartigos\">modelo de artigos da SBC<\/a> (refer\u00eancias bibliogr\u00e1ficas n\u00e3o contam para o limite de p\u00e1ginas), escritas em portugu\u00eas, ingl\u00eas ou espanhol, e devem ser submetidas via J E M S em arquivo P D F, contendo:<\/p><ul><li aria-level=\"1\">T\u00edtulo do workshop;<\/li><li aria-level=\"1\">Nome e afilia\u00e7\u00e3o do(s) coordenador(es);<\/li><li aria-level=\"1\">Apresenta\u00e7\u00e3o do tema do workshop, demonstrando sua relev\u00e2ncia e sua ader\u00eancia ao C B I E, e diferenciando a proposta das tem\u00e1ticas j\u00e1 consolidadas nos demais eventos sat\u00e9lites que comp\u00f5em o congresso. Incluir informa\u00e7\u00f5es sobre edi\u00e7\u00f5es anteriores do workshop e diferencia\u00e7\u00f5es para esta edi\u00e7\u00e3o, se aplic\u00e1vel;<\/li><li aria-level=\"1\">Descri\u00e7\u00e3o da din\u00e2mica proposta para o workshop, incluindo dura\u00e7\u00e3o, que pode ser\u00a0 de 3 ou 5 horas, infraestrutura e materiais necess\u00e1rios. \u00c9 importante que sejam consideradas din\u00e2micas que repensem os formatos tradicionais j\u00e1 consolidados nos demais eventos que comp\u00f5em o congresso, sendo este um crit\u00e9rio para a avalia\u00e7\u00e3o das propostas;<\/li><li aria-level=\"1\">Descri\u00e7\u00e3o do formato de submiss\u00f5es, se houver;<\/li><li aria-level=\"1\">Descri\u00e7\u00e3o do p\u00fablico alvo do workshop e n\u00famero m\u00e1ximo de participantes;<\/li><li aria-level=\"1\">Apresenta\u00e7\u00e3o dos coordenadores evidenciando conhecimento no tema proposto, e incluindo link para curr\u00edculo Lattes;<\/li><li aria-level=\"1\">Proposta de formato de documento ou outros materiais de produ\u00e7\u00e3o coletiva a ser enviado ap\u00f3s a realiza\u00e7\u00e3o do evento, para compor os anais do workshop, se houver.<\/li><\/ul>\t\t\t\t\t\t\t\t<\/div>\n\t\t\t\t<\/div>\n\t\t\t\t<\/div>\n\t\t\t\t<\/div>\n\t\t<div class=\"elementor-element elementor-element-e4be063 e-con-full e-flex e-con e-child\" data-id=\"e4be063\" data-element_type=\"container\" data-e-type=\"container\">\n\t\t<div class=\"elementor-element elementor-element-23a8e4a e-con-full e-flex e-con e-child\" data-id=\"23a8e4a\" data-element_type=\"container\" data-e-type=\"container\">\n\t\t\t\t<div class=\"elementor-element elementor-element-bef2350 elementor-widget elementor-widget-heading\" data-id=\"bef2350\" data-element_type=\"widget\" data-e-type=\"widget\" data-widget_type=\"heading.default\">\n\t\t\t\t\t<h2 class=\"elementor-heading-title elementor-size-default\">Processo de sele\u00e7\u00e3o<\/h2>\t\t\t\t<\/div>\n\t\t<div class=\"elementor-element elementor-element-e214447 e-con-full e-flex e-con e-child\" data-id=\"e214447\" data-element_type=\"container\" data-e-type=\"container\">\n\t\t\t\t<div class=\"elementor-element elementor-element-328ee9d elementor-widget elementor-widget-text-editor\" data-id=\"328ee9d\" data-element_type=\"widget\" data-e-type=\"widget\" data-widget_type=\"text-editor.default\">\n\t\t\t\t\t\t\t\t\t<p>As propostas de workshop ser\u00e3o avaliadas por membros da comunidade de Inform\u00e1tica na Educa\u00e7\u00e3o de acordo com os seguintes crit\u00e9rios:<\/p><ul><li aria-level=\"1\">Ader\u00eancia do workshop ao C B I E;<\/li><li aria-level=\"1\">Experi\u00eancia dos coordenadores no tema do workshop;<\/li><li aria-level=\"1\">Car\u00e1ter inovador do tema proposto;<\/li><li aria-level=\"1\">Car\u00e1ter inovador da din\u00e2mica proposta;<\/li><li aria-level=\"1\">Car\u00e1ter inovador para as submiss\u00f5es\/participa\u00e7\u00f5es no workshop;<\/li><li aria-level=\"1\">Diferencia\u00e7\u00e3o das trilhas do evento e de edi\u00e7\u00f5es anteriores do workshop, se aplic\u00e1vel;<\/li><li aria-level=\"1\">Viabilidade da proposta no contexto do C B I E.<\/li><\/ul><ol><li style=\"list-style-type: none;\">\u00a0<\/li><\/ol>\t\t\t\t\t\t\t\t<\/div>\n\t\t\t\t<div class=\"elementor-element elementor-element-043addc elementor-widget elementor-widget-text-editor\" data-id=\"043addc\" data-element_type=\"widget\" data-e-type=\"widget\" data-widget_type=\"text-editor.default\">\n\t\t\t\t\t\t\t\t\t<p>\u00c9 importante ressaltar que a sele\u00e7\u00e3o dos workshops ser\u00e1 limitada pelas restri\u00e7\u00f5es de tempo na programa\u00e7\u00e3o e espa\u00e7o f\u00edsico.<\/p>\t\t\t\t\t\t\t\t<\/div>\n\t\t\t\t<\/div>\n\t\t\t\t<\/div>\n\t\t\t\t<\/div>\n\t\t<div class=\"elementor-element elementor-element-0f0b241 e-con-full e-flex e-con e-child\" data-id=\"0f0b241\" data-element_type=\"container\" data-e-type=\"container\">\n\t\t<div class=\"elementor-element elementor-element-52d8e95 e-con-full e-flex e-con e-child\" data-id=\"52d8e95\" data-element_type=\"container\" data-e-type=\"container\">\n\t\t\t\t<div class=\"elementor-element elementor-element-697733d elementor-widget elementor-widget-heading\" data-id=\"697733d\" data-element_type=\"widget\" data-e-type=\"widget\" data-widget_type=\"heading.default\">\n\t\t\t\t\t<h2 class=\"elementor-heading-title elementor-size-default\">Procedimentos para os workshops selecionados<\/h2>\t\t\t\t<\/div>\n\t\t<div class=\"elementor-element elementor-element-b207fd3 e-con-full e-flex e-con e-child\" data-id=\"b207fd3\" data-element_type=\"container\" data-e-type=\"container\">\n\t\t\t\t<div class=\"elementor-element elementor-element-e3ec0eb elementor-widget elementor-widget-text-editor\" data-id=\"e3ec0eb\" data-element_type=\"widget\" data-e-type=\"widget\" data-widget_type=\"text-editor.default\">\n\t\t\t\t\t\t\t\t\t<p>Ap\u00f3s a divulga\u00e7\u00e3o dos workshops aceitos, cada coordena\u00e7\u00e3o dever\u00e1 conduzir as etapas de chamada de trabalhos, submiss\u00e3o, avalia\u00e7\u00e3o e notifica\u00e7\u00e3o de resultados, se aplic\u00e1vel, conforme cronograma estabelecido pela coordena\u00e7\u00e3o geral. As orienta\u00e7\u00f5es espec\u00edficas para a submiss\u00e3o de trabalhos a cada workshop e a forma de organiza\u00e7\u00e3o dever\u00e3o ser definidas e divulgadas pelos seus respectivos coordenadores. Os coordenadores dos workshops aceitos dever\u00e3o disponibilizar uma p\u00e1gina web espec\u00edfica do evento no prazo de duas semanas ap\u00f3s a notifica\u00e7\u00e3o de aceite, com todas as informa\u00e7\u00f5es necess\u00e1rias para submiss\u00e3o e participa\u00e7\u00e3o, conforme cronograma da chamada. \u00c9 mandat\u00f3rio incluir nas chamadas de trabalhos dos workshops a refer\u00eancia ao <a href=\"https:\/\/sol.sbc.org.br\/index.php\/indice\/conduta\">C\u00f3digo de Conduta para Autores em Publica\u00e7\u00f5es da SBC<\/a> e \u00e0s Normas e Diretrizes Regulamentadoras da Pesquisa Envolvendo Seres Humanos \u2013 Resolu\u00e7\u00e3o CNS n.\u00ba 466\/2012, Norma Operacional 001\/2013, Resolu\u00e7\u00e3o CNS n.\u00ba 510\/2016 e Resolu\u00e7\u00e3o CNS n\u00ba 674\/2022. Caso o workshop contemple submiss\u00e3o de trabalhos, o sistema JEMS dever\u00e1 ser utilizado para gerenciar o processo de avalia\u00e7\u00e3o.<\/p>\t\t\t\t\t\t\t\t<\/div>\n\t\t\t\t<\/div>\n\t\t\t\t<\/div>\n\t\t\t\t<\/div>\n\t\t<div class=\"elementor-element elementor-element-4c589d7 e-con-full e-flex e-con e-child\" data-id=\"4c589d7\" data-element_type=\"container\" data-e-type=\"container\">\n\t\t<div class=\"elementor-element elementor-element-038a5b5 e-con-full e-flex e-con e-child\" data-id=\"038a5b5\" data-element_type=\"container\" data-e-type=\"container\">\n\t\t\t\t<div class=\"elementor-element elementor-element-3d3866d elementor-widget elementor-widget-heading\" data-id=\"3d3866d\" data-element_type=\"widget\" data-e-type=\"widget\" data-widget_type=\"heading.default\">\n\t\t\t\t\t<h2 class=\"elementor-heading-title elementor-size-default\">Uso de IA Generativa<\/h2>\t\t\t\t<\/div>\n\t\t<div class=\"elementor-element elementor-element-0747eb6 e-con-full e-flex e-con e-child\" data-id=\"0747eb6\" data-element_type=\"container\" data-e-type=\"container\">\n\t\t\t\t<div class=\"elementor-element elementor-element-1d4a073 elementor-widget elementor-widget-text-editor\" data-id=\"1d4a073\" data-element_type=\"widget\" data-e-type=\"widget\" data-widget_type=\"text-editor.default\">\n\t\t\t\t\t\t\t\t\t<p>Em atendimento ao C\u00f3digo de Conduta para autores da SBC, o uso de ferramentas de Intelig\u00eancia Artificial (I A) Generativa na escrita e\/ou revis\u00e3o do conte\u00fado de artigos deve ser declarada explicitamente. Essas ferramentas n\u00e3o podem ser listadas como autores de um artigo e seu uso n\u00e3o exime os autores da responsabilidade sobre todo o seu conte\u00fado, inclusive no caso de ser identificado pl\u00e1gio. Nas submiss\u00f5es de Workshops, esta declara\u00e7\u00e3o deve ser feita no corpo do texto do artigo.<\/p>\t\t\t\t\t\t\t\t<\/div>\n\t\t\t\t<\/div>\n\t\t\t\t<\/div>\n\t\t\t\t<\/div>\n\t\t<div class=\"elementor-element elementor-element-bf2003f e-con-full e-flex e-con e-child\" data-id=\"bf2003f\" data-element_type=\"container\" data-e-type=\"container\">\n\t\t<div class=\"elementor-element elementor-element-400d959 e-con-full e-flex e-con e-child\" data-id=\"400d959\" data-element_type=\"container\" data-e-type=\"container\">\n\t\t\t\t<div class=\"elementor-element elementor-element-ff7150f elementor-widget elementor-widget-heading\" data-id=\"ff7150f\" data-element_type=\"widget\" data-e-type=\"widget\" data-widget_type=\"heading.default\">\n\t\t\t\t\t<h2 class=\"elementor-heading-title elementor-size-default\">Publica\u00e7\u00e3o de Trabalhos<\/h2>\t\t\t\t<\/div>\n\t\t<div class=\"elementor-element elementor-element-8d71546 e-con-full e-flex e-con e-child\" data-id=\"8d71546\" data-element_type=\"container\" data-e-type=\"container\">\n\t\t\t\t<div class=\"elementor-element elementor-element-bd607a5 elementor-widget elementor-widget-text-editor\" data-id=\"bd607a5\" data-element_type=\"widget\" data-e-type=\"widget\" data-widget_type=\"text-editor.default\">\n\t\t\t\t\t\t\t\t\t<p>Quando aplic\u00e1vel, os trabalhos aceitos em cada workshop ser\u00e3o publicados em anais independentes, na biblioteca digital da Sociedade Brasileira de Computa\u00e7\u00e3o (S B C-OpenLib &#8211; S O L &#8211; <a href=\"https:\/\/sol.sbc.org.br\/index.php\/anais\/workshops\">Anais de Workshops<\/a>). Todos os trabalhos ser\u00e3o indexados com D O I. A publica\u00e7\u00e3o est\u00e1 condicionada \u00e0 inscri\u00e7\u00e3o de pelo menos uma pessoa autora no C B I E. No processo de submiss\u00e3o e publica\u00e7\u00e3o dos trabalhos, as pessoas autoras reconhecem que est\u00e3o em conformidade com o <a href=\"https:\/\/sol.sbc.org.br\/index.php\/indice\/conduta\">C\u00f3digo de Conduta para Autores em Publica\u00e7\u00f5es da SBC<\/a>, e devem assinar e enviar o termo de autoriza\u00e7\u00e3o da obra.<\/p>\t\t\t\t\t\t\t\t<\/div>\n\t\t\t\t<\/div>\n\t\t\t\t<\/div>\n\t\t\t\t<\/div>\n\t\t<div class=\"elementor-element elementor-element-51d8259 e-con-full e-flex e-con e-child\" data-id=\"51d8259\" data-element_type=\"container\" data-e-type=\"container\">\n\t\t<div class=\"elementor-element elementor-element-b6e8b78 e-con-full e-flex e-con e-child\" data-id=\"b6e8b78\" data-element_type=\"container\" data-e-type=\"container\">\n\t\t\t\t<div class=\"elementor-element elementor-element-145a67a elementor-widget elementor-widget-heading\" data-id=\"145a67a\" data-element_type=\"widget\" data-e-type=\"widget\" data-widget_type=\"heading.default\">\n\t\t\t\t\t<h2 class=\"elementor-heading-title elementor-size-default\">Direitos Autorais<\/h2>\t\t\t\t<\/div>\n\t\t<div class=\"elementor-element elementor-element-58aca9f e-con-full e-flex e-con e-child\" data-id=\"58aca9f\" data-element_type=\"container\" data-e-type=\"container\">\n\t\t\t\t<div class=\"elementor-element elementor-element-b5a604f elementor-widget elementor-widget-text-editor\" data-id=\"b5a604f\" data-element_type=\"widget\" data-e-type=\"widget\" data-widget_type=\"text-editor.default\">\n\t\t\t\t\t\t\t\t\t<p>As pessoas autoras da obra autorizam a S B C a public\u00e1-la conforme os termos da licen\u00e7a <i>Creative Commons Attribution 4.0 International Public License<\/i> (CC BY 4.0). Dessa forma, fica permitido \u00e0s pessoas autoras, ou a terceiros, a reprodu\u00e7\u00e3o, ou distribui\u00e7\u00e3o, em parte ou no todo, do material extra\u00eddo dessa obra, de forma verbatim, adaptada ou remixada, bem como a cria\u00e7\u00e3o ou produ\u00e7\u00e3o a partir do conte\u00fado desta obra, se forem atribu\u00eddos os devidos cr\u00e9ditos \u00e0 cria\u00e7\u00e3o original. C\u00f3pias da obra n\u00e3o devem ser utilizadas de nenhum modo que implique o endosso da SBC.<\/p><p><span style=\"font-weight: 400;\">Efetuar o download do <a href=\"https:\/\/www.sbc.org.br\/wp-content\/uploads\/2024\/07\/Autoriza-o-de-Publica-o-CC-BY-4.0-WICS-2020.pdf\">TERMO DE AUTORIZA\u00c7\u00c3O DE PUBLICA\u00c7\u00c3O<\/a>, preencher, assinar e enviar pelo J E M S.<\/span><\/p>\t\t\t\t\t\t\t\t<\/div>\n\t\t\t\t<\/div>\n\t\t\t\t<\/div>\n\t\t\t\t<\/div>\n\t\t\t\t<\/div>\n\t\t\t\t<\/div>\n\t\t","protected":false},"excerpt":{"rendered":"<p>Workshops do C B I E 2026 Coordena\u00e7\u00e3o dos Workshops do C B I E 2026 Leander Cordeiro de Oliveira (U T F P R) | Lattes | leanderoliveira@utfpr.edu.br\u00a0 Elis\u00e2ngela Silva Dias (U F G) | Lattes | elisangelasd@ufg.br Coordena\u00e7\u00e3o Geral de Programa do C B I E 2026 Rafael Dias Ara\u00fajo (U F U) [&hellip;]<\/p>\n","protected":false},"author":6,"featured_media":0,"parent":0,"menu_order":0,"comment_status":"closed","ping_status":"closed","template":"","meta":{"footnotes":""},"class_list":["post-1112","page","type-page","status-publish","hentry"],"_links":{"self":[{"href":"https:\/\/cbie.sbc.org.br\/2026\/index.php\/wp-json\/wp\/v2\/pages\/1112","targetHints":{"allow":["GET"]}}],"collection":[{"href":"https:\/\/cbie.sbc.org.br\/2026\/index.php\/wp-json\/wp\/v2\/pages"}],"about":[{"href":"https:\/\/cbie.sbc.org.br\/2026\/index.php\/wp-json\/wp\/v2\/types\/page"}],"author":[{"embeddable":true,"href":"https:\/\/cbie.sbc.org.br\/2026\/index.php\/wp-json\/wp\/v2\/users\/6"}],"replies":[{"embeddable":true,"href":"https:\/\/cbie.sbc.org.br\/2026\/index.php\/wp-json\/wp\/v2\/comments?post=1112"}],"version-history":[{"count":19,"href":"https:\/\/cbie.sbc.org.br\/2026\/index.php\/wp-json\/wp\/v2\/pages\/1112\/revisions"}],"predecessor-version":[{"id":1699,"href":"https:\/\/cbie.sbc.org.br\/2026\/index.php\/wp-json\/wp\/v2\/pages\/1112\/revisions\/1699"}],"wp:attachment":[{"href":"https:\/\/cbie.sbc.org.br\/2026\/index.php\/wp-json\/wp\/v2\/media?parent=1112"}],"curies":[{"name":"wp","href":"https:\/\/api.w.org\/{rel}","templated":true}]}}