{"id":1099,"date":"2026-02-27T01:25:46","date_gmt":"2026-02-27T04:25:46","guid":{"rendered":"https:\/\/cbie.sbc.org.br\/2026\/?page_id=1099"},"modified":"2026-03-12T02:33:17","modified_gmt":"2026-03-12T05:33:17","slug":"seja-um-patrocinador","status":"publish","type":"page","link":"https:\/\/cbie.sbc.org.br\/2026\/index.php\/seja-um-patrocinador\/","title":{"rendered":"Seja um patrocinador"},"content":{"rendered":"\t\t<div data-elementor-type=\"wp-page\" data-elementor-id=\"1099\" class=\"elementor elementor-1099\">\n\t\t\t\t<div class=\"elementor-element elementor-element-119291b e-con-full e-flex e-con e-parent\" data-id=\"119291b\" data-element_type=\"container\" data-e-type=\"container\">\n\t\t<div class=\"elementor-element elementor-element-c6bf26d e-con-full e-flex e-con e-child\" data-id=\"c6bf26d\" data-element_type=\"container\" data-e-type=\"container\" data-settings=\"{&quot;background_background&quot;:&quot;classic&quot;}\">\n\t\t\t\t<div class=\"elementor-element elementor-element-89459e6 elementor-widget elementor-widget-heading\" data-id=\"89459e6\" data-element_type=\"widget\" data-e-type=\"widget\" data-widget_type=\"heading.default\">\n\t\t\t\t\t<h2 class=\"elementor-heading-title elementor-size-default\">Seja um patrocinador<\/h2>\t\t\t\t<\/div>\n\t\t\t\t<\/div>\n\t\t\t\t<\/div>\n\t\t<div class=\"elementor-element elementor-element-51c0500 e-flex e-con-boxed e-con e-parent\" data-id=\"51c0500\" data-element_type=\"container\" data-e-type=\"container\">\n\t\t\t\t\t<div class=\"e-con-inner\">\n\t\t\t\t<div class=\"elementor-element elementor-element-0fa71b1 elementor-widget elementor-widget-text-editor\" data-id=\"0fa71b1\" data-element_type=\"widget\" data-e-type=\"widget\" data-widget_type=\"text-editor.default\">\n\t\t\t\t\t\t\t\t\t<p>\u00a0<\/p>\n<p><!-- \/wp:paragraph --><!-- wp:paragraph --><\/p>\n<p>O <strong>Congresso Brasileiro de Inform\u00e1tica na Educa\u00e7\u00e3o (C B I E)<\/strong> \u00e9 um evento anual da <strong>Sociedade Brasileira de Computa\u00e7\u00e3o (S B C)<\/strong> que promove e incentiva as trocas de experi\u00eancias entre as comunidades cient\u00edfica, profissional, governamental e empresarial na \u00e1rea de Inform\u00e1tica na Educa\u00e7\u00e3o.<\/p>\n<p><!-- \/wp:paragraph --><!-- wp:paragraph --><\/p>\n<p>Participar como patrocinador \u00e9 uma oportunidade \u00fanica de\u00a0<strong>posicionar sua marca diante de um p\u00fablico altamente qualificado e influente<\/strong>, al\u00e9m de fortalecer a presen\u00e7a institucional de sua empresa em um ambiente de inova\u00e7\u00e3o, tecnologia e conhecimento.<\/p>\n<p><!-- \/wp:paragraph --><!-- wp:paragraph --><\/p>\n<p>Acesse o nosso\u00a0<strong><a href=\"https:\/\/cbie.sbc.org.br\/2026\/wp-content\/uploads\/2026\/02\/Plano-de-patroci\u0301nio.pdf\">Guia de Patroc\u00ednio<\/a><\/strong> e conhe\u00e7a as diferentes modalidades de apoio dispon\u00edveis. Para mais informa\u00e7\u00f5es, envie uma mensagem para cbie.ceie@sbc.org.br.<\/p>\n<p><!-- \/wp:paragraph --><!-- wp:paragraph --><\/p>\n<p>\u00a0<\/p>\n<p><!-- \/wp:paragraph --><\/p>\t\t\t\t\t\t\t\t<\/div>\n\t\t\t\t\t<\/div>\n\t\t\t\t<\/div>\n\t\t\t\t<\/div>\n\t\t","protected":false},"excerpt":{"rendered":"<p>Seja um patrocinador \u00a0 O Congresso Brasileiro de Inform\u00e1tica na Educa\u00e7\u00e3o (C B I E) \u00e9 um evento anual da Sociedade Brasileira de Computa\u00e7\u00e3o (S B C) que promove e incentiva as trocas de experi\u00eancias entre as comunidades cient\u00edfica, profissional, governamental e empresarial na \u00e1rea de Inform\u00e1tica na Educa\u00e7\u00e3o. Participar como patrocinador \u00e9 uma oportunidade [&hellip;]<\/p>\n","protected":false},"author":3,"featured_media":0,"parent":0,"menu_order":0,"comment_status":"closed","ping_status":"closed","template":"","meta":{"footnotes":""},"class_list":["post-1099","page","type-page","status-publish","hentry"],"_links":{"self":[{"href":"https:\/\/cbie.sbc.org.br\/2026\/index.php\/wp-json\/wp\/v2\/pages\/1099","targetHints":{"allow":["GET"]}}],"collection":[{"href":"https:\/\/cbie.sbc.org.br\/2026\/index.php\/wp-json\/wp\/v2\/pages"}],"about":[{"href":"https:\/\/cbie.sbc.org.br\/2026\/index.php\/wp-json\/wp\/v2\/types\/page"}],"author":[{"embeddable":true,"href":"https:\/\/cbie.sbc.org.br\/2026\/index.php\/wp-json\/wp\/v2\/users\/3"}],"replies":[{"embeddable":true,"href":"https:\/\/cbie.sbc.org.br\/2026\/index.php\/wp-json\/wp\/v2\/comments?post=1099"}],"version-history":[{"count":14,"href":"https:\/\/cbie.sbc.org.br\/2026\/index.php\/wp-json\/wp\/v2\/pages\/1099\/revisions"}],"predecessor-version":[{"id":1318,"href":"https:\/\/cbie.sbc.org.br\/2026\/index.php\/wp-json\/wp\/v2\/pages\/1099\/revisions\/1318"}],"wp:attachment":[{"href":"https:\/\/cbie.sbc.org.br\/2026\/index.php\/wp-json\/wp\/v2\/media?parent=1099"}],"curies":[{"name":"wp","href":"https:\/\/api.w.org\/{rel}","templated":true}]}}