{"id":9651,"date":"2025-10-24T16:09:34","date_gmt":"2025-10-24T19:09:34","guid":{"rendered":"https:\/\/cbie.sbc.org.br\/2025\/?page_id=9651"},"modified":"2025-10-24T16:16:03","modified_gmt":"2025-10-24T19:16:03","slug":"orientacoes-para-apresentacoes-2","status":"publish","type":"page","link":"https:\/\/cbie.sbc.org.br\/2025\/orientacoes-para-apresentacoes-2\/","title":{"rendered":"Orienta\u00e7\u00f5es para apresenta\u00e7\u00f5es"},"content":{"rendered":"\t\t<div data-elementor-type=\"wp-page\" data-elementor-id=\"9651\" class=\"elementor elementor-9651\">\n\t\t\t\t<div class=\"elementor-element elementor-element-cf46f93 e-flex e-con-boxed wpr-particle-no wpr-jarallax-no wpr-parallax-no wpr-sticky-section-no e-con e-parent\" data-id=\"cf46f93\" data-element_type=\"container\" data-e-type=\"container\">\n\t\t\t\t\t<div class=\"e-con-inner\">\n\t\t\t\t<div class=\"elementor-element elementor-element-122325a elementor-widget elementor-widget-heading\" data-id=\"122325a\" data-element_type=\"widget\" data-e-type=\"widget\" data-widget_type=\"heading.default\">\n\t\t\t\t<div class=\"elementor-widget-container\">\n\t\t\t\t\t<h1 class=\"elementor-heading-title elementor-size-default\"><b>Orienta\u00e7\u00f5es para apresenta\u00e7\u00f5es<\/b><\/h1>\t\t\t\t<\/div>\n\t\t\t\t<\/div>\n\t\t\t\t\t<\/div>\n\t\t\t\t<\/div>\n\t\t<div class=\"elementor-element elementor-element-da730de e-flex e-con-boxed wpr-particle-no wpr-jarallax-no wpr-parallax-no wpr-sticky-section-no e-con e-parent\" data-id=\"da730de\" data-element_type=\"container\" data-e-type=\"container\">\n\t\t\t\t\t<div class=\"e-con-inner\">\n\t\t\t\t<div class=\"elementor-element elementor-element-fb1b8ed elementor-widget elementor-widget-text-editor\" data-id=\"fb1b8ed\" data-element_type=\"widget\" data-e-type=\"widget\" data-widget_type=\"text-editor.default\">\n\t\t\t\t<div class=\"elementor-widget-container\">\n\t\t\t\t\t\t\t\t\t<h2>Template<\/h2><p><a href=\"https:\/\/docs.google.com\/presentation\/d\/1iwpcDUqGEACts31g5EQsKHudCgcAkhVpKge-aTSkaoE\/edit?slide=id.g387fda0d355_2_0#slide=id.g387fda0d355_2_0\">Fizemos um template<\/a> com muito carinho para facilitar as apresenta\u00e7\u00f5es. O uso n\u00e3o \u00e9 obrigat\u00f3rio. Caso queira utilizar, pedimos que se atentem \u00e0s orienta\u00e7\u00f5es a seguir para que as apresenta\u00e7\u00f5es sejam acess\u00edveis para a maior diversidade poss\u00edvel de pessoas.<\/p><h2>Orienta\u00e7\u00f5es gerais<\/h2><ol><li>N\u00e3o utilize apenas cor para transmitir informa\u00e7\u00f5es.<\/li><li>N\u00e3o diminua o tamanho da fonte (50px: t\u00edtulos e 36px: textos) e espa\u00e7amentos (1,5 entre linhas).<\/li><li>Evite slides com muito texto. Se houver necessidade de mais texto, divida em mais slides.<\/li><\/ol><p>\u00c9 importante que todas as pessoas, inclusive quem est\u00e1 no fundo da sala, consiga visualizar sua apresenta\u00e7\u00e3o!<\/p><h2>Orienta\u00e7\u00f5es sobre as imagens<\/h2><ol><li>Utilize imagens com boa resolu\u00e7\u00e3o, para melhor legibilidade.<\/li><li>Adote contraste adequado de cores entre os elementos da imagem e o plano de fundo: a taxa de contraste deve ser, no m\u00ednimo, de 7:1.<\/li><li>Ferramentas como o <a href=\"https:\/\/colourcontrast.cc\">Colour Contrast Checker<\/a> podem ajudar a descobrir se as cores que escolheu possuem bom contraste!<\/li><li>Verificar se as cores utilizadas podem ser percebidas por pessoas dalt\u00f4nicas (consulte: <a href=\"https:\/\/www.color-blindness.com\/coblis-color-blindness-simulator\/\">Coblis \u2013 Color Blindness Simulator<\/a>).<\/li><li>Fa\u00e7a gr\u00e1ficos e diagramas simples, e s\u00f3 incorpore-os aos slides se voc\u00ea for descrev\u00ea-los.<\/li><li>Todas as as imagens que transmitem conte\u00fado devem ser descritas durante a apresenta\u00e7\u00e3o!<\/li><\/ol><p>Na apresenta\u00e7\u00e3o, durante o evento, n\u00e3o aponte ou mencione imagens sem descrev\u00ea-las.<br \/><a href=\"https:\/\/www.instagram.com\/p\/CUitKK4NPdt\/\">Esse v\u00eddeo <\/a>explica porque descrever imagens \u00e9 importante!<\/p><h2>Como descrever imagens?<\/h2><ol><li>Inicie indicando o tipo de imagem.<\/li><li>Informe o que voc\u00ea quer comunicar com a imagem.<\/li><li>Se tiver texto informativo, indique o que est\u00e1 escrito na imagem.<\/li><li>Descreva o que mais chama aten\u00e7\u00e3o na imagem e \u00e9 relevante comunicar.<\/li><li>Descreva de cima para baixo e da esquerda para a direita, a n\u00e3o ser que o foco esteja em outro local.<\/li><\/ol><h2>Orienta\u00e7\u00f5es sobre v\u00eddeos e anima\u00e7\u00f5es<\/h2><p>Caso incorpore v\u00eddeos e anima\u00e7\u00f5es em sua apresenta\u00e7\u00e3o, forne\u00e7a recursos como:<\/p><ul><li>Tradu\u00e7\u00e3o;<\/li><li>Legendas;<\/li><li>Audiodescri\u00e7\u00e3o;<\/li><li>Interpreta\u00e7\u00e3o em Libras.<\/li><\/ul>\t\t\t\t\t\t\t\t<\/div>\n\t\t\t\t<\/div>\n\t\t\t\t\t<\/div>\n\t\t\t\t<\/div>\n\t\t\t\t<\/div>\n\t\t","protected":false},"excerpt":{"rendered":"<p>Orienta\u00e7\u00f5es para apresenta\u00e7\u00f5es Template Fizemos um template com muito carinho para facilitar as apresenta\u00e7\u00f5es. O uso n\u00e3o \u00e9 obrigat\u00f3rio. Caso queira utilizar, pedimos que se atentem \u00e0s orienta\u00e7\u00f5es a seguir para que as apresenta\u00e7\u00f5es sejam acess\u00edveis para a maior diversidade poss\u00edvel de pessoas. Orienta\u00e7\u00f5es gerais N\u00e3o utilize apenas cor para transmitir informa\u00e7\u00f5es. N\u00e3o diminua o tamanho da fonte (50px: t\u00edtulos e 36px: textos) e espa\u00e7amentos (1,5 entre linhas). Evite slides com muito texto. Se houver necessidade de mais texto, divida em mais slides. \u00c9 importante que todas as pessoas, inclusive quem est\u00e1 no fundo da sala, consiga visualizar sua apresenta\u00e7\u00e3o! Orienta\u00e7\u00f5es sobre as imagens Utilize imagens com boa resolu\u00e7\u00e3o, para melhor legibilidade. Adote contraste adequado de cores entre os elementos da imagem e o plano de fundo: a taxa de contraste deve ser, no m\u00ednimo, de 7:1. Ferramentas como o Colour Contrast Checker podem ajudar a descobrir se as cores que escolheu possuem bom contraste! Verificar se as cores utilizadas podem ser percebidas por pessoas dalt\u00f4nicas (consulte: Coblis \u2013 Color Blindness Simulator). Fa\u00e7a gr\u00e1ficos e diagramas simples, e s\u00f3 incorpore-os aos slides se voc\u00ea for descrev\u00ea-los. Todas as as imagens que transmitem conte\u00fado devem ser descritas durante a apresenta\u00e7\u00e3o! Na apresenta\u00e7\u00e3o, durante o evento, n\u00e3o aponte ou mencione imagens sem descrev\u00ea-las.Esse v\u00eddeo explica porque descrever imagens \u00e9 importante! Como descrever imagens? Inicie indicando o tipo de imagem. Informe o que voc\u00ea quer comunicar com a imagem. Se tiver texto informativo, indique o que est\u00e1 escrito na imagem. Descreva o que mais chama aten\u00e7\u00e3o na imagem e \u00e9 relevante comunicar. Descreva de cima para baixo e da esquerda para a direita, a n\u00e3o ser que o foco esteja em outro local. Orienta\u00e7\u00f5es sobre v\u00eddeos e anima\u00e7\u00f5es Caso incorpore v\u00eddeos e anima\u00e7\u00f5es em sua apresenta\u00e7\u00e3o, forne\u00e7a recursos como: Tradu\u00e7\u00e3o; Legendas; Audiodescri\u00e7\u00e3o; Interpreta\u00e7\u00e3o em Libras.<\/p>\n","protected":false},"author":22,"featured_media":0,"parent":0,"menu_order":0,"comment_status":"closed","ping_status":"closed","template":"elementor_header_footer","meta":{"footnotes":""},"class_list":["post-9651","page","type-page","status-publish","hentry"],"_links":{"self":[{"href":"https:\/\/cbie.sbc.org.br\/2025\/wp-json\/wp\/v2\/pages\/9651","targetHints":{"allow":["GET"]}}],"collection":[{"href":"https:\/\/cbie.sbc.org.br\/2025\/wp-json\/wp\/v2\/pages"}],"about":[{"href":"https:\/\/cbie.sbc.org.br\/2025\/wp-json\/wp\/v2\/types\/page"}],"author":[{"embeddable":true,"href":"https:\/\/cbie.sbc.org.br\/2025\/wp-json\/wp\/v2\/users\/22"}],"replies":[{"embeddable":true,"href":"https:\/\/cbie.sbc.org.br\/2025\/wp-json\/wp\/v2\/comments?post=9651"}],"version-history":[{"count":9,"href":"https:\/\/cbie.sbc.org.br\/2025\/wp-json\/wp\/v2\/pages\/9651\/revisions"}],"predecessor-version":[{"id":9661,"href":"https:\/\/cbie.sbc.org.br\/2025\/wp-json\/wp\/v2\/pages\/9651\/revisions\/9661"}],"wp:attachment":[{"href":"https:\/\/cbie.sbc.org.br\/2025\/wp-json\/wp\/v2\/media?parent=9651"}],"curies":[{"name":"wp","href":"https:\/\/api.w.org\/{rel}","templated":true}]}}