{"id":7636,"date":"2025-09-25T14:39:43","date_gmt":"2025-09-25T17:39:43","guid":{"rendered":"https:\/\/cbie.sbc.org.br\/2025\/?page_id=7636"},"modified":"2025-09-26T18:32:05","modified_gmt":"2025-09-26T21:32:05","slug":"agenda-appsedu-copy","status":"publish","type":"page","link":"https:\/\/cbie.sbc.org.br\/2025\/agenda-appsedu-copy\/","title":{"rendered":"Agenda StudX"},"content":{"rendered":"\t\t<div data-elementor-type=\"wp-page\" data-elementor-id=\"7636\" class=\"elementor elementor-7636\">\n\t\t\t\t<div class=\"elementor-element elementor-element-50ee1a2 e-flex e-con-boxed wpr-particle-no wpr-jarallax-no wpr-parallax-no wpr-sticky-section-no e-con e-parent\" data-id=\"50ee1a2\" data-element_type=\"container\" data-e-type=\"container\">\n\t\t\t\t\t<div class=\"e-con-inner\">\n\t\t\t\t<div class=\"elementor-element elementor-element-7bcbd34 elementor-widget elementor-widget-text-editor\" data-id=\"7bcbd34\" data-element_type=\"widget\" data-e-type=\"widget\" data-widget_type=\"text-editor.default\">\n\t\t\t\t<div class=\"elementor-widget-container\">\n\t\t\t\t\t\t\t\t\t<h1><span style=\"color: #8cc63f;\"><strong>Agenda do STUDX 2025<\/strong><\/span><\/h1><h2><span style=\"color: #8cc63f;\">Postgraduate Students Experience<\/span><\/h2>\t\t\t\t\t\t\t\t<\/div>\n\t\t\t\t<\/div>\n\t\t\t\t<div class=\"elementor-element elementor-element-0f996a0 elementor-widget elementor-widget-text-editor\" data-id=\"0f996a0\" data-element_type=\"widget\" data-e-type=\"widget\" id=\"studx\" data-widget_type=\"text-editor.default\">\n\t\t\t\t<div class=\"elementor-widget-container\">\n\t\t\t\t\t\t\t\t\t<h3>27\/11, quinta-feira das 09:30 \u00e0s 16:00h no Hall Poty Lazzarotto e Sala 103<\/h3><p><strong>Chairs:<\/strong> Gabriel Alves (UFRPE), Luma Seixas (UFBA), De\u00f3genes Silva Junior (UFPR)<\/p>\t\t\t\t\t\t\t\t<\/div>\n\t\t\t\t<\/div>\n\t\t\t\t<div class=\"elementor-element elementor-element-85a9e7c elementor-widget elementor-widget-text-editor\" data-id=\"85a9e7c\" data-element_type=\"widget\" data-e-type=\"widget\" data-widget_type=\"text-editor.default\">\n\t\t\t\t<div class=\"elementor-widget-container\">\n\t\t\t\t\t\t\t\t\t<h2><span style=\"color: #8cc63f;\"><strong>Trabalhos<\/strong><\/span><\/h2><h4><strong>Cenas e Bits: Interfaces entre Tecnologias Digitais e Artes C\u00eanicas na Educa\u00e7\u00e3o<\/strong><\/h4><p><strong>Autores:<\/strong> Christian Martins (USP, Brazil), Veronica Gon\u00e7alvez Veloso<\/p><h4><strong>Corte de Lovelace Kids: Rob\u00f3tica e Cultura Maker-Gamer como Inova\u00e7\u00e3o Pedag\u00f3gica na Educa\u00e7\u00e3o Infantil<\/strong><\/h4><p><strong>Autores:<\/strong> SIMONE Lopes Smiderle Alves (Instituto Federal do Esp\u00edrito Santo IFES, Brazil), M\u00e1rcia Gon\u00e7alves Oliveira (IFES, Brazil), Nilc\u00e9a Elias Rodrigues Moreira (Universidade Federal do Espirito Santo UFES, Brazil)<\/p><h4><strong>Desafios e Potencialidades da Intelig\u00eancia Artificial na EaD: um panorama na forma\u00e7\u00e3o docente em cursos de licenciatura no IFTM<\/strong><\/h4><p><strong>Autores:<\/strong> Ricael Spirandeli Rocha (IFTM, Brazil), Paula Teixeira Nakamoto (Instituto Federal de Educa\u00e7\u00e3o, Ci\u00eancia e Tecnologia do Tri\u00e2ngulo Mineiro, Brazil)<\/p><h4><strong>Desenvolvimento de uma Arquitetura IoT para Rastreamento e Adapta\u00e7\u00e3o de Recursos em Institui\u00e7\u00f5es de Ensino<\/strong><\/h4><p><strong>Autores:<\/strong> Emanuel de Franceschi Vieira (UFSM, Brazil), Tiago Antonio Rizzetti (UFSM, Brazil), Renato Preigschadt (UFSM, Algeria)<\/p><h4><strong>FARMA-ALG-IA (Sistema para a Promo\u00e7\u00e3o da Media\u00e7\u00e3o do Erro no Ensino de Programa\u00e7\u00e3o de Computadores com Intelig\u00eancia Artificial)<\/strong><\/h4><p><strong>Autores:<\/strong> Yuri Feitosa (IFPR, Brazil), Marcos Castilho (UFPR, Brazil), Alexander Robert Kutzke (Federal University of Parana, Brazil)<\/p><h4><strong>JOGANDO COM IDEIAS: UM JOGO S\u00c9RIO PARA INTRODU\u00c7\u00c3O AO PENSAMENTO COMPUTACIONAL EM CONTEXTO AGRON\u00d4MICO<\/strong><\/h4><p><strong>Autores:<\/strong> Gabriel Schardong Ferr\u00e3o (UNEMAT, Brazil), Nelcileno Ara\u00fajo (UFMT, Brazil)<\/p><h4><strong>Pensamento para Intelig\u00eancia Artificial Integrado \u00e0 Educa\u00e7\u00e3o STEAM e \u00e0 Alfabetiza\u00e7\u00e3o Cient\u00edfica: desenvolvimento de um Livro-jogo<\/strong><\/h4><p><strong>Autores:<\/strong> Juliana Cristina dos Santos (IFES, Brazil), M\u00e1rcia Gon\u00e7alves Oliveira (IFES, Brazil), Vanessa Battestin (IFES, Brazil)<\/p><h4><strong>Plataforma Criativa: integra\u00e7\u00e3o de remidia\u00e7\u00e3o e pensamento computacional na pr\u00e1tica de produ\u00e7\u00e3o textual<\/strong><\/h4><p><strong>Autores:<\/strong> Randerson Oliveira Melville Rebou\u00e7as (UFRGS, Brazil), Marcelo Magalhaes Foohs (UFRGS, Brazil)<\/p><h4><strong>Produ\u00e7\u00e3o Textual Criativa e Pensamento Computacional na Autoria de Narrativas Digitais Interativas: Uma proposta baseada no Ciclo de Remidia\u00e7\u00e3o Ativa<\/strong><\/h4><p><strong>Autores:<\/strong> Priscila Isele (UFRGS, Brazil), Marcelo Magalhaes Foohs (UFRGS, Brazil)<\/p><h4><strong>Sensores e microcontroladores como ferramentas de educa\u00e7\u00e3o ambiental para educa\u00e7\u00e3o profissional e tecnol\u00f3gica<\/strong><\/h4><p><strong>Autores:<\/strong> Caroline De Boer Dias (UFSM, Brazil), Tiago Antonio Rizzetti (UFSM, Brazil)<\/p><h4><strong>Sistema multiagente para a gera\u00e7\u00e3o autom\u00e1tica de quest\u00f5es de programa\u00e7\u00e3o<\/strong><\/h4><p><strong>Autores:<\/strong> J\u00falio C\u00e9sar da Silva Dantas (UFRN, Brazil), Eduardo Henrique da Silva Aranha (UFRN, Brazil)<\/p><h4><strong>TecPris: Educa\u00e7\u00e3o Ambiental e Rob\u00f3tica na Capacita\u00e7\u00e3o de Indiv\u00edduos Privados de Liberdade<\/strong><\/h4><p><strong>Autores:<\/strong> F\u00e1bio Ventorim Siqueira (IFES, Brazil), M\u00e1rcia Gon\u00e7alves Oliveira (IFES, Brazil)<\/p><h4><strong>Teoria dos Aut\u00f4matos na Educa\u00e7\u00e3o B\u00e1sica: Uma Abordagem com Metodologias Ativas<\/strong><\/h4><p><strong>Autores:<\/strong> J\u00falia Veiga (UFPEL, Brazil), Simone Andr\u00e9 da Costa Cavalheiro (UFPEL, Brazil), Luciana Foss (UFPEL, Brazil)<\/p><h4><strong>Um Sistema Tutor Inteligente para Auxiliar na Escrita de Game Designs com Base em Engenharia de Prompt<\/strong><\/h4><p><strong>Autores:<\/strong> Raimundo Nonato Bezerra Neto (UERN, Brazil), Eduardo Henrique da Silva Aranha (UFRN, Brazil)<\/p><h4><strong>Uso de metodologias ativas e projeto interdisciplinar para reduzir evas\u00e3o em escolas t\u00e9cnicas p\u00fablicas<\/strong><\/h4><p><strong>Autores:<\/strong> Silvio Jos\u00e9 Pereira (CESAR School, Brazil), Pamela Bezerra (CESAR School, Brazil)<\/p>\t\t\t\t\t\t\t\t<\/div>\n\t\t\t\t<\/div>\n\t\t\t\t\t<\/div>\n\t\t\t\t<\/div>\n\t\t\t\t<\/div>\n\t\t","protected":false},"excerpt":{"rendered":"<p>Agenda do STUDX 2025 Postgraduate Students Experience 27\/11, quinta-feira das 09:30 \u00e0s 16:00h no Hall Poty Lazzarotto e Sala 103 Chairs: Gabriel Alves (UFRPE), Luma Seixas (UFBA), De\u00f3genes Silva Junior (UFPR) Trabalhos Cenas e Bits: Interfaces entre Tecnologias Digitais e Artes C\u00eanicas na Educa\u00e7\u00e3o Autores: Christian Martins (USP, Brazil), Veronica Gon\u00e7alvez Veloso Corte de Lovelace Kids: Rob\u00f3tica e Cultura Maker-Gamer como Inova\u00e7\u00e3o Pedag\u00f3gica na Educa\u00e7\u00e3o Infantil Autores: SIMONE Lopes Smiderle Alves (Instituto Federal do Esp\u00edrito Santo IFES, Brazil), M\u00e1rcia Gon\u00e7alves Oliveira (IFES, Brazil), Nilc\u00e9a Elias Rodrigues Moreira (Universidade Federal do Espirito Santo UFES, Brazil) Desafios e Potencialidades da Intelig\u00eancia Artificial na EaD: um panorama na forma\u00e7\u00e3o docente em cursos de licenciatura no IFTM Autores: Ricael Spirandeli Rocha (IFTM, Brazil), Paula Teixeira Nakamoto (Instituto Federal de Educa\u00e7\u00e3o, Ci\u00eancia e Tecnologia do Tri\u00e2ngulo Mineiro, Brazil) Desenvolvimento de uma Arquitetura IoT para Rastreamento e Adapta\u00e7\u00e3o de Recursos em Institui\u00e7\u00f5es de Ensino Autores: Emanuel de Franceschi Vieira (UFSM, Brazil), Tiago Antonio Rizzetti (UFSM, Brazil), Renato Preigschadt (UFSM, Algeria) FARMA-ALG-IA (Sistema para a Promo\u00e7\u00e3o da Media\u00e7\u00e3o do Erro no Ensino de Programa\u00e7\u00e3o de Computadores com Intelig\u00eancia Artificial) Autores: Yuri Feitosa (IFPR, Brazil), Marcos Castilho (UFPR, Brazil), Alexander Robert Kutzke (Federal University of Parana, Brazil) JOGANDO COM IDEIAS: UM JOGO S\u00c9RIO PARA INTRODU\u00c7\u00c3O AO PENSAMENTO COMPUTACIONAL EM CONTEXTO AGRON\u00d4MICO Autores: Gabriel Schardong Ferr\u00e3o (UNEMAT, Brazil), Nelcileno Ara\u00fajo (UFMT, Brazil) Pensamento para Intelig\u00eancia Artificial Integrado \u00e0 Educa\u00e7\u00e3o STEAM e \u00e0 Alfabetiza\u00e7\u00e3o Cient\u00edfica: desenvolvimento de um Livro-jogo Autores: Juliana Cristina dos Santos (IFES, Brazil), M\u00e1rcia Gon\u00e7alves Oliveira (IFES, Brazil), Vanessa Battestin (IFES, Brazil) Plataforma Criativa: integra\u00e7\u00e3o de remidia\u00e7\u00e3o e pensamento computacional na pr\u00e1tica de produ\u00e7\u00e3o textual Autores: Randerson Oliveira Melville Rebou\u00e7as (UFRGS, Brazil), Marcelo Magalhaes Foohs (UFRGS, Brazil) Produ\u00e7\u00e3o Textual Criativa e Pensamento Computacional na Autoria de Narrativas Digitais Interativas: Uma proposta baseada no Ciclo de Remidia\u00e7\u00e3o Ativa Autores: Priscila Isele (UFRGS, Brazil), Marcelo Magalhaes Foohs (UFRGS, Brazil) Sensores e microcontroladores como ferramentas de educa\u00e7\u00e3o ambiental para educa\u00e7\u00e3o profissional e tecnol\u00f3gica Autores: Caroline De Boer Dias (UFSM, Brazil), Tiago Antonio Rizzetti (UFSM, Brazil) Sistema multiagente para a gera\u00e7\u00e3o autom\u00e1tica de quest\u00f5es de programa\u00e7\u00e3o Autores: J\u00falio C\u00e9sar da Silva Dantas (UFRN, Brazil), Eduardo Henrique da Silva Aranha (UFRN, Brazil) TecPris: Educa\u00e7\u00e3o Ambiental e Rob\u00f3tica na Capacita\u00e7\u00e3o de Indiv\u00edduos Privados de Liberdade Autores: F\u00e1bio Ventorim Siqueira (IFES, Brazil), M\u00e1rcia Gon\u00e7alves Oliveira (IFES, Brazil) Teoria dos Aut\u00f4matos na Educa\u00e7\u00e3o B\u00e1sica: Uma Abordagem com Metodologias Ativas Autores: J\u00falia Veiga (UFPEL, Brazil), Simone Andr\u00e9 da Costa Cavalheiro (UFPEL, Brazil), Luciana Foss (UFPEL, Brazil) Um Sistema Tutor Inteligente para Auxiliar na Escrita de Game Designs com Base em Engenharia de Prompt Autores: Raimundo Nonato Bezerra Neto (UERN, Brazil), Eduardo Henrique da Silva Aranha (UFRN, Brazil) Uso de metodologias ativas e projeto interdisciplinar para reduzir evas\u00e3o em escolas t\u00e9cnicas p\u00fablicas Autores: Silvio Jos\u00e9 Pereira (CESAR School, Brazil), Pamela Bezerra (CESAR School, Brazil)<\/p>\n","protected":false},"author":22,"featured_media":0,"parent":0,"menu_order":0,"comment_status":"closed","ping_status":"closed","template":"","meta":{"footnotes":""},"class_list":["post-7636","page","type-page","status-publish","hentry"],"_links":{"self":[{"href":"https:\/\/cbie.sbc.org.br\/2025\/wp-json\/wp\/v2\/pages\/7636","targetHints":{"allow":["GET"]}}],"collection":[{"href":"https:\/\/cbie.sbc.org.br\/2025\/wp-json\/wp\/v2\/pages"}],"about":[{"href":"https:\/\/cbie.sbc.org.br\/2025\/wp-json\/wp\/v2\/types\/page"}],"author":[{"embeddable":true,"href":"https:\/\/cbie.sbc.org.br\/2025\/wp-json\/wp\/v2\/users\/22"}],"replies":[{"embeddable":true,"href":"https:\/\/cbie.sbc.org.br\/2025\/wp-json\/wp\/v2\/comments?post=7636"}],"version-history":[{"count":12,"href":"https:\/\/cbie.sbc.org.br\/2025\/wp-json\/wp\/v2\/pages\/7636\/revisions"}],"predecessor-version":[{"id":7990,"href":"https:\/\/cbie.sbc.org.br\/2025\/wp-json\/wp\/v2\/pages\/7636\/revisions\/7990"}],"wp:attachment":[{"href":"https:\/\/cbie.sbc.org.br\/2025\/wp-json\/wp\/v2\/media?parent=7636"}],"curies":[{"name":"wp","href":"https:\/\/api.w.org\/{rel}","templated":true}]}}