{"id":7562,"date":"2025-09-24T17:28:53","date_gmt":"2025-09-24T20:28:53","guid":{"rendered":"https:\/\/cbie.sbc.org.br\/2025\/?page_id=7562"},"modified":"2025-10-03T16:52:15","modified_gmt":"2025-10-03T19:52:15","slug":"agenda-appsedu","status":"publish","type":"page","link":"https:\/\/cbie.sbc.org.br\/2025\/agenda-appsedu\/","title":{"rendered":"Agenda AppsEdu"},"content":{"rendered":"\t\t<div data-elementor-type=\"wp-page\" data-elementor-id=\"7562\" class=\"elementor elementor-7562\">\n\t\t\t\t<div class=\"elementor-element elementor-element-50ee1a2 e-flex e-con-boxed wpr-particle-no wpr-jarallax-no wpr-parallax-no wpr-sticky-section-no e-con e-parent\" data-id=\"50ee1a2\" data-element_type=\"container\" data-e-type=\"container\">\n\t\t\t\t\t<div class=\"e-con-inner\">\n\t\t\t\t<div class=\"elementor-element elementor-element-74c8642 elementor-widget elementor-widget-heading\" data-id=\"74c8642\" data-element_type=\"widget\" data-e-type=\"widget\" data-widget_type=\"heading.default\">\n\t\t\t\t<div class=\"elementor-widget-container\">\n\t\t\t\t\t<h1 class=\"elementor-heading-title elementor-size-default\"><b>Agenda do Apps.Edu 2025<\/b><\/h1>\t\t\t\t<\/div>\n\t\t\t\t<\/div>\n\t\t\t\t<div class=\"elementor-element elementor-element-c3a52a0 elementor-widget elementor-widget-heading\" data-id=\"c3a52a0\" data-element_type=\"widget\" data-e-type=\"widget\" data-widget_type=\"heading.default\">\n\t\t\t\t<div class=\"elementor-widget-container\">\n\t\t\t\t\t<h2 class=\"elementor-heading-title elementor-size-default\">Concurso Integrado de Desenvolvimento de Soluc\u0327o\u0303es de Tecnologia e Objetos de Aprendizagem para a Educac\u0327a\u0303o<\/h2>\t\t\t\t<\/div>\n\t\t\t\t<\/div>\n\t\t\t\t<div class=\"elementor-element elementor-element-0fac40c elementor-widget elementor-widget-spacer\" data-id=\"0fac40c\" data-element_type=\"widget\" data-e-type=\"widget\" data-widget_type=\"spacer.default\">\n\t\t\t\t<div class=\"elementor-widget-container\">\n\t\t\t\t\t\t\t<div class=\"elementor-spacer\">\n\t\t\t<div class=\"elementor-spacer-inner\"><\/div>\n\t\t<\/div>\n\t\t\t\t\t\t<\/div>\n\t\t\t\t<\/div>\n\t\t<div class=\"elementor-element elementor-element-790635a e-con-full e-flex wpr-particle-no wpr-jarallax-no wpr-parallax-no wpr-sticky-section-no e-con e-child\" data-id=\"790635a\" data-element_type=\"container\" data-e-type=\"container\">\n\t\t\t\t<div class=\"elementor-element elementor-element-3379e8c elementor-widget__width-initial elementor-widget-mobile__width-initial elementor-widget elementor-widget-text-editor\" data-id=\"3379e8c\" data-element_type=\"widget\" data-e-type=\"widget\" data-widget_type=\"text-editor.default\">\n\t\t\t\t<div class=\"elementor-widget-container\">\n\t\t\t\t\t\t\t\t\t<h3><span style=\"color: #ffffff;\"><strong>Exposi\u00e7\u00e3o dos trabalhos selecionados<\/strong><\/span><\/h3><h5><span style=\"color: #ffffff;\">26\/11, quarta feira durante o dia todo no\u00a0 Hall Poty Lazzarotto<\/span><\/h5>\t\t\t\t\t\t\t\t<\/div>\n\t\t\t\t<\/div>\n\t\t\t\t<div class=\"elementor-element elementor-element-d132a1a elementor-widget__width-initial elementor-widget-mobile__width-initial elementor-widget elementor-widget-text-editor\" data-id=\"d132a1a\" data-element_type=\"widget\" data-e-type=\"widget\" data-widget_type=\"text-editor.default\">\n\t\t\t\t<div class=\"elementor-widget-container\">\n\t\t\t\t\t\t\t\t\t<h3 id=\"sessao2\"><strong><span style=\"color: #ffffff;\">Produ\u00e7\u00e3o dos pitchs para apresenta\u00e7\u00e3o<\/span><\/strong><\/h3><h5><span style=\"color: #ffffff;\">27\/11, quinta-feira de manh\u00e3 no\u00a0Lab 05 e Sala 103 (DINF)<\/span><\/h5>\t\t\t\t\t\t\t\t<\/div>\n\t\t\t\t<\/div>\n\t\t\t\t<div class=\"elementor-element elementor-element-709caa5 elementor-widget__width-initial elementor-widget-mobile__width-initial elementor-widget elementor-widget-text-editor\" data-id=\"709caa5\" data-element_type=\"widget\" data-e-type=\"widget\" data-widget_type=\"text-editor.default\">\n\t\t\t\t<div class=\"elementor-widget-container\">\n\t\t\t\t\t\t\t\t\t<h3 id=\"sessao1\"><span style=\"color: #ffffff;\"><strong>Banca avaliadora<\/strong><\/span><\/h3><h5><span style=\"color: #ffffff;\">27\/11, quinta-feira \u00e0 tarde no Audit\u00f3rio Alexandre Direne<\/span><\/h5>\t\t\t\t\t\t\t\t<\/div>\n\t\t\t\t<\/div>\n\t\t\t\t<\/div>\n\t\t\t\t<div class=\"elementor-element elementor-element-61a967f elementor-widget elementor-widget-spacer\" data-id=\"61a967f\" data-element_type=\"widget\" data-e-type=\"widget\" data-widget_type=\"spacer.default\">\n\t\t\t\t<div class=\"elementor-widget-container\">\n\t\t\t\t\t\t\t<div class=\"elementor-spacer\">\n\t\t\t<div class=\"elementor-spacer-inner\"><\/div>\n\t\t<\/div>\n\t\t\t\t\t\t<\/div>\n\t\t\t\t<\/div>\n\t\t\t\t<div class=\"elementor-element elementor-element-14f11bb elementor-widget elementor-widget-text-editor\" data-id=\"14f11bb\" data-element_type=\"widget\" data-e-type=\"widget\" data-widget_type=\"text-editor.default\">\n\t\t\t\t<div class=\"elementor-widget-container\">\n\t\t\t\t\t\t\t\t\t<h2 id=\"sessao3\"><span style=\"color: #155abf;\">Categoria prot\u00f3tipo<\/span><\/h2><h4><strong>\u00a0<\/strong><\/h4><h4><strong>Desafio Tech<\/strong><\/h4><p>Autores: Jeferson Barros Feliciano (SBC), Leonardo Cruz (IFMT), Leticia Ferreira Mendes (IFMT)<\/p><h4>\u00a0<\/h4><h4><strong>Codeverse: Um RPG Digital para Iniciantes em Programa\u00e7\u00e3o<\/strong><\/h4><p>Autores: Rayssa Santana (UNIOESTE), Claudia Brandelero Rizzi (UNIOESTE), Clodis Boscarioli (UNIOESTE)<\/p><h4>\u00a0<\/h4><h4><strong>Garimpeirinhos: Ecossistema Digital Integrado para Alfabetiza\u00e7\u00e3o, Inclus\u00e3o e Apoio ao Professor<\/strong><\/h4><p>Autores: Jeferson ANT\u00d4NIO GON\u00c7ALVES DE MESQUITA (GEducacional), Lorena Regina Cruz Bastos<\/p><h4>\u00a0<\/h4><h4><strong>Duoeduca: Aprendizagem Ativa e Gamificada para Qualquer Contexto Educacional<\/strong><\/h4><p>Autores: Thiago Fran\u00e7a Naves (UTFPR Universidade Tecnol\u00f3gica Federal do Paran\u00e1), Giuvane Conti (UTFPR), Djonatham Caua Fritzen Christ (UTFPR), Wellington Ferreira (UTFPR), Erik Nascimento, Heitor Malheiros Liberato, Pedro Lucas (UTFPR)<\/p><h4>\u00a0<\/h4><h4><strong>Pantanal Quest: Integrando o Ensino do Bioma Pantanal e o Pensamento Computacional<\/strong><\/h4><p>Autores: Esteic Janaina Santos Batista (Universidade Federal de Mato Grosso do Sul), Beatriz Lima Pereira (UFMS), Pedro Henrique Rodrigues (UFMS), Lucas Rodrigues (UFMS), Matheus Santos (UFMS), Gabriel Barberiz (UFMS), Amaury Antonio de Castro Junior (UFMS)<\/p><h4>\u00a0<\/h4><h4><strong>Criosfera X: Explorando a Ant\u00e1rtica<\/strong><\/h4><p>Autores: Luiz Henrique Gomes Martins, dante karras (Bolsista CNPq), Diego Marques Carvalho (UFABC), Juan Ant\u00f4nio Persich, Juliana Cristina Braga Braga (UFABC), Sandra Freiberger-Affonso, Silvia Cristina Dotta (UFABC), Bruno Zujenas Ribeiro<\/p><h4>\u00a0<\/h4><h4><strong>Math Mission: um jogo s\u00e9rio em realidade virtual para ensino e aprendizagem de fra\u00e7\u00f5es para alunos com TDAH<\/strong><\/h4><p>Autores: Fernando C.C. Alves J\u00fanior (UFPA), Heleno F\u00fclber (UFPA), Bruno Merlin (UFPA)<\/p><h4>\u00a0<\/h4><h4><strong>Jornada da Jubarte: Um software educacional sobre a migra\u00e7\u00e3o da Baleia-jubarte ao Brasil<\/strong><\/h4><p>Autores: Juliana Cristina Braga Braga (UFABC), Felipe ultramari, dante karras (Bolsista CNPq), Sandra Freiberger-Affonso, Silvia Cristina Dotta (UFABC)<\/p><h4>\u00a0<\/h4><h4><b>DinoMath: Jogo S\u00e9rio para o Ensino de Matem\u00e1tica B\u00e1sica Para Estudantes do Ensino Fundamental<\/b><\/h4><p>Autores: Emanuel Brito da Silva (IF Baiano), Lucas Silva de Oliveira (IF Baiano), Geovanna dos Santos (IF Baiano), AMANDA TAVARES (IF Baiano), ROBERTA OLIVEIRA (IF Baiano)<\/p><h4>\u00a0<\/h4><h4><strong>Destreza App: prot\u00f3tipo de aplica\u00e7\u00e3o para o pr\u00e9-diagn\u00f3stico de lateralidade em crian\u00e7as pr\u00e9-escolares.<\/strong><\/h4><p>Autores: Everton Pinto (IFPA), Heleno Fulber (Programa de P\u00f3s-Gradua\u00e7\u00e3o em Engenharia e Gest\u00e3o do Conhecimento), Bruno Merlin (UFPA)<\/p><h4>\u00a0<\/h4><h4><strong>Touch Learn: Plataforma Digital de Recursos Did\u00e1ticos T\u00e1teis para Inclus\u00e3o Educacional de Pessoas com Defici\u00eancia Visual<\/strong><\/h4><p>Autores: Alex Santos de Oliveira (Instituto Federal de Ci\u00eancia e Tecnologia do Par\u00e1 Campus Tucuru\u00ed), Tha\u00eds Santos de Oliveira (IFPA Instituto Federal de Educa\u00e7\u00e3o, Ci\u00eancia e Tecnologia do Par\u00e1), \u00cdtalo Assun\u00e7\u00e3o (Instituto Federal de Educa\u00e7\u00e3o, Ciencia e Tecnologia do Par\u00e1, IFPA &#8211; Campus Tucuru\u00ed), Jo\u00e3o Elias Vidueira Ferreira<\/p><h4>\u00a0<\/h4><h4><strong>RIANA: Desenvolvimento de assistente de corre\u00e7\u00e3o para reda\u00e7\u00e3o do ENEM com uso de Modelos de Linguagem de Grande Escala (LLM)<\/strong><\/h4><p>Autores: Isadora Paiva de Mattos (IFRS Canoas), Luiza Ramos Prass (IFRS Canoas), Gabriela Vaz Pacheco, Eliseo Reategui (UFRGS), Marcio Bigolin (IFRS)<\/p><h4>\u00a0<\/h4><h4><strong>LARA: Aplica\u00e7\u00e3o Para Uso de Realidade Aumentada em Livros F\u00edsicos<\/strong><\/h4><p>Autores: Bruno Adachi (Universidade Federal de Ouro Preto UFOP), Silvia Amelia Bim (UTFPR), Saul Emanuel Delabrida (Federal University of Ouro Preto)<\/p><h4>\u00a0<\/h4><h4><strong>Aero VR<\/strong><\/h4><p>Autores: Laura Reggio (UFABC), Enzo Sgarbi Scontre (UFABC Universidade Federal do ABC), Cl\u00e1udia Celeste Celestino (UFABC), Bruna Ramirez (UFABC Universidade Federal do ABC)<\/p><h4>\u00a0<\/h4><h4><strong>AudioMind: Aplicativo Educacional com IA para Transcri\u00e7\u00e3o e Grava\u00e7\u00e3o de Voz para Gera\u00e7\u00e3o de Insights Pedag\u00f3gicos<\/strong><\/h4><p>Autores: Victor Alves de Oliveira (Universidade Federal de Vi\u00e7osa campus Rio Parana\u00edba), Adriana Martinhago (Federal University of Vi\u00e7osa)<\/p><h4>\u00a0<\/h4><h4><strong>Corrida Ant\u00e1rtica: Aprendendo com os Pinguins<\/strong><\/h4><p>Autores: Bruno Zujenas Ribeiro, Juan Ant\u00f4nio Persich, Luiz Henrique Gomes Martins, Juliana Cristina Braga Braga (UFABC), Sandra Freiberger-Affonso, Silvia Cristina Dotta (UFABC)<\/p><h4>\u00a0<\/h4><h4><strong>M\u00e1quina do Curupira: Um jogo para auxiliar no desenvolvimento do pensamento computacional baseado na mec\u00e2nica da M\u00e1quina de Turing<\/strong><\/h4><p>Autores: Karolayne Batista Teixeira (UFPA), Heleno F\u00fclber (UFPA), Bruno Merlin (UFPA)<\/p><h4>\u00a0<\/h4><h4><strong>Conquistando o Espa\u00e7o<\/strong><\/h4><p>Autores: Marcelo Mergulh\u00e3o (UFABC), Laura Reggio (UFABC)<\/p><h4>\u00a0<\/h4><h4><strong>StudYard: Aprimorando o Engajamento e a Autonomia do Estudante apoiado por IA Generativa<\/strong><\/h4><p>Autores: Henrique Minetto Duarte Oliveira (UNICAMP), Gabriel Dias (UNICAMP), Paula Jeniffer dos Santos Viriato (UNICAMP), Eryck Silva (UNICAMP), Andre Gomes Regino (UNICAMP), Julio Cesar Dos Reis (Instituto de Computa\u00e7\u00e3o da Universidade Estadual de Campinas)<\/p><h4>\u00a0<\/h4><h4><strong>Helper in Olympics: Aplicativo m\u00f3vel para incentivar e ajudar estudantes a participarem de olimp\u00edadas cient\u00edficas<\/strong><\/h4><p>Autores: Isabela Cunha Sevalho (Uea), Muskaan Ramchandani (IComp\/UFAM), Noemi Vit\u00f3ria Gadelha Dos Santos<\/p><h4>\u00a0<\/h4><h4><strong>Gamifica\u00e7\u00e3o e Ensino de Rob\u00f3tica em Percurso: A Hist\u00f3ria da Rob\u00f3tica<\/strong><\/h4><p>Autores: Pedro Guilherme Sales Passos (UERN)<\/p><h4>\u00a0<\/h4><h4><strong>Guar\u00e1 Games: Plataforma de Jogos Para o Desenvolvimento da Coordena\u00e7\u00e3o Motora Fina<\/strong><\/h4><p>Autores: Lucas Chaves Generoso, Gabriel Witor Rodrigues de Almeida (UENP), Rog\u00e9rio Scucuglia Andrade Junior, Vict\u00f3ria Martins, Thiago Adriano Coleti (UENP), Jos\u00e9 Reinaldo Merlin (UENP)<\/p><h4>\u00a0<\/h4><h4><strong>Senior Code AI: Estimula\u00e7\u00e3o Cognitiva e Inclus\u00e3o Digital de Idosos por Meio da Programa\u00e7\u00e3o<\/strong><\/h4><p>Autores: Cintia Reis de Oliveira (Instituto Federal de Educa\u00e7\u00e3o, Ci\u00eancia e Tecnologia do Cear\u00e1), Isabele Ferreira (IMD\/UFRN), Wallyson Matheus Souza de Oliveira (IMD\/UFRN), Fl\u00e1via Macena (UFRN), Vinicius Medeiros (IMD\/UFRN), Pedro Martins (UFRN), Isabel Dillmann Nunes (UFRN)<\/p><h4>\u00a0<\/h4><h4><strong>Rota do pl\u00e1stico: Preservar \u00e9 jogar com responsabilidade<\/strong><\/h4><p>Autores: Juliana Cristina Braga Braga (UFABC), dante karras (Bolsista CNPq), Luiz Henrique Gomes Martins, Sandra Freiberger-Affonso, Silvia Cristina Dotta (UFABC)<\/p><h4>\u00a0<\/h4><h4><strong>TRUEBLE: Ferramenta Inovadora no Ensino e Aprendizagem de L\u00f3gica Matem\u00e1tica<\/strong><\/h4><p>Autores: Eduarda Sifuentes (UNIPAMPA), Emilly Dias (Unipampa\/Campus de Alegrete), Gabriel Dineck Tremarin, Guilherme de \u00c1vila de Moura (UNIPAMPA), Rafael Silva da Silva (UNIPAMPA), Ildevana Poltronieri (UNIPAMPA), Alice Finger (UNIPAMPA)<\/p>\t\t\t\t\t\t\t\t<\/div>\n\t\t\t\t<\/div>\n\t\t\t\t<div class=\"elementor-element elementor-element-f10cc42 elementor-widget elementor-widget-spacer\" data-id=\"f10cc42\" data-element_type=\"widget\" data-e-type=\"widget\" data-widget_type=\"spacer.default\">\n\t\t\t\t<div class=\"elementor-widget-container\">\n\t\t\t\t\t\t\t<div class=\"elementor-spacer\">\n\t\t\t<div class=\"elementor-spacer-inner\"><\/div>\n\t\t<\/div>\n\t\t\t\t\t\t<\/div>\n\t\t\t\t<\/div>\n\t\t\t\t<div class=\"elementor-element elementor-element-1c415f4 elementor-widget elementor-widget-text-editor\" data-id=\"1c415f4\" data-element_type=\"widget\" data-e-type=\"widget\" data-widget_type=\"text-editor.default\">\n\t\t\t\t<div class=\"elementor-widget-container\">\n\t\t\t\t\t\t\t\t\t<h2><span style=\"color: #155abf;\">Categoria produto<\/span><\/h2><h4>\u00a0<\/h4><h4><strong>Entre \u00e1rvores e telas: um aplicativo de Realidade Aumentada para Educa\u00e7\u00e3o Florestal<\/strong><\/h4><p>Autores: Nando Matheus Rocha (FURB Universidade Regional de Blumenau), Bruno Fischer Ferreira Santos, Caroline Lucini, Dalton Solano dos Reis (Universiade Regional de Blumenau), Daniela Tomio, D\u00e9bora Vanessa Lingner, Jo\u00e3o Gabriel Soares Lavina, Lucas Hong Lae Son, Luciana P. de Ara\u00fajo Kohler (FURB), Matheus Gamba de Oliveira, Mauricio Capobianco Lopes (Universidade Regional de Blumenau)<\/p><h4>\u00a0<\/h4><h4><strong>Desafio de Mileva Maric: um jogo de l\u00f3gica com protagonismo feminino na ci\u00eancia<\/strong><\/h4><p>Autores: Lucas Emanuel Michels Ferreira (IFSC), Mayara Muller (IFSC), Yasmim Ott (IFSC), Joice Luiz Jeronimo (IFSC)<\/p><h4>\u00a0<\/h4><h4><strong>Jogo Expedi\u00e7\u00e3o Ant\u00e1rtica II<\/strong><\/h4><p>Autores: Juliana Cristina Braga Braga (UFABC), Silvia Cristina Dotta (UFABC), Umbu Games Umbu Games<\/p><h4>\u00a0<\/h4><h4><strong>O Museu Polar 3D<\/strong><\/h4><p>Autores: Silvia Cristina Dotta (UFABC), Juliana Cristina Braga Braga (UFABC), Sandra Freiberger-Affonso, Monica Angelica Varella Petti (IOUSP), Vicente Gomes (USP), Fabiana Rodrigues Costa<\/p><h4>\u00a0<\/h4><h4><strong>LogicProg: um aplicativo para auxiliar na aprendizagem em l\u00f3gica de programa\u00e7\u00e3o<\/strong><\/h4><p>Autores: Marcio Neri (Ifap), Klenilmar Lopes Dias (Instituto Federal de Educa\u00e7\u00e3o, Ci\u00eancia e Tecnologia do Amap\u00e1), Eonay Gurj\u00e3o (UFPA)<\/p><h4>\u00a0<\/h4><h4><strong>Escreva mais: Aplicativo de Apoio \u00e0 Avalia\u00e7\u00e3o de Reda\u00e7\u00f5es da Educa\u00e7\u00e3o B\u00e1sica<\/strong><\/h4><p>Autores: Jamilla Lobo (CESAR School), Lenon Anthony, Gabriel Augusto, Silas Augusto (UFRPE), Seiji Isotani (USP), Ig Ibert Bittencourt (Ufal), Cleon Xavier (IF Goiano), Newarney Torrez\u00e3o Costa (Instituto Federal de Educa\u00e7\u00e3o, Ci\u00eancia e Tecnologia Goiano), Luiz Rodrigues (Federal Technoloy University of Parana), Rafael Ferreira Mello (UFRPE)<\/p><h2>\u00a0<\/h2>\t\t\t\t\t\t\t\t<\/div>\n\t\t\t\t<\/div>\n\t\t\t\t\t<\/div>\n\t\t\t\t<\/div>\n\t\t\t\t<\/div>\n\t\t","protected":false},"excerpt":{"rendered":"<p>Agenda do Apps.Edu 2025 Concurso Integrado de Desenvolvimento de Soluc\u0327o\u0303es de Tecnologia e Objetos de Aprendizagem para a Educac\u0327a\u0303o Exposi\u00e7\u00e3o dos trabalhos selecionados 26\/11, quarta feira durante o dia todo no\u00a0 Hall Poty Lazzarotto Produ\u00e7\u00e3o dos pitchs para apresenta\u00e7\u00e3o 27\/11, quinta-feira de manh\u00e3 no\u00a0Lab 05 e Sala 103 (DINF) Banca avaliadora 27\/11, quinta-feira \u00e0 tarde no Audit\u00f3rio Alexandre Direne Categoria prot\u00f3tipo \u00a0 Desafio Tech Autores: Jeferson Barros Feliciano (SBC), Leonardo Cruz (IFMT), Leticia Ferreira Mendes (IFMT) \u00a0 Codeverse: Um RPG Digital para Iniciantes em Programa\u00e7\u00e3o Autores: Rayssa Santana (UNIOESTE), Claudia Brandelero Rizzi (UNIOESTE), Clodis Boscarioli (UNIOESTE) \u00a0 Garimpeirinhos: Ecossistema Digital Integrado para Alfabetiza\u00e7\u00e3o, Inclus\u00e3o e Apoio ao Professor Autores: Jeferson ANT\u00d4NIO GON\u00c7ALVES DE MESQUITA (GEducacional), Lorena Regina Cruz Bastos \u00a0 Duoeduca: Aprendizagem Ativa e Gamificada para Qualquer Contexto Educacional Autores: Thiago Fran\u00e7a Naves (UTFPR Universidade Tecnol\u00f3gica Federal do Paran\u00e1), Giuvane Conti (UTFPR), Djonatham Caua Fritzen Christ (UTFPR), Wellington Ferreira (UTFPR), Erik Nascimento, Heitor Malheiros Liberato, Pedro Lucas (UTFPR) \u00a0 Pantanal Quest: Integrando o Ensino do Bioma Pantanal e o Pensamento Computacional Autores: Esteic Janaina Santos Batista (Universidade Federal de Mato Grosso do Sul), Beatriz Lima Pereira (UFMS), Pedro Henrique Rodrigues (UFMS), Lucas Rodrigues (UFMS), Matheus Santos (UFMS), Gabriel Barberiz (UFMS), Amaury Antonio de Castro Junior (UFMS) \u00a0 Criosfera X: Explorando a Ant\u00e1rtica Autores: Luiz Henrique Gomes Martins, dante karras (Bolsista CNPq), Diego Marques Carvalho (UFABC), Juan Ant\u00f4nio Persich, Juliana Cristina Braga Braga (UFABC), Sandra Freiberger-Affonso, Silvia Cristina Dotta (UFABC), Bruno Zujenas Ribeiro \u00a0 Math Mission: um jogo s\u00e9rio em realidade virtual para ensino e aprendizagem de fra\u00e7\u00f5es para alunos com TDAH Autores: Fernando C.C. Alves J\u00fanior (UFPA), Heleno F\u00fclber (UFPA), Bruno Merlin (UFPA) \u00a0 Jornada da Jubarte: Um software educacional sobre a migra\u00e7\u00e3o da Baleia-jubarte ao Brasil Autores: Juliana Cristina Braga Braga (UFABC), Felipe ultramari, dante karras (Bolsista CNPq), Sandra Freiberger-Affonso, Silvia Cristina Dotta (UFABC) \u00a0 DinoMath: Jogo S\u00e9rio para o Ensino de Matem\u00e1tica B\u00e1sica Para Estudantes do Ensino Fundamental Autores: Emanuel Brito da Silva (IF Baiano), Lucas Silva de Oliveira (IF Baiano), Geovanna dos Santos (IF Baiano), AMANDA TAVARES (IF Baiano), ROBERTA OLIVEIRA (IF Baiano) \u00a0 Destreza App: prot\u00f3tipo de aplica\u00e7\u00e3o para o pr\u00e9-diagn\u00f3stico de lateralidade em crian\u00e7as pr\u00e9-escolares. Autores: Everton Pinto (IFPA), Heleno Fulber (Programa de P\u00f3s-Gradua\u00e7\u00e3o em Engenharia e Gest\u00e3o do Conhecimento), Bruno Merlin (UFPA) \u00a0 Touch Learn: Plataforma Digital de Recursos Did\u00e1ticos T\u00e1teis para Inclus\u00e3o Educacional de Pessoas com Defici\u00eancia Visual Autores: Alex Santos de Oliveira (Instituto Federal de Ci\u00eancia e Tecnologia do Par\u00e1 Campus Tucuru\u00ed), Tha\u00eds Santos de Oliveira (IFPA Instituto Federal de Educa\u00e7\u00e3o, Ci\u00eancia e Tecnologia do Par\u00e1), \u00cdtalo Assun\u00e7\u00e3o (Instituto Federal de Educa\u00e7\u00e3o, Ciencia e Tecnologia do Par\u00e1, IFPA &#8211; Campus Tucuru\u00ed), Jo\u00e3o Elias Vidueira Ferreira \u00a0 RIANA: Desenvolvimento de assistente de corre\u00e7\u00e3o para reda\u00e7\u00e3o do ENEM com uso de Modelos de Linguagem de Grande Escala (LLM) Autores: Isadora Paiva de Mattos (IFRS Canoas), Luiza Ramos Prass (IFRS Canoas), Gabriela Vaz Pacheco, Eliseo Reategui (UFRGS), Marcio Bigolin (IFRS) \u00a0 LARA: Aplica\u00e7\u00e3o Para Uso de Realidade Aumentada em Livros F\u00edsicos Autores: Bruno Adachi (Universidade Federal de Ouro Preto UFOP), Silvia Amelia Bim (UTFPR), Saul Emanuel Delabrida (Federal University of Ouro Preto) \u00a0 Aero VR Autores: Laura Reggio (UFABC), Enzo Sgarbi Scontre (UFABC Universidade Federal do ABC), Cl\u00e1udia Celeste Celestino (UFABC), Bruna Ramirez (UFABC Universidade Federal do ABC) \u00a0 AudioMind: Aplicativo Educacional com IA para Transcri\u00e7\u00e3o e Grava\u00e7\u00e3o de Voz para Gera\u00e7\u00e3o de Insights Pedag\u00f3gicos Autores: Victor Alves de Oliveira (Universidade Federal de Vi\u00e7osa campus Rio Parana\u00edba), Adriana Martinhago (Federal University of Vi\u00e7osa) \u00a0 Corrida Ant\u00e1rtica: Aprendendo com os Pinguins Autores: Bruno Zujenas Ribeiro, Juan Ant\u00f4nio Persich, Luiz Henrique Gomes Martins, Juliana Cristina Braga Braga (UFABC), Sandra Freiberger-Affonso, Silvia Cristina Dotta (UFABC) \u00a0 M\u00e1quina do Curupira: Um jogo para auxiliar no desenvolvimento do pensamento computacional baseado na mec\u00e2nica da M\u00e1quina de Turing Autores: Karolayne Batista Teixeira (UFPA), Heleno F\u00fclber (UFPA), Bruno Merlin (UFPA) \u00a0 Conquistando o Espa\u00e7o Autores: Marcelo Mergulh\u00e3o (UFABC), Laura Reggio (UFABC) \u00a0 StudYard: Aprimorando o Engajamento e a Autonomia do Estudante apoiado por IA Generativa Autores: Henrique Minetto Duarte Oliveira (UNICAMP), Gabriel Dias (UNICAMP), Paula Jeniffer dos Santos Viriato (UNICAMP), Eryck Silva (UNICAMP), Andre Gomes Regino (UNICAMP), Julio Cesar Dos Reis (Instituto de Computa\u00e7\u00e3o da Universidade Estadual de Campinas) \u00a0 Helper in Olympics: Aplicativo m\u00f3vel para incentivar e ajudar estudantes a participarem de olimp\u00edadas cient\u00edficas Autores: Isabela Cunha Sevalho (Uea), Muskaan Ramchandani (IComp\/UFAM), Noemi Vit\u00f3ria Gadelha Dos Santos \u00a0 Gamifica\u00e7\u00e3o e Ensino de Rob\u00f3tica em Percurso: A Hist\u00f3ria da Rob\u00f3tica Autores: Pedro Guilherme Sales Passos (UERN) \u00a0 Guar\u00e1 Games: Plataforma de Jogos Para o Desenvolvimento da Coordena\u00e7\u00e3o Motora Fina Autores: Lucas Chaves Generoso, Gabriel Witor Rodrigues de Almeida (UENP), Rog\u00e9rio Scucuglia Andrade Junior, Vict\u00f3ria Martins, Thiago Adriano Coleti (UENP), Jos\u00e9 Reinaldo Merlin (UENP) \u00a0 Senior Code AI: Estimula\u00e7\u00e3o Cognitiva e Inclus\u00e3o Digital de Idosos por Meio da Programa\u00e7\u00e3o Autores: Cintia Reis de Oliveira (Instituto Federal de Educa\u00e7\u00e3o, Ci\u00eancia e Tecnologia do Cear\u00e1), Isabele Ferreira (IMD\/UFRN), Wallyson Matheus Souza de Oliveira (IMD\/UFRN), Fl\u00e1via Macena (UFRN), Vinicius Medeiros (IMD\/UFRN), Pedro Martins (UFRN), Isabel Dillmann Nunes (UFRN) \u00a0 Rota do pl\u00e1stico: Preservar \u00e9 jogar com responsabilidade Autores: Juliana Cristina Braga Braga (UFABC), dante karras (Bolsista CNPq), Luiz Henrique Gomes Martins, Sandra Freiberger-Affonso, Silvia Cristina Dotta (UFABC) \u00a0 TRUEBLE: Ferramenta Inovadora no Ensino e Aprendizagem de L\u00f3gica Matem\u00e1tica Autores: Eduarda Sifuentes (UNIPAMPA), Emilly Dias (Unipampa\/Campus de Alegrete), Gabriel Dineck Tremarin, Guilherme de \u00c1vila de Moura (UNIPAMPA), Rafael Silva da Silva (UNIPAMPA), Ildevana Poltronieri (UNIPAMPA), Alice Finger (UNIPAMPA) Categoria produto \u00a0 Entre \u00e1rvores e telas: um aplicativo de Realidade Aumentada para Educa\u00e7\u00e3o Florestal Autores: Nando Matheus Rocha (FURB Universidade Regional de Blumenau), Bruno Fischer Ferreira Santos, Caroline Lucini, Dalton Solano dos Reis (Universiade Regional de Blumenau), Daniela Tomio, D\u00e9bora Vanessa Lingner, Jo\u00e3o Gabriel Soares Lavina, Lucas Hong Lae Son, Luciana P. de Ara\u00fajo Kohler (FURB), Matheus Gamba de Oliveira, Mauricio Capobianco Lopes (Universidade Regional de Blumenau) \u00a0 Desafio de Mileva Maric: um jogo de l\u00f3gica com protagonismo feminino na ci\u00eancia Autores: Lucas Emanuel Michels Ferreira (IFSC), Mayara Muller (IFSC), Yasmim Ott (IFSC), Joice Luiz Jeronimo (IFSC)<\/p>\n","protected":false},"author":22,"featured_media":0,"parent":0,"menu_order":0,"comment_status":"closed","ping_status":"closed","template":"","meta":{"footnotes":""},"class_list":["post-7562","page","type-page","status-publish","hentry"],"_links":{"self":[{"href":"https:\/\/cbie.sbc.org.br\/2025\/wp-json\/wp\/v2\/pages\/7562","targetHints":{"allow":["GET"]}}],"collection":[{"href":"https:\/\/cbie.sbc.org.br\/2025\/wp-json\/wp\/v2\/pages"}],"about":[{"href":"https:\/\/cbie.sbc.org.br\/2025\/wp-json\/wp\/v2\/types\/page"}],"author":[{"embeddable":true,"href":"https:\/\/cbie.sbc.org.br\/2025\/wp-json\/wp\/v2\/users\/22"}],"replies":[{"embeddable":true,"href":"https:\/\/cbie.sbc.org.br\/2025\/wp-json\/wp\/v2\/comments?post=7562"}],"version-history":[{"count":78,"href":"https:\/\/cbie.sbc.org.br\/2025\/wp-json\/wp\/v2\/pages\/7562\/revisions"}],"predecessor-version":[{"id":9063,"href":"https:\/\/cbie.sbc.org.br\/2025\/wp-json\/wp\/v2\/pages\/7562\/revisions\/9063"}],"wp:attachment":[{"href":"https:\/\/cbie.sbc.org.br\/2025\/wp-json\/wp\/v2\/media?parent=7562"}],"curies":[{"name":"wp","href":"https:\/\/api.w.org\/{rel}","templated":true}]}}