{"id":7543,"date":"2025-09-24T17:09:48","date_gmt":"2025-09-24T20:09:48","guid":{"rendered":"https:\/\/cbie.sbc.org.br\/2025\/?page_id=7543"},"modified":"2025-11-24T10:23:32","modified_gmt":"2025-11-24T13:23:32","slug":"agenda-ctd-copy","status":"publish","type":"page","link":"https:\/\/cbie.sbc.org.br\/2025\/agenda-ctd-copy\/","title":{"rendered":"Agenda Criatividade"},"content":{"rendered":"\t\t<div data-elementor-type=\"wp-page\" data-elementor-id=\"7543\" class=\"elementor elementor-7543\">\n\t\t\t\t<div class=\"elementor-element elementor-element-50ee1a2 e-flex e-con-boxed wpr-particle-no wpr-jarallax-no wpr-parallax-no wpr-sticky-section-no e-con e-parent\" data-id=\"50ee1a2\" data-element_type=\"container\" data-e-type=\"container\">\n\t\t\t\t\t<div class=\"e-con-inner\">\n\t\t\t\t<div class=\"elementor-element elementor-element-5a9e7f1 elementor-widget elementor-widget-text-editor\" data-id=\"5a9e7f1\" data-element_type=\"widget\" data-e-type=\"widget\" data-widget_type=\"text-editor.default\">\n\t\t\t\t<div class=\"elementor-widget-container\">\n\t\t\t\t\t\t\t\t\t<h1><span style=\"color: #7f47dd;\"><strong>Agenda do Espa\u00e7o de Criatividade 2025<\/strong><\/span><\/h1>\t\t\t\t\t\t\t\t<\/div>\n\t\t\t\t<\/div>\n\t\t\t\t<div class=\"elementor-element elementor-element-e8eb98d elementor-widget elementor-widget-text-editor\" data-id=\"e8eb98d\" data-element_type=\"widget\" data-e-type=\"widget\" id=\"criatividade1\" data-widget_type=\"text-editor.default\">\n\t\t\t\t<div class=\"elementor-widget-container\">\n\t\t\t\t\t\t\t\t\t<h3><strong>Criatividade 1 &#8211; Cultura Digital e Narrativas com ScratchJr: Integra\u00e7\u00e3o de tecnologias com as compet\u00eancias da BNCC<\/strong><\/h3><h4>24\/11, segunda-feira das 14:00 \u00e0s 16:00h na Sala 103<\/h4><p>Autores: Adriana Pereira da Silva (Facti &#8211; Funda\u00e7\u00e3o de Apoio \u00e0 Capacita\u00e7\u00e3o em Tecnologia da Informa\u00e7\u00e3o), Marcelo de Almeida Viana (Facti &#8211; Funda\u00e7\u00e3o de Apoio \u00e0 Capacita\u00e7\u00e3o em Tecnologia da Informa\u00e7\u00e3o), Luciano Naldi (Facti &#8211; Funda\u00e7\u00e3o de Apoio \u00e0 Capacita\u00e7\u00e3o em Tecnologia da Informa\u00e7\u00e3o)<\/p>\t\t\t\t\t\t\t\t<\/div>\n\t\t\t\t<\/div>\n\t\t\t\t<div class=\"elementor-element elementor-element-0f996a0 elementor-widget elementor-widget-text-editor\" data-id=\"0f996a0\" data-element_type=\"widget\" data-e-type=\"widget\" id=\"criatividade2\" data-widget_type=\"text-editor.default\">\n\t\t\t\t<div class=\"elementor-widget-container\">\n\t\t\t\t\t\t\t\t\t<h3><strong>Criatividade 2 &#8211; Crie seu Mundo com o OctoStudio!<\/strong><\/h3><h4>25\/11, ter\u00e7a-feira das 09:30 \u00e0s 12:30h na Sala 103<\/h4><p>Autores: Katia R. P Araujo (UFPA), Jo\u00e3o Adriano Freitas (RBAC), Fabiola P. O. Ara\u00fajo (UFPA)<\/p>\t\t\t\t\t\t\t\t<\/div>\n\t\t\t\t<\/div>\n\t\t\t\t<div class=\"elementor-element elementor-element-0f781fe elementor-widget elementor-widget-text-editor\" data-id=\"0f781fe\" data-element_type=\"widget\" data-e-type=\"widget\" id=\"criatividade3\" data-widget_type=\"text-editor.default\">\n\t\t\t\t<div class=\"elementor-widget-container\">\n\t\t\t\t\t\t\t\t\t<h3><strong>Criatividade 3 &#8211; Dobradura \u00e9 s\u00f3 geometria? Explorando algoritmos e Pensamento Computacional com o GeoGebra<\/strong><\/h3><h4>26\/11, quarta-feira das 09:30 \u00e0s 12:00h na\u00a0Sala 103<\/h4><p>Autores: Rafaela Germano (UFRGS), Lucas Silveira Lima Portal (CNPq), Aline Bona (Instituto Federal de Educa\u00e7\u00e3o, Ci\u00eancia e Tecnologia do Rio Grande do Sul)<\/p>\t\t\t\t\t\t\t\t<\/div>\n\t\t\t\t<\/div>\n\t\t\t\t<div class=\"elementor-element elementor-element-fd50b31 elementor-widget elementor-widget-text-editor\" data-id=\"fd50b31\" data-element_type=\"widget\" data-e-type=\"widget\" id=\"criatividade4\" data-widget_type=\"text-editor.default\">\n\t\t\t\t<div class=\"elementor-widget-container\">\n\t\t\t\t\t\t\t\t\t<h3><strong>Criatividade 4 &#8211; Narrativa Interativa para Pensar a Intelig\u00eancia Artificial: Oficina com Livro-Jogo<\/strong><\/h3><h4>26\/11, quarta-feira das 14:00 \u00e0s 16:00h na\u00a0Sala 103<\/h4><p>Autores: Juliana Cristina dos Santos (IFES), M\u00e1rcia Gon\u00e7alves Oliveira (IFES), Vanessa Battestin (IFES)<\/p>\t\t\t\t\t\t\t\t<\/div>\n\t\t\t\t<\/div>\n\t\t\t\t<div class=\"elementor-element elementor-element-1f036a8 elementor-widget elementor-widget-text-editor\" data-id=\"1f036a8\" data-element_type=\"widget\" data-e-type=\"widget\" id=\"criatividade5\" data-widget_type=\"text-editor.default\">\n\t\t\t\t<div class=\"elementor-widget-container\">\n\t\t\t\t\t\t\t\t\t<h3><strong>Criatividade 5 &#8211; Exposi\u00e7\u00e3o MEC RED: Compartilhando Recursos Educacionais Digitais na rede social educacional do Minist\u00e9rio da Educa\u00e7\u00e3o<\/strong><\/h3><h4>24 a 28\/11, de segunda \u00e0 sexta-feira, o dia inteiro, no Hall<\/h4><p>Autores: Krissia M. L. Menezes (UFPR), Gabriela dos Santos (UFPR), Mariane Regina Sponchiado Cassenote (UFPR), Jonas Lupus (UTFPR), Rachel Reis (UFPR), Roberto Pereira (UFPR)<\/p>\t\t\t\t\t\t\t\t<\/div>\n\t\t\t\t<\/div>\n\t\t\t\t<div class=\"elementor-element elementor-element-160c9ba elementor-widget elementor-widget-text-editor\" data-id=\"160c9ba\" data-element_type=\"widget\" data-e-type=\"widget\" id=\"manna\" data-widget_type=\"text-editor.default\">\n\t\t\t\t<div class=\"elementor-widget-container\">\n\t\t\t\t\t\t\t\t\t<h3><strong>Manna Bootcamp<\/strong><\/h3><p><strong>27\/11 &#8211; Espa\u00e7o Criatividade &#8211; Manna Bootcamp (Audit\u00f3rio Leo Grossman)<\/strong><br \/>09:30 &#8211; Palestra: A experi\u00eancia Manna em Escolas e Universidades &#8211; Profa. Dra. Linnyer Aylon <br \/>10:45 &#8211; O jeito Manna de Ser Feliz: como a felicidade pode favorecer o aprendizado &#8211; Profa. Dra. Linnyer Aylon <br \/>14:00 &#8211; Manna KDTs: kits delivey de tecnologia do Manna &#8211; Equipe Manna_Team<br \/>17:00 &#8211; Como ensinamos IA. Equipe Manna_Team<\/p><p><strong>27\/11 &#8211; Espa\u00e7o Experience &#8211; Manna Bootcamp (Cowork Biblioteca)<\/strong> <br \/>09:30 &#8211; Kits de ensino aprendizagem de tecnologias <br \/>14:00 &#8211; Kits de ensino aprendizagem de tecnologias<\/p><p>Autores: Profa. Dra. Linnyer Beatrys Ruiz Aylon (UEM)<\/p>\t\t\t\t\t\t\t\t<\/div>\n\t\t\t\t<\/div>\n\t\t\t\t\t<\/div>\n\t\t\t\t<\/div>\n\t\t\t\t<\/div>\n\t\t","protected":false},"excerpt":{"rendered":"<p>Agenda do Espa\u00e7o de Criatividade 2025 Criatividade 1 &#8211; Cultura Digital e Narrativas com ScratchJr: Integra\u00e7\u00e3o de tecnologias com as compet\u00eancias da BNCC 24\/11, segunda-feira das 14:00 \u00e0s 16:00h na Sala 103 Autores: Adriana Pereira da Silva (Facti &#8211; Funda\u00e7\u00e3o de Apoio \u00e0 Capacita\u00e7\u00e3o em Tecnologia da Informa\u00e7\u00e3o), Marcelo de Almeida Viana (Facti &#8211; Funda\u00e7\u00e3o de Apoio \u00e0 Capacita\u00e7\u00e3o em Tecnologia da Informa\u00e7\u00e3o), Luciano Naldi (Facti &#8211; Funda\u00e7\u00e3o de Apoio \u00e0 Capacita\u00e7\u00e3o em Tecnologia da Informa\u00e7\u00e3o) Criatividade 2 &#8211; Crie seu Mundo com o OctoStudio! 25\/11, ter\u00e7a-feira das 09:30 \u00e0s 12:30h na Sala 103 Autores: Katia R. P Araujo (UFPA), Jo\u00e3o Adriano Freitas (RBAC), Fabiola P. O. Ara\u00fajo (UFPA) Criatividade 3 &#8211; Dobradura \u00e9 s\u00f3 geometria? Explorando algoritmos e Pensamento Computacional com o GeoGebra 26\/11, quarta-feira das 09:30 \u00e0s 12:00h na\u00a0Sala 103 Autores: Rafaela Germano (UFRGS), Lucas Silveira Lima Portal (CNPq), Aline Bona (Instituto Federal de Educa\u00e7\u00e3o, Ci\u00eancia e Tecnologia do Rio Grande do Sul) Criatividade 4 &#8211; Narrativa Interativa para Pensar a Intelig\u00eancia Artificial: Oficina com Livro-Jogo 26\/11, quarta-feira das 14:00 \u00e0s 16:00h na\u00a0Sala 103 Autores: Juliana Cristina dos Santos (IFES), M\u00e1rcia Gon\u00e7alves Oliveira (IFES), Vanessa Battestin (IFES) Criatividade 5 &#8211; Exposi\u00e7\u00e3o MEC RED: Compartilhando Recursos Educacionais Digitais na rede social educacional do Minist\u00e9rio da Educa\u00e7\u00e3o 24 a 28\/11, de segunda \u00e0 sexta-feira, o dia inteiro, no Hall Autores: Krissia M. L. Menezes (UFPR), Gabriela dos Santos (UFPR), Mariane Regina Sponchiado Cassenote (UFPR), Jonas Lupus (UTFPR), Rachel Reis (UFPR), Roberto Pereira (UFPR) Manna Bootcamp 27\/11 &#8211; Espa\u00e7o Criatividade &#8211; Manna Bootcamp (Audit\u00f3rio Leo Grossman)09:30 &#8211; Palestra: A experi\u00eancia Manna em Escolas e Universidades &#8211; Profa. Dra. Linnyer Aylon 10:45 &#8211; O jeito Manna de Ser Feliz: como a felicidade pode favorecer o aprendizado &#8211; Profa. Dra. Linnyer Aylon 14:00 &#8211; Manna KDTs: kits delivey de tecnologia do Manna &#8211; Equipe Manna_Team17:00 &#8211; Como ensinamos IA. Equipe Manna_Team 27\/11 &#8211; Espa\u00e7o Experience &#8211; Manna Bootcamp (Cowork Biblioteca) 09:30 &#8211; Kits de ensino aprendizagem de tecnologias 14:00 &#8211; Kits de ensino aprendizagem de tecnologias Autores: Profa. Dra. Linnyer Beatrys Ruiz Aylon (UEM)<\/p>\n","protected":false},"author":22,"featured_media":0,"parent":0,"menu_order":0,"comment_status":"closed","ping_status":"closed","template":"","meta":{"footnotes":""},"class_list":["post-7543","page","type-page","status-publish","hentry"],"_links":{"self":[{"href":"https:\/\/cbie.sbc.org.br\/2025\/wp-json\/wp\/v2\/pages\/7543","targetHints":{"allow":["GET"]}}],"collection":[{"href":"https:\/\/cbie.sbc.org.br\/2025\/wp-json\/wp\/v2\/pages"}],"about":[{"href":"https:\/\/cbie.sbc.org.br\/2025\/wp-json\/wp\/v2\/types\/page"}],"author":[{"embeddable":true,"href":"https:\/\/cbie.sbc.org.br\/2025\/wp-json\/wp\/v2\/users\/22"}],"replies":[{"embeddable":true,"href":"https:\/\/cbie.sbc.org.br\/2025\/wp-json\/wp\/v2\/comments?post=7543"}],"version-history":[{"count":54,"href":"https:\/\/cbie.sbc.org.br\/2025\/wp-json\/wp\/v2\/pages\/7543\/revisions"}],"predecessor-version":[{"id":9933,"href":"https:\/\/cbie.sbc.org.br\/2025\/wp-json\/wp\/v2\/pages\/7543\/revisions\/9933"}],"wp:attachment":[{"href":"https:\/\/cbie.sbc.org.br\/2025\/wp-json\/wp\/v2\/media?parent=7543"}],"curies":[{"name":"wp","href":"https:\/\/api.w.org\/{rel}","templated":true}]}}