{"id":6735,"date":"2025-09-03T11:44:34","date_gmt":"2025-09-03T14:44:34","guid":{"rendered":"https:\/\/cbie.sbc.org.br\/2025\/?page_id=6735"},"modified":"2025-10-03T16:11:48","modified_gmt":"2025-10-03T19:11:48","slug":"garanta-sua-vaga-no-cbie-2025-em-curitiba-e-voe-com-desconto","status":"publish","type":"page","link":"https:\/\/cbie.sbc.org.br\/2025\/garanta-sua-vaga-no-cbie-2025-em-curitiba-e-voe-com-desconto\/","title":{"rendered":"Garanta sua vaga no CBIE 2025 em Curitiba e voe com desconto!"},"content":{"rendered":"\t\t<div data-elementor-type=\"wp-page\" data-elementor-id=\"6735\" class=\"elementor elementor-6735\">\n\t\t\t\t<div class=\"elementor-element elementor-element-6f5a9d0 e-flex e-con-boxed wpr-particle-no wpr-jarallax-no wpr-parallax-no wpr-sticky-section-no e-con e-parent\" data-id=\"6f5a9d0\" data-element_type=\"container\" data-e-type=\"container\">\n\t\t\t\t\t<div class=\"e-con-inner\">\n\t\t\t\t<div class=\"elementor-element elementor-element-fdbc041 elementor-widget elementor-widget-heading\" data-id=\"fdbc041\" data-element_type=\"widget\" data-e-type=\"widget\" data-widget_type=\"heading.default\">\n\t\t\t\t<div class=\"elementor-widget-container\">\n\t\t\t\t\t<h1 class=\"elementor-heading-title elementor-size-default\"><b>Passagens a\u00e9reas com desconto<\/b><\/h1>\t\t\t\t<\/div>\n\t\t\t\t<\/div>\n\t\t<div class=\"elementor-element elementor-element-3cb36fe e-con-full e-flex wpr-particle-no wpr-jarallax-no wpr-parallax-no wpr-sticky-section-no e-con e-child\" data-id=\"3cb36fe\" data-element_type=\"container\" data-e-type=\"container\">\n\t\t\t\t<div class=\"elementor-element elementor-element-8d4f06b elementor-widget__width-initial elementor-widget elementor-widget-image\" data-id=\"8d4f06b\" data-element_type=\"widget\" data-e-type=\"widget\" data-widget_type=\"image.default\">\n\t\t\t\t<div class=\"elementor-widget-container\">\n\t\t\t\t\t\t\t\t\t\t\t\t\t\t\t<img fetchpriority=\"high\" decoding=\"async\" width=\"1024\" height=\"985\" src=\"https:\/\/cbie.sbc.org.br\/2025\/wp-content\/uploads\/2025\/10\/latam-scaled-e1759518384638-1024x985.jpg\" class=\"attachment-large size-large wp-image-8936\" alt=\"\" srcset=\"https:\/\/cbie.sbc.org.br\/2025\/wp-content\/uploads\/2025\/10\/latam-scaled-e1759518384638-1024x985.jpg 1024w, https:\/\/cbie.sbc.org.br\/2025\/wp-content\/uploads\/2025\/10\/latam-scaled-e1759518384638-300x289.jpg 300w, https:\/\/cbie.sbc.org.br\/2025\/wp-content\/uploads\/2025\/10\/latam-scaled-e1759518384638-768x739.jpg 768w, https:\/\/cbie.sbc.org.br\/2025\/wp-content\/uploads\/2025\/10\/latam-scaled-e1759518384638-600x577.jpg 600w, https:\/\/cbie.sbc.org.br\/2025\/wp-content\/uploads\/2025\/10\/latam-scaled-e1759518384638.jpg 1476w\" sizes=\"(max-width: 1024px) 100vw, 1024px\" \/>\t\t\t\t\t\t\t\t\t\t\t\t\t\t\t<\/div>\n\t\t\t\t<\/div>\n\t\t<div class=\"elementor-element elementor-element-fb6a113 e-con-full e-flex wpr-particle-no wpr-jarallax-no wpr-parallax-no wpr-sticky-section-no e-con e-child\" data-id=\"fb6a113\" data-element_type=\"container\" data-e-type=\"container\">\n\t\t\t\t<div class=\"elementor-element elementor-element-2b7f8f4 elementor-widget elementor-widget-text-editor\" data-id=\"2b7f8f4\" data-element_type=\"widget\" data-e-type=\"widget\" data-widget_type=\"text-editor.default\">\n\t\t\t\t<div class=\"elementor-widget-container\">\n\t\t\t\t\t\t\t\t\t<p><b>Ma\u00edra Carneiro<\/b><\/p><p><a href=\"https:\/\/api.whatsapp.com\/send?phone=5541991993608&amp;text=Gostaria%20de%20saber%20mais%20sobre%20as%20passagens%20e%20hoteis%20com%20desconto%20para%20o%20CBIE%2C%20por%20gentileza\" data-wp-editing=\"1\"><img decoding=\"async\" class=\"emoji\" role=\"img\" draggable=\"false\" src=\"https:\/\/s.w.org\/images\/core\/emoji\/16.0.1\/svg\/1f4f1.svg\" alt=\"\ud83d\udcf1\" \/> 41 99199-3608 (clique para falar no whatsapp)<\/a><\/p><p><img decoding=\"async\" class=\"emoji\" role=\"img\" draggable=\"false\" src=\"https:\/\/s.w.org\/images\/core\/emoji\/16.0.1\/svg\/2709.svg\" alt=\"\u2709\ufe0f\" \/> maira@cadenceturismo.com.br<\/p>\t\t\t\t\t\t\t\t<\/div>\n\t\t\t\t<\/div>\n\t\t\t\t<div class=\"elementor-element elementor-element-7920bd1 elementor-widget elementor-widget-text-editor\" data-id=\"7920bd1\" data-element_type=\"widget\" data-e-type=\"widget\" data-widget_type=\"text-editor.default\">\n\t\t\t\t<div class=\"elementor-widget-container\">\n\t\t\t\t\t\t\t\t\t<p><b>Larissa Remonato<\/b><\/p><p><a href=\"https:\/\/api.whatsapp.com\/send?phone=5541984364737&amp;text=Gostaria%20de%20saber%20mais%20sobre%20as%20passagens%20e%20hoteis%20com%20desconto%20para%20o%20CBIE%2C%20por%20gentileza\"><img decoding=\"async\" class=\"emoji\" role=\"img\" draggable=\"false\" src=\"https:\/\/s.w.org\/images\/core\/emoji\/16.0.1\/svg\/1f4f1.svg\" alt=\"\ud83d\udcf1\" \/> 41 98436-4737 (clique para falar no whatsapp)<\/a><\/p><p><img decoding=\"async\" class=\"emoji\" role=\"img\" draggable=\"false\" src=\"https:\/\/s.w.org\/images\/core\/emoji\/16.0.1\/svg\/2709.svg\" alt=\"\u2709\ufe0f\" \/> larissa@cadenceturismo.com.br<\/p>\t\t\t\t\t\t\t\t<\/div>\n\t\t\t\t<\/div>\n\t\t\t\t<div class=\"elementor-element elementor-element-e6df936 elementor-widget elementor-widget-text-editor\" data-id=\"e6df936\" data-element_type=\"widget\" data-e-type=\"widget\" data-widget_type=\"text-editor.default\">\n\t\t\t\t<div class=\"elementor-widget-container\">\n\t\t\t\t\t\t\t\t\t<p>A <strong>Cadence Turismo<\/strong> ag\u00eancia oficial do evento, preparou condi\u00e7\u00f5es especiais para que a sua experi\u00eancia seja ainda mais tranquila.<\/p><p>Aproveite um desconto de <strong>15%<\/strong> em voos LATAM no per\u00edodo de <strong>24\/11\/2025<\/strong> a <strong>30\/11\/2025<\/strong>.<\/p><p>Reservas com a equipe da <strong>Cadence<\/strong>:<\/p>\t\t\t\t\t\t\t\t<\/div>\n\t\t\t\t<\/div>\n\t\t\t\t<\/div>\n\t\t\t\t<\/div>\n\t\t\t\t\t<\/div>\n\t\t\t\t<\/div>\n\t\t\t\t<\/div>\n\t\t","protected":false},"excerpt":{"rendered":"<p>Passagens a\u00e9reas com desconto Ma\u00edra Carneiro 41 99199-3608 (clique para falar no whatsapp) maira@cadenceturismo.com.br Larissa Remonato 41 98436-4737 (clique para falar no whatsapp) larissa@cadenceturismo.com.br A Cadence Turismo ag\u00eancia oficial do evento, preparou condi\u00e7\u00f5es especiais para que a sua experi\u00eancia seja ainda mais tranquila. Aproveite um desconto de 15% em voos LATAM no per\u00edodo de 24\/11\/2025 a 30\/11\/2025. Reservas com a equipe da Cadence:<\/p>\n","protected":false},"author":15,"featured_media":0,"parent":0,"menu_order":0,"comment_status":"closed","ping_status":"closed","template":"","meta":{"footnotes":""},"class_list":["post-6735","page","type-page","status-publish","hentry"],"_links":{"self":[{"href":"https:\/\/cbie.sbc.org.br\/2025\/wp-json\/wp\/v2\/pages\/6735","targetHints":{"allow":["GET"]}}],"collection":[{"href":"https:\/\/cbie.sbc.org.br\/2025\/wp-json\/wp\/v2\/pages"}],"about":[{"href":"https:\/\/cbie.sbc.org.br\/2025\/wp-json\/wp\/v2\/types\/page"}],"author":[{"embeddable":true,"href":"https:\/\/cbie.sbc.org.br\/2025\/wp-json\/wp\/v2\/users\/15"}],"replies":[{"embeddable":true,"href":"https:\/\/cbie.sbc.org.br\/2025\/wp-json\/wp\/v2\/comments?post=6735"}],"version-history":[{"count":55,"href":"https:\/\/cbie.sbc.org.br\/2025\/wp-json\/wp\/v2\/pages\/6735\/revisions"}],"predecessor-version":[{"id":8960,"href":"https:\/\/cbie.sbc.org.br\/2025\/wp-json\/wp\/v2\/pages\/6735\/revisions\/8960"}],"wp:attachment":[{"href":"https:\/\/cbie.sbc.org.br\/2025\/wp-json\/wp\/v2\/media?parent=6735"}],"curies":[{"name":"wp","href":"https:\/\/api.w.org\/{rel}","templated":true}]}}