{"id":353,"date":"2023-04-04T01:49:12","date_gmt":"2023-04-04T04:49:12","guid":{"rendered":"https:\/\/cbie.sbc.org.br\/2025\/?page_id=353"},"modified":"2025-03-09T14:57:49","modified_gmt":"2025-03-09T17:57:49","slug":"rodoviaria","status":"publish","type":"page","link":"https:\/\/cbie.sbc.org.br\/2025\/rodoviaria\/","title":{"rendered":"Rodovi\u00e1ria"},"content":{"rendered":"\t\t<div data-elementor-type=\"wp-page\" data-elementor-id=\"353\" class=\"elementor elementor-353\">\n\t\t\t\t<div class=\"elementor-element elementor-element-ccbf970 e-flex e-con-boxed wpr-particle-no wpr-jarallax-no wpr-parallax-no wpr-sticky-section-no e-con e-parent\" data-id=\"ccbf970\" data-element_type=\"container\" data-e-type=\"container\">\n\t\t\t\t\t<div class=\"e-con-inner\">\n\t\t\t\t<div class=\"elementor-element elementor-element-e8f1aa0 elementor-widget elementor-widget-heading\" data-id=\"e8f1aa0\" data-element_type=\"widget\" data-e-type=\"widget\" data-widget_type=\"heading.default\">\n\t\t\t\t<div class=\"elementor-widget-container\">\n\t\t\t\t\t<h3 class=\"elementor-heading-title elementor-size-default\">RODOVI\u00c1RIA DE CURITIBA (RODOFERROVI\u00c1RIA)<\/h3>\t\t\t\t<\/div>\n\t\t\t\t<\/div>\n\t\t\t\t<div class=\"elementor-element elementor-element-07b9ac3 elementor-widget elementor-widget-image\" data-id=\"07b9ac3\" data-element_type=\"widget\" data-e-type=\"widget\" data-widget_type=\"image.default\">\n\t\t\t\t<div class=\"elementor-widget-container\">\n\t\t\t\t\t\t\t\t\t\t\t\t<figure class=\"wp-caption\">\n\t\t\t\t\t\t\t\t\t\t<img fetchpriority=\"high\" decoding=\"async\" width=\"750\" height=\"563\" src=\"https:\/\/cbie.sbc.org.br\/2025\/wp-content\/uploads\/2025\/03\/rodoferroviaria.jpg\" class=\"attachment-full size-full wp-image-5581\" alt=\"\" srcset=\"https:\/\/cbie.sbc.org.br\/2025\/wp-content\/uploads\/2025\/03\/rodoferroviaria.jpg 750w, https:\/\/cbie.sbc.org.br\/2025\/wp-content\/uploads\/2025\/03\/rodoferroviaria-300x225.jpg 300w, https:\/\/cbie.sbc.org.br\/2025\/wp-content\/uploads\/2025\/03\/rodoferroviaria-600x450.jpg 600w\" sizes=\"(max-width: 750px) 100vw, 750px\" \/>\t\t\t\t\t\t\t\t\t\t\t<figcaption class=\"widget-image-caption wp-caption-text\">Imagem de Flanklin de Freitas<\/figcaption>\n\t\t\t\t\t\t\t\t\t\t<\/figure>\n\t\t\t\t\t\t\t\t\t<\/div>\n\t\t\t\t<\/div>\n\t\t\t\t<div class=\"elementor-element elementor-element-f9f8f27 elementor-widget elementor-widget-text-editor\" data-id=\"f9f8f27\" data-element_type=\"widget\" data-e-type=\"widget\" data-widget_type=\"text-editor.default\">\n\t\t\t\t<div class=\"elementor-widget-container\">\n\t\t\t\t\t\t\t\t\t<p><b>Como chegar a Curitiba de \u00f4nibus<\/b><\/p><p>\u00c9 grande a oferta de \u00f4nibus para a cidade de Curitiba e essa pode ser uma boa op\u00e7\u00e3o especialmente para quem mora em localidades pr\u00f3ximas, como S\u00e3o Paulo. O custo m\u00e9dio da passagem entre SP e Curitiba \u00e9 de R$ 80 e a viagem tem 6h de dura\u00e7\u00e3o.<\/p><p>A <a href=\"https:\/\/www.urbs.curitiba.pr.gov.br\/comunidade\/rodoferroviaria\">Rodoferrovi\u00e1ria de Curitiba<\/a> tem localiza\u00e7\u00e3o bastante central e facilita muito a vida do viajante. Ela est\u00e1 a apenas 2 km do Centro Hist\u00f3rico e conta com grande oferta de transporte, tanto t\u00e1xi quanto \u00f4nibus, al\u00e9m de Uber. Na Rodoferrovi\u00e1ria, \u00e9 poss\u00edvel ter acesso ao <a href=\"https:\/\/www.aeroportoexecutivo.com.br\/\">\u00f4nibus Aeroporto Executivo<\/a> e o Linha Turismo, al\u00e9m de linhas comuns urbanas.&nbsp;<\/p>\n<p><em>Fonte: Rodoferrovi\u00e1ria de Curitiba<\/em><\/p>\n<p>Acesse o site da&nbsp;<a href=\"https:\/\/www.urbs.curitiba.pr.gov.br\/comunidade\/rodoferroviaria\" target=\"_blank\">Esta\u00e7\u00e3o Rodovi\u00e1ria de Curitiba<\/a>!<\/p>\t\t\t\t\t\t\t\t<\/div>\n\t\t\t\t<\/div>\n\t\t\t\t\t<\/div>\n\t\t\t\t<\/div>\n\t\t\t\t<\/div>\n\t\t","protected":false},"excerpt":{"rendered":"<p>RODOVI\u00c1RIA DE CURITIBA (RODOFERROVI\u00c1RIA) Imagem de Flanklin de Freitas Como chegar a Curitiba de \u00f4nibus \u00c9 grande a oferta de \u00f4nibus para a cidade de Curitiba e essa pode ser uma boa op\u00e7\u00e3o especialmente para quem mora em localidades pr\u00f3ximas, como S\u00e3o Paulo. O custo m\u00e9dio da passagem entre SP e Curitiba \u00e9 de R$ 80 e a viagem tem 6h de dura\u00e7\u00e3o. A Rodoferrovi\u00e1ria de Curitiba tem localiza\u00e7\u00e3o bastante central e facilita muito a vida do viajante. Ela est\u00e1 a apenas 2 km do Centro Hist\u00f3rico e conta com grande oferta de transporte, tanto t\u00e1xi quanto \u00f4nibus, al\u00e9m de Uber. Na Rodoferrovi\u00e1ria, \u00e9 poss\u00edvel ter acesso ao \u00f4nibus Aeroporto Executivo e o Linha Turismo, al\u00e9m de linhas comuns urbanas.&nbsp; Fonte: Rodoferrovi\u00e1ria de Curitiba Acesse o site da&nbsp;Esta\u00e7\u00e3o Rodovi\u00e1ria de Curitiba!<\/p>\n","protected":false},"author":14,"featured_media":0,"parent":0,"menu_order":0,"comment_status":"closed","ping_status":"closed","template":"elementor_header_footer","meta":{"footnotes":""},"class_list":["post-353","page","type-page","status-publish","hentry"],"_links":{"self":[{"href":"https:\/\/cbie.sbc.org.br\/2025\/wp-json\/wp\/v2\/pages\/353","targetHints":{"allow":["GET"]}}],"collection":[{"href":"https:\/\/cbie.sbc.org.br\/2025\/wp-json\/wp\/v2\/pages"}],"about":[{"href":"https:\/\/cbie.sbc.org.br\/2025\/wp-json\/wp\/v2\/types\/page"}],"author":[{"embeddable":true,"href":"https:\/\/cbie.sbc.org.br\/2025\/wp-json\/wp\/v2\/users\/14"}],"replies":[{"embeddable":true,"href":"https:\/\/cbie.sbc.org.br\/2025\/wp-json\/wp\/v2\/comments?post=353"}],"version-history":[{"count":27,"href":"https:\/\/cbie.sbc.org.br\/2025\/wp-json\/wp\/v2\/pages\/353\/revisions"}],"predecessor-version":[{"id":5584,"href":"https:\/\/cbie.sbc.org.br\/2025\/wp-json\/wp\/v2\/pages\/353\/revisions\/5584"}],"wp:attachment":[{"href":"https:\/\/cbie.sbc.org.br\/2025\/wp-json\/wp\/v2\/media?parent=353"}],"curies":[{"name":"wp","href":"https:\/\/api.w.org\/{rel}","templated":true}]}}