{"id":351,"date":"2023-04-04T01:36:45","date_gmt":"2023-04-04T04:36:45","guid":{"rendered":"https:\/\/cbie.sbc.org.br\/2025\/?page_id=351"},"modified":"2025-03-09T14:52:24","modified_gmt":"2025-03-09T17:52:24","slug":"aeroportos","status":"publish","type":"page","link":"https:\/\/cbie.sbc.org.br\/2025\/aeroportos\/","title":{"rendered":"Aeroportos"},"content":{"rendered":"\t\t<div data-elementor-type=\"wp-page\" data-elementor-id=\"351\" class=\"elementor elementor-351\">\n\t\t\t\t<div class=\"elementor-element elementor-element-5b6fd30 e-flex e-con-boxed wpr-particle-no wpr-jarallax-no wpr-parallax-no wpr-sticky-section-no e-con e-parent\" data-id=\"5b6fd30\" data-element_type=\"container\" data-e-type=\"container\">\n\t\t\t\t\t<div class=\"e-con-inner\">\n\t\t<div class=\"elementor-element elementor-element-b04f7e5 e-con-full e-flex wpr-particle-no wpr-jarallax-no wpr-parallax-no wpr-sticky-section-no e-con e-child\" data-id=\"b04f7e5\" data-element_type=\"container\" data-e-type=\"container\">\n\t\t\t\t<div class=\"elementor-element elementor-element-366e547 elementor-widget elementor-widget-heading\" data-id=\"366e547\" data-element_type=\"widget\" data-e-type=\"widget\" data-widget_type=\"heading.default\">\n\t\t\t\t<div class=\"elementor-widget-container\">\n\t\t\t\t\t<h2 class=\"elementor-heading-title elementor-size-default\">Aeroporto Internacional de Curitiba (CWB)<\/h2>\t\t\t\t<\/div>\n\t\t\t\t<\/div>\n\t\t\t\t<div class=\"elementor-element elementor-element-0956d62 elementor-widget elementor-widget-text-editor\" data-id=\"0956d62\" data-element_type=\"widget\" data-e-type=\"widget\" data-widget_type=\"text-editor.default\">\n\t\t\t\t<div class=\"elementor-widget-container\">\n\t\t\t\t\t\t\t\t\t<p>O <strong>Aeroporto Internacional de Curitiba Afonso Pena<\/strong> est\u00e1 localizado a 18 km do centro de Curitiba. O aeroporto recebe voos principalmente de S\u00e3o Paulo, Campinas, Rio de Janeiro, Belo Horizonte, Bras\u00edlia, Porto Alegre, Londrina, Foz do Igua\u00e7u, Cascavel, Maring\u00e1 e Campo Grande. N\u00e3o h\u00e1 voo direto de cidades da regi\u00e3o norte e nordeste. Para quem vem dessas localidades, ser\u00e1 necess\u00e1rio fazer escala ou conex\u00e3o. O tempo de voo a partir de S\u00e3o Paulo \u00e9 de apenas uma hora, enquanto de Bras\u00edlia o tempo de voo \u00e9 de 1h55.<\/p><p><span style=\"color: var( --e-global-color-text ); font-family: var( --e-global-typography-text-font-family ), Sans-serif; font-weight: var( --e-global-typography-text-font-weight ); word-spacing: var( --e-global-typography-text-word-spacing ); text-align: var(--text-align); letter-spacing: 0px;\">Caso tenha que passar algumas horas aguardando voo no aeroporto, n\u00e3o h\u00e1 com o que se preocupar. Apesar de n\u00e3o ter uma infraestrutura muito grande, ele \u00e9 bem organizado e oferece v\u00e1rias op\u00e7\u00f5es de restaurantes e lanchonetes, casas de c\u00e2mbio, servi\u00e7os banc\u00e1rios, farm\u00e1cia, livraria, locadoras de ve\u00edculo e at\u00e9 uma op\u00e7\u00e3o de hotel para quem deseja descansar um pouco, o <em>Fast Sleep<\/em>.\u00a0<\/span><\/p><p>H\u00e1 v\u00e1rias op\u00e7\u00f5es para quem deseja sair do aeroporto e realizar o trajeto at\u00e9 os hot\u00e9is em Curitiba. Voc\u00ea poder\u00e1 optar pelo \u00f4nibus comum, \u00f4nibus executivo ou t\u00e1xi. Tudo vai depender do tempo que voc\u00ea tem dispon\u00edvel e de quanto gostaria de gastar.<\/p>\t\t\t\t\t\t\t\t<\/div>\n\t\t\t\t<\/div>\n\t\t\t\t<\/div>\n\t\t<div class=\"elementor-element elementor-element-9644bf6 e-con-full e-flex wpr-particle-no wpr-jarallax-no wpr-parallax-no wpr-sticky-section-no e-con e-child\" data-id=\"9644bf6\" data-element_type=\"container\" data-e-type=\"container\">\n\t\t<div class=\"elementor-element elementor-element-70d0af9 e-con-full e-flex wpr-particle-no wpr-jarallax-no wpr-parallax-no wpr-sticky-section-no e-con e-child\" data-id=\"70d0af9\" data-element_type=\"container\" data-e-type=\"container\">\n\t\t\t\t<\/div>\n\t\t\t\t<div class=\"elementor-element elementor-element-5e94391 elementor-widget elementor-widget-image\" data-id=\"5e94391\" data-element_type=\"widget\" data-e-type=\"widget\" data-widget_type=\"image.default\">\n\t\t\t\t<div class=\"elementor-widget-container\">\n\t\t\t\t\t\t\t\t\t\t\t\t<figure class=\"wp-caption\">\n\t\t\t\t\t\t\t\t\t\t\t<a href=\"https:\/\/upload.wikimedia.org\/wikipedia\/commons\/3\/3c\/Santos_Dumont_city_airport.jpg\">\n\t\t\t\t\t\t\t<img fetchpriority=\"high\" decoding=\"async\" width=\"1024\" height=\"575\" src=\"https:\/\/cbie.sbc.org.br\/2025\/wp-content\/uploads\/2025\/03\/aeroporto_curitiba-1024x575.jpg\" class=\"attachment-large size-large wp-image-5571\" alt=\"\" srcset=\"https:\/\/cbie.sbc.org.br\/2025\/wp-content\/uploads\/2025\/03\/aeroporto_curitiba-1024x575.jpg 1024w, https:\/\/cbie.sbc.org.br\/2025\/wp-content\/uploads\/2025\/03\/aeroporto_curitiba-300x169.jpg 300w, https:\/\/cbie.sbc.org.br\/2025\/wp-content\/uploads\/2025\/03\/aeroporto_curitiba-768x431.jpg 768w, https:\/\/cbie.sbc.org.br\/2025\/wp-content\/uploads\/2025\/03\/aeroporto_curitiba-150x85.jpg 150w, https:\/\/cbie.sbc.org.br\/2025\/wp-content\/uploads\/2025\/03\/aeroporto_curitiba-600x337.jpg 600w, https:\/\/cbie.sbc.org.br\/2025\/wp-content\/uploads\/2025\/03\/aeroporto_curitiba.jpg 1200w\" sizes=\"(max-width: 1024px) 100vw, 1024px\" \/>\t\t\t\t\t\t\t\t<\/a>\n\t\t\t\t\t\t\t\t\t\t\t<figcaption class=\"widget-image-caption wp-caption-text\">Imagem do Grupo CCR Aeroportos<\/figcaption>\n\t\t\t\t\t\t\t\t\t\t<\/figure>\n\t\t\t\t\t\t\t\t\t<\/div>\n\t\t\t\t<\/div>\n\t\t\t\t<\/div>\n\t\t\t\t\t<\/div>\n\t\t\t\t<\/div>\n\t\t<div class=\"elementor-element elementor-element-36dd92d e-flex e-con-boxed wpr-particle-no wpr-jarallax-no wpr-parallax-no wpr-sticky-section-no e-con e-parent\" data-id=\"36dd92d\" data-element_type=\"container\" data-e-type=\"container\">\n\t\t\t\t\t<div class=\"e-con-inner\">\n\t\t\t\t<div class=\"elementor-element elementor-element-fb8004d elementor-widget elementor-widget-text-editor\" data-id=\"fb8004d\" data-element_type=\"widget\" data-e-type=\"widget\" data-widget_type=\"text-editor.default\">\n\t\t\t\t<div class=\"elementor-widget-container\">\n\t\t\t\t\t\t\t\t\t<p><span style=\"font-weight: bold;\">Saindo do aeroporto em \u00f4nibus executivo<\/span><\/p><p>A op\u00e7\u00e3o que melhor alia praticidade e pre\u00e7o \u00e9 o Aeroporto Executivo. Ele \u00e9 um micro\u00f4nibus que realiza regularmente o trajeto entre o aeroporto e a cidade de Curitiba, fazendo v\u00e1rias paradas fixas. Voc\u00ea precisar\u00e1 identificar qual a parada mais pr\u00f3xima do seu hotel. Para isso, use aplicativos como o Google Maps ou pe\u00e7a ajuda \u00e0 atendente no guich\u00ea do aeroporto ou ao motorista. Caso o \u00f4nibus n\u00e3o fa\u00e7a uma parada pr\u00f3xima ao seu hotel, voc\u00ea poder\u00e1 realizar a parte final do trajeto de t\u00e1xi e economizar alguns reais. Esse \u00f4nibus atende basicamente a parte central de Curitiba.<\/p><p>S\u00e3o duas linhas diferentes oferecidas pelo Aeroporto Executivo. A primeira, e rec\u00e9m-criada, \u00e9 a Linha Rodo Express. Essa linha leva direto do aeroporto para a Rodoferrovi\u00e1ria e Shopping Esta\u00e7\u00e3o. A segunda op\u00e7\u00e3o \u00e9 a Linha Convencional, que realiza paradas na Biblioteca, Shopping Esta\u00e7\u00e3o, Receita Federal, Rodoferrovi\u00e1ria, Rua 24h e Teatro Gua\u00edra. O custo da passagem \u00e9 de R$ 15. Os \u00f4nibus partem do aeroporto a cada 15 minutos. O primeiro \u00f4nibus sai do aeroporto \u00e0s 5h45 e o \u00faltimo \u00e0 0h30. O \u00f4nibus est\u00e1 localizado logo ap\u00f3s a sa\u00edda de desembarque do aeroporto.\u00a0<\/p><p><span style=\"font-weight: bold;\">Saindo do aeroporto em \u00f4nibus comum<\/span><\/p><p>Uma linha comum faz o trajeto entre o Centro C\u00edvico de Curitiba e o Aeroporto Internacional Afonso Pena. O n\u00famero da linha \u00e9 E32, conhecida como Ligeirinho Aeroporto. O \u00f4nibus parte do Centro C\u00edvico e segue direto para o Aeroporto de Curitiba. O tubo (ponto) onde passa o \u00f4nibus \u00e9 o Centro C\u00edvico\/Pal\u00e1cio Igua\u00e7u. A linha opera entre 6h e 23h, a cada meia hora. Para pegar esse \u00f4nibus, ser\u00e1 necess\u00e1rio se deslocar at\u00e9 o ponto de partida, nem sempre perto do hotel de hospedagem. A grande vantagem \u00e9 ter o mesmo pre\u00e7o de qualquer linha de \u00f4nibus comum.\u00a0<\/p><p><span style=\"font-weight: bold;\">Saindo do aeroporto de T\u00e1xi ou app de locomo\u00e7\u00e3o<\/span><\/p><p>H\u00e1 ampla oferta de t\u00e1xis e aplicativos saindo do Aeroporto Internacional Afonso Pena. O valor m\u00e9dio da corrida at\u00e9 o Centro Hist\u00f3rico de Curitiba de t\u00e1xi \u00e9 de R$ 55 em bandeira 1 e R$ 65 em bandeira 2. Se comparado ao pre\u00e7o do \u00f4nibus executivo, o valor \u00e9 mais mais alto. Caso esteja em grupo, pode valer a pena fazer a corrida de t\u00e1xi. Aplicativos de locomo\u00e7\u00e3o, como o Uber, t\u00eam custo mais baixo que o t\u00e1xi.<\/p><p>Fonte:\u00a0<a style=\"transition-property: all;\" href=\"https:\/\/guia.melhoresdestinos.com.br\/aeroporto-internacional-de-curitiba-afonso-pena-cwb-185-5383-l.html\">Melhores Destinos<\/a><\/p>\t\t\t\t\t\t\t\t<\/div>\n\t\t\t\t<\/div>\n\t\t\t\t\t<\/div>\n\t\t\t\t<\/div>\n\t\t\t\t<\/div>\n\t\t","protected":false},"excerpt":{"rendered":"<p>Aeroporto Internacional de Curitiba (CWB) O Aeroporto Internacional de Curitiba Afonso Pena est\u00e1 localizado a 18 km do centro de Curitiba. O aeroporto recebe voos principalmente de S\u00e3o Paulo, Campinas, Rio de Janeiro, Belo Horizonte, Bras\u00edlia, Porto Alegre, Londrina, Foz do Igua\u00e7u, Cascavel, Maring\u00e1 e Campo Grande. N\u00e3o h\u00e1 voo direto de cidades da regi\u00e3o norte e nordeste. Para quem vem dessas localidades, ser\u00e1 necess\u00e1rio fazer escala ou conex\u00e3o. O tempo de voo a partir de S\u00e3o Paulo \u00e9 de apenas uma hora, enquanto de Bras\u00edlia o tempo de voo \u00e9 de 1h55. Caso tenha que passar algumas horas aguardando voo no aeroporto, n\u00e3o h\u00e1 com o que se preocupar. Apesar de n\u00e3o ter uma infraestrutura muito grande, ele \u00e9 bem organizado e oferece v\u00e1rias op\u00e7\u00f5es de restaurantes e lanchonetes, casas de c\u00e2mbio, servi\u00e7os banc\u00e1rios, farm\u00e1cia, livraria, locadoras de ve\u00edculo e at\u00e9 uma op\u00e7\u00e3o de hotel para quem deseja descansar um pouco, o Fast Sleep.\u00a0 H\u00e1 v\u00e1rias op\u00e7\u00f5es para quem deseja sair do aeroporto e realizar o trajeto at\u00e9 os hot\u00e9is em Curitiba. Voc\u00ea poder\u00e1 optar pelo \u00f4nibus comum, \u00f4nibus executivo ou t\u00e1xi. Tudo vai depender do tempo que voc\u00ea tem dispon\u00edvel e de quanto gostaria de gastar. Imagem do Grupo CCR Aeroportos Saindo do aeroporto em \u00f4nibus executivo A op\u00e7\u00e3o que melhor alia praticidade e pre\u00e7o \u00e9 o Aeroporto Executivo. Ele \u00e9 um micro\u00f4nibus que realiza regularmente o trajeto entre o aeroporto e a cidade de Curitiba, fazendo v\u00e1rias paradas fixas. Voc\u00ea precisar\u00e1 identificar qual a parada mais pr\u00f3xima do seu hotel. Para isso, use aplicativos como o Google Maps ou pe\u00e7a ajuda \u00e0 atendente no guich\u00ea do aeroporto ou ao motorista. Caso o \u00f4nibus n\u00e3o fa\u00e7a uma parada pr\u00f3xima ao seu hotel, voc\u00ea poder\u00e1 realizar a parte final do trajeto de t\u00e1xi e economizar alguns reais. Esse \u00f4nibus atende basicamente a parte central de Curitiba. S\u00e3o duas linhas diferentes oferecidas pelo Aeroporto Executivo. A primeira, e rec\u00e9m-criada, \u00e9 a Linha Rodo Express. Essa linha leva direto do aeroporto para a Rodoferrovi\u00e1ria e Shopping Esta\u00e7\u00e3o. A segunda op\u00e7\u00e3o \u00e9 a Linha Convencional, que realiza paradas na Biblioteca, Shopping Esta\u00e7\u00e3o, Receita Federal, Rodoferrovi\u00e1ria, Rua 24h e Teatro Gua\u00edra. O custo da passagem \u00e9 de R$ 15. Os \u00f4nibus partem do aeroporto a cada 15 minutos. O primeiro \u00f4nibus sai do aeroporto \u00e0s 5h45 e o \u00faltimo \u00e0 0h30. O \u00f4nibus est\u00e1 localizado logo ap\u00f3s a sa\u00edda de desembarque do aeroporto.\u00a0 Saindo do aeroporto em \u00f4nibus comum Uma linha comum faz o trajeto entre o Centro C\u00edvico de Curitiba e o Aeroporto Internacional Afonso Pena. O n\u00famero da linha \u00e9 E32, conhecida como Ligeirinho Aeroporto. O \u00f4nibus parte do Centro C\u00edvico e segue direto para o Aeroporto de Curitiba. O tubo (ponto) onde passa o \u00f4nibus \u00e9 o Centro C\u00edvico\/Pal\u00e1cio Igua\u00e7u. A linha opera entre 6h e 23h, a cada meia hora. Para pegar esse \u00f4nibus, ser\u00e1 necess\u00e1rio se deslocar at\u00e9 o ponto de partida, nem sempre perto do hotel de hospedagem. A grande vantagem \u00e9 ter o mesmo pre\u00e7o de qualquer linha de \u00f4nibus comum.\u00a0 Saindo do aeroporto de T\u00e1xi ou app de locomo\u00e7\u00e3o H\u00e1 ampla oferta de t\u00e1xis e aplicativos saindo do Aeroporto Internacional Afonso Pena. O valor m\u00e9dio da corrida at\u00e9 o Centro Hist\u00f3rico de Curitiba de t\u00e1xi \u00e9 de R$ 55 em bandeira 1 e R$ 65 em bandeira 2. Se comparado ao pre\u00e7o do \u00f4nibus executivo, o valor \u00e9 mais mais alto. Caso esteja em grupo, pode valer a pena fazer a corrida de t\u00e1xi. Aplicativos de locomo\u00e7\u00e3o, como o Uber, t\u00eam custo mais baixo que o t\u00e1xi. Fonte:\u00a0Melhores Destinos<\/p>\n","protected":false},"author":14,"featured_media":0,"parent":0,"menu_order":0,"comment_status":"closed","ping_status":"closed","template":"elementor_header_footer","meta":{"footnotes":""},"class_list":["post-351","page","type-page","status-publish","hentry"],"_links":{"self":[{"href":"https:\/\/cbie.sbc.org.br\/2025\/wp-json\/wp\/v2\/pages\/351","targetHints":{"allow":["GET"]}}],"collection":[{"href":"https:\/\/cbie.sbc.org.br\/2025\/wp-json\/wp\/v2\/pages"}],"about":[{"href":"https:\/\/cbie.sbc.org.br\/2025\/wp-json\/wp\/v2\/types\/page"}],"author":[{"embeddable":true,"href":"https:\/\/cbie.sbc.org.br\/2025\/wp-json\/wp\/v2\/users\/14"}],"replies":[{"embeddable":true,"href":"https:\/\/cbie.sbc.org.br\/2025\/wp-json\/wp\/v2\/comments?post=351"}],"version-history":[{"count":50,"href":"https:\/\/cbie.sbc.org.br\/2025\/wp-json\/wp\/v2\/pages\/351\/revisions"}],"predecessor-version":[{"id":5580,"href":"https:\/\/cbie.sbc.org.br\/2025\/wp-json\/wp\/v2\/pages\/351\/revisions\/5580"}],"wp:attachment":[{"href":"https:\/\/cbie.sbc.org.br\/2025\/wp-json\/wp\/v2\/media?parent=351"}],"curies":[{"name":"wp","href":"https:\/\/api.w.org\/{rel}","templated":true}]}}