{"id":3417,"date":"2024-03-22T15:26:24","date_gmt":"2024-03-22T18:26:24","guid":{"rendered":"https:\/\/cbie.sbc.org.br\/2025\/?page_id=3417"},"modified":"2025-10-03T16:30:53","modified_gmt":"2025-10-03T19:30:53","slug":"local-do-evento","status":"publish","type":"page","link":"https:\/\/cbie.sbc.org.br\/2025\/local-do-evento\/","title":{"rendered":"Local do evento"},"content":{"rendered":"\t\t<div data-elementor-type=\"wp-page\" data-elementor-id=\"3417\" class=\"elementor elementor-3417\">\n\t\t\t\t<div class=\"elementor-element elementor-element-6b71744 e-flex e-con-boxed wpr-particle-no wpr-jarallax-no wpr-parallax-no wpr-sticky-section-no e-con e-parent\" data-id=\"6b71744\" data-element_type=\"container\" data-e-type=\"container\">\n\t\t\t\t\t<div class=\"e-con-inner\">\n\t\t\t\t<div class=\"elementor-element elementor-element-de49b66 elementor-widget elementor-widget-heading\" data-id=\"de49b66\" data-element_type=\"widget\" data-e-type=\"widget\" data-widget_type=\"heading.default\">\n\t\t\t\t<div class=\"elementor-widget-container\">\n\t\t\t\t\t<h1 class=\"elementor-heading-title elementor-size-default\">O local do evento: <br>\n<b>Centro Polit\u00e9cnico da Universidade Federal do Paran\u00e1<\/b><\/h1>\t\t\t\t<\/div>\n\t\t\t\t<\/div>\n\t\t<div class=\"elementor-element elementor-element-6eb9866 e-flex e-con-boxed wpr-particle-no wpr-jarallax-no wpr-parallax-no wpr-sticky-section-no e-con e-child\" data-id=\"6eb9866\" data-element_type=\"container\" data-e-type=\"container\">\n\t\t\t\t\t<div class=\"e-con-inner\">\n\t\t\t\t<div class=\"elementor-element elementor-element-e753844 elementor-widget__width-initial elementor-widget elementor-widget-text-editor\" data-id=\"e753844\" data-element_type=\"widget\" data-e-type=\"widget\" data-widget_type=\"text-editor.default\">\n\t\t\t\t<div class=\"elementor-widget-container\">\n\t\t\t\t\t\t\t\t\t<p align=\"justify\">A <b>Universidade Federal do Paran\u00e1<\/b> \u00e9 a mais antiga universidade do Brasil e s\u00edmbolo de Curitiba. Envolta em uma hist\u00f3ria de lutas e conquistas desde 1912, a UFPR \u00e9 refer\u00eancia no ensino superior para o Estado e para o Brasil.<\/p><p align=\"justify\">S\u00edmbolo maior da intelectualidade paranaense, a Universidade demonstra sua import\u00e2ncia e excel\u00eancia atrav\u00e9s dos cursos de gradua\u00e7\u00e3o, especializa\u00e7\u00e3o, mestrado e doutorado, que s\u00e3o norteados pelo princ\u00edpio da indissociabilidade entre Ensino, Pesquisa e Extens\u00e3o.\u00a0<\/p><p align=\"justify\"><span style=\"text-align: start; letter-spacing: 0px;\">A fun\u00e7\u00e3o social da universidade \u00e9 valorizada justamente atrav\u00e9s desse trip\u00e9, pois todo ensino, pesquisa e atividade de extens\u00e3o deve devolver a esta comunidade, em forma de conhecimento, tecnologia e cultura, os recursos p\u00fablicos que a permitem existir enquanto Institui\u00e7\u00e3o Federal de Ensino Superior.<\/span><\/p><p align=\"justify\"><span style=\"text-align: var(--text-align);\">Al\u00e9m dos campi em Curitiba, a UFPR est\u00e1 presente no interior e no litoral do estado, tendo papel ativo no desenvolvimento s\u00f3cio-econ\u00f4mico e na qualidade de vida do paranaense, por meio do acesso \u00e0 educa\u00e7\u00e3o superior e das atividades desempenhadas pela comunidade acad\u00eamica em prol da sociedade do Paran\u00e1 e do Brasil.<\/span><span style=\"color: var( --e-global-color-text ); font-family: var( --e-global-typography-text-font-family ), Sans-serif; font-weight: var( --e-global-typography-text-font-weight ); word-spacing: var( --e-global-typography-text-word-spacing ); text-align: var(--text-align); letter-spacing: 0px;\">\u00a0<\/span><\/p><p align=\"justify\"><em><a href=\"https:\/\/www.gov.br\/ibc\/pt-br\/extensao\/visitas\">Fonte: <\/a><a href=\"https:\/\/ufpr.br\/apresentacao\/\">ufpr.br<\/a><\/em><\/p>\t\t\t\t\t\t\t\t<\/div>\n\t\t\t\t<\/div>\n\t\t\t\t<div class=\"elementor-element elementor-element-0a1f66d elementor-widget__width-initial elementor-widget-mobile__width-initial elementor-widget elementor-widget-image\" data-id=\"0a1f66d\" data-element_type=\"widget\" data-e-type=\"widget\" data-widget_type=\"image.default\">\n\t\t\t\t<div class=\"elementor-widget-container\">\n\t\t\t\t\t\t\t\t\t\t\t\t\t\t\t\t<a href=\"https:\/\/www.upf.br\">\n\t\t\t\t\t\t\t<img fetchpriority=\"high\" decoding=\"async\" width=\"960\" height=\"562\" src=\"https:\/\/cbie.sbc.org.br\/2025\/wp-content\/uploads\/2025\/10\/centro-politecnico-e1759516635732.jpg\" class=\"attachment-full size-full wp-image-8875\" alt=\"\" srcset=\"https:\/\/cbie.sbc.org.br\/2025\/wp-content\/uploads\/2025\/10\/centro-politecnico-e1759516635732.jpg 960w, https:\/\/cbie.sbc.org.br\/2025\/wp-content\/uploads\/2025\/10\/centro-politecnico-e1759516635732-300x176.jpg 300w, https:\/\/cbie.sbc.org.br\/2025\/wp-content\/uploads\/2025\/10\/centro-politecnico-e1759516635732-768x450.jpg 768w, https:\/\/cbie.sbc.org.br\/2025\/wp-content\/uploads\/2025\/10\/centro-politecnico-e1759516635732-600x351.jpg 600w\" sizes=\"(max-width: 960px) 100vw, 960px\" \/>\t\t\t\t\t\t\t\t<\/a>\n\t\t\t\t\t\t\t\t\t\t\t\t\t\t\t<\/div>\n\t\t\t\t<\/div>\n\t\t\t\t\t<\/div>\n\t\t\t\t<\/div>\n\t\t\t\t<div class=\"elementor-element elementor-element-1cdceae elementor-widget elementor-widget-google_maps\" data-id=\"1cdceae\" data-element_type=\"widget\" data-e-type=\"widget\" data-widget_type=\"google_maps.default\">\n\t\t\t\t<div class=\"elementor-widget-container\">\n\t\t\t\t\t\t\t<div class=\"elementor-custom-embed\">\n\t\t\t<iframe loading=\"lazy\"\n\t\t\t\t\tsrc=\"https:\/\/maps.google.com\/maps?q=Centro%20polit%C3%A9cnico%20UFPR%2C%20Curitiba%2C%20PR&#038;t=m&#038;z=16&#038;output=embed&#038;iwloc=near\"\n\t\t\t\t\ttitle=\"Centro polit\u00e9cnico UFPR, Curitiba, PR\"\n\t\t\t\t\taria-label=\"Centro polit\u00e9cnico UFPR, Curitiba, PR\"\n\t\t\t><\/iframe>\n\t\t<\/div>\n\t\t\t\t\t\t<\/div>\n\t\t\t\t<\/div>\n\t\t\t\t\t<\/div>\n\t\t\t\t<\/div>\n\t\t\t\t<\/div>\n\t\t","protected":false},"excerpt":{"rendered":"<p>O local do evento: Centro Polit\u00e9cnico da Universidade Federal do Paran\u00e1 A Universidade Federal do Paran\u00e1 \u00e9 a mais antiga universidade do Brasil e s\u00edmbolo de Curitiba. Envolta em uma hist\u00f3ria de lutas e conquistas desde 1912, a UFPR \u00e9 refer\u00eancia no ensino superior para o Estado e para o Brasil. S\u00edmbolo maior da intelectualidade paranaense, a Universidade demonstra sua import\u00e2ncia e excel\u00eancia atrav\u00e9s dos cursos de gradua\u00e7\u00e3o, especializa\u00e7\u00e3o, mestrado e doutorado, que s\u00e3o norteados pelo princ\u00edpio da indissociabilidade entre Ensino, Pesquisa e Extens\u00e3o.\u00a0 A fun\u00e7\u00e3o social da universidade \u00e9 valorizada justamente atrav\u00e9s desse trip\u00e9, pois todo ensino, pesquisa e atividade de extens\u00e3o deve devolver a esta comunidade, em forma de conhecimento, tecnologia e cultura, os recursos p\u00fablicos que a permitem existir enquanto Institui\u00e7\u00e3o Federal de Ensino Superior. Al\u00e9m dos campi em Curitiba, a UFPR est\u00e1 presente no interior e no litoral do estado, tendo papel ativo no desenvolvimento s\u00f3cio-econ\u00f4mico e na qualidade de vida do paranaense, por meio do acesso \u00e0 educa\u00e7\u00e3o superior e das atividades desempenhadas pela comunidade acad\u00eamica em prol da sociedade do Paran\u00e1 e do Brasil.\u00a0 Fonte: ufpr.br<\/p>\n","protected":false},"author":14,"featured_media":0,"parent":0,"menu_order":0,"comment_status":"closed","ping_status":"closed","template":"elementor_header_footer","meta":{"footnotes":""},"class_list":["post-3417","page","type-page","status-publish","hentry"],"_links":{"self":[{"href":"https:\/\/cbie.sbc.org.br\/2025\/wp-json\/wp\/v2\/pages\/3417","targetHints":{"allow":["GET"]}}],"collection":[{"href":"https:\/\/cbie.sbc.org.br\/2025\/wp-json\/wp\/v2\/pages"}],"about":[{"href":"https:\/\/cbie.sbc.org.br\/2025\/wp-json\/wp\/v2\/types\/page"}],"author":[{"embeddable":true,"href":"https:\/\/cbie.sbc.org.br\/2025\/wp-json\/wp\/v2\/users\/14"}],"replies":[{"embeddable":true,"href":"https:\/\/cbie.sbc.org.br\/2025\/wp-json\/wp\/v2\/comments?post=3417"}],"version-history":[{"count":82,"href":"https:\/\/cbie.sbc.org.br\/2025\/wp-json\/wp\/v2\/pages\/3417\/revisions"}],"predecessor-version":[{"id":9024,"href":"https:\/\/cbie.sbc.org.br\/2025\/wp-json\/wp\/v2\/pages\/3417\/revisions\/9024"}],"wp:attachment":[{"href":"https:\/\/cbie.sbc.org.br\/2025\/wp-json\/wp\/v2\/media?parent=3417"}],"curies":[{"name":"wp","href":"https:\/\/api.w.org\/{rel}","templated":true}]}}