{"id":3227,"date":"2024-03-20T15:02:59","date_gmt":"2024-03-20T18:02:59","guid":{"rendered":"https:\/\/cbie.sbc.org.br\/2025\/?page_id=3227"},"modified":"2025-09-18T09:44:42","modified_gmt":"2025-09-18T12:44:42","slug":"ceie","status":"publish","type":"page","link":"https:\/\/cbie.sbc.org.br\/2025\/ceie\/","title":{"rendered":"CEIE"},"content":{"rendered":"\t\t<div data-elementor-type=\"wp-page\" data-elementor-id=\"3227\" class=\"elementor elementor-3227\">\n\t\t\t\t<div class=\"elementor-element elementor-element-9cf3f42 e-flex e-con-boxed wpr-particle-no wpr-jarallax-no wpr-parallax-no wpr-sticky-section-no e-con e-parent\" data-id=\"9cf3f42\" data-element_type=\"container\" data-e-type=\"container\">\n\t\t\t\t\t<div class=\"e-con-inner\">\n\t\t\t\t<div class=\"elementor-element elementor-element-7133123 elementor-widget elementor-widget-heading\" data-id=\"7133123\" data-element_type=\"widget\" data-e-type=\"widget\" data-widget_type=\"heading.default\">\n\t\t\t\t<div class=\"elementor-widget-container\">\n\t\t\t\t\t<h2 class=\"elementor-heading-title elementor-size-default\"><br>Comiss\u00e3o Especial de Inform\u00e1tica na Educa\u00e7\u00e3o<\/h2>\t\t\t\t<\/div>\n\t\t\t\t<\/div>\n\t\t\t\t<div class=\"elementor-element elementor-element-382dc20 elementor-widget elementor-widget-heading\" data-id=\"382dc20\" data-element_type=\"widget\" data-e-type=\"widget\" data-widget_type=\"heading.default\">\n\t\t\t\t<div class=\"elementor-widget-container\">\n\t\t\t\t\t<h4 class=\"elementor-heading-title elementor-size-default\">Coordena\u00e7\u00e3o<\/h4>\t\t\t\t<\/div>\n\t\t\t\t<\/div>\n\t\t\t\t\t<\/div>\n\t\t\t\t<\/div>\n\t\t<div class=\"elementor-element elementor-element-71e0d14 e-flex e-con-boxed wpr-particle-no wpr-jarallax-no wpr-parallax-no wpr-sticky-section-no e-con e-parent\" data-id=\"71e0d14\" data-element_type=\"container\" data-e-type=\"container\">\n\t\t\t\t\t<div class=\"e-con-inner\">\n\t\t\t\t<div class=\"elementor-element elementor-element-ba38753 elementor-widget elementor-widget-text-editor\" data-id=\"ba38753\" data-element_type=\"widget\" data-e-type=\"widget\" data-widget_type=\"text-editor.default\">\n\t\t\t\t<div class=\"elementor-widget-container\">\n\t\t\t\t\t\t\t\t\t<p><span style=\"font-weight: 400;\"><strong>Coordenadora:<\/strong>\u00a0<\/span><span style=\"color: var( --e-global-color-text ); font-family: var( --e-global-typography-text-font-family ), Sans-serif; font-weight: var( --e-global-typography-text-font-weight ); word-spacing: var( --e-global-typography-text-word-spacing ); text-align: var(--text-align); letter-spacing: 0px;\">Patricia Augustin Jaques Maillard &#8211; UFPR\u00a0<\/span><span style=\"color: var( --e-global-color-text ); font-family: var( --e-global-typography-text-font-family ), Sans-serif; font-weight: var( --e-global-typography-text-font-weight ); word-spacing: var( --e-global-typography-text-word-spacing ); text-align: var(--text-align); letter-spacing: 0px;\">|<\/span><span style=\"color: var( --e-global-color-text ); font-family: var( --e-global-typography-text-font-family ), Sans-serif; font-weight: var( --e-global-typography-text-font-weight ); word-spacing: var( --e-global-typography-text-word-spacing ); text-align: var(--text-align); letter-spacing: 0px;\">\u00a0<\/span><a style=\"font-family: var( --e-global-typography-text-font-family ), Sans-serif; font-weight: var( --e-global-typography-text-font-weight ); word-spacing: var( --e-global-typography-text-word-spacing ); text-align: var(--text-align); letter-spacing: 0px; background-color: #ffffff;\" href=\"http:\/\/lattes.cnpq.br\/5723385125570881\">Lattes<\/a><span style=\"color: var( --e-global-color-text ); font-family: var( --e-global-typography-text-font-family ), Sans-serif; font-weight: var( --e-global-typography-text-font-weight ); word-spacing: var( --e-global-typography-text-word-spacing ); text-align: var(--text-align); letter-spacing: 0px;\">\u00a0<\/span><span style=\"color: var( --e-global-color-text ); font-family: var( --e-global-typography-text-font-family ), Sans-serif; word-spacing: var( --e-global-typography-text-word-spacing ); text-align: var(--text-align); letter-spacing: 0px;\"><span style=\"font-weight: var( --e-global-typography-text-font-weight );\">|\u00a0<\/span><a style=\"font-weight: var( --e-global-typography-text-font-weight );\" href=\"mailto:patricia@inf.ufpr.br\">patricia@inf.ufpr.br<\/a><br \/><\/span><strong style=\"color: var( --e-global-color-text ); font-family: var( --e-global-typography-text-font-family ), Sans-serif; word-spacing: var( --e-global-typography-text-word-spacing ); text-align: var(--text-align); letter-spacing: 0px;\">Vice-Coordenador:<\/strong><span style=\"color: var( --e-global-color-text ); font-family: var( --e-global-typography-text-font-family ), Sans-serif; font-weight: var( --e-global-typography-text-font-weight ); word-spacing: var( --e-global-typography-text-word-spacing ); text-align: var(--text-align); letter-spacing: 0px;\">\u00a0<\/span><span style=\"color: var( --e-global-color-text ); font-family: var( --e-global-typography-text-font-family ), Sans-serif; font-weight: var( --e-global-typography-text-font-weight ); word-spacing: var( --e-global-typography-text-word-spacing ); text-align: var(--text-align); letter-spacing: 0px;\">Sean Wolfgand Matsui Siqueira &#8211; UNIRIO |\u00a0<a href=\"http:\/\/lattes.cnpq.br\/2562652838103607\">Lattes<\/a>\u00a0|\u00a0<\/span><a style=\"font-family: var( --e-global-typography-text-font-family ), Sans-serif; font-weight: var( --e-global-typography-text-font-weight ); word-spacing: var( --e-global-typography-text-word-spacing ); text-align: var(--text-align); letter-spacing: 0px; background-color: white;\" href=\"mailto:sean@uniriotec.br\"><span style=\"text-align: var(--text-align);\">sean@uniriotec.br<\/span><\/a><\/p>\t\t\t\t\t\t\t\t<\/div>\n\t\t\t\t<\/div>\n\t\t\t\t<div class=\"elementor-element elementor-element-dbad4ae elementor-widget elementor-widget-heading\" data-id=\"dbad4ae\" data-element_type=\"widget\" data-e-type=\"widget\" data-widget_type=\"heading.default\">\n\t\t\t\t<div class=\"elementor-widget-container\">\n\t\t\t\t\t<h4 class=\"elementor-heading-title elementor-size-default\">Comit\u00ea Gestor - Integrantes<\/h4>\t\t\t\t<\/div>\n\t\t\t\t<\/div>\n\t\t\t\t<div class=\"elementor-element elementor-element-cacc9b1 elementor-widget elementor-widget-text-editor\" data-id=\"cacc9b1\" data-element_type=\"widget\" data-e-type=\"widget\" data-widget_type=\"text-editor.default\">\n\t\t\t\t<div class=\"elementor-widget-container\">\n\t\t\t\t\t\t\t\t\t<p>Alessandreia Oliveira &#8211; UFJF |\u00a0<a href=\"http:\/\/lattes.cnpq.br\/7907503278098258\"><span style=\"background-color: #ffffff; transition-property: all;\">Lattes<\/span>\u00a0<\/a>| <a href=\"mailto:alessandreia.oliveira@ice.ufjf.br\">alessandreia.oliveira@ice.ufjf.br<\/a><span style=\"color: var( --e-global-color-text ); font-family: var( --e-global-typography-text-font-family ), Sans-serif; font-weight: var( --e-global-typography-text-font-weight ); word-spacing: var( --e-global-typography-text-word-spacing ); text-align: var(--text-align); letter-spacing: 0px;\"><br \/>Cleon Xavier Pereira J\u00fanior &#8211; IF Goiano | <\/span><a style=\"font-family: var( --e-global-typography-text-font-family ), Sans-serif; font-weight: var( --e-global-typography-text-font-weight ); word-spacing: var( --e-global-typography-text-word-spacing ); text-align: var(--text-align); background-color: white; letter-spacing: 0px;\" href=\"http:\/\/lattes.cnpq.br\/2106704642081867\">Lattes<\/a><span style=\"color: var( --e-global-color-text ); font-family: var( --e-global-typography-text-font-family ), Sans-serif; font-weight: var( --e-global-typography-text-font-weight ); word-spacing: var( --e-global-typography-text-word-spacing ); text-align: var(--text-align); letter-spacing: 0px;\"> |\u00a0\u00a0<\/span><a style=\"font-family: var( --e-global-typography-text-font-family ), Sans-serif; font-weight: var( --e-global-typography-text-font-weight ); word-spacing: var( --e-global-typography-text-word-spacing ); text-align: var(--text-align); background-color: white; letter-spacing: 0px;\" href=\"mailto:cleon.junior@ifgoiano.edu.br\">cleon.junior@ifgoiano.edu.br<\/a><br \/><span style=\"color: var( --e-global-color-text ); font-family: var( --e-global-typography-text-font-family ), Sans-serif; font-weight: var( --e-global-typography-text-font-weight ); word-spacing: var( --e-global-typography-text-word-spacing ); text-align: var(--text-align); letter-spacing: 0px;\">Clodis Boscarioli &#8211; UNIOESTE | <\/span><a style=\"font-family: var( --e-global-typography-text-font-family ), Sans-serif; font-weight: var( --e-global-typography-text-font-weight ); word-spacing: var( --e-global-typography-text-word-spacing ); text-align: var(--text-align); background-color: white; letter-spacing: 0px;\" href=\"http:\/\/lattes.cnpq.br\/2844207318576160\">Lattes<\/a><span style=\"color: var( --e-global-color-text ); font-family: var( --e-global-typography-text-font-family ), Sans-serif; font-weight: var( --e-global-typography-text-font-weight ); word-spacing: var( --e-global-typography-text-word-spacing ); text-align: var(--text-align); letter-spacing: 0px;\"> |\u00a0<\/span><a style=\"font-family: var( --e-global-typography-text-font-family ), Sans-serif; font-weight: var( --e-global-typography-text-font-weight ); word-spacing: var( --e-global-typography-text-word-spacing ); text-align: var(--text-align); background-color: white; letter-spacing: 0px;\" href=\"mailto:boscarioli@unioeste.br\">boscarioli@unioeste.br<\/a><br \/><span style=\"color: var( --e-global-color-text ); font-family: var( --e-global-typography-text-font-family ), Sans-serif; font-weight: var( --e-global-typography-text-font-weight ); word-spacing: var( --e-global-typography-text-word-spacing ); text-align: var(--text-align); letter-spacing: 0px;\">Fernanda Pires (UEA) | <a href=\"http:\/\/lattes.cnpq.br\/1513105922120587\">Lattes<\/a> | <a href=\"mailto:fpires@uea.edu.br\">fpires@uea.edu.br<\/a><br \/><\/span>Graziela Guarda (UFF) | <a href=\"http:\/\/lattes.cnpq.br\/0638310765534182\">Lattes<\/a> | <a href=\"mailto:grazielaguarda@id.uff.br\">grazielaguarda@id.uff.br<\/a><br \/><span style=\"color: var( --e-global-color-text ); font-family: var( --e-global-typography-text-font-family ), Sans-serif; font-weight: var( --e-global-typography-text-font-weight ); word-spacing: var( --e-global-typography-text-word-spacing ); text-align: var(--text-align); letter-spacing: 0px;\">J\u00e9ssica Neiva de Figueiredo Leite Araujo &#8211; UERN | <\/span><a style=\"font-family: var( --e-global-typography-text-font-family ), Sans-serif; font-weight: var( --e-global-typography-text-font-weight ); word-spacing: var( --e-global-typography-text-word-spacing ); text-align: var(--text-align); background-color: white; letter-spacing: 0px;\" href=\"http:\/\/lattes.cnpq.br\/7955993102303936\">Lattes<\/a><span style=\"color: var( --e-global-color-text ); font-family: var( --e-global-typography-text-font-family ), Sans-serif; font-weight: var( --e-global-typography-text-font-weight ); word-spacing: var( --e-global-typography-text-word-spacing ); text-align: var(--text-align); letter-spacing: 0px;\"> | <\/span><a style=\"font-family: var( --e-global-typography-text-font-family ), Sans-serif; font-weight: var( --e-global-typography-text-font-weight ); word-spacing: var( --e-global-typography-text-word-spacing ); text-align: var(--text-align); background-color: white; letter-spacing: 0px;\" href=\"mailto:jessicaneiva@uern.br\">jessicaneiva@uern.br\u00a0<\/a><br \/><span style=\"text-align: var(--text-align); word-spacing: var( --e-global-typography-text-word-spacing ); letter-spacing: 0px; font-weight: var( --e-global-typography-text-font-weight ); font-family: var( --e-global-typography-text-font-family ), Sans-serif; color: var( --e-global-color-text );\">Laura Moraes (UNIRIO) | <a href=\"http:\/\/lattes.cnpq.br\/3138892444406479\">Lattes<\/a> | <span data-sheets-root=\"1\"><a class=\"in-cell-link\" href=\"mailto:laura@uniriotec.br\" target=\"_blank\" rel=\"noopener\">laura@uniriotec.br<\/a><\/span><br \/>Leandro Marques Queiros &#8211; UFPE | <\/span><a style=\"font-family: var( --e-global-typography-text-font-family ), Sans-serif; font-weight: var( --e-global-typography-text-font-weight ); word-spacing: var( --e-global-typography-text-word-spacing ); text-align: var(--text-align); background-color: white; letter-spacing: 0px;\" href=\"http:\/\/lattes.cnpq.br\/1547638419636850\">Lattes<\/a><span style=\"color: var( --e-global-color-text ); font-family: var( --e-global-typography-text-font-family ), Sans-serif; font-weight: var( --e-global-typography-text-font-weight ); word-spacing: var( --e-global-typography-text-word-spacing ); text-align: var(--text-align); letter-spacing: 0px;\"> |\u00a0<\/span><a style=\"font-family: var( --e-global-typography-text-font-family ), Sans-serif; font-weight: var( --e-global-typography-text-font-weight ); word-spacing: var( --e-global-typography-text-word-spacing ); text-align: var(--text-align); background-color: white; letter-spacing: 0px;\" href=\"mailto:lmq@cin.ufpe.br\">lmq@cin.ufpe.br<\/a><br \/><span style=\"color: var( --e-global-color-text ); font-family: var( --e-global-typography-text-font-family ), Sans-serif; font-weight: var( --e-global-typography-text-font-weight ); word-spacing: var( --e-global-typography-text-word-spacing ); text-align: var(--text-align); letter-spacing: 0px;\">Newarney Costa (IF Goiano) | <a href=\"http:\/\/lattes.cnpq.br\/4986407746430136\">Lattes<\/a> |\u00a0<\/span><span style=\"text-align: var(--text-align);\"><a href=\"mailto:newarney.costa@ifgoiano.edu.br\">newarney.costa@ifgoiano.edu.br<\/a><br \/><\/span><span style=\"color: var( --e-global-color-text ); font-family: var( --e-global-typography-text-font-family ), Sans-serif; font-weight: var( --e-global-typography-text-font-weight ); word-spacing: var( --e-global-typography-text-word-spacing ); text-align: var(--text-align); letter-spacing: 0px;\">Rachel Reis &#8211; UFPR | <\/span><span style=\"color: var( --e-global-color-text ); font-family: var( --e-global-typography-text-font-family ), Sans-serif; font-weight: var( --e-global-typography-text-font-weight ); word-spacing: var( --e-global-typography-text-word-spacing ); text-align: var(--text-align); letter-spacing: 0px;\"><span style=\"font-weight: var( --e-global-typography-text-font-weight ); word-spacing: var( --e-global-typography-text-word-spacing ); text-align: var(--text-align); letter-spacing: 0px;\"><a href=\"http:\/\/lattes.cnpq.br\/5006074852436835\">Lattes<\/a><\/span><\/span><span style=\"color: var( --e-global-color-text ); font-family: var( --e-global-typography-text-font-family ), Sans-serif; font-weight: var( --e-global-typography-text-font-weight ); word-spacing: var( --e-global-typography-text-word-spacing ); text-align: var(--text-align); letter-spacing: 0px;\"> | <a href=\"mailto:rachel.reis@inf.ufpr.br\">rachel.reis@inf.ufpr.br<\/a><br \/><\/span><span style=\"color: var( --e-global-color-text ); font-family: var( --e-global-typography-text-font-family ), Sans-serif; font-weight: var( --e-global-typography-text-font-weight ); word-spacing: var( --e-global-typography-text-word-spacing ); text-align: var(--text-align); letter-spacing: 0px;\">Taynara Cerigueli Dutra &#8211; IFSC | <\/span><a style=\"font-family: var( --e-global-typography-text-font-family ), Sans-serif; font-weight: var( --e-global-typography-text-font-weight ); word-spacing: var( --e-global-typography-text-word-spacing ); text-align: var(--text-align); letter-spacing: 0px; background-color: white;\" href=\"http:\/\/lattes.cnpq.br\/9540235491409087\">Lattes<\/a><span style=\"color: var( --e-global-color-text ); font-family: var( --e-global-typography-text-font-family ), Sans-serif; font-weight: var( --e-global-typography-text-font-weight ); word-spacing: var( --e-global-typography-text-word-spacing ); text-align: var(--text-align); letter-spacing: 0px;\"> | <\/span><a style=\"font-family: var( --e-global-typography-text-font-family ), Sans-serif; font-weight: var( --e-global-typography-text-font-weight ); word-spacing: var( --e-global-typography-text-word-spacing ); text-align: var(--text-align); letter-spacing: 0px; background-color: white;\" href=\"mailto:taynara.dutra@ifsc.edu.br\">taynara.dutra@ifsc.edu.br<\/a><br \/><span style=\"color: var( --e-global-color-text ); font-family: var( --e-global-typography-text-font-family ), Sans-serif; font-weight: var( --e-global-typography-text-font-weight ); word-spacing: var( --e-global-typography-text-word-spacing ); text-align: var(--text-align); letter-spacing: 0px;\">Williamson Alison Freitas Silva &#8211; UFCA <\/span><span style=\"color: var( --e-global-color-text ); font-family: var( --e-global-typography-text-font-family ), Sans-serif; font-weight: var( --e-global-typography-text-font-weight ); word-spacing: var( --e-global-typography-text-word-spacing ); text-align: var(--text-align); letter-spacing: 0px;\">| <a href=\"http:\/\/lattes.cnpq.br\/7511013446343990\">Lattes<\/a> | <a href=\"mailto:williamson.silva@ufca.edu.br\">williamson.silva@ufca.edu.br<\/a><\/span><\/p>\t\t\t\t\t\t\t\t<\/div>\n\t\t\t\t<\/div>\n\t\t\t\t<div class=\"elementor-element elementor-element-b74522e elementor-widget elementor-widget-text-editor\" data-id=\"b74522e\" data-element_type=\"widget\" data-e-type=\"widget\" data-widget_type=\"text-editor.default\">\n\t\t\t\t<div class=\"elementor-widget-container\">\n\t\t\t\t\t\t\t\t\t<p><strong>Para mais informa\u00e7\u00f5es sobre a CEIE, acessse o site:\u00a0 <a href=\"https:\/\/ceie.sbc.org.br\/\">ceie.sbc.org.br<\/a><\/strong><\/p>\t\t\t\t\t\t\t\t<\/div>\n\t\t\t\t<\/div>\n\t\t\t\t\t<\/div>\n\t\t\t\t<\/div>\n\t\t\t\t<\/div>\n\t\t","protected":false},"excerpt":{"rendered":"<p>Comiss\u00e3o Especial de Inform\u00e1tica na Educa\u00e7\u00e3o Coordena\u00e7\u00e3o Coordenadora:\u00a0Patricia Augustin Jaques Maillard &#8211; UFPR\u00a0|\u00a0Lattes\u00a0|\u00a0patricia@inf.ufpr.brVice-Coordenador:\u00a0Sean Wolfgand Matsui Siqueira &#8211; UNIRIO |\u00a0Lattes\u00a0|\u00a0sean@uniriotec.br Comit\u00ea Gestor &#8211; Integrantes Alessandreia Oliveira &#8211; UFJF |\u00a0Lattes\u00a0| alessandreia.oliveira@ice.ufjf.brCleon Xavier Pereira J\u00fanior &#8211; IF Goiano | Lattes |\u00a0\u00a0cleon.junior@ifgoiano.edu.brClodis Boscarioli &#8211; UNIOESTE | Lattes |\u00a0boscarioli@unioeste.brFernanda Pires (UEA) | Lattes | fpires@uea.edu.brGraziela Guarda (UFF) | Lattes | grazielaguarda@id.uff.brJ\u00e9ssica Neiva de Figueiredo Leite Araujo &#8211; UERN | Lattes | jessicaneiva@uern.br\u00a0Laura Moraes (UNIRIO) | Lattes | laura@uniriotec.brLeandro Marques Queiros &#8211; UFPE | Lattes |\u00a0lmq@cin.ufpe.brNewarney Costa (IF Goiano) | Lattes |\u00a0newarney.costa@ifgoiano.edu.brRachel Reis &#8211; UFPR | Lattes | rachel.reis@inf.ufpr.brTaynara Cerigueli Dutra &#8211; IFSC | Lattes | taynara.dutra@ifsc.edu.brWilliamson Alison Freitas Silva &#8211; UFCA | Lattes | williamson.silva@ufca.edu.br Para mais informa\u00e7\u00f5es sobre a CEIE, acessse o site:\u00a0 ceie.sbc.org.br<\/p>\n","protected":false},"author":14,"featured_media":0,"parent":0,"menu_order":0,"comment_status":"closed","ping_status":"closed","template":"","meta":{"footnotes":""},"class_list":["post-3227","page","type-page","status-publish","hentry"],"_links":{"self":[{"href":"https:\/\/cbie.sbc.org.br\/2025\/wp-json\/wp\/v2\/pages\/3227","targetHints":{"allow":["GET"]}}],"collection":[{"href":"https:\/\/cbie.sbc.org.br\/2025\/wp-json\/wp\/v2\/pages"}],"about":[{"href":"https:\/\/cbie.sbc.org.br\/2025\/wp-json\/wp\/v2\/types\/page"}],"author":[{"embeddable":true,"href":"https:\/\/cbie.sbc.org.br\/2025\/wp-json\/wp\/v2\/users\/14"}],"replies":[{"embeddable":true,"href":"https:\/\/cbie.sbc.org.br\/2025\/wp-json\/wp\/v2\/comments?post=3227"}],"version-history":[{"count":52,"href":"https:\/\/cbie.sbc.org.br\/2025\/wp-json\/wp\/v2\/pages\/3227\/revisions"}],"predecessor-version":[{"id":7244,"href":"https:\/\/cbie.sbc.org.br\/2025\/wp-json\/wp\/v2\/pages\/3227\/revisions\/7244"}],"wp:attachment":[{"href":"https:\/\/cbie.sbc.org.br\/2025\/wp-json\/wp\/v2\/media?parent=3227"}],"curies":[{"name":"wp","href":"https:\/\/api.w.org\/{rel}","templated":true}]}}