{"id":216,"date":"2023-04-04T00:29:45","date_gmt":"2023-04-04T03:29:45","guid":{"rendered":"https:\/\/cbie.sbc.org.br\/2025\/?page_id=216"},"modified":"2025-10-03T16:29:05","modified_gmt":"2025-10-03T19:29:05","slug":"sobre-a-sbc","status":"publish","type":"page","link":"https:\/\/cbie.sbc.org.br\/2025\/sobre-a-sbc\/","title":{"rendered":"Sobre a SBC"},"content":{"rendered":"\t\t<div data-elementor-type=\"wp-page\" data-elementor-id=\"216\" class=\"elementor elementor-216\">\n\t\t\t\t<div class=\"elementor-element elementor-element-da730de e-flex e-con-boxed wpr-particle-no wpr-jarallax-no wpr-parallax-no wpr-sticky-section-no e-con e-parent\" data-id=\"da730de\" data-element_type=\"container\" data-e-type=\"container\">\n\t\t\t\t\t<div class=\"e-con-inner\">\n\t\t\t\t<div class=\"elementor-element elementor-element-b127c64 elementor-widget elementor-widget-heading\" data-id=\"b127c64\" data-element_type=\"widget\" data-e-type=\"widget\" data-widget_type=\"heading.default\">\n\t\t\t\t<div class=\"elementor-widget-container\">\n\t\t\t\t\t<h1 class=\"elementor-heading-title elementor-size-default\"><b>Sobre a SBC<\/b><\/h1>\t\t\t\t<\/div>\n\t\t\t\t<\/div>\n\t\t<div class=\"elementor-element elementor-element-4ef6e9c e-con-full e-flex wpr-particle-no wpr-jarallax-no wpr-parallax-no wpr-sticky-section-no e-con e-child\" data-id=\"4ef6e9c\" data-element_type=\"container\" data-e-type=\"container\" data-settings=\"{&quot;background_background&quot;:&quot;classic&quot;}\">\n\t\t\t\t<div class=\"elementor-element elementor-element-fb1b8ed elementor-widget__width-initial elementor-widget-mobile__width-initial elementor-widget elementor-widget-text-editor\" data-id=\"fb1b8ed\" data-element_type=\"widget\" data-e-type=\"widget\" data-widget_type=\"text-editor.default\">\n\t\t\t\t<div class=\"elementor-widget-container\">\n\t\t\t\t\t\t\t\t\t<p>A Sociedade Brasileira de Computa\u00e7\u00e3o \u2013 SBC \u00e9 uma Sociedade Cient\u00edfica sem fins lucrativos, fundada em julho de 1978, que re\u00fane estudantes, professores, profissionais, pesquisadores e entusiastas da \u00e1rea de Computa\u00e7\u00e3o e Inform\u00e1tica de todo o Brasil.<\/p><p>A SBC tem como fun\u00e7\u00e3o fomentar o acesso \u00e0 informa\u00e7\u00e3o e cultura por meio da inform\u00e1tica, promover a inclus\u00e3o digital, incentivar a pesquisa e o ensino em Computa\u00e7\u00e3o no Brasil, contribuindo para a forma\u00e7\u00e3o do profissional da Computa\u00e7\u00e3o com responsabilidade social.<\/p><p>Para a organiza\u00e7\u00e3o e divulga\u00e7\u00e3o de atividades, a\u00e7\u00f5es e eventos cient\u00edficos, t\u00e9cnicos, educacionais e pol\u00edticos, a SBC mant\u00e9m uma estrutura de tr\u00eas tipos de Grupos Tem\u00e1ticos (GT), que s\u00e3o as Grandes \u00c1reas (GA), as Comiss\u00f5es Especiais (CE) e os Grupos de Interesses (GI). Estes grupos re\u00fanem associados com interesses comuns numa sub\u00e1rea da computa\u00e7\u00e3o.<\/p><p>Voc\u00ea est\u00e1 acessando o site de uma das\u00a0<strong>Comiss\u00f5es Especiais (CE) da SBC<\/strong>, que representa um grupo de associados da SBC que compartilham dos interesses e valores em determinada \u00e1rea da Computa\u00e7\u00e3o.\u00a0<strong>O associado vigente pode se inscrever nas\u00a0<a href=\"https:\/\/www.sbc.org.br\/comissoes-especiasis\/\">listas de e-mail das Comiss\u00f5es Especiais (CE)<\/a>\u00a0<\/strong>da \u00e1rea que deseja acompanhar. Se voc\u00ea ainda n\u00e3o \u00e9 um associado ou deseja renovar sua associa\u00e7\u00e3o \u00e0 nossa comunidade\u00a0<strong><a href=\"https:\/\/centraldesistemas.sbc.org.br\/mom\" target=\"_blank\" rel=\"noreferrer noopener\">clique aqui<\/a><\/strong>\u00a0e venha fazer parte da SBC.<\/p>\t\t\t\t\t\t\t\t<\/div>\n\t\t\t\t<\/div>\n\t\t\t\t<div class=\"elementor-element elementor-element-649541e elementor-widget elementor-widget-image\" data-id=\"649541e\" data-element_type=\"widget\" data-e-type=\"widget\" data-widget_type=\"image.default\">\n\t\t\t\t<div class=\"elementor-widget-container\">\n\t\t\t\t\t\t\t\t\t\t\t\t\t\t\t\t<a href=\"https:\/\/www.sbc.org.br\/associe-se\/\" target=\"_blank\">\n\t\t\t\t\t\t\t<img fetchpriority=\"high\" decoding=\"async\" width=\"592\" height=\"349\" src=\"https:\/\/cbie.sbc.org.br\/2025\/wp-content\/uploads\/2025\/10\/sbcc.png\" class=\"elementor-animation-grow attachment-large size-large wp-image-9009\" alt=\"\" srcset=\"https:\/\/cbie.sbc.org.br\/2025\/wp-content\/uploads\/2025\/10\/sbcc.png 592w, https:\/\/cbie.sbc.org.br\/2025\/wp-content\/uploads\/2025\/10\/sbcc-300x177.png 300w\" sizes=\"(max-width: 592px) 100vw, 592px\" \/>\t\t\t\t\t\t\t\t<\/a>\n\t\t\t\t\t\t\t\t\t\t\t\t\t\t\t<\/div>\n\t\t\t\t<\/div>\n\t\t\t\t<\/div>\n\t\t\t\t\t<\/div>\n\t\t\t\t<\/div>\n\t\t\t\t<\/div>\n\t\t","protected":false},"excerpt":{"rendered":"<p>Sobre a SBC A Sociedade Brasileira de Computa\u00e7\u00e3o \u2013 SBC \u00e9 uma Sociedade Cient\u00edfica sem fins lucrativos, fundada em julho de 1978, que re\u00fane estudantes, professores, profissionais, pesquisadores e entusiastas da \u00e1rea de Computa\u00e7\u00e3o e Inform\u00e1tica de todo o Brasil. A SBC tem como fun\u00e7\u00e3o fomentar o acesso \u00e0 informa\u00e7\u00e3o e cultura por meio da inform\u00e1tica, promover a inclus\u00e3o digital, incentivar a pesquisa e o ensino em Computa\u00e7\u00e3o no Brasil, contribuindo para a forma\u00e7\u00e3o do profissional da Computa\u00e7\u00e3o com responsabilidade social. Para a organiza\u00e7\u00e3o e divulga\u00e7\u00e3o de atividades, a\u00e7\u00f5es e eventos cient\u00edficos, t\u00e9cnicos, educacionais e pol\u00edticos, a SBC mant\u00e9m uma estrutura de tr\u00eas tipos de Grupos Tem\u00e1ticos (GT), que s\u00e3o as Grandes \u00c1reas (GA), as Comiss\u00f5es Especiais (CE) e os Grupos de Interesses (GI). Estes grupos re\u00fanem associados com interesses comuns numa sub\u00e1rea da computa\u00e7\u00e3o. Voc\u00ea est\u00e1 acessando o site de uma das\u00a0Comiss\u00f5es Especiais (CE) da SBC, que representa um grupo de associados da SBC que compartilham dos interesses e valores em determinada \u00e1rea da Computa\u00e7\u00e3o.\u00a0O associado vigente pode se inscrever nas\u00a0listas de e-mail das Comiss\u00f5es Especiais (CE)\u00a0da \u00e1rea que deseja acompanhar. Se voc\u00ea ainda n\u00e3o \u00e9 um associado ou deseja renovar sua associa\u00e7\u00e3o \u00e0 nossa comunidade\u00a0clique aqui\u00a0e venha fazer parte da SBC.<\/p>\n","protected":false},"author":14,"featured_media":0,"parent":0,"menu_order":0,"comment_status":"closed","ping_status":"closed","template":"elementor_header_footer","meta":{"footnotes":""},"class_list":["post-216","page","type-page","status-publish","hentry"],"_links":{"self":[{"href":"https:\/\/cbie.sbc.org.br\/2025\/wp-json\/wp\/v2\/pages\/216","targetHints":{"allow":["GET"]}}],"collection":[{"href":"https:\/\/cbie.sbc.org.br\/2025\/wp-json\/wp\/v2\/pages"}],"about":[{"href":"https:\/\/cbie.sbc.org.br\/2025\/wp-json\/wp\/v2\/types\/page"}],"author":[{"embeddable":true,"href":"https:\/\/cbie.sbc.org.br\/2025\/wp-json\/wp\/v2\/users\/14"}],"replies":[{"embeddable":true,"href":"https:\/\/cbie.sbc.org.br\/2025\/wp-json\/wp\/v2\/comments?post=216"}],"version-history":[{"count":40,"href":"https:\/\/cbie.sbc.org.br\/2025\/wp-json\/wp\/v2\/pages\/216\/revisions"}],"predecessor-version":[{"id":9018,"href":"https:\/\/cbie.sbc.org.br\/2025\/wp-json\/wp\/v2\/pages\/216\/revisions\/9018"}],"wp:attachment":[{"href":"https:\/\/cbie.sbc.org.br\/2025\/wp-json\/wp\/v2\/media?parent=216"}],"curies":[{"name":"wp","href":"https:\/\/api.w.org\/{rel}","templated":true}]}}