{"id":4990,"date":"2024-10-19T17:27:18","date_gmt":"2024-10-19T20:27:18","guid":{"rendered":"https:\/\/cbie.sbc.org.br\/2024\/?page_id=4990"},"modified":"2024-10-19T17:52:15","modified_gmt":"2024-10-19T20:52:15","slug":"passeios-turisticos","status":"publish","type":"page","link":"https:\/\/cbie.sbc.org.br\/2024\/passeios-turisticos\/","title":{"rendered":"Passeios Tur\u00edsticos"},"content":{"rendered":"\t\t<div data-elementor-type=\"wp-page\" data-elementor-id=\"4990\" class=\"elementor elementor-4990\">\n\t\t\t\t<div class=\"elementor-element elementor-element-4fc691d e-flex e-con-boxed wpr-particle-no wpr-jarallax-no wpr-parallax-no wpr-sticky-section-no wpr-equal-height-no e-con e-parent\" data-id=\"4fc691d\" data-element_type=\"container\" data-e-type=\"container\">\n\t\t\t\t\t<div class=\"e-con-inner\">\n\t\t\t\t<div class=\"elementor-element elementor-element-0a789fd elementor-widget elementor-widget-spacer\" data-id=\"0a789fd\" data-element_type=\"widget\" data-e-type=\"widget\" data-widget_type=\"spacer.default\">\n\t\t\t\t<div class=\"elementor-widget-container\">\n\t\t\t\t\t\t\t<div class=\"elementor-spacer\">\n\t\t\t<div class=\"elementor-spacer-inner\"><\/div>\n\t\t<\/div>\n\t\t\t\t\t\t<\/div>\n\t\t\t\t<\/div>\n\t\t\t\t<div class=\"elementor-element elementor-element-eba0797 elementor-widget elementor-widget-heading\" data-id=\"eba0797\" data-element_type=\"widget\" data-e-type=\"widget\" data-widget_type=\"heading.default\">\n\t\t\t\t<div class=\"elementor-widget-container\">\n\t\t\t\t\t<h2 class=\"elementor-heading-title elementor-size-default\">Passeios Tur\u00edsticos<\/h2>\t\t\t\t<\/div>\n\t\t\t\t<\/div>\n\t\t\t\t\t<\/div>\n\t\t\t\t<\/div>\n\t\t<div class=\"elementor-element elementor-element-738d2b8 e-flex e-con-boxed wpr-particle-no wpr-jarallax-no wpr-parallax-no wpr-sticky-section-no wpr-equal-height-no e-con e-parent\" data-id=\"738d2b8\" data-element_type=\"container\" data-e-type=\"container\">\n\t\t\t\t\t<div class=\"e-con-inner\">\n\t\t\t\t<div class=\"elementor-element elementor-element-5fe29ed elementor-widget elementor-widget-text-editor\" data-id=\"5fe29ed\" data-element_type=\"widget\" data-e-type=\"widget\" data-widget_type=\"text-editor.default\">\n\t\t\t\t<div class=\"elementor-widget-container\">\n\t\t\t\t\t\t\t\t\t<p><strong>O Congresso Brasileiro de Inform\u00e1tica na Educa\u00e7\u00e3o (CBIE) <\/strong>oferece uma indica\u00e7\u00e3o para quem desejar fazer passeios tur\u00edsticos. Aos interessados basta contatar a ag\u00eancia e ter\u00e3o 5% ao informar que \u00e9 do IBC\/ Stampa turismo.<\/p>\t\t\t\t\t\t\t\t<\/div>\n\t\t\t\t<\/div>\n\t\t\t\t\t<\/div>\n\t\t\t\t<\/div>\n\t\t<div class=\"elementor-element elementor-element-818474f e-flex e-con-boxed wpr-particle-no wpr-jarallax-no wpr-parallax-no wpr-sticky-section-no wpr-equal-height-no e-con e-parent\" data-id=\"818474f\" data-element_type=\"container\" data-e-type=\"container\">\n\t\t\t\t\t<div class=\"e-con-inner\">\n\t\t\t\t<div class=\"elementor-element elementor-element-deb628f elementor-widget elementor-widget-heading\" data-id=\"deb628f\" data-element_type=\"widget\" data-e-type=\"widget\" data-widget_type=\"heading.default\">\n\t\t\t\t<div class=\"elementor-widget-container\">\n\t\t\t\t\t<h3 class=\"elementor-heading-title elementor-size-default\">Sugest\u00f5es de Passeios<\/h3>\t\t\t\t<\/div>\n\t\t\t\t<\/div>\n\t\t\t\t\t<\/div>\n\t\t\t\t<\/div>\n\t\t<div class=\"elementor-element elementor-element-ed35348 e-flex e-con-boxed wpr-particle-no wpr-jarallax-no wpr-parallax-no wpr-sticky-section-no wpr-equal-height-no e-con e-parent\" data-id=\"ed35348\" data-element_type=\"container\" data-e-type=\"container\" data-settings=\"{&quot;background_background&quot;:&quot;classic&quot;}\">\n\t\t\t\t\t<div class=\"e-con-inner\">\n\t\t<div class=\"elementor-element elementor-element-011e097 e-con-full e-flex wpr-particle-no wpr-jarallax-no wpr-parallax-no wpr-sticky-section-no wpr-equal-height-no e-con e-child\" data-id=\"011e097\" data-element_type=\"container\" data-e-type=\"container\" data-settings=\"{&quot;background_background&quot;:&quot;classic&quot;}\">\n\t\t<div class=\"elementor-element elementor-element-0512187 e-con-full e-flex wpr-particle-no wpr-jarallax-no wpr-parallax-no wpr-sticky-section-no wpr-equal-height-no e-con e-child\" data-id=\"0512187\" data-element_type=\"container\" data-e-type=\"container\">\n\t\t\t\t<div class=\"elementor-element elementor-element-4988337 elementor-widget elementor-widget-heading\" data-id=\"4988337\" data-element_type=\"widget\" data-e-type=\"widget\" data-widget_type=\"heading.default\">\n\t\t\t\t<div class=\"elementor-widget-container\">\n\t\t\t\t\t<h3 class=\"elementor-heading-title elementor-size-default\">Mercury Travel<\/h3>\t\t\t\t<\/div>\n\t\t\t\t<\/div>\n\t\t\t\t<div class=\"elementor-element elementor-element-ff0daa2 elementor-widget elementor-widget-text-editor\" data-id=\"ff0daa2\" data-element_type=\"widget\" data-e-type=\"widget\" data-widget_type=\"text-editor.default\">\n\t\t\t\t<div class=\"elementor-widget-container\">\n\t\t\t\t\t\t\t\t\t<ul><li>Passeios com diversas paradas e locais pelo Rio de Janeiro: Cristo Redentor, P\u00e3o de A\u00e7\u00facar, Angra dos Reis, Ilha Grande, Petr\u00f3polis, entre outros.<\/li><li>Passeios com Tour panor\u00e2mico pelas Praias da Zona Sul, Paradas para fotos em diversos pontos tur\u00edsticos da cidade como: Catedral Metropolitana, Escadaria Selar\u00f3n, Maracan\u00e3, Samb\u00f3dromo e muito mais.<\/li><li>Passeios incluem Guia de turismo em Portugu\u00eas, Ingl\u00eas e Espanhol, Transporte em Ve\u00edculo com ar condicionado, alguns com parada em restaurantes com buffet livre.<\/li><\/ul>\t\t\t\t\t\t\t\t<\/div>\n\t\t\t\t<\/div>\n\t\t\t\t<div class=\"elementor-element elementor-element-f19bbba elementor-widget elementor-widget-button\" data-id=\"f19bbba\" data-element_type=\"widget\" data-e-type=\"widget\" data-widget_type=\"button.default\">\n\t\t\t\t<div class=\"elementor-widget-container\">\n\t\t\t\t\t\t\t\t\t<div class=\"elementor-button-wrapper\">\n\t\t\t\t\t<a class=\"elementor-button elementor-button-link elementor-size-sm\" href=\"https:\/\/cbie.sbc.org.br\/2024\/wp-content\/uploads\/2024\/10\/PASSEIOS-COMPARTILHADO-TARIFARIO-AGENCIA-TAB.-02-2024-1.pdf\">\n\t\t\t\t\t\t<span class=\"elementor-button-content-wrapper\">\n\t\t\t\t\t\t\t\t\t<span class=\"elementor-button-text\">Baixar PDF com informa\u00e7\u00f5es dos passeios<\/span>\n\t\t\t\t\t<\/span>\n\t\t\t\t\t<\/a>\n\t\t\t\t<\/div>\n\t\t\t\t\t\t\t\t<\/div>\n\t\t\t\t<\/div>\n\t\t\t\t<\/div>\n\t\t\t\t<\/div>\n\t\t\t\t\t<\/div>\n\t\t\t\t<\/div>\n\t\t<div class=\"elementor-element elementor-element-38de389 e-flex e-con-boxed wpr-particle-no wpr-jarallax-no wpr-parallax-no wpr-sticky-section-no wpr-equal-height-no e-con e-parent\" data-id=\"38de389\" data-element_type=\"container\" data-e-type=\"container\">\n\t\t\t\t\t<div class=\"e-con-inner\">\n\t\t\t\t<div class=\"elementor-element elementor-element-0e82c66 elementor-widget elementor-widget-spacer\" data-id=\"0e82c66\" data-element_type=\"widget\" data-e-type=\"widget\" data-widget_type=\"spacer.default\">\n\t\t\t\t<div class=\"elementor-widget-container\">\n\t\t\t\t\t\t\t<div class=\"elementor-spacer\">\n\t\t\t<div class=\"elementor-spacer-inner\"><\/div>\n\t\t<\/div>\n\t\t\t\t\t\t<\/div>\n\t\t\t\t<\/div>\n\t\t\t\t\t<\/div>\n\t\t\t\t<\/div>\n\t\t\t\t<\/div>\n\t\t","protected":false},"excerpt":{"rendered":"<p>Passeios Tur\u00edsticos O Congresso Brasileiro de Inform\u00e1tica na Educa\u00e7\u00e3o (CBIE) oferece uma indica\u00e7\u00e3o para quem desejar fazer passeios tur\u00edsticos. Aos interessados basta contatar a ag\u00eancia e ter\u00e3o 5% ao informar que \u00e9 do IBC\/ Stampa turismo. Sugest\u00f5es de Passeios Mercury Travel Passeios com diversas paradas e locais pelo Rio de Janeiro: Cristo Redentor, P\u00e3o de A\u00e7\u00facar, Angra dos Reis, Ilha Grande, Petr\u00f3polis, entre outros. Passeios com Tour panor\u00e2mico pelas Praias da Zona Sul, Paradas para fotos em diversos pontos tur\u00edsticos da cidade como: Catedral Metropolitana, Escadaria Selar\u00f3n, Maracan\u00e3, Samb\u00f3dromo e muito mais. Passeios incluem Guia de turismo em Portugu\u00eas, Ingl\u00eas e Espanhol, Transporte em Ve\u00edculo com ar condicionado, alguns com parada em restaurantes com buffet livre. Baixar PDF com informa\u00e7\u00f5es dos passeios<\/p>\n","protected":false},"author":13,"featured_media":0,"parent":0,"menu_order":0,"comment_status":"closed","ping_status":"closed","template":"elementor_header_footer","meta":{"footnotes":""},"class_list":["post-4990","page","type-page","status-publish","hentry"],"_links":{"self":[{"href":"https:\/\/cbie.sbc.org.br\/2024\/wp-json\/wp\/v2\/pages\/4990","targetHints":{"allow":["GET"]}}],"collection":[{"href":"https:\/\/cbie.sbc.org.br\/2024\/wp-json\/wp\/v2\/pages"}],"about":[{"href":"https:\/\/cbie.sbc.org.br\/2024\/wp-json\/wp\/v2\/types\/page"}],"author":[{"embeddable":true,"href":"https:\/\/cbie.sbc.org.br\/2024\/wp-json\/wp\/v2\/users\/13"}],"replies":[{"embeddable":true,"href":"https:\/\/cbie.sbc.org.br\/2024\/wp-json\/wp\/v2\/comments?post=4990"}],"version-history":[{"count":7,"href":"https:\/\/cbie.sbc.org.br\/2024\/wp-json\/wp\/v2\/pages\/4990\/revisions"}],"predecessor-version":[{"id":5001,"href":"https:\/\/cbie.sbc.org.br\/2024\/wp-json\/wp\/v2\/pages\/4990\/revisions\/5001"}],"wp:attachment":[{"href":"https:\/\/cbie.sbc.org.br\/2024\/wp-json\/wp\/v2\/media?parent=4990"}],"curies":[{"name":"wp","href":"https:\/\/api.w.org\/{rel}","templated":true}]}}