{"id":4915,"date":"2024-10-11T01:41:55","date_gmt":"2024-10-11T04:41:55","guid":{"rendered":"https:\/\/cbie.sbc.org.br\/2024\/?page_id=4915"},"modified":"2024-10-11T02:14:28","modified_gmt":"2024-10-11T05:14:28","slug":"jantar-por-adesao","status":"publish","type":"page","link":"https:\/\/cbie.sbc.org.br\/2024\/jantar-por-adesao\/","title":{"rendered":"Jantar por Ades\u00e3o"},"content":{"rendered":"\t\t<div data-elementor-type=\"wp-page\" data-elementor-id=\"4915\" class=\"elementor elementor-4915\">\n\t\t\t\t<div class=\"elementor-element elementor-element-9f60275 e-flex e-con-boxed wpr-particle-no wpr-jarallax-no wpr-parallax-no wpr-sticky-section-no wpr-equal-height-no e-con e-parent\" data-id=\"9f60275\" data-element_type=\"container\" data-e-type=\"container\">\n\t\t\t\t\t<div class=\"e-con-inner\">\n\t\t\t\t<div class=\"elementor-element elementor-element-e5c041c elementor-widget elementor-widget-spacer\" data-id=\"e5c041c\" data-element_type=\"widget\" data-e-type=\"widget\" data-widget_type=\"spacer.default\">\n\t\t\t\t<div class=\"elementor-widget-container\">\n\t\t\t\t\t\t\t<div class=\"elementor-spacer\">\n\t\t\t<div class=\"elementor-spacer-inner\"><\/div>\n\t\t<\/div>\n\t\t\t\t\t\t<\/div>\n\t\t\t\t<\/div>\n\t\t\t\t<div class=\"elementor-element elementor-element-e73deb3 elementor-widget__width-initial elementor-widget elementor-widget-heading\" data-id=\"e73deb3\" data-element_type=\"widget\" data-e-type=\"widget\" data-widget_type=\"heading.default\">\n\t\t\t\t<div class=\"elementor-widget-container\">\n\t\t\t\t\t<h3 class=\"elementor-heading-title elementor-size-default\">Jantar por Ades\u00e3o - CBIE 2024<\/h3>\t\t\t\t<\/div>\n\t\t\t\t<\/div>\n\t\t\t\t<div class=\"elementor-element elementor-element-fdaec32 elementor-widget__width-initial elementor-widget elementor-widget-text-editor\" data-id=\"fdaec32\" data-element_type=\"widget\" data-e-type=\"widget\" data-widget_type=\"text-editor.default\">\n\t\t\t\t<div class=\"elementor-widget-container\">\n\t\t\t\t\t\t\t\t\t<p>Reserve sua vaga no jantar de confraterniza\u00e7\u00e3o do <b>XIII Congresso Brasileiro de Inform\u00e1tica na Educa\u00e7\u00e3o (<\/b><b>CBIE 2024)<\/b><\/p><div>\u00a0<\/div>\t\t\t\t\t\t\t\t<\/div>\n\t\t\t\t<\/div>\n\t\t\t\t\t<\/div>\n\t\t\t\t<\/div>\n\t\t<div class=\"elementor-element elementor-element-280c7d8 e-flex e-con-boxed wpr-particle-no wpr-jarallax-no wpr-parallax-no wpr-sticky-section-no wpr-equal-height-no e-con e-parent\" data-id=\"280c7d8\" data-element_type=\"container\" data-e-type=\"container\">\n\t\t\t\t\t<div class=\"e-con-inner\">\n\t\t\t\t<div class=\"elementor-element elementor-element-0ae0e26 elementor-widget__width-initial elementor-widget elementor-widget-heading\" data-id=\"0ae0e26\" data-element_type=\"widget\" data-e-type=\"widget\" data-widget_type=\"heading.default\">\n\t\t\t\t<div class=\"elementor-widget-container\">\n\t\t\t\t\t<h4 class=\"elementor-heading-title elementor-size-default\">Data e Local<\/h4>\t\t\t\t<\/div>\n\t\t\t\t<\/div>\n\t\t<div class=\"elementor-element elementor-element-75c4a15 e-con-full e-flex wpr-particle-no wpr-jarallax-no wpr-parallax-no wpr-sticky-section-no wpr-equal-height-no e-con e-child\" data-id=\"75c4a15\" data-element_type=\"container\" data-e-type=\"container\" data-settings=\"{&quot;background_background&quot;:&quot;classic&quot;}\">\n\t\t<div class=\"elementor-element elementor-element-fd21d06 e-con-full e-flex wpr-particle-no wpr-jarallax-no wpr-parallax-no wpr-sticky-section-no wpr-equal-height-no e-con e-child\" data-id=\"fd21d06\" data-element_type=\"container\" data-e-type=\"container\" data-settings=\"{&quot;background_background&quot;:&quot;classic&quot;}\">\n\t\t<div class=\"elementor-element elementor-element-e72866d e-con-full e-flex wpr-particle-no wpr-jarallax-no wpr-parallax-no wpr-sticky-section-no wpr-equal-height-no e-con e-child\" data-id=\"e72866d\" data-element_type=\"container\" data-e-type=\"container\">\n\t\t\t\t<div class=\"elementor-element elementor-element-03e7e23 elementor-widget elementor-widget-image\" data-id=\"03e7e23\" data-element_type=\"widget\" data-e-type=\"widget\" data-widget_type=\"image.default\">\n\t\t\t\t<div class=\"elementor-widget-container\">\n\t\t\t\t\t\t\t\t\t\t\t\t<figure class=\"wp-caption\">\n\t\t\t\t\t\t\t\t\t\t<img fetchpriority=\"high\" decoding=\"async\" width=\"1024\" height=\"768\" src=\"https:\/\/cbie.sbc.org.br\/2024\/wp-content\/uploads\/2024\/10\/fogo-de-chao-botafogo-2-1024x768.jpeg\" class=\"attachment-large size-large wp-image-4918\" alt=\"\" srcset=\"https:\/\/cbie.sbc.org.br\/2024\/wp-content\/uploads\/2024\/10\/fogo-de-chao-botafogo-2-1024x768.jpeg 1024w, https:\/\/cbie.sbc.org.br\/2024\/wp-content\/uploads\/2024\/10\/fogo-de-chao-botafogo-2-300x225.jpeg 300w, https:\/\/cbie.sbc.org.br\/2024\/wp-content\/uploads\/2024\/10\/fogo-de-chao-botafogo-2-768x576.jpeg 768w, https:\/\/cbie.sbc.org.br\/2024\/wp-content\/uploads\/2024\/10\/fogo-de-chao-botafogo-2-600x450.jpeg 600w, https:\/\/cbie.sbc.org.br\/2024\/wp-content\/uploads\/2024\/10\/fogo-de-chao-botafogo-2.jpeg 1360w\" sizes=\"(max-width: 1024px) 100vw, 1024px\" \/>\t\t\t\t\t\t\t\t\t\t\t<figcaption class=\"widget-image-caption wp-caption-text\">Fonte: Fogo de Ch\u00e3o<\/figcaption>\n\t\t\t\t\t\t\t\t\t\t<\/figure>\n\t\t\t\t\t\t\t\t\t<\/div>\n\t\t\t\t<\/div>\n\t\t\t\t<\/div>\n\t\t<div class=\"elementor-element elementor-element-e533220 e-con-full e-flex wpr-particle-no wpr-jarallax-no wpr-parallax-no wpr-sticky-section-no wpr-equal-height-no e-con e-child\" data-id=\"e533220\" data-element_type=\"container\" data-e-type=\"container\">\n\t\t\t\t<div class=\"elementor-element elementor-element-8ba042d elementor-widget elementor-widget-heading\" data-id=\"8ba042d\" data-element_type=\"widget\" data-e-type=\"widget\" data-widget_type=\"heading.default\">\n\t\t\t\t<div class=\"elementor-widget-container\">\n\t\t\t\t\t<h3 class=\"elementor-heading-title elementor-size-default\">Quinta - 07\/11 \u00e0s 19:30<\/h3>\t\t\t\t<\/div>\n\t\t\t\t<\/div>\n\t\t\t\t<div class=\"elementor-element elementor-element-338ffa1 elementor-widget elementor-widget-heading\" data-id=\"338ffa1\" data-element_type=\"widget\" data-e-type=\"widget\" data-widget_type=\"heading.default\">\n\t\t\t\t<div class=\"elementor-widget-container\">\n\t\t\t\t\t<h3 class=\"elementor-heading-title elementor-size-default\">Churrascaria Fogo de Ch\u00e3o - Botafogo<\/h3>\t\t\t\t<\/div>\n\t\t\t\t<\/div>\n\t\t\t\t<div class=\"elementor-element elementor-element-f217886 elementor-widget elementor-widget-text-editor\" data-id=\"f217886\" data-element_type=\"widget\" data-e-type=\"widget\" data-widget_type=\"text-editor.default\">\n\t\t\t\t<div class=\"elementor-widget-container\">\n\t\t\t\t\t\t\t\t\t<p><strong>Endere\u00e7o:<\/strong> Avenida Rep\u00f3rter Nestor Moreira, s\/n<\/p><p>Botafogo &#8211; Rio de Janeiro &#8211; RJ<\/p><p><strong>Dist\u00e2ncia do local do evento:<\/strong> 1 km &#8211; 13 min<\/p>\t\t\t\t\t\t\t\t<\/div>\n\t\t\t\t<\/div>\n\t\t\t\t<div class=\"elementor-element elementor-element-91e4525 elementor-widget elementor-widget-button\" data-id=\"91e4525\" data-element_type=\"widget\" data-e-type=\"widget\" data-widget_type=\"button.default\">\n\t\t\t\t<div class=\"elementor-widget-container\">\n\t\t\t\t\t\t\t\t\t<div class=\"elementor-button-wrapper\">\n\t\t\t\t\t<a class=\"elementor-button elementor-button-link elementor-size-sm\" href=\"https:\/\/www.google.com.br\/maps\/dir\/Instituto+Benjamin+Constant+-+Avenida+Pasteur+-+Urca,+Rio+de+Janeiro+-+RJ\/Fogo+de+Ch%C3%A3o+-+Av.+Reporter+Nestor+Moreira,+S%2FN+-+Botafogo,+Rio+de+Janeiro+-+RJ,+22290-210\/@-22.9510927,-43.1809955,16z\/data=!3m1!4b1!4m14!4m13!1m5!1m1!1s0x998195e5bc4eb1:0x61c3f47b30accb24!2m2!1d-43.172006!2d-22.9532708!1m5!1m1!1s0x997ff1451e2ddf:0x42a8cedf0c582d46!2m2!1d-43.1803052!2d-22.9487718!3e9?entry=ttu&#038;g_ep=EgoyMDI0MTAwOC4wIKXMDSoASAFQAw%3D%3D\">\n\t\t\t\t\t\t<span class=\"elementor-button-content-wrapper\">\n\t\t\t\t\t\t\t\t\t<span class=\"elementor-button-text\">Visualizar informa\u00e7\u00f5es no mapa<\/span>\n\t\t\t\t\t<\/span>\n\t\t\t\t\t<\/a>\n\t\t\t\t<\/div>\n\t\t\t\t\t\t\t\t<\/div>\n\t\t\t\t<\/div>\n\t\t\t\t<\/div>\n\t\t\t\t<\/div>\n\t\t\t\t<\/div>\n\t\t\t\t\t<\/div>\n\t\t\t\t<\/div>\n\t\t<div class=\"elementor-element elementor-element-c45bd81 e-flex e-con-boxed wpr-particle-no wpr-jarallax-no wpr-parallax-no wpr-sticky-section-no wpr-equal-height-no e-con e-parent\" data-id=\"c45bd81\" data-element_type=\"container\" data-e-type=\"container\">\n\t\t\t\t\t<div class=\"e-con-inner\">\n\t\t<div class=\"elementor-element elementor-element-7b12fd4 e-con-full e-flex wpr-particle-no wpr-jarallax-no wpr-parallax-no wpr-sticky-section-no wpr-equal-height-no e-con e-child\" data-id=\"7b12fd4\" data-element_type=\"container\" data-e-type=\"container\">\n\t\t\t\t<div class=\"elementor-element elementor-element-db0abf0 elementor-widget elementor-widget-google_maps\" data-id=\"db0abf0\" data-element_type=\"widget\" data-e-type=\"widget\" data-widget_type=\"google_maps.default\">\n\t\t\t\t<div class=\"elementor-widget-container\">\n\t\t\t\t\t\t\t<div class=\"elementor-custom-embed\">\n\t\t\t<iframe loading=\"lazy\"\n\t\t\t\t\tsrc=\"https:\/\/maps.google.com\/maps?q=Churrascaria%20Fogo%20de%20Ch%C3%A3o%20-%20Botafogo%20%20-%20Avenida%20Rep%C3%B3rter%20Nestor%20Moreira%2C%20s%2Fn%20-%20Botafogo%20-%20Rio%20de%20Janeiro%20-%20RJ&#038;t=m&#038;z=17&#038;output=embed&#038;iwloc=near\"\n\t\t\t\t\ttitle=\"Churrascaria Fogo de Ch\u00e3o - Botafogo  - Avenida Rep\u00f3rter Nestor Moreira, s\/n - Botafogo - Rio de Janeiro - RJ\"\n\t\t\t\t\taria-label=\"Churrascaria Fogo de Ch\u00e3o - Botafogo  - Avenida Rep\u00f3rter Nestor Moreira, s\/n - Botafogo - Rio de Janeiro - RJ\"\n\t\t\t><\/iframe>\n\t\t<\/div>\n\t\t\t\t\t\t<\/div>\n\t\t\t\t<\/div>\n\t\t\t\t<\/div>\n\t\t<div class=\"elementor-element elementor-element-a98f2d4 e-con-full e-flex wpr-particle-no wpr-jarallax-no wpr-parallax-no wpr-sticky-section-no wpr-equal-height-no e-con e-child\" data-id=\"a98f2d4\" data-element_type=\"container\" data-e-type=\"container\">\n\t\t\t\t<div class=\"elementor-element elementor-element-33b95cd elementor-arrows-position-inside elementor-pagination-position-outside elementor-widget elementor-widget-image-carousel\" data-id=\"33b95cd\" data-element_type=\"widget\" data-e-type=\"widget\" data-settings=\"{&quot;slides_to_show&quot;:&quot;1&quot;,&quot;navigation&quot;:&quot;both&quot;,&quot;autoplay&quot;:&quot;yes&quot;,&quot;autoplay_speed&quot;:5000,&quot;infinite&quot;:&quot;yes&quot;,&quot;effect&quot;:&quot;slide&quot;,&quot;speed&quot;:500}\" data-widget_type=\"image-carousel.default\">\n\t\t\t\t<div class=\"elementor-widget-container\">\n\t\t\t\t\t\t\t<div class=\"elementor-image-carousel-wrapper swiper\" role=\"region\" aria-roledescription=\"carousel\" aria-label=\"Carrossel de imagens\" dir=\"ltr\">\n\t\t\t<div class=\"elementor-image-carousel swiper-wrapper swiper-image-stretch\" aria-live=\"off\">\n\t\t\t\t\t\t\t\t<div class=\"swiper-slide\" role=\"group\" aria-roledescription=\"slide\" aria-label=\"1 de 3\"><figure class=\"swiper-slide-inner\"><img decoding=\"async\" class=\"swiper-slide-image\" src=\"https:\/\/cbie.sbc.org.br\/2024\/wp-content\/uploads\/2024\/10\/fogo-de-chao-botafogo-1-370x265.jpeg\" alt=\"fogo de chao botafogo 1\" \/><\/figure><\/div><div class=\"swiper-slide\" role=\"group\" aria-roledescription=\"slide\" aria-label=\"2 de 3\"><figure class=\"swiper-slide-inner\"><img decoding=\"async\" class=\"swiper-slide-image\" src=\"https:\/\/cbie.sbc.org.br\/2024\/wp-content\/uploads\/2024\/10\/fogo-de-chao-botafogo-5-370x265.jpeg\" alt=\"fogo de chao botafogo 5\" \/><\/figure><\/div><div class=\"swiper-slide\" role=\"group\" aria-roledescription=\"slide\" aria-label=\"3 de 3\"><figure class=\"swiper-slide-inner\"><img decoding=\"async\" class=\"swiper-slide-image\" src=\"https:\/\/cbie.sbc.org.br\/2024\/wp-content\/uploads\/2024\/10\/fogo-de-chao-botafogo-2-370x265.jpeg\" alt=\"fogo de chao botafogo 2\" \/><\/figure><\/div>\t\t\t<\/div>\n\t\t\t\t\t\t\t\t\t\t\t\t<div class=\"elementor-swiper-button elementor-swiper-button-prev\" role=\"button\" tabindex=\"0\">\n\t\t\t\t\t\t<i aria-hidden=\"true\" class=\"eicon-chevron-left\"><\/i>\t\t\t\t\t<\/div>\n\t\t\t\t\t<div class=\"elementor-swiper-button elementor-swiper-button-next\" role=\"button\" tabindex=\"0\">\n\t\t\t\t\t\t<i aria-hidden=\"true\" class=\"eicon-chevron-right\"><\/i>\t\t\t\t\t<\/div>\n\t\t\t\t\n\t\t\t\t\t\t\t\t\t<div class=\"swiper-pagination\"><\/div>\n\t\t\t\t\t\t\t\t\t<\/div>\n\t\t\t\t\t\t<\/div>\n\t\t\t\t<\/div>\n\t\t\t\t<\/div>\n\t\t\t\t\t<\/div>\n\t\t\t\t<\/div>\n\t\t<div class=\"elementor-element elementor-element-cbaa364 e-flex e-con-boxed wpr-particle-no wpr-jarallax-no wpr-parallax-no wpr-sticky-section-no wpr-equal-height-no e-con e-parent\" data-id=\"cbaa364\" data-element_type=\"container\" data-e-type=\"container\">\n\t\t\t\t\t<div class=\"e-con-inner\">\n\t\t\t\t<div class=\"elementor-element elementor-element-b9da7cd elementor-widget__width-initial elementor-widget elementor-widget-heading\" data-id=\"b9da7cd\" data-element_type=\"widget\" data-e-type=\"widget\" data-widget_type=\"heading.default\">\n\t\t\t\t<div class=\"elementor-widget-container\">\n\t\t\t\t\t<h4 class=\"elementor-heading-title elementor-size-default\">Pagamento e Envio do Comprovante<\/h4>\t\t\t\t<\/div>\n\t\t\t\t<\/div>\n\t\t\t\t<div class=\"elementor-element elementor-element-f3c4cde elementor-widget__width-initial elementor-widget elementor-widget-text-editor\" data-id=\"f3c4cde\" data-element_type=\"widget\" data-e-type=\"widget\" data-widget_type=\"text-editor.default\">\n\t\t\t\t<div class=\"elementor-widget-container\">\n\t\t\t\t\t\t\t\t\t<div>Valor do jantar por pessoa: <b>R$220,00 <\/b>(Duzentos e vinte reais)<\/div><div>Realize o pagamento via PIX, utilizando a chave:\u00a0<b>ronney.castro@ufjf.br\u00a0<\/b><\/div><ul><li>Ronney Moreira de Castro<\/li><li>Banco Santander (Brasil) S. A.<\/li><\/ul><div>O pagamento dever\u00e1 ser realizado no m\u00e1ximo at\u00e9 o dia <b>04\/11\/2024<\/b>.<\/div><div>Ap\u00f3s realizar o pagamento envie o comprovante pelo<strong><a href=\"https:\/\/docs.google.com\/forms\/d\/e\/1FAIpQLSdrAJaXJVNioJYE3gv-jsuG2ChAmRNwGixLYNzzPwB4CSjMjA\/viewform\"> formul\u00e1rio de confirma\u00e7\u00e3o.<\/a><\/strong><\/div><div>\u00a0<\/div>\t\t\t\t\t\t\t\t<\/div>\n\t\t\t\t<\/div>\n\t\t\t\t<div class=\"elementor-element elementor-element-37809bf elementor-widget elementor-widget-button\" data-id=\"37809bf\" data-element_type=\"widget\" data-e-type=\"widget\" data-widget_type=\"button.default\">\n\t\t\t\t<div class=\"elementor-widget-container\">\n\t\t\t\t\t\t\t\t\t<div class=\"elementor-button-wrapper\">\n\t\t\t\t\t<a class=\"elementor-button elementor-button-link elementor-size-sm\" href=\"https:\/\/docs.google.com\/forms\/d\/e\/1FAIpQLSdrAJaXJVNioJYE3gv-jsuG2ChAmRNwGixLYNzzPwB4CSjMjA\/viewform\">\n\t\t\t\t\t\t<span class=\"elementor-button-content-wrapper\">\n\t\t\t\t\t\t\t\t\t<span class=\"elementor-button-text\">Enviar Comprovante de Pagamento do Jantar<\/span>\n\t\t\t\t\t<\/span>\n\t\t\t\t\t<\/a>\n\t\t\t\t<\/div>\n\t\t\t\t\t\t\t\t<\/div>\n\t\t\t\t<\/div>\n\t\t\t\t\t<\/div>\n\t\t\t\t<\/div>\n\t\t<div class=\"elementor-element elementor-element-30f3519 e-flex e-con-boxed wpr-particle-no wpr-jarallax-no wpr-parallax-no wpr-sticky-section-no wpr-equal-height-no e-con e-parent\" data-id=\"30f3519\" data-element_type=\"container\" data-e-type=\"container\">\n\t\t\t\t\t<div class=\"e-con-inner\">\n\t\t\t\t<div class=\"elementor-element elementor-element-d37ea9d elementor-widget__width-initial elementor-widget elementor-widget-heading\" data-id=\"d37ea9d\" data-element_type=\"widget\" data-e-type=\"widget\" data-widget_type=\"heading.default\">\n\t\t\t\t<div class=\"elementor-widget-container\">\n\t\t\t\t\t<h4 class=\"elementor-heading-title elementor-size-default\">Menu<\/h4>\t\t\t\t<\/div>\n\t\t\t\t<\/div>\n\t\t\t\t<div class=\"elementor-element elementor-element-1be975f elementor-widget__width-initial elementor-widget elementor-widget-text-editor\" data-id=\"1be975f\" data-element_type=\"widget\" data-e-type=\"widget\" data-widget_type=\"text-editor.default\">\n\t\t\t\t<div class=\"elementor-widget-container\">\n\t\t\t\t\t\t\t\t\t<div><div><b>Entradas<\/b>: P\u00e3o de queijo, polenta frita, cora\u00e7\u00e3o de frango e lingui\u00e7a fatiada.<br \/><br \/><b>Mesa de Saladas<\/b>: Buffet de saladas completo, com mais de 40 op\u00e7\u00f5es que re\u00fane sele\u00e7\u00e3o de molhos, verduras, legumes, p\u00e3es e frios. Entre eles: queijos, presunto Parma, palmito, fundo de alcachofra, aspargo natural, tomate seco, berinjela agridoce, legumes grelhados, saladas primavera, caesar e caprese, quinoa com gr\u00e3o de bico, arroz negro com gorgonzola, mix de gr\u00e3os, mu\u00e7arela de b\u00fafala, shimeji, shitake, feij\u00e3o mexido, arroz carreteiro, maionese de batata, maionese de ovos, fil\u00e9 de salm\u00e3o e surubim defumados.<br \/><br \/><b>Acompanhamentos<\/b>: Arroz branco, arroz biro biro, arroz carreteiro, cebola \u00e0 dor\u00ea, an\u00e9is de cebola, batata country, batata chips, batata frita, polenta frita, farofa de ovos, banana, mu\u00e7arela assada e mandioca.<br \/><br \/>Ser\u00e3o servidos <b>3 cortes <\/b>no sistema de rod\u00edzio dos seguintes cortes:<br \/>Fraldinha; Alcatra e Costela Premium e Frango como op\u00e7\u00e3o de carne branca.<br \/><br \/><b>Sobremesas<\/b>: Cremes de papaia ou manga ou morango, pudim, petit gateau de chocolate, sorvete, cr\u00e8me br\u00fbl\u00e9e, cocada de tabuleiro e frutas. (Uma por pessoa). \u00a0 \u00a0 \u00a0 \u00a0 \u00a0 \u00a0 \u00a0 \u00a0 \u00a0 \u00a0 \u00a0 \u00a0 \u00a0 \u00a0 \u00a0 <br \/><br \/><b>Bebidas<\/b>: Tr\u00eas horas de bebidas incluindo \u00e1gua, sucos naturais e refrigerantes.<\/div><div>\u00a0<\/div><div><b>Demais bebidas dever\u00e3o ser pagas pelo participante no local do jantar<\/b>.<\/div><div>\u00a0<\/div><\/div>\t\t\t\t\t\t\t\t<\/div>\n\t\t\t\t<\/div>\n\t\t\t\t\t<\/div>\n\t\t\t\t<\/div>\n\t\t\t\t<\/div>\n\t\t","protected":false},"excerpt":{"rendered":"<p>Jantar por Ades\u00e3o &#8211; CBIE 2024 Reserve sua vaga no jantar de confraterniza\u00e7\u00e3o do XIII Congresso Brasileiro de Inform\u00e1tica na Educa\u00e7\u00e3o (CBIE 2024) \u00a0 Data e Local Fonte: Fogo de Ch\u00e3o Quinta &#8211; 07\/11 \u00e0s 19:30 Churrascaria Fogo de Ch\u00e3o &#8211; Botafogo Endere\u00e7o: Avenida Rep\u00f3rter Nestor Moreira, s\/n Botafogo &#8211; Rio de Janeiro &#8211; RJ Dist\u00e2ncia do local do evento: 1 km &#8211; 13 min Visualizar informa\u00e7\u00f5es no mapa Pagamento e Envio do Comprovante Valor do jantar por pessoa: R$220,00 (Duzentos e vinte reais)Realize o pagamento via PIX, utilizando a chave:\u00a0ronney.castro@ufjf.br\u00a0 Ronney Moreira de Castro Banco Santander (Brasil) S. A. O pagamento dever\u00e1 ser realizado no m\u00e1ximo at\u00e9 o dia 04\/11\/2024.Ap\u00f3s realizar o pagamento envie o comprovante pelo formul\u00e1rio de confirma\u00e7\u00e3o.\u00a0 Enviar Comprovante de Pagamento do Jantar Menu Entradas: P\u00e3o de queijo, polenta frita, cora\u00e7\u00e3o de frango e lingui\u00e7a fatiada. Mesa de Saladas: Buffet de saladas completo, com mais de 40 op\u00e7\u00f5es que re\u00fane sele\u00e7\u00e3o de molhos, verduras, legumes, p\u00e3es e frios. Entre eles: queijos, presunto Parma, palmito, fundo de alcachofra, aspargo natural, tomate seco, berinjela agridoce, legumes grelhados, saladas primavera, caesar e caprese, quinoa com gr\u00e3o de bico, arroz negro com gorgonzola, mix de gr\u00e3os, mu\u00e7arela de b\u00fafala, shimeji, shitake, feij\u00e3o mexido, arroz carreteiro, maionese de batata, maionese de ovos, fil\u00e9 de salm\u00e3o e surubim defumados. Acompanhamentos: Arroz branco, arroz biro biro, arroz carreteiro, cebola \u00e0 dor\u00ea, an\u00e9is de cebola, batata country, batata chips, batata frita, polenta frita, farofa de ovos, banana, mu\u00e7arela assada e mandioca. Ser\u00e3o servidos 3 cortes no sistema de rod\u00edzio dos seguintes cortes:Fraldinha; Alcatra e Costela Premium e Frango como op\u00e7\u00e3o de carne branca. Sobremesas: Cremes de papaia ou manga ou morango, pudim, petit gateau de chocolate, sorvete, cr\u00e8me br\u00fbl\u00e9e, cocada de tabuleiro e frutas. (Uma por pessoa). \u00a0 \u00a0 \u00a0 \u00a0 \u00a0 \u00a0 \u00a0 \u00a0 \u00a0 \u00a0 \u00a0 \u00a0 \u00a0 \u00a0 \u00a0 Bebidas: Tr\u00eas horas de bebidas incluindo \u00e1gua, sucos naturais e refrigerantes.\u00a0Demais bebidas dever\u00e3o ser pagas pelo participante no local do jantar.\u00a0<\/p>\n","protected":false},"author":13,"featured_media":0,"parent":0,"menu_order":0,"comment_status":"closed","ping_status":"closed","template":"elementor_header_footer","meta":{"footnotes":""},"class_list":["post-4915","page","type-page","status-publish","hentry"],"_links":{"self":[{"href":"https:\/\/cbie.sbc.org.br\/2024\/wp-json\/wp\/v2\/pages\/4915","targetHints":{"allow":["GET"]}}],"collection":[{"href":"https:\/\/cbie.sbc.org.br\/2024\/wp-json\/wp\/v2\/pages"}],"about":[{"href":"https:\/\/cbie.sbc.org.br\/2024\/wp-json\/wp\/v2\/types\/page"}],"author":[{"embeddable":true,"href":"https:\/\/cbie.sbc.org.br\/2024\/wp-json\/wp\/v2\/users\/13"}],"replies":[{"embeddable":true,"href":"https:\/\/cbie.sbc.org.br\/2024\/wp-json\/wp\/v2\/comments?post=4915"}],"version-history":[{"count":7,"href":"https:\/\/cbie.sbc.org.br\/2024\/wp-json\/wp\/v2\/pages\/4915\/revisions"}],"predecessor-version":[{"id":4927,"href":"https:\/\/cbie.sbc.org.br\/2024\/wp-json\/wp\/v2\/pages\/4915\/revisions\/4927"}],"wp:attachment":[{"href":"https:\/\/cbie.sbc.org.br\/2024\/wp-json\/wp\/v2\/media?parent=4915"}],"curies":[{"name":"wp","href":"https:\/\/api.w.org\/{rel}","templated":true}]}}