{"id":4910,"date":"2024-10-11T01:37:07","date_gmt":"2024-10-11T04:37:07","guid":{"rendered":"https:\/\/cbie.sbc.org.br\/2024\/?page_id=4910"},"modified":"2024-10-14T19:17:00","modified_gmt":"2024-10-14T22:17:00","slug":"programacao-espaco-de-criatividade","status":"publish","type":"page","link":"https:\/\/cbie.sbc.org.br\/2024\/programacao-espaco-de-criatividade\/","title":{"rendered":"Programa\u00e7\u00e3o Espa\u00e7o de Criatividade"},"content":{"rendered":"\t\t<div data-elementor-type=\"wp-page\" data-elementor-id=\"4910\" class=\"elementor elementor-4910\">\n\t\t\t\t<div class=\"elementor-element elementor-element-9f60275 e-flex e-con-boxed wpr-particle-no wpr-jarallax-no wpr-parallax-no wpr-sticky-section-no wpr-equal-height-no e-con e-parent\" data-id=\"9f60275\" data-element_type=\"container\" data-e-type=\"container\">\n\t\t\t\t\t<div class=\"e-con-inner\">\n\t\t\t\t<div class=\"elementor-element elementor-element-e5c041c elementor-widget elementor-widget-spacer\" data-id=\"e5c041c\" data-element_type=\"widget\" data-e-type=\"widget\" data-widget_type=\"spacer.default\">\n\t\t\t\t<div class=\"elementor-widget-container\">\n\t\t\t\t\t\t\t<div class=\"elementor-spacer\">\n\t\t\t<div class=\"elementor-spacer-inner\"><\/div>\n\t\t<\/div>\n\t\t\t\t\t\t<\/div>\n\t\t\t\t<\/div>\n\t\t\t\t<div class=\"elementor-element elementor-element-e73deb3 elementor-widget__width-initial elementor-widget elementor-widget-heading\" data-id=\"e73deb3\" data-element_type=\"widget\" data-e-type=\"widget\" data-widget_type=\"heading.default\">\n\t\t\t\t<div class=\"elementor-widget-container\">\n\t\t\t\t\t<h3 class=\"elementor-heading-title elementor-size-default\">Programa\u00e7\u00e3o - 05\/11<\/h3>\t\t\t\t<\/div>\n\t\t\t\t<\/div>\n\t\t\t\t<div class=\"elementor-element elementor-element-fdaec32 elementor-widget__width-initial elementor-widget elementor-widget-text-editor\" data-id=\"fdaec32\" data-element_type=\"widget\" data-e-type=\"widget\" data-widget_type=\"text-editor.default\">\n\t\t\t\t<div class=\"elementor-widget-container\">\n\t\t\t\t\t\t\t\t\t<p><strong>09:30 \u00e0s 10:30<\/strong><br \/><strong>ATV1:<\/strong> Roda de conversa sobre as tecnologias digitais e suas fun\u00e7\u00f5es na sala de aula para alunos com defici\u00eancia visual<br \/><strong>P\u00fablico-alvo:<\/strong> Alunos do 5\u00b0 ano do ensino fundamental I (501\/502), professores da Educa\u00e7\u00e3o B\u00e1sica e participantes do CBIE 2024<br \/><strong>Respons\u00e1vel:<\/strong> Cristiane de Jesus Almeida dos Santos &#8211; Professora do Ensino Fundamental I (IBC)<\/p><p><strong>10:30 \u00e0s 12:00<\/strong><br \/><strong>ATV2:<\/strong> Oficina Lego Braille<br \/><strong>P\u00fablico-alvo:<\/strong> Alunos da Educa\u00e7\u00e3o Infantil com Baixa Vis\u00e3o da Professora Juliane IBC, professores da Educa\u00e7\u00e3o B\u00e1sica e participantes do CBIE 2024<br \/><strong>Respons\u00e1vel:<\/strong> Dda. Kelly Cristina Martins (UFF)<\/p><p><strong>14:30 \u00e0s 15:30<\/strong><br \/><strong>ATV3:<\/strong> Atividades pr\u00e1ticas para o desenvolvimento de alunos p\u00fablico-alvo da Educa\u00e7\u00e3o Especial usando o Pensamento Computacional<br \/><strong>P\u00fablico-alvo:<\/strong> professores da Educa\u00e7\u00e3o B\u00e1sica e participantes do CBIE 2024<br \/><strong>Respons\u00e1vel:<\/strong> Dra. Claudiane Figueiredo Ribeiro (FAETEC Itabora\u00ed)<\/p><p><strong>15:30 \u00e0s 16:30<\/strong><br \/><strong>ATV4:<\/strong> Exposi\u00e7\u00e3o de Materiais Pedag\u00f3gicos Especializados para alunos com Defici\u00eancia Visual<br \/><strong>P\u00fablico-alvo:<\/strong> professores da Educa\u00e7\u00e3o B\u00e1sica e participantes do CBIE 2024<br \/><strong>Respons\u00e1veis:<\/strong> Professoras Elaine Luiz de Carvalho e Elisabeth Ferreira (IBC)<\/p><p><strong>15:30 \u00e0s 16:30<\/strong><br \/><strong>ATV5:<\/strong> Exposi\u00e7\u00e3o de Livros T\u00e1teis para Crian\u00e7as com Defici\u00eancia Visual<br \/><strong>P\u00fablico-alvo:<\/strong> Professores da Educa\u00e7\u00e3o B\u00e1sica e participantes do CBIE 2024<br \/><strong>Respons\u00e1veis:<\/strong> Professoras Cristina Silva Ribeiro de Souza e Lisania Cardoso (IBC)<\/p><p><strong>17:15 \u00e0s 18:00<\/strong><br \/><strong>ATV6:<\/strong> Relato de Experi\u00eancias: Comunidade dos alunos com Defici\u00eancia Visual do CEDERJ<br \/>P\u00fablico-alvo: Professores da Educa\u00e7\u00e3o B\u00e1sica e participantes do CBIE 2024<br \/><strong>Respons\u00e1veis:<\/strong> Fernanda Duarte, Henrique Elias do Nascimento, Lethicia Grey, Lucas Nolasco e Roberta Cristina Amorim (CEDERJ)<br \/><strong>Media\u00e7\u00e3o:<\/strong> Dra. Luciana Perdig\u00e3o (Coordenadora N\u00facleo de Acessibilidade e Inclus\u00e3o (NAI) &#8211; Funda\u00e7\u00e3o CECIERJ)<\/p>\t\t\t\t\t\t\t\t<\/div>\n\t\t\t\t<\/div>\n\t\t\t\t\t<\/div>\n\t\t\t\t<\/div>\n\t\t\t\t<\/div>\n\t\t","protected":false},"excerpt":{"rendered":"<p>Programa\u00e7\u00e3o &#8211; 05\/11 09:30 \u00e0s 10:30ATV1: Roda de conversa sobre as tecnologias digitais e suas fun\u00e7\u00f5es na sala de aula para alunos com defici\u00eancia visualP\u00fablico-alvo: Alunos do 5\u00b0 ano do ensino fundamental I (501\/502), professores da Educa\u00e7\u00e3o B\u00e1sica e participantes do CBIE 2024Respons\u00e1vel: Cristiane de Jesus Almeida dos Santos &#8211; Professora do Ensino Fundamental I (IBC) 10:30 \u00e0s 12:00ATV2: Oficina Lego BrailleP\u00fablico-alvo: Alunos da Educa\u00e7\u00e3o Infantil com Baixa Vis\u00e3o da Professora Juliane IBC, professores da Educa\u00e7\u00e3o B\u00e1sica e participantes do CBIE 2024Respons\u00e1vel: Dda. Kelly Cristina Martins (UFF) 14:30 \u00e0s 15:30ATV3: Atividades pr\u00e1ticas para o desenvolvimento de alunos p\u00fablico-alvo da Educa\u00e7\u00e3o Especial usando o Pensamento ComputacionalP\u00fablico-alvo: professores da Educa\u00e7\u00e3o B\u00e1sica e participantes do CBIE 2024Respons\u00e1vel: Dra. Claudiane Figueiredo Ribeiro (FAETEC Itabora\u00ed) 15:30 \u00e0s 16:30ATV4: Exposi\u00e7\u00e3o de Materiais Pedag\u00f3gicos Especializados para alunos com Defici\u00eancia VisualP\u00fablico-alvo: professores da Educa\u00e7\u00e3o B\u00e1sica e participantes do CBIE 2024Respons\u00e1veis: Professoras Elaine Luiz de Carvalho e Elisabeth Ferreira (IBC) 15:30 \u00e0s 16:30ATV5: Exposi\u00e7\u00e3o de Livros T\u00e1teis para Crian\u00e7as com Defici\u00eancia VisualP\u00fablico-alvo: Professores da Educa\u00e7\u00e3o B\u00e1sica e participantes do CBIE 2024Respons\u00e1veis: Professoras Cristina Silva Ribeiro de Souza e Lisania Cardoso (IBC) 17:15 \u00e0s 18:00ATV6: Relato de Experi\u00eancias: Comunidade dos alunos com Defici\u00eancia Visual do CEDERJP\u00fablico-alvo: Professores da Educa\u00e7\u00e3o B\u00e1sica e participantes do CBIE 2024Respons\u00e1veis: Fernanda Duarte, Henrique Elias do Nascimento, Lethicia Grey, Lucas Nolasco e Roberta Cristina Amorim (CEDERJ)Media\u00e7\u00e3o: Dra. Luciana Perdig\u00e3o (Coordenadora N\u00facleo de Acessibilidade e Inclus\u00e3o (NAI) &#8211; Funda\u00e7\u00e3o CECIERJ)<\/p>\n","protected":false},"author":13,"featured_media":0,"parent":0,"menu_order":0,"comment_status":"closed","ping_status":"closed","template":"elementor_header_footer","meta":{"footnotes":""},"class_list":["post-4910","page","type-page","status-publish","hentry"],"_links":{"self":[{"href":"https:\/\/cbie.sbc.org.br\/2024\/wp-json\/wp\/v2\/pages\/4910","targetHints":{"allow":["GET"]}}],"collection":[{"href":"https:\/\/cbie.sbc.org.br\/2024\/wp-json\/wp\/v2\/pages"}],"about":[{"href":"https:\/\/cbie.sbc.org.br\/2024\/wp-json\/wp\/v2\/types\/page"}],"author":[{"embeddable":true,"href":"https:\/\/cbie.sbc.org.br\/2024\/wp-json\/wp\/v2\/users\/13"}],"replies":[{"embeddable":true,"href":"https:\/\/cbie.sbc.org.br\/2024\/wp-json\/wp\/v2\/comments?post=4910"}],"version-history":[{"count":10,"href":"https:\/\/cbie.sbc.org.br\/2024\/wp-json\/wp\/v2\/pages\/4910\/revisions"}],"predecessor-version":[{"id":4966,"href":"https:\/\/cbie.sbc.org.br\/2024\/wp-json\/wp\/v2\/pages\/4910\/revisions\/4966"}],"wp:attachment":[{"href":"https:\/\/cbie.sbc.org.br\/2024\/wp-json\/wp\/v2\/media?parent=4910"}],"curies":[{"name":"wp","href":"https:\/\/api.w.org\/{rel}","templated":true}]}}