{"id":4856,"date":"2024-09-26T15:01:32","date_gmt":"2024-09-26T18:01:32","guid":{"rendered":"https:\/\/cbie.sbc.org.br\/2024\/?page_id=4856"},"modified":"2024-09-26T15:04:57","modified_gmt":"2024-09-26T18:04:57","slug":"orientacoes-para-apresentacoes","status":"publish","type":"page","link":"https:\/\/cbie.sbc.org.br\/2024\/orientacoes-para-apresentacoes\/","title":{"rendered":"Orienta\u00e7\u00f5es para apresenta\u00e7\u00f5es"},"content":{"rendered":"\t\t<div data-elementor-type=\"wp-page\" data-elementor-id=\"4856\" class=\"elementor elementor-4856\">\n\t\t\t\t<div class=\"elementor-element elementor-element-da730de e-flex e-con-boxed wpr-particle-no wpr-jarallax-no wpr-parallax-no wpr-sticky-section-no e-con e-parent\" data-id=\"da730de\" data-element_type=\"container\" data-e-type=\"container\">\n\t\t\t\t\t<div class=\"e-con-inner\">\n\t\t\t\t<div class=\"elementor-element elementor-element-46ad629 elementor-widget elementor-widget-spacer\" data-id=\"46ad629\" data-element_type=\"widget\" data-e-type=\"widget\" data-widget_type=\"spacer.default\">\n\t\t\t\t<div class=\"elementor-widget-container\">\n\t\t\t\t\t\t\t<div class=\"elementor-spacer\">\n\t\t\t<div class=\"elementor-spacer-inner\"><\/div>\n\t\t<\/div>\n\t\t\t\t\t\t<\/div>\n\t\t\t\t<\/div>\n\t\t\t\t<div class=\"elementor-element elementor-element-ca281c5 elementor-widget elementor-widget-heading\" data-id=\"ca281c5\" data-element_type=\"widget\" data-e-type=\"widget\" data-widget_type=\"heading.default\">\n\t\t\t\t<div class=\"elementor-widget-container\">\n\t\t\t\t\t<h2 class=\"elementor-heading-title elementor-size-default\">Orienta\u00e7\u00f5es para apresenta\u00e7\u00f5es<\/h2>\t\t\t\t<\/div>\n\t\t\t\t<\/div>\n\t\t\t\t<div class=\"elementor-element elementor-element-b24463e elementor-widget elementor-widget-heading\" data-id=\"b24463e\" data-element_type=\"widget\" data-e-type=\"widget\" data-widget_type=\"heading.default\">\n\t\t\t\t<div class=\"elementor-widget-container\">\n\t\t\t\t\t<h3 class=\"elementor-heading-title elementor-size-default\">Template<\/h3>\t\t\t\t<\/div>\n\t\t\t\t<\/div>\n\t\t\t\t<div class=\"elementor-element elementor-element-fb1b8ed elementor-widget elementor-widget-text-editor\" data-id=\"fb1b8ed\" data-element_type=\"widget\" data-e-type=\"widget\" data-widget_type=\"text-editor.default\">\n\t\t\t\t<div class=\"elementor-widget-container\">\n\t\t\t\t\t\t\t\t\t<p class=\"lead\">Disponibilizamos\u00a0<a href=\"https:\/\/docs.google.com\/presentation\/d\/1yiBdpDRVORPZgZcrxfKFw_kLLX4xCC35\/edit?usp=sharing&amp;ouid=104078460386297751126&amp;rtpof=true&amp;sd=true\" target=\"_blank\" rel=\"noopener\">um modelo edit\u00e1vel de slides<\/a> que poder\u00e1 ser usado nas apresenta\u00e7\u00f5es. O uso do modelo \u00e9 facultativo.<\/p>\t\t\t\t\t\t\t\t<\/div>\n\t\t\t\t<\/div>\n\t\t\t\t<div class=\"elementor-element elementor-element-5163435 elementor-widget elementor-widget-heading\" data-id=\"5163435\" data-element_type=\"widget\" data-e-type=\"widget\" data-widget_type=\"heading.default\">\n\t\t\t\t<div class=\"elementor-widget-container\">\n\t\t\t\t\t<h3 class=\"elementor-heading-title elementor-size-default\">Orienta\u00e7\u00f5es para acessibilidade digital<\/h3>\t\t\t\t<\/div>\n\t\t\t\t<\/div>\n\t\t\t\t<div class=\"elementor-element elementor-element-b584dcc elementor-widget elementor-widget-text-editor\" data-id=\"b584dcc\" data-element_type=\"widget\" data-e-type=\"widget\" data-widget_type=\"text-editor.default\">\n\t\t\t\t<div class=\"elementor-widget-container\">\n\t\t\t\t\t\t\t\t\t<p class=\"lead\">Disponibilizamos um material com orienta\u00e7\u00f5es para ajudar a construir uma apresenta\u00e7\u00e3o inclusiva\u00a0<a href=\"https:\/\/docs.google.com\/document\/d\/1wne-e_ir0OvBAZxPe0KvlzsXg_a6iKLj\/edit?usp=sharing&amp;ouid=104078460386297751126&amp;rtpof=true&amp;sd=true\" target=\"_blank\" rel=\"noopener\">dispon\u00edvel aqui<\/a>!<\/p><p class=\"lead\"><strong>Importante!<\/strong>: Lembramos que pelo menos uma pessoa autora deve apresentar o artigo\/resumo durante o evento. Contamos com sua presen\u00e7a no evento!<\/p>\t\t\t\t\t\t\t\t<\/div>\n\t\t\t\t<\/div>\n\t\t\t\t\t<\/div>\n\t\t\t\t<\/div>\n\t\t\t\t<\/div>\n\t\t","protected":false},"excerpt":{"rendered":"<p>Orienta\u00e7\u00f5es para apresenta\u00e7\u00f5es Template Disponibilizamos\u00a0um modelo edit\u00e1vel de slides que poder\u00e1 ser usado nas apresenta\u00e7\u00f5es. O uso do modelo \u00e9 facultativo. Orienta\u00e7\u00f5es para acessibilidade digital Disponibilizamos um material com orienta\u00e7\u00f5es para ajudar a construir uma apresenta\u00e7\u00e3o inclusiva\u00a0dispon\u00edvel aqui! Importante!: Lembramos que pelo menos uma pessoa autora deve apresentar o artigo\/resumo durante o evento. Contamos com sua presen\u00e7a no evento!<\/p>\n","protected":false},"author":13,"featured_media":0,"parent":0,"menu_order":0,"comment_status":"closed","ping_status":"closed","template":"elementor_header_footer","meta":{"footnotes":""},"class_list":["post-4856","page","type-page","status-publish","hentry"],"_links":{"self":[{"href":"https:\/\/cbie.sbc.org.br\/2024\/wp-json\/wp\/v2\/pages\/4856","targetHints":{"allow":["GET"]}}],"collection":[{"href":"https:\/\/cbie.sbc.org.br\/2024\/wp-json\/wp\/v2\/pages"}],"about":[{"href":"https:\/\/cbie.sbc.org.br\/2024\/wp-json\/wp\/v2\/types\/page"}],"author":[{"embeddable":true,"href":"https:\/\/cbie.sbc.org.br\/2024\/wp-json\/wp\/v2\/users\/13"}],"replies":[{"embeddable":true,"href":"https:\/\/cbie.sbc.org.br\/2024\/wp-json\/wp\/v2\/comments?post=4856"}],"version-history":[{"count":4,"href":"https:\/\/cbie.sbc.org.br\/2024\/wp-json\/wp\/v2\/pages\/4856\/revisions"}],"predecessor-version":[{"id":4860,"href":"https:\/\/cbie.sbc.org.br\/2024\/wp-json\/wp\/v2\/pages\/4856\/revisions\/4860"}],"wp:attachment":[{"href":"https:\/\/cbie.sbc.org.br\/2024\/wp-json\/wp\/v2\/media?parent=4856"}],"curies":[{"name":"wp","href":"https:\/\/api.w.org\/{rel}","templated":true}]}}