{"id":4385,"date":"2024-07-15T16:17:22","date_gmt":"2024-07-15T19:17:22","guid":{"rendered":"https:\/\/cbie.sbc.org.br\/2024\/?page_id=4385"},"modified":"2024-10-23T20:26:38","modified_gmt":"2024-10-23T23:26:38","slug":"ppdie","status":"publish","type":"page","link":"https:\/\/cbie.sbc.org.br\/2024\/ppdie\/","title":{"rendered":"PPDIE"},"content":{"rendered":"\t\t<div data-elementor-type=\"wp-page\" data-elementor-id=\"4385\" class=\"elementor elementor-4385\">\n\t\t\t\t<div class=\"elementor-element elementor-element-4a3986a e-flex e-con-boxed wpr-particle-no wpr-jarallax-no wpr-parallax-no wpr-sticky-section-no wpr-equal-height-no e-con e-parent\" data-id=\"4a3986a\" data-element_type=\"container\" data-e-type=\"container\" data-settings=\"{&quot;background_background&quot;:&quot;classic&quot;}\">\n\t\t\t\t\t<div class=\"e-con-inner\">\n\t\t\t\t<div class=\"elementor-element elementor-element-6dd374a elementor-widget__width-initial elementor-widget elementor-widget-heading\" data-id=\"6dd374a\" data-element_type=\"widget\" data-e-type=\"widget\" data-widget_type=\"heading.default\">\n\t\t\t\t<div class=\"elementor-widget-container\">\n\t\t\t\t\t<h2 class=\"elementor-heading-title elementor-size-default\">PPDIE<\/h2>\t\t\t\t<\/div>\n\t\t\t\t<\/div>\n\t\t\t\t\t<\/div>\n\t\t\t\t<\/div>\n\t\t<div class=\"elementor-element elementor-element-eb93d65 e-flex e-con-boxed wpr-particle-no wpr-jarallax-no wpr-parallax-no wpr-sticky-section-no wpr-equal-height-no e-con e-parent\" data-id=\"eb93d65\" data-element_type=\"container\" data-e-type=\"container\">\n\t\t\t\t\t<div class=\"e-con-inner\">\n\t\t\t\t<div class=\"elementor-element elementor-element-035d544 elementor-widget elementor-widget-text-editor\" data-id=\"035d544\" data-element_type=\"widget\" data-e-type=\"widget\" data-widget_type=\"text-editor.default\">\n\t\t\t\t<div class=\"elementor-widget-container\">\n\t\t\t\t\t\t\t\t\t<p><span id=\"docs-internal-guid-6f0f81e0-7fff-61a0-2a4f-b9a2eed80cb6\"><span style=\"font-size: 11pt; font-family: Arial, sans-serif; font-variant-ligatures: normal; font-variant-alternates: normal; font-variant-numeric: normal; font-variant-east-asian: normal; font-variant-position: normal; vertical-align: baseline; white-space: pre-wrap;\">O <strong>Painel de Pol\u00edticas e Diretrizes em Inform\u00e1tica na Educa\u00e7\u00e3o (PPDIE)<\/strong> visa combinar ensino e pesquisa em Inform\u00e1tica na Educa\u00e7\u00e3o, pol\u00edticas em educa\u00e7\u00e3o apoiadas por sistemas de informa\u00e7\u00e3o, transfer\u00eancia de tecnologia educacional, modelos de colabora\u00e7\u00e3o da ind\u00fastria\/mercado e academia, educa\u00e7\u00e3o e treinamento para pr\u00e1ticas do mundo real, modelos de treinamento na ind\u00fastria com apoio de tecnologia e avalia\u00e7\u00f5es da utiliza\u00e7\u00e3o da Inform\u00e1tica na Educa\u00e7\u00e3o. Espera-se com PPDIE constituir um espa\u00e7o no CBIE para discuss\u00e3o e reflex\u00e3o sobre pol\u00edticas p\u00fablicas pela melhoria da educa\u00e7\u00e3o, incluindo aspectos como a defini\u00e7\u00e3o, o acompanhamento, a implanta\u00e7\u00e3o e a valida\u00e7\u00e3o das pol\u00edticas implantadas. O PPDIE \u00e9 composto por membros da comunidade cient\u00edfica, representantes governamentais e empres\u00e1rios de destaque em Inform\u00e1tica na Educa\u00e7\u00e3o.<\/span><\/span><\/p><p><span style=\"font-size: 11pt; font-family: Arial, sans-serif; font-variant-ligatures: normal; font-variant-alternates: normal; font-variant-numeric: normal; font-variant-east-asian: normal; font-variant-position: normal; vertical-align: baseline; white-space: pre-wrap;\">Em 2024, o painel ter\u00e1 o tema <strong>&#8220;Inova\u00e7\u00f5es no PNLD: perspectivas para livros e materiais digitais&#8221;<\/strong> e ser\u00e1 composto por<\/span><\/p><p style=\"font-weight: 400;\">Painelistas:<\/p><ul><li style=\"font-weight: 400;\">Nadja Cezar Ianzer Rodrigues (Coordenadora-Geral dos Programas do Livro\/FNDE e Secret\u00e1ria-Executivo do Plano Nacional do Livro e Leitura)<\/li><li style=\"font-weight: 400;\">Raphaella Rosinha Cantarino (Coordenadora-Geral de Materiais Did\u00e1ticos\/MEC)<\/li><\/ul><p style=\"font-weight: 400;\">Mediador: Rafael Dias Ara\u00fajo (UFU)<\/p><p style=\"font-weight: 400;\"><span id=\"docs-internal-guid-40a6fdd2-7fff-5496-bb03-71799abdfcc4\"><span style=\"font-size: 11pt; font-family: Arial, sans-serif; font-variant-ligatures: normal; font-variant-alternates: normal; font-variant-numeric: normal; font-variant-east-asian: normal; font-variant-position: normal; vertical-align: baseline; white-space: pre-wrap;\">Quinta-feira, 07\/11\/2024<\/span><span style=\"font-size: 11pt; font-family: Arial, sans-serif; font-variant-ligatures: normal; font-variant-alternates: normal; font-variant-numeric: normal; font-variant-east-asian: normal; font-variant-position: normal; vertical-align: baseline; white-space: pre-wrap;\">, 17h00 \u00e0s 18h00<\/span><\/span><\/p>\t\t\t\t\t\t\t\t<\/div>\n\t\t\t\t<\/div>\n\t\t\t\t\t<\/div>\n\t\t\t\t<\/div>\n\t\t\t\t<\/div>\n\t\t","protected":false},"excerpt":{"rendered":"<p>PPDIE O Painel de Pol\u00edticas e Diretrizes em Inform\u00e1tica na Educa\u00e7\u00e3o (PPDIE) visa combinar ensino e pesquisa em Inform\u00e1tica na Educa\u00e7\u00e3o, pol\u00edticas em educa\u00e7\u00e3o apoiadas por sistemas de informa\u00e7\u00e3o, transfer\u00eancia de tecnologia educacional, modelos de colabora\u00e7\u00e3o da ind\u00fastria\/mercado e academia, educa\u00e7\u00e3o e treinamento para pr\u00e1ticas do mundo real, modelos de treinamento na ind\u00fastria com apoio de tecnologia e avalia\u00e7\u00f5es da utiliza\u00e7\u00e3o da Inform\u00e1tica na Educa\u00e7\u00e3o. Espera-se com PPDIE constituir um espa\u00e7o no CBIE para discuss\u00e3o e reflex\u00e3o sobre pol\u00edticas p\u00fablicas pela melhoria da educa\u00e7\u00e3o, incluindo aspectos como a defini\u00e7\u00e3o, o acompanhamento, a implanta\u00e7\u00e3o e a valida\u00e7\u00e3o das pol\u00edticas implantadas. O PPDIE \u00e9 composto por membros da comunidade cient\u00edfica, representantes governamentais e empres\u00e1rios de destaque em Inform\u00e1tica na Educa\u00e7\u00e3o. Em 2024, o painel ter\u00e1 o tema &#8220;Inova\u00e7\u00f5es no PNLD: perspectivas para livros e materiais digitais&#8221; e ser\u00e1 composto por Painelistas: Nadja Cezar Ianzer Rodrigues (Coordenadora-Geral dos Programas do Livro\/FNDE e Secret\u00e1ria-Executivo do Plano Nacional do Livro e Leitura) Raphaella Rosinha Cantarino (Coordenadora-Geral de Materiais Did\u00e1ticos\/MEC) Mediador: Rafael Dias Ara\u00fajo (UFU) Quinta-feira, 07\/11\/2024, 17h00 \u00e0s 18h00<\/p>\n","protected":false},"author":8,"featured_media":0,"parent":0,"menu_order":0,"comment_status":"closed","ping_status":"closed","template":"elementor_header_footer","meta":{"footnotes":""},"class_list":["post-4385","page","type-page","status-publish","hentry"],"_links":{"self":[{"href":"https:\/\/cbie.sbc.org.br\/2024\/wp-json\/wp\/v2\/pages\/4385","targetHints":{"allow":["GET"]}}],"collection":[{"href":"https:\/\/cbie.sbc.org.br\/2024\/wp-json\/wp\/v2\/pages"}],"about":[{"href":"https:\/\/cbie.sbc.org.br\/2024\/wp-json\/wp\/v2\/types\/page"}],"author":[{"embeddable":true,"href":"https:\/\/cbie.sbc.org.br\/2024\/wp-json\/wp\/v2\/users\/8"}],"replies":[{"embeddable":true,"href":"https:\/\/cbie.sbc.org.br\/2024\/wp-json\/wp\/v2\/comments?post=4385"}],"version-history":[{"count":17,"href":"https:\/\/cbie.sbc.org.br\/2024\/wp-json\/wp\/v2\/pages\/4385\/revisions"}],"predecessor-version":[{"id":5227,"href":"https:\/\/cbie.sbc.org.br\/2024\/wp-json\/wp\/v2\/pages\/4385\/revisions\/5227"}],"wp:attachment":[{"href":"https:\/\/cbie.sbc.org.br\/2024\/wp-json\/wp\/v2\/media?parent=4385"}],"curies":[{"name":"wp","href":"https:\/\/api.w.org\/{rel}","templated":true}]}}