{"id":4370,"date":"2024-07-15T16:12:20","date_gmt":"2024-07-15T19:12:20","guid":{"rendered":"https:\/\/cbie.sbc.org.br\/2024\/?page_id=4370"},"modified":"2024-10-14T19:16:55","modified_gmt":"2024-10-14T22:16:55","slug":"espaco-de-criatividade","status":"publish","type":"page","link":"https:\/\/cbie.sbc.org.br\/2024\/espaco-de-criatividade\/","title":{"rendered":"Espa\u00e7o de Criatividade"},"content":{"rendered":"\t\t<div data-elementor-type=\"wp-page\" data-elementor-id=\"4370\" class=\"elementor elementor-4370\">\n\t\t\t\t<div class=\"elementor-element elementor-element-4a3986a e-flex e-con-boxed wpr-particle-no wpr-jarallax-no wpr-parallax-no wpr-sticky-section-no wpr-equal-height-no e-con e-parent\" data-id=\"4a3986a\" data-element_type=\"container\" data-e-type=\"container\" data-settings=\"{&quot;background_background&quot;:&quot;classic&quot;}\">\n\t\t\t\t\t<div class=\"e-con-inner\">\n\t\t\t\t<div class=\"elementor-element elementor-element-6dd374a elementor-widget__width-initial elementor-widget elementor-widget-heading\" data-id=\"6dd374a\" data-element_type=\"widget\" data-e-type=\"widget\" data-widget_type=\"heading.default\">\n\t\t\t\t<div class=\"elementor-widget-container\">\n\t\t\t\t\t<h2 class=\"elementor-heading-title elementor-size-default\">Espa\u00e7o de Criatividade<\/h2>\t\t\t\t<\/div>\n\t\t\t\t<\/div>\n\t\t\t\t\t<\/div>\n\t\t\t\t<\/div>\n\t\t<div class=\"elementor-element elementor-element-eb93d65 e-flex e-con-boxed wpr-particle-no wpr-jarallax-no wpr-parallax-no wpr-sticky-section-no wpr-equal-height-no e-con e-parent\" data-id=\"eb93d65\" data-element_type=\"container\" data-e-type=\"container\">\n\t\t\t\t\t<div class=\"e-con-inner\">\n\t\t\t\t<div class=\"elementor-element elementor-element-ff8ead1 elementor-widget__width-initial elementor-widget elementor-widget-heading\" data-id=\"ff8ead1\" data-element_type=\"widget\" data-e-type=\"widget\" data-widget_type=\"heading.default\">\n\t\t\t\t<div class=\"elementor-widget-container\">\n\t\t\t\t\t<h3 class=\"elementor-heading-title elementor-size-default\">Apresenta\u00e7\u00e3o de Objetivos<\/h3>\t\t\t\t<\/div>\n\t\t\t\t<\/div>\n\t\t\t\t<div class=\"elementor-element elementor-element-6bbf3d1 elementor-widget__width-initial elementor-widget elementor-widget-text-editor\" data-id=\"6bbf3d1\" data-element_type=\"widget\" data-e-type=\"widget\" data-widget_type=\"text-editor.default\">\n\t\t\t\t<div class=\"elementor-widget-container\">\n\t\t\t\t\t\t\t\t\t<p>O Espa\u00e7o visa apresentar para o p\u00fablico alvo, a discuss\u00e3o e reflex\u00e3o de pr\u00e1ticas inclusivas, exitosas e inovadoras, por meio de estrat\u00e9gias, materiais e novas formas de ensinar e aprender, com enfoque no novo contexto da Educa\u00e7\u00e3o B\u00e1sica, promovendo um ambiente interativo entre os participantes.<\/p>\t\t\t\t\t\t\t\t<\/div>\n\t\t\t\t<\/div>\n\t\t\t\t<div class=\"elementor-element elementor-element-7904b04 elementor-widget__width-initial elementor-widget elementor-widget-heading\" data-id=\"7904b04\" data-element_type=\"widget\" data-e-type=\"widget\" data-widget_type=\"heading.default\">\n\t\t\t\t<div class=\"elementor-widget-container\">\n\t\t\t\t\t<h3 class=\"elementor-heading-title elementor-size-default\">Justificativa<\/h3>\t\t\t\t<\/div>\n\t\t\t\t<\/div>\n\t\t\t\t<div class=\"elementor-element elementor-element-37bee7d elementor-widget__width-initial elementor-widget elementor-widget-text-editor\" data-id=\"37bee7d\" data-element_type=\"widget\" data-e-type=\"widget\" data-widget_type=\"text-editor.default\">\n\t\t\t\t<div class=\"elementor-widget-container\">\n\t\t\t\t\t\t\t\t\t<p>A estrutura curricular brasileira na Educa\u00e7\u00e3o B\u00e1sica (BNCC) contempla atividades voltadas para o ensino de experimenta\u00e7\u00e3o e criatividade por meio de abordagens DIY (do it yourself), m\u00e3os na massa. Compreende-se, nesse novo contexto educacional, a import\u00e2ncia dessas metodologias de aprendizagem propondo o espa\u00e7o de criatividade, que apresenta iniciativas e reflex\u00f5es com experimentos e qualidade, visando o aprender fazendo com criatividade e inova\u00e7\u00e3o a serem remixados em sala de aula. Este ano, com o tema do CBIE 2024 \u201cO papel das tecnologias digitais na Educa\u00e7\u00e3o Inclusiva\u201d, o Espa\u00e7o Criatividade enfatizar\u00e1 o uso e aplica\u00e7\u00e3o dos recursos tecnol\u00f3gicos na educa\u00e7\u00e3o com enfase na educa\u00e7\u00e3o inclusiva.<\/p>\t\t\t\t\t\t\t\t<\/div>\n\t\t\t\t<\/div>\n\t\t\t\t<div class=\"elementor-element elementor-element-fac5afa elementor-widget__width-initial elementor-widget elementor-widget-heading\" data-id=\"fac5afa\" data-element_type=\"widget\" data-e-type=\"widget\" data-widget_type=\"heading.default\">\n\t\t\t\t<div class=\"elementor-widget-container\">\n\t\t\t\t\t<h3 class=\"elementor-heading-title elementor-size-default\">P\u00fablico-alvo<\/h3>\t\t\t\t<\/div>\n\t\t\t\t<\/div>\n\t\t\t\t<div class=\"elementor-element elementor-element-8668a4c elementor-widget__width-initial elementor-widget elementor-widget-text-editor\" data-id=\"8668a4c\" data-element_type=\"widget\" data-e-type=\"widget\" data-widget_type=\"text-editor.default\">\n\t\t\t\t<div class=\"elementor-widget-container\">\n\t\t\t\t\t\t\t\t\t<p>Comunidade cient\u00edfica, professores, t\u00e9cnicos, acad\u00eamicos\/pesquisadores, estudantes e interessados na \u00e1rea.<br \/>Profissionais\/empresas das \u00e1reas de empreendedorismo, inova\u00e7\u00e3o, ci\u00eancia e tecnologia na educa\u00e7\u00e3o.<\/p>\t\t\t\t\t\t\t\t<\/div>\n\t\t\t\t<\/div>\n\t\t\t\t<div class=\"elementor-element elementor-element-f7b9d69 elementor-widget__width-initial elementor-widget elementor-widget-heading\" data-id=\"f7b9d69\" data-element_type=\"widget\" data-e-type=\"widget\" data-widget_type=\"heading.default\">\n\t\t\t\t<div class=\"elementor-widget-container\">\n\t\t\t\t\t<h3 class=\"elementor-heading-title elementor-size-default\">Temas<\/h3>\t\t\t\t<\/div>\n\t\t\t\t<\/div>\n\t\t\t\t<div class=\"elementor-element elementor-element-b2c6065 elementor-widget__width-initial elementor-widget elementor-widget-text-editor\" data-id=\"b2c6065\" data-element_type=\"widget\" data-e-type=\"widget\" data-widget_type=\"text-editor.default\">\n\t\t\t\t<div class=\"elementor-widget-container\">\n\t\t\t\t\t\t\t\t\t<p>Dentre os temas abordados se destacam:<\/p><ul><li>Experi\u00eancias com aprendizagens criativas e cultura maker;<\/li><li>Experi\u00eancias com 4P\u2019s: projetos, paix\u00e3o, pares e pensar brincando;<\/li><li>Experi\u00eancias aplica\u00e7\u00e3o do pensamento computacional na \u00f3tica inclusiva;<\/li><li>Experi\u00eancias com computa\u00e7\u00e3o desplugada;<\/li><li>Experi\u00eancias com gamifica\u00e7\u00e3o e\/ou ludifica\u00e7\u00e3o;<\/li><li>Experi\u00eancias com rob\u00f3tica educacional;<\/li><li>Experi\u00eancias com inclus\u00e3o e acessibilidade;<\/li><\/ul>\t\t\t\t\t\t\t\t<\/div>\n\t\t\t\t<\/div>\n\t\t\t\t<div class=\"elementor-element elementor-element-400a47a elementor-widget__width-initial elementor-widget elementor-widget-heading\" data-id=\"400a47a\" data-element_type=\"widget\" data-e-type=\"widget\" data-widget_type=\"heading.default\">\n\t\t\t\t<div class=\"elementor-widget-container\">\n\t\t\t\t\t<h3 class=\"elementor-heading-title elementor-size-default\">Programa\u00e7\u00e3o - 05\/11<\/h3>\t\t\t\t<\/div>\n\t\t\t\t<\/div>\n\t\t\t\t<div class=\"elementor-element elementor-element-6574222 elementor-widget__width-initial elementor-widget elementor-widget-text-editor\" data-id=\"6574222\" data-element_type=\"widget\" data-e-type=\"widget\" data-widget_type=\"text-editor.default\">\n\t\t\t\t<div class=\"elementor-widget-container\">\n\t\t\t\t\t\t\t\t\t<p><strong>09:30 \u00e0s 10:30<\/strong><br \/><strong>ATV1:<\/strong> Roda de conversa sobre as tecnologias digitais e suas fun\u00e7\u00f5es na sala de aula para alunos com defici\u00eancia visual<br \/><strong>P\u00fablico-alvo:<\/strong> Alunos do 5\u00b0 ano do ensino fundamental I (501\/502), professores da Educa\u00e7\u00e3o B\u00e1sica e participantes do CBIE 2024<br \/><strong>Respons\u00e1vel:<\/strong> Cristiane de Jesus Almeida dos Santos &#8211; Professora do Ensino Fundamental I (IBC)<\/p><p><strong>10:30 \u00e0s 12:00<\/strong><br \/><strong>ATV2:<\/strong> Oficina Lego Braille<br \/><strong>P\u00fablico-alvo:<\/strong> Alunos da Educa\u00e7\u00e3o Infantil com Baixa Vis\u00e3o da Professora Juliane IBC, professores da Educa\u00e7\u00e3o B\u00e1sica e participantes do CBIE 2024<br \/><strong>Respons\u00e1vel:<\/strong> Dda. Kelly Cristina Martins (UFF)<\/p><p><strong>14:30 \u00e0s 15:30<\/strong><br \/><strong>ATV3:<\/strong> Atividades pr\u00e1ticas para o desenvolvimento de alunos p\u00fablico-alvo da Educa\u00e7\u00e3o Especial usando o Pensamento Computacional<br \/><strong>P\u00fablico-alvo:<\/strong> professores da Educa\u00e7\u00e3o B\u00e1sica e participantes do CBIE 2024<br \/><strong>Respons\u00e1vel:<\/strong> Dra. Claudiane Figueiredo Ribeiro (FAETEC Itabora\u00ed)<\/p><p><strong>15:30 \u00e0s 16:30<\/strong><br \/><strong>ATV4:<\/strong> Exposi\u00e7\u00e3o de Materiais Pedag\u00f3gicos Especializados para alunos com Defici\u00eancia Visual<br \/><strong>P\u00fablico-alvo:<\/strong> professores da Educa\u00e7\u00e3o B\u00e1sica e participantes do CBIE 2024<br \/><strong>Respons\u00e1veis:<\/strong> Professoras Elaine Luiz de Carvalho e Elisabeth Ferreira (IBC)<\/p><p><strong>15:30 \u00e0s 16:30<\/strong><br \/><strong>ATV5:<\/strong> Exposi\u00e7\u00e3o de Livros T\u00e1teis para Crian\u00e7as com Defici\u00eancia Visual<br \/><strong>P\u00fablico-alvo:<\/strong> Professores da Educa\u00e7\u00e3o B\u00e1sica e participantes do CBIE 2024<br \/><strong>Respons\u00e1veis:<\/strong> Professoras Cristina Silva Ribeiro de Souza e Lisania Cardoso (IBC)<\/p><p><strong>17:15 \u00e0s 18:00<\/strong><br \/><strong>ATV6:<\/strong> Relato de Experi\u00eancias: Comunidade dos alunos com Defici\u00eancia Visual do CEDERJ<br \/>P\u00fablico-alvo: Professores da Educa\u00e7\u00e3o B\u00e1sica e participantes do CBIE 2024<br \/><strong>Respons\u00e1veis:<\/strong> Fernanda Duarte, Henrique Elias do Nascimento, Lethicia Grey, Lucas Nolasco e Roberta Cristina Amorim (CEDERJ)<br \/><strong>Media\u00e7\u00e3o:<\/strong> Dra. Luciana Perdig\u00e3o (Coordenadora N\u00facleo de Acessibilidade e Inclus\u00e3o (NAI) &#8211; Funda\u00e7\u00e3o CECIERJ)<\/p>\t\t\t\t\t\t\t\t<\/div>\n\t\t\t\t<\/div>\n\t\t\t\t<div class=\"elementor-element elementor-element-cd08ccf elementor-widget__width-initial elementor-widget elementor-widget-heading\" data-id=\"cd08ccf\" data-element_type=\"widget\" data-e-type=\"widget\" data-widget_type=\"heading.default\">\n\t\t\t\t<div class=\"elementor-widget-container\">\n\t\t\t\t\t<h3 class=\"elementor-heading-title elementor-size-default\">Coordena\u00e7\u00e3o<\/h3>\t\t\t\t<\/div>\n\t\t\t\t<\/div>\n\t\t\t\t<div class=\"elementor-element elementor-element-7c2e0dd elementor-widget__width-initial elementor-widget elementor-widget-text-editor\" data-id=\"7c2e0dd\" data-element_type=\"widget\" data-e-type=\"widget\" data-widget_type=\"text-editor.default\">\n\t\t\t\t<div class=\"elementor-widget-container\">\n\t\t\t\t\t\t\t\t\t<p>Sergio Crespo Coelho da Silva Pinto &#8211; UFF<\/p>\t\t\t\t\t\t\t\t<\/div>\n\t\t\t\t<\/div>\n\t\t\t\t\t<\/div>\n\t\t\t\t<\/div>\n\t\t\t\t<\/div>\n\t\t","protected":false},"excerpt":{"rendered":"<p>Espa\u00e7o de Criatividade Apresenta\u00e7\u00e3o de Objetivos O Espa\u00e7o visa apresentar para o p\u00fablico alvo, a discuss\u00e3o e reflex\u00e3o de pr\u00e1ticas inclusivas, exitosas e inovadoras, por meio de estrat\u00e9gias, materiais e novas formas de ensinar e aprender, com enfoque no novo contexto da Educa\u00e7\u00e3o B\u00e1sica, promovendo um ambiente interativo entre os participantes. Justificativa A estrutura curricular brasileira na Educa\u00e7\u00e3o B\u00e1sica (BNCC) contempla atividades voltadas para o ensino de experimenta\u00e7\u00e3o e criatividade por meio de abordagens DIY (do it yourself), m\u00e3os na massa. Compreende-se, nesse novo contexto educacional, a import\u00e2ncia dessas metodologias de aprendizagem propondo o espa\u00e7o de criatividade, que apresenta iniciativas e reflex\u00f5es com experimentos e qualidade, visando o aprender fazendo com criatividade e inova\u00e7\u00e3o a serem remixados em sala de aula. Este ano, com o tema do CBIE 2024 \u201cO papel das tecnologias digitais na Educa\u00e7\u00e3o Inclusiva\u201d, o Espa\u00e7o Criatividade enfatizar\u00e1 o uso e aplica\u00e7\u00e3o dos recursos tecnol\u00f3gicos na educa\u00e7\u00e3o com enfase na educa\u00e7\u00e3o inclusiva. P\u00fablico-alvo Comunidade cient\u00edfica, professores, t\u00e9cnicos, acad\u00eamicos\/pesquisadores, estudantes e interessados na \u00e1rea.Profissionais\/empresas das \u00e1reas de empreendedorismo, inova\u00e7\u00e3o, ci\u00eancia e tecnologia na educa\u00e7\u00e3o. Temas Dentre os temas abordados se destacam: Experi\u00eancias com aprendizagens criativas e cultura maker; Experi\u00eancias com 4P\u2019s: projetos, paix\u00e3o, pares e pensar brincando; Experi\u00eancias aplica\u00e7\u00e3o do pensamento computacional na \u00f3tica inclusiva; Experi\u00eancias com computa\u00e7\u00e3o desplugada; Experi\u00eancias com gamifica\u00e7\u00e3o e\/ou ludifica\u00e7\u00e3o; Experi\u00eancias com rob\u00f3tica educacional; Experi\u00eancias com inclus\u00e3o e acessibilidade; Programa\u00e7\u00e3o &#8211; 05\/11 09:30 \u00e0s 10:30ATV1: Roda de conversa sobre as tecnologias digitais e suas fun\u00e7\u00f5es na sala de aula para alunos com defici\u00eancia visualP\u00fablico-alvo: Alunos do 5\u00b0 ano do ensino fundamental I (501\/502), professores da Educa\u00e7\u00e3o B\u00e1sica e participantes do CBIE 2024Respons\u00e1vel: Cristiane de Jesus Almeida dos Santos &#8211; Professora do Ensino Fundamental I (IBC) 10:30 \u00e0s 12:00ATV2: Oficina Lego BrailleP\u00fablico-alvo: Alunos da Educa\u00e7\u00e3o Infantil com Baixa Vis\u00e3o da Professora Juliane IBC, professores da Educa\u00e7\u00e3o B\u00e1sica e participantes do CBIE 2024Respons\u00e1vel: Dda. Kelly Cristina Martins (UFF) 14:30 \u00e0s 15:30ATV3: Atividades pr\u00e1ticas para o desenvolvimento de alunos p\u00fablico-alvo da Educa\u00e7\u00e3o Especial usando o Pensamento ComputacionalP\u00fablico-alvo: professores da Educa\u00e7\u00e3o B\u00e1sica e participantes do CBIE 2024Respons\u00e1vel: Dra. Claudiane Figueiredo Ribeiro (FAETEC Itabora\u00ed) 15:30 \u00e0s 16:30ATV4: Exposi\u00e7\u00e3o de Materiais Pedag\u00f3gicos Especializados para alunos com Defici\u00eancia VisualP\u00fablico-alvo: professores da Educa\u00e7\u00e3o B\u00e1sica e participantes do CBIE 2024Respons\u00e1veis: Professoras Elaine Luiz de Carvalho e Elisabeth Ferreira (IBC) 15:30 \u00e0s 16:30ATV5: Exposi\u00e7\u00e3o de Livros T\u00e1teis para Crian\u00e7as com Defici\u00eancia VisualP\u00fablico-alvo: Professores da Educa\u00e7\u00e3o B\u00e1sica e participantes do CBIE 2024Respons\u00e1veis: Professoras Cristina Silva Ribeiro de Souza e Lisania Cardoso (IBC) 17:15 \u00e0s 18:00ATV6: Relato de Experi\u00eancias: Comunidade dos alunos com Defici\u00eancia Visual do CEDERJP\u00fablico-alvo: Professores da Educa\u00e7\u00e3o B\u00e1sica e participantes do CBIE 2024Respons\u00e1veis: Fernanda Duarte, Henrique Elias do Nascimento, Lethicia Grey, Lucas Nolasco e Roberta Cristina Amorim (CEDERJ)Media\u00e7\u00e3o: Dra. Luciana Perdig\u00e3o (Coordenadora N\u00facleo de Acessibilidade e Inclus\u00e3o (NAI) &#8211; Funda\u00e7\u00e3o CECIERJ) Coordena\u00e7\u00e3o Sergio Crespo Coelho da Silva Pinto &#8211; UFF<\/p>\n","protected":false},"author":8,"featured_media":0,"parent":0,"menu_order":0,"comment_status":"closed","ping_status":"closed","template":"elementor_header_footer","meta":{"footnotes":""},"class_list":["post-4370","page","type-page","status-publish","hentry"],"_links":{"self":[{"href":"https:\/\/cbie.sbc.org.br\/2024\/wp-json\/wp\/v2\/pages\/4370","targetHints":{"allow":["GET"]}}],"collection":[{"href":"https:\/\/cbie.sbc.org.br\/2024\/wp-json\/wp\/v2\/pages"}],"about":[{"href":"https:\/\/cbie.sbc.org.br\/2024\/wp-json\/wp\/v2\/types\/page"}],"author":[{"embeddable":true,"href":"https:\/\/cbie.sbc.org.br\/2024\/wp-json\/wp\/v2\/users\/8"}],"replies":[{"embeddable":true,"href":"https:\/\/cbie.sbc.org.br\/2024\/wp-json\/wp\/v2\/comments?post=4370"}],"version-history":[{"count":29,"href":"https:\/\/cbie.sbc.org.br\/2024\/wp-json\/wp\/v2\/pages\/4370\/revisions"}],"predecessor-version":[{"id":4963,"href":"https:\/\/cbie.sbc.org.br\/2024\/wp-json\/wp\/v2\/pages\/4370\/revisions\/4963"}],"wp:attachment":[{"href":"https:\/\/cbie.sbc.org.br\/2024\/wp-json\/wp\/v2\/media?parent=4370"}],"curies":[{"name":"wp","href":"https:\/\/api.w.org\/{rel}","templated":true}]}}