{"id":354,"date":"2023-04-04T01:33:46","date_gmt":"2023-04-04T04:33:46","guid":{"rendered":"https:\/\/cbie.sbc.org.br\/2024\/?page_id=354"},"modified":"2024-09-04T15:04:03","modified_gmt":"2024-09-04T18:04:03","slug":"a-cidade","status":"publish","type":"page","link":"https:\/\/cbie.sbc.org.br\/2024\/a-cidade\/","title":{"rendered":"A cidade"},"content":{"rendered":"\t\t<div data-elementor-type=\"wp-page\" data-elementor-id=\"354\" class=\"elementor elementor-354\">\n\t\t\t\t<div class=\"elementor-element elementor-element-cf46f93 e-flex e-con-boxed wpr-particle-no wpr-jarallax-no wpr-parallax-no wpr-sticky-section-no wpr-equal-height-no e-con e-parent\" data-id=\"cf46f93\" data-element_type=\"container\" data-e-type=\"container\">\n\t\t\t\t\t<div class=\"e-con-inner\">\n\t\t\t\t<div class=\"elementor-element elementor-element-122325a elementor-widget elementor-widget-heading\" data-id=\"122325a\" data-element_type=\"widget\" data-e-type=\"widget\" data-widget_type=\"heading.default\">\n\t\t\t\t<div class=\"elementor-widget-container\">\n\t\t\t\t\t<h2 class=\"elementor-heading-title elementor-size-default\"><br>A cidade<\/h2>\t\t\t\t<\/div>\n\t\t\t\t<\/div>\n\t\t\t\t\t<\/div>\n\t\t\t\t<\/div>\n\t\t<div class=\"elementor-element elementor-element-11b8c29 e-flex e-con-boxed wpr-particle-no wpr-jarallax-no wpr-parallax-no wpr-sticky-section-no wpr-equal-height-no e-con e-parent\" data-id=\"11b8c29\" data-element_type=\"container\" data-e-type=\"container\">\n\t\t\t\t\t<div class=\"e-con-inner\">\n\t\t\t\t<div class=\"elementor-element elementor-element-63a7b76 elementor-widget elementor-widget-image\" data-id=\"63a7b76\" data-element_type=\"widget\" data-e-type=\"widget\" data-widget_type=\"image.default\">\n\t\t\t\t<div class=\"elementor-widget-container\">\n\t\t\t\t\t\t\t\t\t\t\t\t<figure class=\"wp-caption\">\n\t\t\t\t\t\t\t\t\t\t\t<a href=\"https:\/\/pixabay.com\/pt\/users\/nuno_lopes-27925\/?utm_source=link-attribution&#038;utm_medium=referral&#038;utm_campaign=image&#038;utm_content=1534128\">\n\t\t\t\t\t\t\t<img fetchpriority=\"high\" decoding=\"async\" width=\"1024\" height=\"385\" src=\"https:\/\/cbie.sbc.org.br\/2024\/wp-content\/uploads\/2024\/09\/Imagem-de-Nuno-Lopes-por-Pixabay-2-1024x385.jpg\" class=\"attachment-large size-large wp-image-4754\" alt=\"\" srcset=\"https:\/\/cbie.sbc.org.br\/2024\/wp-content\/uploads\/2024\/09\/Imagem-de-Nuno-Lopes-por-Pixabay-2-1024x385.jpg 1024w, https:\/\/cbie.sbc.org.br\/2024\/wp-content\/uploads\/2024\/09\/Imagem-de-Nuno-Lopes-por-Pixabay-2-300x113.jpg 300w, https:\/\/cbie.sbc.org.br\/2024\/wp-content\/uploads\/2024\/09\/Imagem-de-Nuno-Lopes-por-Pixabay-2-768x289.jpg 768w, https:\/\/cbie.sbc.org.br\/2024\/wp-content\/uploads\/2024\/09\/Imagem-de-Nuno-Lopes-por-Pixabay-2-1536x578.jpg 1536w, https:\/\/cbie.sbc.org.br\/2024\/wp-content\/uploads\/2024\/09\/Imagem-de-Nuno-Lopes-por-Pixabay-2-600x226.jpg 600w, https:\/\/cbie.sbc.org.br\/2024\/wp-content\/uploads\/2024\/09\/Imagem-de-Nuno-Lopes-por-Pixabay-2.jpg 1914w\" sizes=\"(max-width: 1024px) 100vw, 1024px\" \/>\t\t\t\t\t\t\t\t<\/a>\n\t\t\t\t\t\t\t\t\t\t\t<figcaption class=\"widget-image-caption wp-caption-text\">Imagem de Nuno Lopes por Pixabay<\/figcaption>\n\t\t\t\t\t\t\t\t\t\t<\/figure>\n\t\t\t\t\t\t\t\t\t<\/div>\n\t\t\t\t<\/div>\n\t\t\t\t\t<\/div>\n\t\t\t\t<\/div>\n\t\t<div class=\"elementor-element elementor-element-da730de e-flex e-con-boxed wpr-particle-no wpr-jarallax-no wpr-parallax-no wpr-sticky-section-no wpr-equal-height-no e-con e-parent\" data-id=\"da730de\" data-element_type=\"container\" data-e-type=\"container\">\n\t\t\t\t\t<div class=\"e-con-inner\">\n\t\t\t\t<div class=\"elementor-element elementor-element-fb1b8ed elementor-widget elementor-widget-text-editor\" data-id=\"fb1b8ed\" data-element_type=\"widget\" data-e-type=\"widget\" data-widget_type=\"text-editor.default\">\n\t\t\t\t<div class=\"elementor-widget-container\">\n\t\t\t\t\t\t\t\t\t<p><strong>O Rio de Janeiro continua lindo<\/strong><\/p><p>O Rio de Janeiro tamb\u00e9m conhecido por Cidade Maravilhosa, recentemente, recebeu o t\u00edtulo de Patrim\u00f4nio da Humanidade pela UNESCO.<\/p><p>N\u00e3o faltam atra\u00e7\u00f5es e atrativos para se entender por que a Cidade do Rio de Janeiro \u00e9 realmente maravilhosa. Sua geografia \u00e9 privilegiada: praias, montanhas e lagoas se combinam e convivem em um visual deslumbrante, mundialmente conhecido. A vida na segunda metr\u00f3pole do pa\u00eds \u00e9 muito mais bonita. O Cristo Redentor, eleito a oitava maravilha do mundo, o P\u00e3o de A\u00e7\u00facar e um litoral com quil\u00f4metros de praias, entre elas as famosas Copacabana e Ipanema.<\/p><p>A alegria dos cariocas \u00e9 contagiante. E est\u00e1 nas caminhadas pela orla, nos jogos de v\u00f4lei e futev\u00f4lei nas areias, nos voos de kitsurfe, asa delta ou mesmo nas mesas de bares. O clima no m\u00eas de agosto \u00e9 ameno, com temperaturas agrad\u00e1veis. No Rio nasceram o samba, a bossa nova e hoje oferece uma rica mistura de ritmos de v\u00e1rias influ\u00eancias. Sua popula\u00e7\u00e3o parece sempre jovem, \u00e9 simp\u00e1tica e muito hospitaleira.<\/p><p>O Rio de Janeiro est\u00e1 localizado no Sudeste do Brasil e tem uma popula\u00e7\u00e3o de cerca de 6 milh\u00f5es de pessoas. \u00c9 a cidade mais visitada em toda a Am\u00e9rica Latina, recebe 4,5 milh\u00f5es de turistas a cada ano.\u00a0<\/p><p>Acesse a<a href=\"http:\/\/www.rio.rj.gov.br\/web\/riotur\/\" target=\"_blank\" rel=\"noopener\"> p\u00e1gina de Turismo do RioTur<\/a> e encontre mais informa\u00e7\u00f5es.\u00a0<\/p><hr \/><p style=\"text-align: right;\"><em>Fonte: ICM 2018<\/em><\/p>\t\t\t\t\t\t\t\t<\/div>\n\t\t\t\t<\/div>\n\t\t\t\t\t<\/div>\n\t\t\t\t<\/div>\n\t\t\t\t<\/div>\n\t\t","protected":false},"excerpt":{"rendered":"<p>A cidade Imagem de Nuno Lopes por Pixabay O Rio de Janeiro continua lindo O Rio de Janeiro tamb\u00e9m conhecido por Cidade Maravilhosa, recentemente, recebeu o t\u00edtulo de Patrim\u00f4nio da Humanidade pela UNESCO. N\u00e3o faltam atra\u00e7\u00f5es e atrativos para se entender por que a Cidade do Rio de Janeiro \u00e9 realmente maravilhosa. Sua geografia \u00e9 privilegiada: praias, montanhas e lagoas se combinam e convivem em um visual deslumbrante, mundialmente conhecido. A vida na segunda metr\u00f3pole do pa\u00eds \u00e9 muito mais bonita. O Cristo Redentor, eleito a oitava maravilha do mundo, o P\u00e3o de A\u00e7\u00facar e um litoral com quil\u00f4metros de praias, entre elas as famosas Copacabana e Ipanema. A alegria dos cariocas \u00e9 contagiante. E est\u00e1 nas caminhadas pela orla, nos jogos de v\u00f4lei e futev\u00f4lei nas areias, nos voos de kitsurfe, asa delta ou mesmo nas mesas de bares. O clima no m\u00eas de agosto \u00e9 ameno, com temperaturas agrad\u00e1veis. No Rio nasceram o samba, a bossa nova e hoje oferece uma rica mistura de ritmos de v\u00e1rias influ\u00eancias. Sua popula\u00e7\u00e3o parece sempre jovem, \u00e9 simp\u00e1tica e muito hospitaleira. O Rio de Janeiro est\u00e1 localizado no Sudeste do Brasil e tem uma popula\u00e7\u00e3o de cerca de 6 milh\u00f5es de pessoas. \u00c9 a cidade mais visitada em toda a Am\u00e9rica Latina, recebe 4,5 milh\u00f5es de turistas a cada ano.\u00a0 Acesse a p\u00e1gina de Turismo do RioTur e encontre mais informa\u00e7\u00f5es.\u00a0 Fonte: ICM 2018<\/p>\n","protected":false},"author":7,"featured_media":0,"parent":0,"menu_order":0,"comment_status":"closed","ping_status":"closed","template":"elementor_header_footer","meta":{"footnotes":""},"class_list":["post-354","page","type-page","status-publish","hentry"],"_links":{"self":[{"href":"https:\/\/cbie.sbc.org.br\/2024\/wp-json\/wp\/v2\/pages\/354","targetHints":{"allow":["GET"]}}],"collection":[{"href":"https:\/\/cbie.sbc.org.br\/2024\/wp-json\/wp\/v2\/pages"}],"about":[{"href":"https:\/\/cbie.sbc.org.br\/2024\/wp-json\/wp\/v2\/types\/page"}],"author":[{"embeddable":true,"href":"https:\/\/cbie.sbc.org.br\/2024\/wp-json\/wp\/v2\/users\/7"}],"replies":[{"embeddable":true,"href":"https:\/\/cbie.sbc.org.br\/2024\/wp-json\/wp\/v2\/comments?post=354"}],"version-history":[{"count":49,"href":"https:\/\/cbie.sbc.org.br\/2024\/wp-json\/wp\/v2\/pages\/354\/revisions"}],"predecessor-version":[{"id":4758,"href":"https:\/\/cbie.sbc.org.br\/2024\/wp-json\/wp\/v2\/pages\/354\/revisions\/4758"}],"wp:attachment":[{"href":"https:\/\/cbie.sbc.org.br\/2024\/wp-json\/wp\/v2\/media?parent=354"}],"curies":[{"name":"wp","href":"https:\/\/api.w.org\/{rel}","templated":true}]}}