{"id":353,"date":"2023-04-04T01:49:12","date_gmt":"2023-04-04T04:49:12","guid":{"rendered":"https:\/\/cbie.sbc.org.br\/2024\/?page_id=353"},"modified":"2024-09-04T20:11:42","modified_gmt":"2024-09-04T23:11:42","slug":"rodoviaria","status":"publish","type":"page","link":"https:\/\/cbie.sbc.org.br\/2024\/rodoviaria\/","title":{"rendered":"Rodovi\u00e1ria"},"content":{"rendered":"\t\t<div data-elementor-type=\"wp-page\" data-elementor-id=\"353\" class=\"elementor elementor-353\">\n\t\t\t\t<div class=\"elementor-element elementor-element-ccbf970 e-flex e-con-boxed wpr-particle-no wpr-jarallax-no wpr-parallax-no wpr-sticky-section-no wpr-equal-height-no e-con e-parent\" data-id=\"ccbf970\" data-element_type=\"container\" data-e-type=\"container\">\n\t\t\t\t\t<div class=\"e-con-inner\">\n\t\t\t\t<div class=\"elementor-element elementor-element-e8f1aa0 elementor-widget elementor-widget-heading\" data-id=\"e8f1aa0\" data-element_type=\"widget\" data-e-type=\"widget\" data-widget_type=\"heading.default\">\n\t\t\t\t<div class=\"elementor-widget-container\">\n\t\t\t\t\t<h3 class=\"elementor-heading-title elementor-size-default\">RODOVI\u00c1RIA <\/h3>\t\t\t\t<\/div>\n\t\t\t\t<\/div>\n\t\t\t\t<div class=\"elementor-element elementor-element-07b9ac3 elementor-widget elementor-widget-image\" data-id=\"07b9ac3\" data-element_type=\"widget\" data-e-type=\"widget\" data-widget_type=\"image.default\">\n\t\t\t\t<div class=\"elementor-widget-container\">\n\t\t\t\t\t\t\t\t\t\t\t\t<figure class=\"wp-caption\">\n\t\t\t\t\t\t\t\t\t\t<img fetchpriority=\"high\" decoding=\"async\" width=\"800\" height=\"536\" src=\"https:\/\/cbie.sbc.org.br\/2024\/wp-content\/uploads\/2024\/09\/Rodoviaria_Novo_Rio.jpg\" class=\"attachment-full size-full wp-image-4784\" alt=\"\" srcset=\"https:\/\/cbie.sbc.org.br\/2024\/wp-content\/uploads\/2024\/09\/Rodoviaria_Novo_Rio.jpg 800w, https:\/\/cbie.sbc.org.br\/2024\/wp-content\/uploads\/2024\/09\/Rodoviaria_Novo_Rio-300x201.jpg 300w, https:\/\/cbie.sbc.org.br\/2024\/wp-content\/uploads\/2024\/09\/Rodoviaria_Novo_Rio-768x515.jpg 768w, https:\/\/cbie.sbc.org.br\/2024\/wp-content\/uploads\/2024\/09\/Rodoviaria_Novo_Rio-600x402.jpg 600w\" sizes=\"(max-width: 800px) 100vw, 800px\" \/>\t\t\t\t\t\t\t\t\t\t\t<figcaption class=\"widget-image-caption wp-caption-text\">Andr\u00e9 Sampaio, CC BY-SA 3.0 , via Wikimedia Commons<\/figcaption>\n\t\t\t\t\t\t\t\t\t\t<\/figure>\n\t\t\t\t\t\t\t\t\t<\/div>\n\t\t\t\t<\/div>\n\t\t\t\t<div class=\"elementor-element elementor-element-f9f8f27 elementor-widget elementor-widget-text-editor\" data-id=\"f9f8f27\" data-element_type=\"widget\" data-e-type=\"widget\" data-widget_type=\"text-editor.default\">\n\t\t\t\t<div class=\"elementor-widget-container\">\n\t\t\t\t\t\t\t\t\t<p>A Rodovi\u00e1ria do Rio possui papel fundamental no deslocamento da popula\u00e7\u00e3o e dos turistas que visitam a cidade. Estrategicamente localizada na regi\u00e3o portu\u00e1ria, pr\u00f3xima \u00e0s principais vias de acesso \u00e0s rodovias e com acesso direto ao Aeroporto Santos Dumont e ao Centro do Rio atrav\u00e9s do VLT, o terminal \u00e9 utilizado por mais de 38 mil passageiros diariamente. Esse n\u00famero chega a 70 mil em v\u00e9speras de feriados prolongados.<\/p><p>Ap\u00f3s as in\u00fameras melhorias, os usu\u00e1rios e turistas encontram um terminal seguro, acess\u00edvel, confort\u00e1vel e com grande oferta de servi\u00e7os.\u00a0 Entre as principais melhorias apontadas pelos passageiros destacam-se a climatiza\u00e7\u00e3o do ambiente e as duas pra\u00e7as de alimenta\u00e7\u00e3o. Entre os servi\u00e7os destacados est\u00e3o o wifi gratuito, o estacionamento automatizado 24h, a comunica\u00e7\u00e3o visual tril\u00edngue, os monitores com informa\u00e7\u00f5es de check in e o atendimento das recepcionistas bil\u00edngues.<\/p><p>A seguran\u00e7a dos usu\u00e1rios tamb\u00e9m \u00e9 uma das prioridades da concession\u00e1ria que modernizou o circuito interno da rodovi\u00e1ria. O monitoramento pelas c\u00e2meras \u00e9 realizado 24h em todas as \u00e1reas comuns al\u00e9m do patrulhamento das equipes de vigil\u00e2ncia.<\/p><p>O terminal tamb\u00e9m conta com a presen\u00e7a do BPtur (Batalh\u00e3o de Policiamento em \u00c1reas Tur\u00edsticas da Pol\u00edcia Militar) que mant\u00e9m um posto de atendimento no mezanino do setor de embarque. Pessoas com defici\u00eancia ou mobilidade reduzida encontram uma rodovi\u00e1ria acess\u00edvel equipada com pisos e mapas t\u00e1teis, rampas, elevadores panor\u00e2micos al\u00e9m de total apoio para o deslocamento em nossas \u00e1reas, servi\u00e7o que pode ser solicitado nos balc\u00f5es de informa\u00e7\u00e3o. O terminal oferece mais de 188 linhas intermunicipais, interestaduais e internacionais operadas por 41 empresas de \u00f4nibus. S\u00e3o 75 plataformas com capacidade para operar 234 embarques ou desembarques por hora.<\/p><p><em>Fonte: Rodoviaria do Rio<\/em><\/p><p>Acesse o site da\u00a0<a href=\"https:\/\/www.rodoviariapassofundo.com.br\/site\/\" target=\"_blank\" rel=\"noopener\">Esta\u00e7\u00e3o Rodovi\u00e1ria do Rio de Janeiro<\/a>!<\/p>\t\t\t\t\t\t\t\t<\/div>\n\t\t\t\t<\/div>\n\t\t\t\t\t<\/div>\n\t\t\t\t<\/div>\n\t\t\t\t<\/div>\n\t\t","protected":false},"excerpt":{"rendered":"<p>RODOVI\u00c1RIA Andr\u00e9 Sampaio, CC BY-SA 3.0 , via Wikimedia Commons A Rodovi\u00e1ria do Rio possui papel fundamental no deslocamento da popula\u00e7\u00e3o e dos turistas que visitam a cidade. Estrategicamente localizada na regi\u00e3o portu\u00e1ria, pr\u00f3xima \u00e0s principais vias de acesso \u00e0s rodovias e com acesso direto ao Aeroporto Santos Dumont e ao Centro do Rio atrav\u00e9s do VLT, o terminal \u00e9 utilizado por mais de 38 mil passageiros diariamente. Esse n\u00famero chega a 70 mil em v\u00e9speras de feriados prolongados. Ap\u00f3s as in\u00fameras melhorias, os usu\u00e1rios e turistas encontram um terminal seguro, acess\u00edvel, confort\u00e1vel e com grande oferta de servi\u00e7os.\u00a0 Entre as principais melhorias apontadas pelos passageiros destacam-se a climatiza\u00e7\u00e3o do ambiente e as duas pra\u00e7as de alimenta\u00e7\u00e3o. Entre os servi\u00e7os destacados est\u00e3o o wifi gratuito, o estacionamento automatizado 24h, a comunica\u00e7\u00e3o visual tril\u00edngue, os monitores com informa\u00e7\u00f5es de check in e o atendimento das recepcionistas bil\u00edngues. A seguran\u00e7a dos usu\u00e1rios tamb\u00e9m \u00e9 uma das prioridades da concession\u00e1ria que modernizou o circuito interno da rodovi\u00e1ria. O monitoramento pelas c\u00e2meras \u00e9 realizado 24h em todas as \u00e1reas comuns al\u00e9m do patrulhamento das equipes de vigil\u00e2ncia. O terminal tamb\u00e9m conta com a presen\u00e7a do BPtur (Batalh\u00e3o de Policiamento em \u00c1reas Tur\u00edsticas da Pol\u00edcia Militar) que mant\u00e9m um posto de atendimento no mezanino do setor de embarque. Pessoas com defici\u00eancia ou mobilidade reduzida encontram uma rodovi\u00e1ria acess\u00edvel equipada com pisos e mapas t\u00e1teis, rampas, elevadores panor\u00e2micos al\u00e9m de total apoio para o deslocamento em nossas \u00e1reas, servi\u00e7o que pode ser solicitado nos balc\u00f5es de informa\u00e7\u00e3o. O terminal oferece mais de 188 linhas intermunicipais, interestaduais e internacionais operadas por 41 empresas de \u00f4nibus. S\u00e3o 75 plataformas com capacidade para operar 234 embarques ou desembarques por hora. Fonte: Rodoviaria do Rio Acesse o site da\u00a0Esta\u00e7\u00e3o Rodovi\u00e1ria do Rio de Janeiro!<\/p>\n","protected":false},"author":7,"featured_media":0,"parent":0,"menu_order":0,"comment_status":"closed","ping_status":"closed","template":"elementor_header_footer","meta":{"footnotes":""},"class_list":["post-353","page","type-page","status-publish","hentry"],"_links":{"self":[{"href":"https:\/\/cbie.sbc.org.br\/2024\/wp-json\/wp\/v2\/pages\/353","targetHints":{"allow":["GET"]}}],"collection":[{"href":"https:\/\/cbie.sbc.org.br\/2024\/wp-json\/wp\/v2\/pages"}],"about":[{"href":"https:\/\/cbie.sbc.org.br\/2024\/wp-json\/wp\/v2\/types\/page"}],"author":[{"embeddable":true,"href":"https:\/\/cbie.sbc.org.br\/2024\/wp-json\/wp\/v2\/users\/7"}],"replies":[{"embeddable":true,"href":"https:\/\/cbie.sbc.org.br\/2024\/wp-json\/wp\/v2\/comments?post=353"}],"version-history":[{"count":24,"href":"https:\/\/cbie.sbc.org.br\/2024\/wp-json\/wp\/v2\/pages\/353\/revisions"}],"predecessor-version":[{"id":4788,"href":"https:\/\/cbie.sbc.org.br\/2024\/wp-json\/wp\/v2\/pages\/353\/revisions\/4788"}],"wp:attachment":[{"href":"https:\/\/cbie.sbc.org.br\/2024\/wp-json\/wp\/v2\/media?parent=353"}],"curies":[{"name":"wp","href":"https:\/\/api.w.org\/{rel}","templated":true}]}}