{"id":351,"date":"2023-04-04T01:36:45","date_gmt":"2023-04-04T04:36:45","guid":{"rendered":"https:\/\/cbie.sbc.org.br\/2024\/?page_id=351"},"modified":"2024-09-04T16:50:35","modified_gmt":"2024-09-04T19:50:35","slug":"aeroportos","status":"publish","type":"page","link":"https:\/\/cbie.sbc.org.br\/2024\/aeroportos\/","title":{"rendered":"Aeroportos"},"content":{"rendered":"\t\t<div data-elementor-type=\"wp-page\" data-elementor-id=\"351\" class=\"elementor elementor-351\">\n\t\t\t\t<div class=\"elementor-element elementor-element-5b6fd30 e-flex e-con-boxed wpr-particle-no wpr-jarallax-no wpr-parallax-no wpr-sticky-section-no wpr-equal-height-no e-con e-parent\" data-id=\"5b6fd30\" data-element_type=\"container\" data-e-type=\"container\">\n\t\t\t\t\t<div class=\"e-con-inner\">\n\t\t<div class=\"elementor-element elementor-element-b04f7e5 e-con-full e-flex wpr-particle-no wpr-jarallax-no wpr-parallax-no wpr-sticky-section-no wpr-equal-height-no e-con e-child\" data-id=\"b04f7e5\" data-element_type=\"container\" data-e-type=\"container\">\n\t\t\t\t<div class=\"elementor-element elementor-element-366e547 elementor-widget elementor-widget-heading\" data-id=\"366e547\" data-element_type=\"widget\" data-e-type=\"widget\" data-widget_type=\"heading.default\">\n\t\t\t\t<div class=\"elementor-widget-container\">\n\t\t\t\t\t<h2 class=\"elementor-heading-title elementor-size-default\"> Aeroporto Santos Dumont (SDU)<\/h2>\t\t\t\t<\/div>\n\t\t\t\t<\/div>\n\t\t\t\t<div class=\"elementor-element elementor-element-0956d62 elementor-widget elementor-widget-text-editor\" data-id=\"0956d62\" data-element_type=\"widget\" data-e-type=\"widget\" data-widget_type=\"text-editor.default\">\n\t\t\t\t<div class=\"elementor-widget-container\">\n\t\t\t\t\t\t\t\t\t<p>O SDU tem capacidade para cerca de 10 milh\u00f5es de passageiros por ano e opera exclusivamente voos dom\u00e9sticos, na sua maioria para curtas dist\u00e2ncias. Conta com 2 pistas, 8 pontes de embarque e desembarque e 13 posi\u00e7\u00f5es de aloca\u00e7\u00e3o remota. Possui ainda 6 esteiras de restitui\u00e7\u00e3o de bagagem e estacionamento para mais de 3.400 ve\u00edculos. \u00c9 a melhor op\u00e7\u00e3o para quem vai para a Zona Sul, como Flamengo, Botafogo, Urca, Copacabana e Ipanema, e \u00e9 <b>o mais pr\u00f3ximo do Instituto Benjamin Constant<\/b>.<\/p>\n<p>A beleza \u00e9 um dos destaques do Aeroporto Santos Dumont. Envolvido pelo mar, oferece um visual deslumbrante da cidade do Rio de Janeiro. Nas cabeceiras das pistas voc\u00ea observa o&nbsp;P\u00e3o de A\u00e7\u00facar&nbsp;de um lado e a ponte Rio x Niter\u00f3i de outro. O&nbsp;Cristo Redentor&nbsp;um pouco mais adiante. \u00c9 daqueles lugares que vale a pena brigar para ficar na janela do avi\u00e3o apreciando a vista. Al\u00e9m disso, possui um terminal moderno, enxuto, com muita ilumina\u00e7\u00e3o natural e boas op\u00e7\u00f5es de alimenta\u00e7\u00e3o, compras,&nbsp;salas VIP&nbsp;e outros servi\u00e7os.<\/p>\n<p><em>Fonte: Melhores Destinos<\/em><\/p>\t\t\t\t\t\t\t\t<\/div>\n\t\t\t\t<\/div>\n\t\t\t\t<\/div>\n\t\t<div class=\"elementor-element elementor-element-9644bf6 e-con-full e-flex wpr-particle-no wpr-jarallax-no wpr-parallax-no wpr-sticky-section-no wpr-equal-height-no e-con e-child\" data-id=\"9644bf6\" data-element_type=\"container\" data-e-type=\"container\">\n\t\t\t\t<div class=\"elementor-element elementor-element-e1daa1a elementor-widget elementor-widget-text-editor\" data-id=\"e1daa1a\" data-element_type=\"widget\" data-e-type=\"widget\" data-widget_type=\"text-editor.default\">\n\t\t\t\t<div class=\"elementor-widget-container\">\n\t\t\t\t\t\t\t\t\t<p>Mais informa\u00e7\u00f5es s\u00e3o encontradas no site da concession\u00e1ria do <a href=\"https:\/\/www.aeroportosantosdumont.net\/\">aeroporto<\/a>.<\/p>\t\t\t\t\t\t\t\t<\/div>\n\t\t\t\t<\/div>\n\t\t\t\t<div class=\"elementor-element elementor-element-5e94391 elementor-widget elementor-widget-image\" data-id=\"5e94391\" data-element_type=\"widget\" data-e-type=\"widget\" data-widget_type=\"image.default\">\n\t\t\t\t<div class=\"elementor-widget-container\">\n\t\t\t\t\t\t\t\t\t\t\t\t<figure class=\"wp-caption\">\n\t\t\t\t\t\t\t\t\t\t\t<a href=\"https:\/\/upload.wikimedia.org\/wikipedia\/commons\/3\/3c\/Santos_Dumont_city_airport.jpg\">\n\t\t\t\t\t\t\t<img fetchpriority=\"high\" decoding=\"async\" width=\"1024\" height=\"680\" src=\"https:\/\/cbie.sbc.org.br\/2024\/wp-content\/uploads\/2024\/09\/1024px-Santos_Dumont_city_airport.jpg\" class=\"attachment-large size-large wp-image-4772\" alt=\"\" srcset=\"https:\/\/cbie.sbc.org.br\/2024\/wp-content\/uploads\/2024\/09\/1024px-Santos_Dumont_city_airport.jpg 1024w, https:\/\/cbie.sbc.org.br\/2024\/wp-content\/uploads\/2024\/09\/1024px-Santos_Dumont_city_airport-300x199.jpg 300w, https:\/\/cbie.sbc.org.br\/2024\/wp-content\/uploads\/2024\/09\/1024px-Santos_Dumont_city_airport-768x510.jpg 768w, https:\/\/cbie.sbc.org.br\/2024\/wp-content\/uploads\/2024\/09\/1024px-Santos_Dumont_city_airport-600x398.jpg 600w\" sizes=\"(max-width: 1024px) 100vw, 1024px\" \/>\t\t\t\t\t\t\t\t<\/a>\n\t\t\t\t\t\t\t\t\t\t\t<figcaption class=\"widget-image-caption wp-caption-text\">Mucio Scorzelli, CC BY-SA 4.0 , via Wikimedia Commons<\/figcaption>\n\t\t\t\t\t\t\t\t\t\t<\/figure>\n\t\t\t\t\t\t\t\t\t<\/div>\n\t\t\t\t<\/div>\n\t\t\t\t<\/div>\n\t\t\t\t\t<\/div>\n\t\t\t\t<\/div>\n\t\t<div class=\"elementor-element elementor-element-4b37b51 e-flex e-con-boxed wpr-particle-no wpr-jarallax-no wpr-parallax-no wpr-sticky-section-no wpr-equal-height-no e-con e-parent\" data-id=\"4b37b51\" data-element_type=\"container\" data-e-type=\"container\">\n\t\t\t\t\t<div class=\"e-con-inner\">\n\t\t<div class=\"elementor-element elementor-element-e474396 e-con-full e-flex wpr-particle-no wpr-jarallax-no wpr-parallax-no wpr-sticky-section-no wpr-equal-height-no e-con e-child\" data-id=\"e474396\" data-element_type=\"container\" data-e-type=\"container\">\n\t\t\t\t<div class=\"elementor-element elementor-element-adaecf6 elementor-widget elementor-widget-text-editor\" data-id=\"adaecf6\" data-element_type=\"widget\" data-e-type=\"widget\" data-widget_type=\"text-editor.default\">\n\t\t\t\t<div class=\"elementor-widget-container\">\n\t\t\t\t\t\t\t\t\t<p style=\"text-align: center;\">Mais informa\u00e7\u00f5es s\u00e3o encontradas no site da concession\u00e1ria <a href=\"https:\/\/www.riogaleao.com\/passageiros\">RioGale\u00e3o<\/a>.<\/p>\t\t\t\t\t\t\t\t<\/div>\n\t\t\t\t<\/div>\n\t\t\t\t<div class=\"elementor-element elementor-element-164542b elementor-widget elementor-widget-image\" data-id=\"164542b\" data-element_type=\"widget\" data-e-type=\"widget\" data-widget_type=\"image.default\">\n\t\t\t\t<div class=\"elementor-widget-container\">\n\t\t\t\t\t\t\t\t\t\t\t\t<figure class=\"wp-caption\">\n\t\t\t\t\t\t\t\t\t\t\t<a href=\"https:\/\/upload.wikimedia.org\/wikipedia\/commons\/4\/44\/Aeroporto_galeao_rj_ME.jpg\">\n\t\t\t\t\t\t\t<img decoding=\"async\" width=\"1024\" height=\"682\" src=\"https:\/\/cbie.sbc.org.br\/2024\/wp-content\/uploads\/2024\/09\/1024px-Aeroporto_galeao_rj_ME.jpg\" class=\"attachment-large size-large wp-image-4774\" alt=\"\" srcset=\"https:\/\/cbie.sbc.org.br\/2024\/wp-content\/uploads\/2024\/09\/1024px-Aeroporto_galeao_rj_ME.jpg 1024w, https:\/\/cbie.sbc.org.br\/2024\/wp-content\/uploads\/2024\/09\/1024px-Aeroporto_galeao_rj_ME-300x200.jpg 300w, https:\/\/cbie.sbc.org.br\/2024\/wp-content\/uploads\/2024\/09\/1024px-Aeroporto_galeao_rj_ME-768x512.jpg 768w, https:\/\/cbie.sbc.org.br\/2024\/wp-content\/uploads\/2024\/09\/1024px-Aeroporto_galeao_rj_ME-600x400.jpg 600w\" sizes=\"(max-width: 1024px) 100vw, 1024px\" \/>\t\t\t\t\t\t\t\t<\/a>\n\t\t\t\t\t\t\t\t\t\t\t<figcaption class=\"widget-image-caption wp-caption-text\">Portal Brasil 2016 (Olimp\u00edadas) \/Governo Federal Brasileiro, CC BY 3.0 BR , via Wikimedia Commons<\/figcaption>\n\t\t\t\t\t\t\t\t\t\t<\/figure>\n\t\t\t\t\t\t\t\t\t<\/div>\n\t\t\t\t<\/div>\n\t\t\t\t<\/div>\n\t\t<div class=\"elementor-element elementor-element-bdd97bd e-con-full e-flex wpr-particle-no wpr-jarallax-no wpr-parallax-no wpr-sticky-section-no wpr-equal-height-no e-con e-child\" data-id=\"bdd97bd\" data-element_type=\"container\" data-e-type=\"container\">\n\t\t\t\t<div class=\"elementor-element elementor-element-4988337 elementor-widget elementor-widget-heading\" data-id=\"4988337\" data-element_type=\"widget\" data-e-type=\"widget\" data-widget_type=\"heading.default\">\n\t\t\t\t<div class=\"elementor-widget-container\">\n\t\t\t\t\t<h2 class=\"elementor-heading-title elementor-size-default\">RIOgale\u00e3o - Aeroporto Internacional Tom Jobim (GIG)<\/h2>\t\t\t\t<\/div>\n\t\t\t\t<\/div>\n\t\t\t\t<div class=\"elementor-element elementor-element-ff0daa2 elementor-widget elementor-widget-text-editor\" data-id=\"ff0daa2\" data-element_type=\"widget\" data-e-type=\"widget\" data-widget_type=\"text-editor.default\">\n\t\t\t\t<div class=\"elementor-widget-container\">\n\t\t\t\t\t\t\t\t\t<p>O Gale\u00e3o concentra todos os voos internacionais do Rio de Janeiro. \u00c9\u00a0a melhor op\u00e7\u00e3o para quem vai para a Baixada Fluminense e \u00e9 interessante para quem vai para a Barra da Tijuca e demais bairros da Zona Oeste. Fica relativamente pr\u00f3ximo ao centro, com acesso pelas Linhas Vermelha e Amarela, al\u00e9m da Avenida Brasil. Mas, dependendo do hor\u00e1rio, o tr\u00e2nsito \u00e9 intenso. O ideal \u00e9 pousar no Gale\u00e3o no per\u00edodo da tarde ou da noite e decolar pela manh\u00e3. Assim, voc\u00ea estar\u00e1 sempre no contra-fluxo do tr\u00e2nsito.<\/p><p>As linhas de \u00f4nbus partindo do Gale\u00e3o com seus respectivos pre\u00e7os e hor\u00e1rios podem ser conferidas no seguinte <a href=\"https:\/\/www.riogaleao.com\/passageiros\/page\/onibus\">link<\/a>.\u00a0<span style=\"color: var( --e-global-color-text ); font-family: var( --e-global-typography-text-font-family ), Sans-serif; font-weight: var( --e-global-typography-text-font-weight ); word-spacing: var( --e-global-typography-text-word-spacing ); text-align: var(--text-align); letter-spacing: 0px;\">O aeroporto conta com espa\u00e7os designados para carros de aplicativos, como Uber e 99, que s\u00e3o boas op\u00e7\u00f5es para grupos, al\u00e9m dos pontos oficiais de t\u00e1xis.\u00a0<\/span><\/p><p><em><span style=\"color: var( --e-global-color-text ); font-family: var( --e-global-typography-text-font-family ), Sans-serif; font-weight: var( --e-global-typography-text-font-weight ); word-spacing: var( --e-global-typography-text-word-spacing ); text-align: var(--text-align); letter-spacing: 0px;\">Fonte: Melhores Destinos<\/span><\/em><\/p>\t\t\t\t\t\t\t\t<\/div>\n\t\t\t\t<\/div>\n\t\t\t\t<\/div>\n\t\t\t\t\t<\/div>\n\t\t\t\t<\/div>\n\t\t\t\t<\/div>\n\t\t","protected":false},"excerpt":{"rendered":"<p>Aeroporto Santos Dumont (SDU) O SDU tem capacidade para cerca de 10 milh\u00f5es de passageiros por ano e opera exclusivamente voos dom\u00e9sticos, na sua maioria para curtas dist\u00e2ncias. Conta com 2 pistas, 8 pontes de embarque e desembarque e 13 posi\u00e7\u00f5es de aloca\u00e7\u00e3o remota. Possui ainda 6 esteiras de restitui\u00e7\u00e3o de bagagem e estacionamento para mais de 3.400 ve\u00edculos. \u00c9 a melhor op\u00e7\u00e3o para quem vai para a Zona Sul, como Flamengo, Botafogo, Urca, Copacabana e Ipanema, e \u00e9 o mais pr\u00f3ximo do Instituto Benjamin Constant. A beleza \u00e9 um dos destaques do Aeroporto Santos Dumont. Envolvido pelo mar, oferece um visual deslumbrante da cidade do Rio de Janeiro. Nas cabeceiras das pistas voc\u00ea observa o&nbsp;P\u00e3o de A\u00e7\u00facar&nbsp;de um lado e a ponte Rio x Niter\u00f3i de outro. O&nbsp;Cristo Redentor&nbsp;um pouco mais adiante. \u00c9 daqueles lugares que vale a pena brigar para ficar na janela do avi\u00e3o apreciando a vista. Al\u00e9m disso, possui um terminal moderno, enxuto, com muita ilumina\u00e7\u00e3o natural e boas op\u00e7\u00f5es de alimenta\u00e7\u00e3o, compras,&nbsp;salas VIP&nbsp;e outros servi\u00e7os. Fonte: Melhores Destinos Mais informa\u00e7\u00f5es s\u00e3o encontradas no site da concession\u00e1ria do aeroporto. Mucio Scorzelli, CC BY-SA 4.0 , via Wikimedia Commons Mais informa\u00e7\u00f5es s\u00e3o encontradas no site da concession\u00e1ria RioGale\u00e3o. Portal Brasil 2016 (Olimp\u00edadas) \/Governo Federal Brasileiro, CC BY 3.0 BR , via Wikimedia Commons RIOgale\u00e3o &#8211; Aeroporto Internacional Tom Jobim (GIG) O Gale\u00e3o concentra todos os voos internacionais do Rio de Janeiro. \u00c9\u00a0a melhor op\u00e7\u00e3o para quem vai para a Baixada Fluminense e \u00e9 interessante para quem vai para a Barra da Tijuca e demais bairros da Zona Oeste. Fica relativamente pr\u00f3ximo ao centro, com acesso pelas Linhas Vermelha e Amarela, al\u00e9m da Avenida Brasil. Mas, dependendo do hor\u00e1rio, o tr\u00e2nsito \u00e9 intenso. O ideal \u00e9 pousar no Gale\u00e3o no per\u00edodo da tarde ou da noite e decolar pela manh\u00e3. Assim, voc\u00ea estar\u00e1 sempre no contra-fluxo do tr\u00e2nsito. As linhas de \u00f4nbus partindo do Gale\u00e3o com seus respectivos pre\u00e7os e hor\u00e1rios podem ser conferidas no seguinte link.\u00a0O aeroporto conta com espa\u00e7os designados para carros de aplicativos, como Uber e 99, que s\u00e3o boas op\u00e7\u00f5es para grupos, al\u00e9m dos pontos oficiais de t\u00e1xis.\u00a0 Fonte: Melhores Destinos<\/p>\n","protected":false},"author":7,"featured_media":0,"parent":0,"menu_order":0,"comment_status":"closed","ping_status":"closed","template":"elementor_header_footer","meta":{"footnotes":""},"class_list":["post-351","page","type-page","status-publish","hentry"],"_links":{"self":[{"href":"https:\/\/cbie.sbc.org.br\/2024\/wp-json\/wp\/v2\/pages\/351","targetHints":{"allow":["GET"]}}],"collection":[{"href":"https:\/\/cbie.sbc.org.br\/2024\/wp-json\/wp\/v2\/pages"}],"about":[{"href":"https:\/\/cbie.sbc.org.br\/2024\/wp-json\/wp\/v2\/types\/page"}],"author":[{"embeddable":true,"href":"https:\/\/cbie.sbc.org.br\/2024\/wp-json\/wp\/v2\/users\/7"}],"replies":[{"embeddable":true,"href":"https:\/\/cbie.sbc.org.br\/2024\/wp-json\/wp\/v2\/comments?post=351"}],"version-history":[{"count":38,"href":"https:\/\/cbie.sbc.org.br\/2024\/wp-json\/wp\/v2\/pages\/351\/revisions"}],"predecessor-version":[{"id":4777,"href":"https:\/\/cbie.sbc.org.br\/2024\/wp-json\/wp\/v2\/pages\/351\/revisions\/4777"}],"wp:attachment":[{"href":"https:\/\/cbie.sbc.org.br\/2024\/wp-json\/wp\/v2\/media?parent=351"}],"curies":[{"name":"wp","href":"https:\/\/api.w.org\/{rel}","templated":true}]}}