{"id":3417,"date":"2024-03-22T15:26:24","date_gmt":"2024-03-22T18:26:24","guid":{"rendered":"https:\/\/cbie.sbc.org.br\/2024\/?page_id=3417"},"modified":"2024-05-24T13:38:33","modified_gmt":"2024-05-24T16:38:33","slug":"local-do-evento","status":"publish","type":"page","link":"https:\/\/cbie.sbc.org.br\/2024\/local-do-evento\/","title":{"rendered":"Local do evento"},"content":{"rendered":"\t\t<div data-elementor-type=\"wp-page\" data-elementor-id=\"3417\" class=\"elementor elementor-3417\">\n\t\t\t\t<div class=\"elementor-element elementor-element-6b71744 e-flex e-con-boxed wpr-particle-no wpr-jarallax-no wpr-parallax-no wpr-sticky-section-no wpr-equal-height-no e-con e-parent\" data-id=\"6b71744\" data-element_type=\"container\" data-e-type=\"container\">\n\t\t\t\t\t<div class=\"e-con-inner\">\n\t\t\t\t<div class=\"elementor-element elementor-element-de49b66 elementor-widget elementor-widget-heading\" data-id=\"de49b66\" data-element_type=\"widget\" data-e-type=\"widget\" data-widget_type=\"heading.default\">\n\t\t\t\t<div class=\"elementor-widget-container\">\n\t\t\t\t\t<h2 class=\"elementor-heading-title elementor-size-default\">O local do evento: <br>\nInstituto Benjamin Constant <\/h2>\t\t\t\t<\/div>\n\t\t\t\t<\/div>\n\t\t\t\t<div class=\"elementor-element elementor-element-0a1f66d elementor-widget__width-initial elementor-widget elementor-widget-image\" data-id=\"0a1f66d\" data-element_type=\"widget\" data-e-type=\"widget\" data-widget_type=\"image.default\">\n\t\t\t\t<div class=\"elementor-widget-container\">\n\t\t\t\t\t\t\t\t\t\t\t\t\t\t\t\t<a href=\"https:\/\/www.upf.br\">\n\t\t\t\t\t\t\t<img decoding=\"async\" width=\"300\" height=\"98\" src=\"https:\/\/cbie.sbc.org.br\/2024\/wp-content\/uploads\/2023\/04\/3e058825-c66c-4ba3-8a27-014ccd587ccb-300x98.png\" class=\"attachment-medium size-medium wp-image-3852\" alt=\"Logo do Instituto Benjamin Constant ao centro um caderno em Libras e m\u00e3os realizando a leitura\" srcset=\"https:\/\/cbie.sbc.org.br\/2024\/wp-content\/uploads\/2023\/04\/3e058825-c66c-4ba3-8a27-014ccd587ccb-300x98.png 300w, https:\/\/cbie.sbc.org.br\/2024\/wp-content\/uploads\/2023\/04\/3e058825-c66c-4ba3-8a27-014ccd587ccb.png 370w\" sizes=\"(max-width: 300px) 100vw, 300px\" \/>\t\t\t\t\t\t\t\t<\/a>\n\t\t\t\t\t\t\t\t\t\t\t\t\t\t\t<\/div>\n\t\t\t\t<\/div>\n\t\t\t\t<div class=\"elementor-element elementor-element-6be4778 elementor-widget elementor-widget-text-editor\" data-id=\"6be4778\" data-element_type=\"widget\" data-e-type=\"widget\" data-widget_type=\"text-editor.default\">\n\t\t\t\t<div class=\"elementor-widget-container\">\n\t\t\t\t\t\t\t\t\t<p align=\"justify\">O\u00a0<b>Instituto Benjamin Constant\u00a0<\/b>\u00e9 uma institui\u00e7\u00e3o federal especializada na educa\u00e7\u00e3o e atendimento de pessoas cegas e com baixa vis\u00e3o. Al\u00e9m da educa\u00e7\u00e3o formal, o IBC promove a reinser\u00e7\u00e3o social das pessoas que perderam ou est\u00e3o em processo irrevers\u00edvel de perda da vis\u00e3o.<\/p><p align=\"justify\">Tornou-se tamb\u00e9m um centro de pesquisas m\u00e9dicas no campo da oftalmologia, possuindo um dos programas de resid\u00eancia m\u00e9dica mais respeitados do Pa\u00eds. Como centro de refer\u00eancia nesta \u00e1rea, a institui\u00e7\u00e3o tamb\u00e9m atua na forma\u00e7\u00e3o especializada na educa\u00e7\u00e3o de pessoas com defici\u00eancia visual e assessora institui\u00e7\u00f5es p\u00fablicas e privadas no atendimento \u00e0s necessidades desse p\u00fablico.<\/p><p align=\"justify\">Da Imprensa Braille saem os livros e revistas editados e impressos em braille e em tinta ampliada para pessoas cegas e com baixa vis\u00e3o do Brasil e de outros pa\u00edses de l\u00edngua portuguesa. J\u00e1 a Biblioteca Jos\u00e9 \u00c1lvares de Azevedo disponibiliza um farto acervo eletr\u00f4nico de publica\u00e7\u00f5es cient\u00edficas na \u00e1rea, sem falar nos materiais did\u00e1ticos especializados desenvolvidos e produzidos no IBC, distribu\u00eddos para escolas p\u00fablicas de todo o territ\u00f3rio nacional.<\/p><p align=\"justify\">Voc\u00ea tem interesse em conhecer de perto o trabalho desenvolvido pelo IBC? Teremos o maior prazer em receber institui\u00e7\u00f5es p\u00fablicas e privadas, alunos e a sociedade em geral.\u00a0<\/p><p align=\"justify\"><a href=\"https:\/\/www.gov.br\/ibc\/pt-br\/extensao\/visitas\"><em>Fonte: Gov.br<\/em><\/a><\/p>\t\t\t\t\t\t\t\t<\/div>\n\t\t\t\t<\/div>\n\t\t\t\t<div class=\"elementor-element elementor-element-1cdceae elementor-widget elementor-widget-google_maps\" data-id=\"1cdceae\" data-element_type=\"widget\" data-e-type=\"widget\" data-widget_type=\"google_maps.default\">\n\t\t\t\t<div class=\"elementor-widget-container\">\n\t\t\t\t\t\t\t<div class=\"elementor-custom-embed\">\n\t\t\t<iframe loading=\"lazy\"\n\t\t\t\t\tsrc=\"https:\/\/maps.google.com\/maps?q=Instituto%20Benjamin%20Constant%2C%20Rio%20de%20Janeiro&#038;t=m&#038;z=13&#038;output=embed&#038;iwloc=near\"\n\t\t\t\t\ttitle=\"Instituto Benjamin Constant, Rio de Janeiro\"\n\t\t\t\t\taria-label=\"Instituto Benjamin Constant, Rio de Janeiro\"\n\t\t\t><\/iframe>\n\t\t<\/div>\n\t\t\t\t\t\t<\/div>\n\t\t\t\t<\/div>\n\t\t\t\t\t<\/div>\n\t\t\t\t<\/div>\n\t\t\t\t<\/div>\n\t\t","protected":false},"excerpt":{"rendered":"<p>O local do evento: Instituto Benjamin Constant O\u00a0Instituto Benjamin Constant\u00a0\u00e9 uma institui\u00e7\u00e3o federal especializada na educa\u00e7\u00e3o e atendimento de pessoas cegas e com baixa vis\u00e3o. Al\u00e9m da educa\u00e7\u00e3o formal, o IBC promove a reinser\u00e7\u00e3o social das pessoas que perderam ou est\u00e3o em processo irrevers\u00edvel de perda da vis\u00e3o. Tornou-se tamb\u00e9m um centro de pesquisas m\u00e9dicas no campo da oftalmologia, possuindo um dos programas de resid\u00eancia m\u00e9dica mais respeitados do Pa\u00eds. Como centro de refer\u00eancia nesta \u00e1rea, a institui\u00e7\u00e3o tamb\u00e9m atua na forma\u00e7\u00e3o especializada na educa\u00e7\u00e3o de pessoas com defici\u00eancia visual e assessora institui\u00e7\u00f5es p\u00fablicas e privadas no atendimento \u00e0s necessidades desse p\u00fablico. Da Imprensa Braille saem os livros e revistas editados e impressos em braille e em tinta ampliada para pessoas cegas e com baixa vis\u00e3o do Brasil e de outros pa\u00edses de l\u00edngua portuguesa. J\u00e1 a Biblioteca Jos\u00e9 \u00c1lvares de Azevedo disponibiliza um farto acervo eletr\u00f4nico de publica\u00e7\u00f5es cient\u00edficas na \u00e1rea, sem falar nos materiais did\u00e1ticos especializados desenvolvidos e produzidos no IBC, distribu\u00eddos para escolas p\u00fablicas de todo o territ\u00f3rio nacional. Voc\u00ea tem interesse em conhecer de perto o trabalho desenvolvido pelo IBC? Teremos o maior prazer em receber institui\u00e7\u00f5es p\u00fablicas e privadas, alunos e a sociedade em geral.\u00a0 Fonte: Gov.br<\/p>\n","protected":false},"author":10,"featured_media":0,"parent":0,"menu_order":0,"comment_status":"closed","ping_status":"closed","template":"elementor_header_footer","meta":{"footnotes":""},"class_list":["post-3417","page","type-page","status-publish","hentry"],"_links":{"self":[{"href":"https:\/\/cbie.sbc.org.br\/2024\/wp-json\/wp\/v2\/pages\/3417","targetHints":{"allow":["GET"]}}],"collection":[{"href":"https:\/\/cbie.sbc.org.br\/2024\/wp-json\/wp\/v2\/pages"}],"about":[{"href":"https:\/\/cbie.sbc.org.br\/2024\/wp-json\/wp\/v2\/types\/page"}],"author":[{"embeddable":true,"href":"https:\/\/cbie.sbc.org.br\/2024\/wp-json\/wp\/v2\/users\/10"}],"replies":[{"embeddable":true,"href":"https:\/\/cbie.sbc.org.br\/2024\/wp-json\/wp\/v2\/comments?post=3417"}],"version-history":[{"count":19,"href":"https:\/\/cbie.sbc.org.br\/2024\/wp-json\/wp\/v2\/pages\/3417\/revisions"}],"predecessor-version":[{"id":3882,"href":"https:\/\/cbie.sbc.org.br\/2024\/wp-json\/wp\/v2\/pages\/3417\/revisions\/3882"}],"wp:attachment":[{"href":"https:\/\/cbie.sbc.org.br\/2024\/wp-json\/wp\/v2\/media?parent=3417"}],"curies":[{"name":"wp","href":"https:\/\/api.w.org\/{rel}","templated":true}]}}