{"id":3313,"date":"2024-03-20T20:17:58","date_gmt":"2024-03-20T23:17:58","guid":{"rendered":"https:\/\/cbie.sbc.org.br\/2024\/?page_id=3313"},"modified":"2024-09-26T14:57:39","modified_gmt":"2024-09-26T17:57:39","slug":"comite-de-programa","status":"publish","type":"page","link":"https:\/\/cbie.sbc.org.br\/2024\/comite-de-programa\/","title":{"rendered":"Comit\u00ea do Programa"},"content":{"rendered":"\t\t<div data-elementor-type=\"wp-page\" data-elementor-id=\"3313\" class=\"elementor elementor-3313\">\n\t\t\t\t<div class=\"elementor-element elementor-element-9cf3f42 e-flex e-con-boxed wpr-particle-no wpr-jarallax-no wpr-parallax-no wpr-sticky-section-no wpr-equal-height-no e-con e-parent\" data-id=\"9cf3f42\" data-element_type=\"container\" data-e-type=\"container\">\n\t\t\t\t\t<div class=\"e-con-inner\">\n\t\t\t\t<div class=\"elementor-element elementor-element-7133123 elementor-widget elementor-widget-heading\" data-id=\"7133123\" data-element_type=\"widget\" data-e-type=\"widget\" data-widget_type=\"heading.default\">\n\t\t\t\t<div class=\"elementor-widget-container\">\n\t\t\t\t\t<h2 class=\"elementor-heading-title elementor-size-default\"><br>Comit\u00ea de Programa<\/h2>\t\t\t\t<\/div>\n\t\t\t\t<\/div>\n\t\t\t\t\t<\/div>\n\t\t\t\t<\/div>\n\t\t<div class=\"elementor-element elementor-element-71e0d14 e-flex e-con-boxed wpr-particle-no wpr-jarallax-no wpr-parallax-no wpr-sticky-section-no wpr-equal-height-no e-con e-parent\" data-id=\"71e0d14\" data-element_type=\"container\" data-e-type=\"container\">\n\t\t\t\t\t<div class=\"e-con-inner\">\n\t\t\t\t<div class=\"elementor-element elementor-element-dbad4ae elementor-widget elementor-widget-heading\" data-id=\"dbad4ae\" data-element_type=\"widget\" data-e-type=\"widget\" data-widget_type=\"heading.default\">\n\t\t\t\t<div class=\"elementor-widget-container\">\n\t\t\t\t\t<h4 class=\"elementor-heading-title elementor-size-default\">Coordenadores Gerais de Programa do CBIE 2024<\/h4>\t\t\t\t<\/div>\n\t\t\t\t<\/div>\n\t\t\t\t<div class=\"elementor-element elementor-element-7ddd2d8 elementor-widget elementor-widget-text-editor\" data-id=\"7ddd2d8\" data-element_type=\"widget\" data-e-type=\"widget\" data-widget_type=\"text-editor.default\">\n\t\t\t\t<div class=\"elementor-widget-container\">\n\t\t\t\t\t\t\t\t\t<p>Rafael Dias Ara\u00fajo (UFU) | <a href=\"http:\/\/lattes.cnpq.br\/3067137114142725\">Lattes<\/a> | <a href=\"mailto:rafael.araujo@ufu.br\">rafael.araujo@ufu.br<\/a><br \/><span style=\"font-weight: 400;\">Clodis Boscarioli (UNIOESTE) | <a href=\"http:\/\/lattes.cnpq.br\/2844207318576160\">Lattes<\/a> |\u00a0<a href=\"mailto:boscarioli@unioeste.br\">boscarioli@unioeste.br<\/a><\/span><\/p>\t\t\t\t\t\t\t\t<\/div>\n\t\t\t\t<\/div>\n\t\t\t\t<div class=\"elementor-element elementor-element-9abaffd elementor-widget elementor-widget-heading\" data-id=\"9abaffd\" data-element_type=\"widget\" data-e-type=\"widget\" data-widget_type=\"heading.default\">\n\t\t\t\t<div class=\"elementor-widget-container\">\n\t\t\t\t\t<h4 class=\"elementor-heading-title elementor-size-default\">Coordenadores de Programa do SBIE 2024<\/h4>\t\t\t\t<\/div>\n\t\t\t\t<\/div>\n\t\t\t\t<div class=\"elementor-element elementor-element-1f16d94 elementor-widget elementor-widget-text-editor\" data-id=\"1f16d94\" data-element_type=\"widget\" data-e-type=\"widget\" data-widget_type=\"text-editor.default\">\n\t\t\t\t<div class=\"elementor-widget-container\">\n\t\t\t\t\t\t\t\t\t<p>Cleon Xavier Pereira J\u00fanior (IF Goiano) | <a href=\"http:\/\/lattes.cnpq.br\/2106704642081867\">Lattes<\/a> |&nbsp;&nbsp;<a href=\"mailto:cleon.junior@ifgoiano.edu.br\">cleon.junior@ifgoiano.edu.br<\/a><br>Laura de Oliveira Fernandes Moraes (Unirio) |&nbsp;<a style=\"background-color: #ffffff; transition-delay: 0s;\" href=\"http:\/\/lattes.cnpq.br\/3138892444406479\">Lattes<\/a>&nbsp;|&nbsp;&nbsp;<a style=\"transition-delay: 0s;\" href=\"mailto:laura@uniriotec.br\">laura@uniriotec.br<\/a><\/p>\t\t\t\t\t\t\t\t<\/div>\n\t\t\t\t<\/div>\n\t\t\t\t<div class=\"elementor-element elementor-element-2f0485e elementor-widget elementor-widget-heading\" data-id=\"2f0485e\" data-element_type=\"widget\" data-e-type=\"widget\" data-widget_type=\"heading.default\">\n\t\t\t\t<div class=\"elementor-widget-container\">\n\t\t\t\t\t<h4 class=\"elementor-heading-title elementor-size-default\">Coordenadores de Programa do WIE 2024<\/h4>\t\t\t\t<\/div>\n\t\t\t\t<\/div>\n\t\t\t\t<div class=\"elementor-element elementor-element-f0cb3cc elementor-widget elementor-widget-text-editor\" data-id=\"f0cb3cc\" data-element_type=\"widget\" data-e-type=\"widget\" data-widget_type=\"text-editor.default\">\n\t\t\t\t<div class=\"elementor-widget-container\">\n\t\t\t\t\t\t\t\t\t<p>Ketia Kellen Ara\u00fajo da Silva (EGN\/RJ) |\u00a0<a style=\"transition-delay: 0s;\" href=\"http:\/\/lattes.cnpq.br\/4998633057465863\">Lattes<\/a>\u00a0|\u00a0<a style=\"transition-delay: 0s;\" href=\"mailto:ketia.kellen@marinha.mil.br\">ketia.kellen@marinha.mil.br<\/a><br \/>Le\u00f4nidas de Oliveira Brand\u00e3o (USP) | <a style=\"font-family: var( --e-global-typography-text-font-family ), Sans-serif; word-spacing: var( --e-global-typography-text-word-spacing ); text-align: var(--text-align); letter-spacing: 0px;\" href=\"http:\/\/lattes.cnpq.br\/5618622435626525\">Lattes<\/a><span style=\"font-family: var( --e-global-typography-text-font-family ), Sans-serif; word-spacing: var( --e-global-typography-text-word-spacing ); text-align: var(--text-align); letter-spacing: 0px;\"> |\u00a0<\/span><a style=\"font-family: var( --e-global-typography-text-font-family ), Sans-serif; word-spacing: var( --e-global-typography-text-word-spacing ); text-align: var(--text-align); letter-spacing: 0px;\" href=\"mailto:leo@ime.usp.br\">leo@ime.usp.br<\/a><\/p>\t\t\t\t\t\t\t\t<\/div>\n\t\t\t\t<\/div>\n\t\t\t\t<div class=\"elementor-element elementor-element-bfe71a9 elementor-widget elementor-widget-heading\" data-id=\"bfe71a9\" data-element_type=\"widget\" data-e-type=\"widget\" data-widget_type=\"heading.default\">\n\t\t\t\t<div class=\"elementor-widget-container\">\n\t\t\t\t\t<h4 class=\"elementor-heading-title elementor-size-default\">Equipe de Publica\u00e7\u00f5es do CBIE 2024<\/h4>\t\t\t\t<\/div>\n\t\t\t\t<\/div>\n\t\t\t\t<div class=\"elementor-element elementor-element-368ecaf elementor-widget elementor-widget-text-editor\" data-id=\"368ecaf\" data-element_type=\"widget\" data-e-type=\"widget\" data-widget_type=\"text-editor.default\">\n\t\t\t\t<div class=\"elementor-widget-container\">\n\t\t\t\t\t\t\t\t\t<p>Newarney Torrez\u00e3o da Costa (IF Goiano) | <a href=\"http:\/\/lattes.cnpq.br\/4986407746430136\">Lattes<\/a> | <a href=\"mailto:newarney.costa@ifgoiano.edu.br\">newarney.costa@ifgoiano.edu.br<\/a><br \/>Ana Liz Souto (UFPB) | <a href=\"http:\/\/lattes.cnpq.br\/7788932431434287\">Lattes<\/a> | <a href=\"mailto:analiz@dcx.ufpb.br\">analiz@dcx.ufpb.br<\/a><\/p>\t\t\t\t\t\t\t\t<\/div>\n\t\t\t\t<\/div>\n\t\t\t\t<div class=\"elementor-element elementor-element-a7d1299 elementor-widget elementor-widget-heading\" data-id=\"a7d1299\" data-element_type=\"widget\" data-e-type=\"widget\" data-widget_type=\"heading.default\">\n\t\t\t\t<div class=\"elementor-widget-container\">\n\t\t\t\t\t<h4 class=\"elementor-heading-title elementor-size-default\">Coordenadoras do CTD-IE<\/h4>\t\t\t\t<\/div>\n\t\t\t\t<\/div>\n\t\t\t\t<div class=\"elementor-element elementor-element-9cce088 elementor-widget elementor-widget-text-editor\" data-id=\"9cce088\" data-element_type=\"widget\" data-e-type=\"widget\" data-widget_type=\"text-editor.default\">\n\t\t\t\t<div class=\"elementor-widget-container\">\n\t\t\t\t\t\t\t\t\t<p>Elaine Harada (UFAM) | <a href=\"http:\/\/lattes.cnpq.br\/6553721651836761\">Lattes<\/a> | <a href=\"mailto:elaine@icomp.ufam.edu.br\">elaine@icomp.ufam.edu.br<\/a><br \/>Isabela Gasparini (UDESC) | <a href=\"http:\/\/lattes.cnpq.br\/3262681213088048\">Lattes<\/a> | <a href=\"mailto:isabela.gasparini@udesc.br\">isabela.gasparini@udesc.br<\/a><br \/>Patricia Augustin Jaques Maillard (UFPR)\u00a0<span style=\"color: var( --e-global-color-text ); font-family: var( --e-global-typography-text-font-family ), Sans-serif; font-weight: var( --e-global-typography-text-font-weight ); word-spacing: var( --e-global-typography-text-word-spacing ); text-align: var(--text-align); letter-spacing: 0px;\">|<\/span><span style=\"color: var( --e-global-color-text ); font-family: var( --e-global-typography-text-font-family ), Sans-serif; font-weight: var( --e-global-typography-text-font-weight ); word-spacing: var( --e-global-typography-text-word-spacing ); text-align: var(--text-align); letter-spacing: 0px;\">\u00a0<\/span><a style=\"font-family: var( --e-global-typography-text-font-family ), Sans-serif; font-weight: var( --e-global-typography-text-font-weight ); word-spacing: var( --e-global-typography-text-word-spacing ); text-align: var(--text-align); letter-spacing: 0px; background-color: #ffffff;\" href=\"http:\/\/lattes.cnpq.br\/5723385125570881\">Lattes<\/a><span style=\"color: var( --e-global-color-text ); font-family: var( --e-global-typography-text-font-family ), Sans-serif; font-weight: var( --e-global-typography-text-font-weight ); word-spacing: var( --e-global-typography-text-word-spacing ); text-align: var(--text-align); letter-spacing: 0px;\">\u00a0<\/span><span style=\"color: var( --e-global-color-text ); font-family: var( --e-global-typography-text-font-family ), Sans-serif; font-weight: var( --e-global-typography-text-font-weight ); word-spacing: var( --e-global-typography-text-word-spacing ); text-align: var(--text-align); letter-spacing: 0px;\">| <a href=\"mailto:patricia@inf.ufpr.br\">patricia@inf.ufpr.br<\/a>\u00a0<\/span><\/p>\t\t\t\t\t\t\t\t<\/div>\n\t\t\t\t<\/div>\n\t\t\t\t<div class=\"elementor-element elementor-element-8aa2edf elementor-widget elementor-widget-heading\" data-id=\"8aa2edf\" data-element_type=\"widget\" data-e-type=\"widget\" data-widget_type=\"heading.default\">\n\t\t\t\t<div class=\"elementor-widget-container\">\n\t\t\t\t\t<h4 class=\"elementor-heading-title elementor-size-default\">Coordenadores do STUDX<\/h4>\t\t\t\t<\/div>\n\t\t\t\t<\/div>\n\t\t\t\t<div class=\"elementor-element elementor-element-682beee elementor-widget elementor-widget-text-editor\" data-id=\"682beee\" data-element_type=\"widget\" data-e-type=\"widget\" data-widget_type=\"text-editor.default\">\n\t\t\t\t<div class=\"elementor-widget-container\">\n\t\t\t\t\t\t\t\t\t<p>Filipe Dwan (UFRR) | <a href=\"http:\/\/lattes.cnpq.br\/1043535741108408\">Lattes<\/a> |\u00a0<a href=\"mailto:filipedwan@gmail.com\">filipedwan@gmail.com<\/a><br \/>Tadeu Moreira de Classe (Unirio) | <a href=\"http:\/\/lattes.cnpq.br\/4540774422689570\">Lattes<\/a> | <a href=\"mailto:tadeu.classe@uniriotec.br\" target=\"_blank\" rel=\"noopener\">tadeu.classe@uniriotec.br<\/a><br \/>Tanci Sim\u00f5es Gomes (CESAR) | <a href=\"http:\/\/lattes.cnpq.br\/4810155557205815\">Lattes<\/a> | <a href=\"mailto:tancicleide.gomes@gmail.com\">tancicleide.gomes@gmail.com<\/a><\/p>\t\t\t\t\t\t\t\t<\/div>\n\t\t\t\t<\/div>\n\t\t\t\t<div class=\"elementor-element elementor-element-9e273ed elementor-widget elementor-widget-heading\" data-id=\"9e273ed\" data-element_type=\"widget\" data-e-type=\"widget\" data-widget_type=\"heading.default\">\n\t\t\t\t<div class=\"elementor-widget-container\">\n\t\t\t\t\t<h4 class=\"elementor-heading-title elementor-size-default\">Coordenadoras da JAIE<\/h4>\t\t\t\t<\/div>\n\t\t\t\t<\/div>\n\t\t\t\t<div class=\"elementor-element elementor-element-81fa9d4 elementor-widget elementor-widget-text-editor\" data-id=\"81fa9d4\" data-element_type=\"widget\" data-e-type=\"widget\" data-widget_type=\"text-editor.default\">\n\t\t\t\t<div class=\"elementor-widget-container\">\n\t\t\t\t\t\t\t\t\t<p>Felipe Carvalho (PPGE\/UNESA) |\u00a0<a href=\"http:\/\/lattes.cnpq.br\/8539464540238508\">Lattes<\/a> | <a href=\"mailto:felipesilvaponte@gmail.com\">felipesilvaponte@gmail.com<\/a><br \/>Lucia Giraffa (PUCRS) | <a href=\"http:\/\/lattes.cnpq.br\/8787637274769944\">Lattes<\/a> | <a href=\"mailto:giraffa@pucrs.br\">giraffa@pucrs.br<\/a><br \/>Milene Selbach (PUCRS) | <a href=\"http:\/\/lattes.cnpq.br\/0483707899231728\">Lattes<\/a> | <a href=\"mailto:milene.silveira@pucrs.br\">milene.silveira@pucrs.br<\/a><\/p>\t\t\t\t\t\t\t\t<\/div>\n\t\t\t\t<\/div>\n\t\t\t\t<div class=\"elementor-element elementor-element-73c699c elementor-widget elementor-widget-heading\" data-id=\"73c699c\" data-element_type=\"widget\" data-e-type=\"widget\" data-widget_type=\"heading.default\">\n\t\t\t\t<div class=\"elementor-widget-container\">\n\t\t\t\t\t<h4 class=\"elementor-heading-title elementor-size-default\">Coordenadoras dos Workshops<\/h4>\t\t\t\t<\/div>\n\t\t\t\t<\/div>\n\t\t\t\t<div class=\"elementor-element elementor-element-ffcf985 elementor-widget elementor-widget-text-editor\" data-id=\"ffcf985\" data-element_type=\"widget\" data-e-type=\"widget\" data-widget_type=\"text-editor.default\">\n\t\t\t\t<div class=\"elementor-widget-container\">\n\t\t\t\t\t\t\t\t\t<p>Carolina Christina do Sacramento Nardi (UERJ e Fiocruz) <span style=\"text-align: var(--text-align);\">| <a href=\"http:\/\/lattes.cnpq.br\/0402937457940518\">Lattes<\/a> | <a href=\"mailto:carolina.sacramento@fiocruz.br\"> carolina.sacramento@fiocruz.br<\/a><\/span><span style=\"text-align: var(--text-align);\"><br \/><\/span>Taciana Pontual Falc\u00e3o (UFRPE) | <a href=\"http:\/\/lattes.cnpq.br\/5706959249737319\">Lattes<\/a> | <a href=\"mailto:taciana.pontual@ufrpe.br\">\u00a0taciana.pontual@ufrpe.br<\/a><\/p>\t\t\t\t\t\t\t\t<\/div>\n\t\t\t\t<\/div>\n\t\t\t\t<div class=\"elementor-element elementor-element-d0ef3a0 elementor-widget elementor-widget-heading\" data-id=\"d0ef3a0\" data-element_type=\"widget\" data-e-type=\"widget\" data-widget_type=\"heading.default\">\n\t\t\t\t<div class=\"elementor-widget-container\">\n\t\t\t\t\t<h4 class=\"elementor-heading-title elementor-size-default\">Coordenadores Apps.edu<\/h4>\t\t\t\t<\/div>\n\t\t\t\t<\/div>\n\t\t\t\t<div class=\"elementor-element elementor-element-fa5ff2a elementor-widget elementor-widget-text-editor\" data-id=\"fa5ff2a\" data-element_type=\"widget\" data-e-type=\"widget\" data-widget_type=\"text-editor.default\">\n\t\t\t\t<div class=\"elementor-widget-container\">\n\t\t\t\t\t\t\t\t\t<p>Fernanda Pires (UEA) | <a href=\"http:\/\/lattes.cnpq.br\/1513105922120587\">Lattes<\/a> | <a href=\"mailto:fpires@uea.edu.br\">fpires@uea.edu.br<\/a><br \/>Joyce Miranda dos Santos (IBC)\u00a0<span style=\"font-family: var( --e-global-typography-text-font-family ), Sans-serif; word-spacing: var( --e-global-typography-text-word-spacing ); text-align: var(--text-align); letter-spacing: 0px;\">| <a href=\"http:\/\/lattes.cnpq.br\/7287974246740197\">Lattes<\/a> | <a href=\"mailto:joycemiranda@ibc.gov.br\">joycemiranda@ibc.gov.br<\/a><\/span><br \/>Leandro Marques Queiros (UFPE) |\u00a0 <a style=\"font-family: var( --e-global-typography-text-font-family ), Sans-serif; word-spacing: var( --e-global-typography-text-word-spacing ); text-align: var(--text-align); letter-spacing: 0px;\" href=\"http:\/\/lattes.cnpq.br\/1547638419636850\">Lattes<\/a><span style=\"font-family: var( --e-global-typography-text-font-family ), Sans-serif; word-spacing: var( --e-global-typography-text-word-spacing ); text-align: var(--text-align); letter-spacing: 0px;\"> | <\/span><a style=\"font-family: var( --e-global-typography-text-font-family ), Sans-serif; word-spacing: var( --e-global-typography-text-word-spacing ); text-align: var(--text-align); letter-spacing: 0px;\" href=\"mailto:lmq@cin.ufpe.br\">lmq@cin.ufpe.br<\/a><\/p>\t\t\t\t\t\t\t\t<\/div>\n\t\t\t\t<\/div>\n\t\t\t\t<div class=\"elementor-element elementor-element-d31b3c5 elementor-widget elementor-widget-heading\" data-id=\"d31b3c5\" data-element_type=\"widget\" data-e-type=\"widget\" data-widget_type=\"heading.default\">\n\t\t\t\t<div class=\"elementor-widget-container\">\n\t\t\t\t\t<h4 class=\"elementor-heading-title elementor-size-default\">Coordenador do Espa\u00e7o de Criatividade<\/h4>\t\t\t\t<\/div>\n\t\t\t\t<\/div>\n\t\t\t\t<div class=\"elementor-element elementor-element-aac54b7 elementor-widget elementor-widget-text-editor\" data-id=\"aac54b7\" data-element_type=\"widget\" data-e-type=\"widget\" data-widget_type=\"text-editor.default\">\n\t\t\t\t<div class=\"elementor-widget-container\">\n\t\t\t\t\t\t\t\t\t<p>Sergio Crespo Coelho da Silva Pinto (UFF) | <a href=\"http:\/\/lattes.cnpq.br\/6515044727348778\">Lattes<\/a> | <a href=\"mailto:screspo@id.uff.br\">screspo@id.uff.br<\/a><\/p>\t\t\t\t\t\t\t\t<\/div>\n\t\t\t\t<\/div>\n\t\t\t\t\t<\/div>\n\t\t\t\t<\/div>\n\t\t\t\t<\/div>\n\t\t","protected":false},"excerpt":{"rendered":"<p>Comit\u00ea de Programa Coordenadores Gerais de Programa do CBIE 2024 Rafael Dias Ara\u00fajo (UFU) | Lattes | rafael.araujo@ufu.brClodis Boscarioli (UNIOESTE) | Lattes |\u00a0boscarioli@unioeste.br Coordenadores de Programa do SBIE 2024 Cleon Xavier Pereira J\u00fanior (IF Goiano) | Lattes |&nbsp;&nbsp;cleon.junior@ifgoiano.edu.brLaura de Oliveira Fernandes Moraes (Unirio) |&nbsp;Lattes&nbsp;|&nbsp;&nbsp;laura@uniriotec.br Coordenadores de Programa do WIE 2024 Ketia Kellen Ara\u00fajo da Silva (EGN\/RJ) |\u00a0Lattes\u00a0|\u00a0ketia.kellen@marinha.mil.brLe\u00f4nidas de Oliveira Brand\u00e3o (USP) | Lattes |\u00a0leo@ime.usp.br Equipe de Publica\u00e7\u00f5es do CBIE 2024 Newarney Torrez\u00e3o da Costa (IF Goiano) | Lattes | newarney.costa@ifgoiano.edu.brAna Liz Souto (UFPB) | Lattes | analiz@dcx.ufpb.br Coordenadoras do CTD-IE Elaine Harada (UFAM) | Lattes | elaine@icomp.ufam.edu.brIsabela Gasparini (UDESC) | Lattes | isabela.gasparini@udesc.brPatricia Augustin Jaques Maillard (UFPR)\u00a0|\u00a0Lattes\u00a0| patricia@inf.ufpr.br\u00a0 Coordenadores do STUDX Filipe Dwan (UFRR) | Lattes |\u00a0filipedwan@gmail.comTadeu Moreira de Classe (Unirio) | Lattes | tadeu.classe@uniriotec.brTanci Sim\u00f5es Gomes (CESAR) | Lattes | tancicleide.gomes@gmail.com Coordenadoras da JAIE Felipe Carvalho (PPGE\/UNESA) |\u00a0Lattes | felipesilvaponte@gmail.comLucia Giraffa (PUCRS) | Lattes | giraffa@pucrs.brMilene Selbach (PUCRS) | Lattes | milene.silveira@pucrs.br Coordenadoras dos Workshops Carolina Christina do Sacramento Nardi (UERJ e Fiocruz) | Lattes | carolina.sacramento@fiocruz.brTaciana Pontual Falc\u00e3o (UFRPE) | Lattes | \u00a0taciana.pontual@ufrpe.br Coordenadores Apps.edu Fernanda Pires (UEA) | Lattes | fpires@uea.edu.brJoyce Miranda dos Santos (IBC)\u00a0| Lattes | joycemiranda@ibc.gov.brLeandro Marques Queiros (UFPE) |\u00a0 Lattes | lmq@cin.ufpe.br Coordenador do Espa\u00e7o de Criatividade Sergio Crespo Coelho da Silva Pinto (UFF) | Lattes | screspo@id.uff.br<\/p>\n","protected":false},"author":10,"featured_media":0,"parent":0,"menu_order":0,"comment_status":"closed","ping_status":"closed","template":"elementor_header_footer","meta":{"footnotes":""},"class_list":["post-3313","page","type-page","status-publish","hentry"],"_links":{"self":[{"href":"https:\/\/cbie.sbc.org.br\/2024\/wp-json\/wp\/v2\/pages\/3313","targetHints":{"allow":["GET"]}}],"collection":[{"href":"https:\/\/cbie.sbc.org.br\/2024\/wp-json\/wp\/v2\/pages"}],"about":[{"href":"https:\/\/cbie.sbc.org.br\/2024\/wp-json\/wp\/v2\/types\/page"}],"author":[{"embeddable":true,"href":"https:\/\/cbie.sbc.org.br\/2024\/wp-json\/wp\/v2\/users\/10"}],"replies":[{"embeddable":true,"href":"https:\/\/cbie.sbc.org.br\/2024\/wp-json\/wp\/v2\/comments?post=3313"}],"version-history":[{"count":61,"href":"https:\/\/cbie.sbc.org.br\/2024\/wp-json\/wp\/v2\/pages\/3313\/revisions"}],"predecessor-version":[{"id":4852,"href":"https:\/\/cbie.sbc.org.br\/2024\/wp-json\/wp\/v2\/pages\/3313\/revisions\/4852"}],"wp:attachment":[{"href":"https:\/\/cbie.sbc.org.br\/2024\/wp-json\/wp\/v2\/media?parent=3313"}],"curies":[{"name":"wp","href":"https:\/\/api.w.org\/{rel}","templated":true}]}}