{"id":3227,"date":"2024-03-20T15:02:59","date_gmt":"2024-03-20T18:02:59","guid":{"rendered":"https:\/\/cbie.sbc.org.br\/2024\/?page_id=3227"},"modified":"2024-03-22T14:31:42","modified_gmt":"2024-03-22T17:31:42","slug":"ceie","status":"publish","type":"page","link":"https:\/\/cbie.sbc.org.br\/2024\/ceie\/","title":{"rendered":"CEIE"},"content":{"rendered":"\t\t<div data-elementor-type=\"wp-page\" data-elementor-id=\"3227\" class=\"elementor elementor-3227\">\n\t\t\t\t<div class=\"elementor-element elementor-element-9cf3f42 e-flex e-con-boxed wpr-particle-no wpr-jarallax-no wpr-parallax-no wpr-sticky-section-no e-con e-parent\" data-id=\"9cf3f42\" data-element_type=\"container\" data-e-type=\"container\">\n\t\t\t\t\t<div class=\"e-con-inner\">\n\t\t\t\t<div class=\"elementor-element elementor-element-7133123 elementor-widget elementor-widget-heading\" data-id=\"7133123\" data-element_type=\"widget\" data-e-type=\"widget\" data-widget_type=\"heading.default\">\n\t\t\t\t<div class=\"elementor-widget-container\">\n\t\t\t\t\t<h2 class=\"elementor-heading-title elementor-size-default\"><br>Comiss\u00e3o Especial de Inform\u00e1tica na Educa\u00e7\u00e3o<\/h2>\t\t\t\t<\/div>\n\t\t\t\t<\/div>\n\t\t\t\t<div class=\"elementor-element elementor-element-382dc20 elementor-widget elementor-widget-heading\" data-id=\"382dc20\" data-element_type=\"widget\" data-e-type=\"widget\" data-widget_type=\"heading.default\">\n\t\t\t\t<div class=\"elementor-widget-container\">\n\t\t\t\t\t<h4 class=\"elementor-heading-title elementor-size-default\">Coordena\u00e7\u00e3o<\/h4>\t\t\t\t<\/div>\n\t\t\t\t<\/div>\n\t\t\t\t\t<\/div>\n\t\t\t\t<\/div>\n\t\t<div class=\"elementor-element elementor-element-71e0d14 e-flex e-con-boxed wpr-particle-no wpr-jarallax-no wpr-parallax-no wpr-sticky-section-no e-con e-parent\" data-id=\"71e0d14\" data-element_type=\"container\" data-e-type=\"container\">\n\t\t\t\t\t<div class=\"e-con-inner\">\n\t\t\t\t<div class=\"elementor-element elementor-element-ba38753 elementor-widget elementor-widget-text-editor\" data-id=\"ba38753\" data-element_type=\"widget\" data-e-type=\"widget\" data-widget_type=\"text-editor.default\">\n\t\t\t\t<div class=\"elementor-widget-container\">\n\t\t\t\t\t\t\t\t\t<p><span style=\"font-weight: 400;\"><strong>Coordenador:<\/strong> Sean Wolfgand Matsui Siqueira &#8211; UNIRIO | <a href=\"http:\/\/lattes.cnpq.br\/2562652838103607\">Lattes<\/a> |&nbsp;<\/span><a href=\"mailto:sean@uniriotec.br\"><span style=\"text-align: var(--text-align);\">sean@uniriotec.br<\/span><\/a><br><strong style=\"color: var( --e-global-color-text ); font-family: var( --e-global-typography-text-font-family ), Sans-serif; word-spacing: var( --e-global-typography-text-word-spacing ); text-align: var(--text-align); letter-spacing: 0px;\">Vice-Coordenadora:<\/strong><span style=\"color: var( --e-global-color-text ); font-family: var( --e-global-typography-text-font-family ), Sans-serif; font-weight: var( --e-global-typography-text-font-weight ); word-spacing: var( --e-global-typography-text-word-spacing ); text-align: var(--text-align); letter-spacing: 0px;\"> Patricia Augustin Jaques Maillard &#8211; UFPR&nbsp;<\/span><span style=\"color: var( --e-global-color-text ); font-family: var( --e-global-typography-text-font-family ), Sans-serif; font-weight: var( --e-global-typography-text-font-weight ); word-spacing: var( --e-global-typography-text-word-spacing ); text-align: var(--text-align); letter-spacing: 0px;\">|<\/span><span style=\"color: var( --e-global-color-text ); font-family: var( --e-global-typography-text-font-family ), Sans-serif; font-weight: var( --e-global-typography-text-font-weight ); word-spacing: var( --e-global-typography-text-word-spacing ); text-align: var(--text-align); letter-spacing: 0px;\">&nbsp;<\/span><a href=\"http:\/\/lattes.cnpq.br\/5723385125570881\" style=\"font-family: var( --e-global-typography-text-font-family ), Sans-serif; font-weight: var( --e-global-typography-text-font-weight ); word-spacing: var( --e-global-typography-text-word-spacing ); text-align: var(--text-align); letter-spacing: 0px; background-color: rgb(255, 255, 255);\">Lattes<\/a><span style=\"color: var( --e-global-color-text ); font-family: var( --e-global-typography-text-font-family ), Sans-serif; font-weight: var( --e-global-typography-text-font-weight ); word-spacing: var( --e-global-typography-text-word-spacing ); text-align: var(--text-align); letter-spacing: 0px;\">&nbsp;<\/span><span style=\"color: var( --e-global-color-text ); font-family: var( --e-global-typography-text-font-family ), Sans-serif; font-weight: var( --e-global-typography-text-font-weight ); word-spacing: var( --e-global-typography-text-word-spacing ); text-align: var(--text-align); letter-spacing: 0px;\">| <a href=\"mailto:patricia@inf.ufpr.br\">patricia@inf.ufpr.br<\/a>&nbsp;<\/span><\/p>\t\t\t\t\t\t\t\t<\/div>\n\t\t\t\t<\/div>\n\t\t\t\t<div class=\"elementor-element elementor-element-dbad4ae elementor-widget elementor-widget-heading\" data-id=\"dbad4ae\" data-element_type=\"widget\" data-e-type=\"widget\" data-widget_type=\"heading.default\">\n\t\t\t\t<div class=\"elementor-widget-container\">\n\t\t\t\t\t<h4 class=\"elementor-heading-title elementor-size-default\">Comit\u00ea Gestor - Integrantes<\/h4>\t\t\t\t<\/div>\n\t\t\t\t<\/div>\n\t\t\t\t<div class=\"elementor-element elementor-element-cacc9b1 elementor-widget elementor-widget-text-editor\" data-id=\"cacc9b1\" data-element_type=\"widget\" data-e-type=\"widget\" data-widget_type=\"text-editor.default\">\n\t\t\t\t<div class=\"elementor-widget-container\">\n\t\t\t\t\t\t\t\t\t<p>Ad\u00e3o Caron Cambraia &#8211; IFFarroupilha\u00a0<span style=\"color: var( --e-global-color-text ); font-family: var( --e-global-typography-text-font-family ), Sans-serif; font-weight: var( --e-global-typography-text-font-weight ); letter-spacing: 0px; text-align: var(--text-align); word-spacing: var( --e-global-typography-text-word-spacing );\">|<\/span><span style=\"color: var( --e-global-color-text ); font-family: var( --e-global-typography-text-font-family ), Sans-serif; font-weight: var( --e-global-typography-text-font-weight ); letter-spacing: 0px; text-align: var(--text-align); word-spacing: var( --e-global-typography-text-word-spacing );\">\u00a0<\/span><a style=\"background-color: #ffffff; font-family: var( --e-global-typography-text-font-family ), Sans-serif; font-weight: var( --e-global-typography-text-font-weight ); letter-spacing: 0px; text-align: var(--text-align); word-spacing: var( --e-global-typography-text-word-spacing );\" href=\"http:\/\/lattes.cnpq.br\/4507314509079204\">Lattes<\/a><span style=\"color: var( --e-global-color-text ); font-family: var( --e-global-typography-text-font-family ), Sans-serif; font-weight: var( --e-global-typography-text-font-weight ); letter-spacing: 0px; text-align: var(--text-align); word-spacing: var( --e-global-typography-text-word-spacing );\">\u00a0<\/span><span style=\"color: var( --e-global-color-text ); font-family: var( --e-global-typography-text-font-family ), Sans-serif; font-weight: var( --e-global-typography-text-font-weight ); letter-spacing: 0px; text-align: var(--text-align); word-spacing: var( --e-global-typography-text-word-spacing );\">| <a href=\"mailto:adao.cambraia@iffarroupilha.edu.br\">adao.cambraia@iffarroupilha.edu.br<\/a><\/span><br \/>Aladir Ferreira da Silva J\u00fanior &#8211; UFJ\u00a0<span style=\"color: var( --e-global-color-text ); font-family: var( --e-global-typography-text-font-family ), Sans-serif; font-weight: var( --e-global-typography-text-font-weight ); letter-spacing: 0px; text-align: var(--text-align); word-spacing: var( --e-global-typography-text-word-spacing );\">|<\/span><span style=\"color: var( --e-global-color-text ); font-family: var( --e-global-typography-text-font-family ), Sans-serif; font-weight: var( --e-global-typography-text-font-weight ); letter-spacing: 0px; text-align: var(--text-align); word-spacing: var( --e-global-typography-text-word-spacing );\">\u00a0<\/span><a style=\"background-color: #ffffff; font-family: var( --e-global-typography-text-font-family ), Sans-serif; font-weight: var( --e-global-typography-text-font-weight ); letter-spacing: 0px; text-align: var(--text-align); word-spacing: var( --e-global-typography-text-word-spacing );\" href=\"http:\/\/lattes.cnpq.br\/7859569019274187\">Lattes<\/a><span style=\"color: var( --e-global-color-text ); font-family: var( --e-global-typography-text-font-family ), Sans-serif; font-weight: var( --e-global-typography-text-font-weight ); letter-spacing: 0px; text-align: var(--text-align); word-spacing: var( --e-global-typography-text-word-spacing );\">\u00a0<\/span><span style=\"color: var( --e-global-color-text ); font-family: var( --e-global-typography-text-font-family ), Sans-serif; font-weight: var( --e-global-typography-text-font-weight ); letter-spacing: 0px; text-align: var(--text-align); word-spacing: var( --e-global-typography-text-word-spacing );\">| <a href=\"mailto:aladir.junior@ifg.edu.br\">aladir.junior@ifg.edu.br<\/a><\/span><br \/>Alberto Nogueira de Castro Junior &#8211; UFAM\u00a0<span style=\"color: var( --e-global-color-text ); font-family: var( --e-global-typography-text-font-family ), Sans-serif; font-weight: var( --e-global-typography-text-font-weight ); letter-spacing: 0px; text-align: var(--text-align); word-spacing: var( --e-global-typography-text-word-spacing );\">|<\/span><span style=\"color: var( --e-global-color-text ); font-family: var( --e-global-typography-text-font-family ), Sans-serif; font-weight: var( --e-global-typography-text-font-weight ); letter-spacing: 0px; text-align: var(--text-align); word-spacing: var( --e-global-typography-text-word-spacing );\">\u00a0<\/span><a style=\"background-color: #ffffff; font-family: var( --e-global-typography-text-font-family ), Sans-serif; font-weight: var( --e-global-typography-text-font-weight ); letter-spacing: 0px; text-align: var(--text-align); word-spacing: var( --e-global-typography-text-word-spacing );\" href=\"http:\/\/lattes.cnpq.br\/5919189481858271\">Lattes<\/a><span style=\"color: var( --e-global-color-text ); font-family: var( --e-global-typography-text-font-family ), Sans-serif; font-weight: var( --e-global-typography-text-font-weight ); letter-spacing: 0px; text-align: var(--text-align); word-spacing: var( --e-global-typography-text-word-spacing );\">\u00a0<\/span><span style=\"color: var( --e-global-color-text ); font-family: var( --e-global-typography-text-font-family ), Sans-serif; font-weight: var( --e-global-typography-text-font-weight ); letter-spacing: 0px; text-align: var(--text-align); word-spacing: var( --e-global-typography-text-word-spacing );\">| <a href=\"mailto:alberto@icomp.ufam.edu.br\">alberto@icomp.ufam.edu.br<\/a><\/span><br \/>Andreza Bastos Mour\u00e3o &#8211; UEA | <a href=\"http:\/\/lattes.cnpq.br\/1186847209842804\">Lattes<\/a> |\u00a0<a href=\"mailto:amourao@uea.edu.br\">amourao@uea.edu.br<\/a><br \/>Cleon Xavier Pereira J\u00fanior &#8211; IF Goiano | <a href=\"http:\/\/lattes.cnpq.br\/2106704642081867\">Lattes<\/a> |\u00a0\u00a0<a href=\"mailto:cleon.junior@ifgoiano.edu.br\">cleon.junior@ifgoiano.edu.br<\/a><br \/>Clodis Boscarioli &#8211; UNIOESTE | <a href=\"http:\/\/lattes.cnpq.br\/2844207318576160\">Lattes<\/a> |\u00a0<a href=\"mailto:boscarioli@unioeste.br\">boscarioli@unioeste.br<\/a><br \/>Douglas Lusa Krug &#8211; IFPR | <a href=\"http:\/\/lattes.cnpq.br\/1328994533985579\">Lattes<\/a> | <a href=\"mailto:douglas.krug@ifpr.edu.br\">douglas.krug@ifpr.edu.br<\/a><br \/>J\u00e9ssica Neiva de Figueiredo Leite Araujo &#8211; UERN | <a href=\"http:\/\/lattes.cnpq.br\/7955993102303936\">Lattes<\/a> | <a href=\"mailto:jessicaneiva@uern.br\">jessicaneiva@uern.br\u00a0<\/a><br \/>Leandro Marques Queiros &#8211; UFPE | <a href=\"http:\/\/lattes.cnpq.br\/1547638419636850\">Lattes<\/a> |\u00a0<a href=\"mailto:lmq@cin.ufpe.br\">lmq@cin.ufpe.br<\/a><br \/>Marcelo Bustamante Chilingue &#8211; IBC | <a href=\"http:\/\/lattes.cnpq.br\/2035004854637504\">Lattes<\/a> |\u00a0<a href=\"mailto:marcelochilingue@ibc.gov.br\">marcelochilingue@ibc.gov.br<\/a><br \/>Rafael Dias Ara\u00fajo &#8211; UFU | <a href=\"http:\/\/lattes.cnpq.br\/3067137114142725\">Lattes<\/a> | <a href=\"mailto:rafael.araujo@ufu.br\">rafael.araujo@ufu.br\u00a0<\/a><br \/>Taynara Cerigueli Dutra &#8211; IFSC | <a href=\"http:\/\/lattes.cnpq.br\/9540235491409087\">Lattes<\/a> | <a href=\"mailto:taynara.dutra@ifsc.edu.br\">taynara.dutra@ifsc.edu.br<\/a><br \/>Williamson Alison Freitas Silva &#8211; UNIPAMPA\u00a0<span style=\"color: var( --e-global-color-text ); font-family: var( --e-global-typography-text-font-family ), Sans-serif; font-weight: var( --e-global-typography-text-font-weight ); word-spacing: var( --e-global-typography-text-word-spacing ); text-align: var(--text-align); letter-spacing: 0px;\">| <a href=\"http:\/\/lattes.cnpq.br\/7511013446343990\">Lattes<\/a> | <a href=\"mailto:williamsonsilva@unipampa.edu.br\">williamsonsilva@unipampa.edu.br<\/a><\/span><\/p>\t\t\t\t\t\t\t\t<\/div>\n\t\t\t\t<\/div>\n\t\t\t\t<div class=\"elementor-element elementor-element-b74522e elementor-widget elementor-widget-text-editor\" data-id=\"b74522e\" data-element_type=\"widget\" data-e-type=\"widget\" data-widget_type=\"text-editor.default\">\n\t\t\t\t<div class=\"elementor-widget-container\">\n\t\t\t\t\t\t\t\t\t<p><strong>Para mais informa\u00e7\u00f5es sobre a CEIE, acessse o site:\u00a0 <a href=\"https:\/\/ceie.sbc.org.br\/\">ceie.sbc.org.br<\/a><\/strong><\/p>\t\t\t\t\t\t\t\t<\/div>\n\t\t\t\t<\/div>\n\t\t\t\t\t<\/div>\n\t\t\t\t<\/div>\n\t\t\t\t<\/div>\n\t\t","protected":false},"excerpt":{"rendered":"<p>Comiss\u00e3o Especial de Inform\u00e1tica na Educa\u00e7\u00e3o Coordena\u00e7\u00e3o Coordenador: Sean Wolfgand Matsui Siqueira &#8211; UNIRIO | Lattes |&nbsp;sean@uniriotec.brVice-Coordenadora: Patricia Augustin Jaques Maillard &#8211; UFPR&nbsp;|&nbsp;Lattes&nbsp;| patricia@inf.ufpr.br&nbsp; Comit\u00ea Gestor &#8211; Integrantes Ad\u00e3o Caron Cambraia &#8211; IFFarroupilha\u00a0|\u00a0Lattes\u00a0| adao.cambraia@iffarroupilha.edu.brAladir Ferreira da Silva J\u00fanior &#8211; UFJ\u00a0|\u00a0Lattes\u00a0| aladir.junior@ifg.edu.brAlberto Nogueira de Castro Junior &#8211; UFAM\u00a0|\u00a0Lattes\u00a0| alberto@icomp.ufam.edu.brAndreza Bastos Mour\u00e3o &#8211; UEA | Lattes |\u00a0amourao@uea.edu.brCleon Xavier Pereira J\u00fanior &#8211; IF Goiano | Lattes |\u00a0\u00a0cleon.junior@ifgoiano.edu.brClodis Boscarioli &#8211; UNIOESTE | Lattes |\u00a0boscarioli@unioeste.brDouglas Lusa Krug &#8211; IFPR | Lattes | douglas.krug@ifpr.edu.brJ\u00e9ssica Neiva de Figueiredo Leite Araujo &#8211; UERN | Lattes | jessicaneiva@uern.br\u00a0Leandro Marques Queiros &#8211; UFPE | Lattes |\u00a0lmq@cin.ufpe.brMarcelo Bustamante Chilingue &#8211; IBC | Lattes |\u00a0marcelochilingue@ibc.gov.brRafael Dias Ara\u00fajo &#8211; UFU | Lattes | rafael.araujo@ufu.br\u00a0Taynara Cerigueli Dutra &#8211; IFSC | Lattes | taynara.dutra@ifsc.edu.brWilliamson Alison Freitas Silva &#8211; UNIPAMPA\u00a0| Lattes | williamsonsilva@unipampa.edu.br Para mais informa\u00e7\u00f5es sobre a CEIE, acessse o site:\u00a0 ceie.sbc.org.br<\/p>\n","protected":false},"author":11,"featured_media":0,"parent":0,"menu_order":0,"comment_status":"closed","ping_status":"closed","template":"elementor_header_footer","meta":{"footnotes":""},"class_list":["post-3227","page","type-page","status-publish","hentry"],"_links":{"self":[{"href":"https:\/\/cbie.sbc.org.br\/2024\/wp-json\/wp\/v2\/pages\/3227","targetHints":{"allow":["GET"]}}],"collection":[{"href":"https:\/\/cbie.sbc.org.br\/2024\/wp-json\/wp\/v2\/pages"}],"about":[{"href":"https:\/\/cbie.sbc.org.br\/2024\/wp-json\/wp\/v2\/types\/page"}],"author":[{"embeddable":true,"href":"https:\/\/cbie.sbc.org.br\/2024\/wp-json\/wp\/v2\/users\/11"}],"replies":[{"embeddable":true,"href":"https:\/\/cbie.sbc.org.br\/2024\/wp-json\/wp\/v2\/comments?post=3227"}],"version-history":[{"count":25,"href":"https:\/\/cbie.sbc.org.br\/2024\/wp-json\/wp\/v2\/pages\/3227\/revisions"}],"predecessor-version":[{"id":3397,"href":"https:\/\/cbie.sbc.org.br\/2024\/wp-json\/wp\/v2\/pages\/3227\/revisions\/3397"}],"wp:attachment":[{"href":"https:\/\/cbie.sbc.org.br\/2024\/wp-json\/wp\/v2\/media?parent=3227"}],"curies":[{"name":"wp","href":"https:\/\/api.w.org\/{rel}","templated":true}]}}