{"id":224,"date":"2023-04-04T00:34:04","date_gmt":"2023-04-04T03:34:04","guid":{"rendered":"https:\/\/cbie.sbc.org.br\/2024\/?page_id=224"},"modified":"2024-11-29T13:59:58","modified_gmt":"2024-11-29T16:59:58","slug":"certificados","status":"publish","type":"page","link":"https:\/\/cbie.sbc.org.br\/2024\/certificados\/","title":{"rendered":"Certificados"},"content":{"rendered":"\t\t<div data-elementor-type=\"wp-page\" data-elementor-id=\"224\" class=\"elementor elementor-224\">\n\t\t\t\t<div class=\"elementor-element elementor-element-da730de e-flex e-con-boxed wpr-particle-no wpr-jarallax-no wpr-parallax-no wpr-sticky-section-no wpr-equal-height-no e-con e-parent\" data-id=\"da730de\" data-element_type=\"container\" data-e-type=\"container\">\n\t\t\t\t\t<div class=\"e-con-inner\">\n\t\t\t\t<div class=\"elementor-element elementor-element-9b2d6f8 elementor-widget elementor-widget-heading\" data-id=\"9b2d6f8\" data-element_type=\"widget\" data-e-type=\"widget\" data-widget_type=\"heading.default\">\n\t\t\t\t<div class=\"elementor-widget-container\">\n\t\t\t\t\t<h2 class=\"elementor-heading-title elementor-size-default\"><br>Certificados<\/h2>\t\t\t\t<\/div>\n\t\t\t\t<\/div>\n\t\t\t\t<div class=\"elementor-element elementor-element-5b83759 elementor-widget elementor-widget-text-editor\" data-id=\"5b83759\" data-element_type=\"widget\" data-e-type=\"widget\" data-widget_type=\"text-editor.default\">\n\t\t\t\t<div class=\"elementor-widget-container\">\n\t\t\t\t\t\t\t\t\t<p><strong>Certificados de Participantes:<br \/><\/strong>Dispon\u00edvel no<a href=\"https:\/\/drive.google.com\/drive\/folders\/19Phd25y8H1bYqYr4_4EAQYDpjisszG36\" target=\"_blank\" rel=\"noopener\"> seguinte link.<\/a>\u00a0<\/p><p>Os certificados de participantes emitidos pela SBC podem ser obtidos pelo sistema ECOS, na central de sistemas onde as inscri\u00e7\u00f5es foram feitas: <a href=\"https:\/\/centraldesistemas.sbc.org.br\/\" target=\"_blank\" rel=\"noopener\">https:\/\/centraldesistemas.sbc.org.br\/<\/a>. Entre na guia \u2018Eventos que voc\u00ea se inscreveu\u2019: No XIII Congresso Brasileiro de Inform\u00e1tica na Educa\u00e7\u00e3o (CBIE 2024) e fa\u00e7a o download atrav\u00e9s do link: GERAR CERTIFICADO DE PARTICIPA\u00c7\u00c3O NO EVENTO.<\/p><p><strong>Certificados de Participantes do IBC:<\/strong><br \/>Dispon\u00edvel no <a href=\"https:\/\/drive.google.com\/drive\/folders\/1JAuc7rriXbBk0RUEwI7sqDRVqof9TgXF\" target=\"_blank\" rel=\"noopener\">seguinte link.<\/a><\/p><p><strong>Certificados dos Palestrantes:<\/strong> <br \/>Dispon\u00edvel no<a href=\"https:\/\/drive.google.com\/drive\/folders\/1_m1fBk6JKkGtuEdB260LUOjLq_fJg9Xe\" target=\"_blank\" rel=\"noopener\"> seguinte link.<\/a><\/p><p><strong>Certificados de Premia\u00e7\u00f5es:<\/strong> <br \/>Dispon\u00edvel no <a href=\"https:\/\/drive.google.com\/drive\/folders\/1pT72wqSb0p7gMeqwD96iD5npoa_glFl1\" target=\"_blank\" rel=\"noopener\">seguinte link<\/a>.<br \/><br \/><strong>Certificados Ministrantes JAIE<\/strong><br \/>Dispon\u00edvel no <a href=\"https:\/\/drive.google.com\/drive\/folders\/14Vw-BFZ3W_t0bZ0rP7rykIJWAzaKSB-w?usp=share_link\" target=\"_blank\" rel=\"noopener\">seguinte link.<\/a><\/p><p><strong>Certificados Participantes JAIE<\/strong><br \/>Dispon\u00edvel no <a href=\"https:\/\/drive.google.com\/drive\/folders\/1Wf3NNKZm-25jXb4bvAJSnEw-8eGeaTlf?usp=share_link\" target=\"_blank\" rel=\"noopener\">seguinte link<\/a>.<\/p>\t\t\t\t\t\t\t\t<\/div>\n\t\t\t\t<\/div>\n\t\t\t\t<div class=\"elementor-element elementor-element-a83dbf1 elementor-widget elementor-widget-text-editor\" data-id=\"a83dbf1\" data-element_type=\"widget\" data-e-type=\"widget\" data-widget_type=\"text-editor.default\">\n\t\t\t\t<div class=\"elementor-widget-container\">\n\t\t\t\t\t\t\t\t\t<p><strong>Aten\u00e7\u00e3o:\u00a0<\/strong><br \/>Ap\u00f3s delibera\u00e7\u00e3o junto ao comit\u00ea de programa, informamos que os <strong>certificados de publica\u00e7\u00e3o \/ apresenta\u00e7\u00e3o<\/strong> ser\u00e3o emitidos somente sob demanda uma vez que essas informa\u00e7\u00f5es constam nos anais do evento, dispon\u00edveis em: <a href=\"https:\/\/sol.sbc.org.br\/index.php\/cbie\/issue\/archive\" target=\"_blank\" rel=\"noopener\">https:\/\/sol.sbc.org.br\/index.php\/cbie\/issue\/archive<\/a><br \/>As solicita\u00e7\u00f5es devem ser feitas para o Ronney pelo e-mail: <a href=\"mailto:ronney.castro@ufjf.br\" target=\"_blank\" rel=\"noopener\">ronney.castro@ufjf.br<\/a><\/p><p>Al\u00e9m disso,<strong> certificados de revisores \/ chairs<\/strong> de sess\u00f5es s\u00e3o informa\u00e7\u00f5es contidas nos editoriais de cada evento sat\u00e9lite. <br \/>O comit\u00ea de programa pode emitir uma declara\u00e7\u00e3o, se necess\u00e1rio.<\/p>\t\t\t\t\t\t\t\t<\/div>\n\t\t\t\t<\/div>\n\t\t\t\t\t<\/div>\n\t\t\t\t<\/div>\n\t\t\t\t<\/div>\n\t\t","protected":false},"excerpt":{"rendered":"<p>Certificados Certificados de Participantes:Dispon\u00edvel no seguinte link.\u00a0 Os certificados de participantes emitidos pela SBC podem ser obtidos pelo sistema ECOS, na central de sistemas onde as inscri\u00e7\u00f5es foram feitas: https:\/\/centraldesistemas.sbc.org.br\/. Entre na guia \u2018Eventos que voc\u00ea se inscreveu\u2019: No XIII Congresso Brasileiro de Inform\u00e1tica na Educa\u00e7\u00e3o (CBIE 2024) e fa\u00e7a o download atrav\u00e9s do link: GERAR CERTIFICADO DE PARTICIPA\u00c7\u00c3O NO EVENTO. Certificados de Participantes do IBC:Dispon\u00edvel no seguinte link. Certificados dos Palestrantes: Dispon\u00edvel no seguinte link. Certificados de Premia\u00e7\u00f5es: Dispon\u00edvel no seguinte link. Certificados Ministrantes JAIEDispon\u00edvel no seguinte link. Certificados Participantes JAIEDispon\u00edvel no seguinte link. Aten\u00e7\u00e3o:\u00a0Ap\u00f3s delibera\u00e7\u00e3o junto ao comit\u00ea de programa, informamos que os certificados de publica\u00e7\u00e3o \/ apresenta\u00e7\u00e3o ser\u00e3o emitidos somente sob demanda uma vez que essas informa\u00e7\u00f5es constam nos anais do evento, dispon\u00edveis em: https:\/\/sol.sbc.org.br\/index.php\/cbie\/issue\/archiveAs solicita\u00e7\u00f5es devem ser feitas para o Ronney pelo e-mail: ronney.castro@ufjf.br Al\u00e9m disso, certificados de revisores \/ chairs de sess\u00f5es s\u00e3o informa\u00e7\u00f5es contidas nos editoriais de cada evento sat\u00e9lite. O comit\u00ea de programa pode emitir uma declara\u00e7\u00e3o, se necess\u00e1rio.<\/p>\n","protected":false},"author":7,"featured_media":0,"parent":0,"menu_order":0,"comment_status":"closed","ping_status":"closed","template":"elementor_header_footer","meta":{"footnotes":""},"class_list":["post-224","page","type-page","status-publish","hentry"],"_links":{"self":[{"href":"https:\/\/cbie.sbc.org.br\/2024\/wp-json\/wp\/v2\/pages\/224","targetHints":{"allow":["GET"]}}],"collection":[{"href":"https:\/\/cbie.sbc.org.br\/2024\/wp-json\/wp\/v2\/pages"}],"about":[{"href":"https:\/\/cbie.sbc.org.br\/2024\/wp-json\/wp\/v2\/types\/page"}],"author":[{"embeddable":true,"href":"https:\/\/cbie.sbc.org.br\/2024\/wp-json\/wp\/v2\/users\/7"}],"replies":[{"embeddable":true,"href":"https:\/\/cbie.sbc.org.br\/2024\/wp-json\/wp\/v2\/comments?post=224"}],"version-history":[{"count":67,"href":"https:\/\/cbie.sbc.org.br\/2024\/wp-json\/wp\/v2\/pages\/224\/revisions"}],"predecessor-version":[{"id":5336,"href":"https:\/\/cbie.sbc.org.br\/2024\/wp-json\/wp\/v2\/pages\/224\/revisions\/5336"}],"wp:attachment":[{"href":"https:\/\/cbie.sbc.org.br\/2024\/wp-json\/wp\/v2\/media?parent=224"}],"curies":[{"name":"wp","href":"https:\/\/api.w.org\/{rel}","templated":true}]}}