{"id":221,"date":"2023-04-04T00:32:57","date_gmt":"2023-04-04T03:32:57","guid":{"rendered":"https:\/\/cbie.sbc.org.br\/2024\/?page_id=221"},"modified":"2024-11-26T14:40:04","modified_gmt":"2024-11-26T17:40:04","slug":"comissao-organizadora","status":"publish","type":"page","link":"https:\/\/cbie.sbc.org.br\/2024\/comissao-organizadora\/","title":{"rendered":"Comiss\u00e3o Organizadora"},"content":{"rendered":"\t\t<div data-elementor-type=\"wp-page\" data-elementor-id=\"221\" class=\"elementor elementor-221\">\n\t\t\t\t<div class=\"elementor-element elementor-element-9cf3f42 e-flex e-con-boxed wpr-particle-no wpr-jarallax-no wpr-parallax-no wpr-sticky-section-no e-con e-parent\" data-id=\"9cf3f42\" data-element_type=\"container\" data-e-type=\"container\">\n\t\t\t\t\t<div class=\"e-con-inner\">\n\t\t\t\t<div class=\"elementor-element elementor-element-7133123 elementor-widget elementor-widget-heading\" data-id=\"7133123\" data-element_type=\"widget\" data-e-type=\"widget\" data-widget_type=\"heading.default\">\n\t\t\t\t<div class=\"elementor-widget-container\">\n\t\t\t\t\t<h2 class=\"elementor-heading-title elementor-size-default\"><br>Comiss\u00e3o Organizadora<\/h2>\t\t\t\t<\/div>\n\t\t\t\t<\/div>\n\t\t\t\t<div class=\"elementor-element elementor-element-382dc20 elementor-widget elementor-widget-heading\" data-id=\"382dc20\" data-element_type=\"widget\" data-e-type=\"widget\" data-widget_type=\"heading.default\">\n\t\t\t\t<div class=\"elementor-widget-container\">\n\t\t\t\t\t<h4 class=\"elementor-heading-title elementor-size-default\">Coordena\u00e7\u00e3o Geral<\/h4>\t\t\t\t<\/div>\n\t\t\t\t<\/div>\n\t\t\t\t\t<\/div>\n\t\t\t\t<\/div>\n\t\t<div class=\"elementor-element elementor-element-71e0d14 e-flex e-con-boxed wpr-particle-no wpr-jarallax-no wpr-parallax-no wpr-sticky-section-no e-con e-parent\" data-id=\"71e0d14\" data-element_type=\"container\" data-e-type=\"container\">\n\t\t\t\t\t<div class=\"e-con-inner\">\n\t\t\t\t<div class=\"elementor-element elementor-element-ba38753 elementor-widget elementor-widget-text-editor\" data-id=\"ba38753\" data-element_type=\"widget\" data-e-type=\"widget\" data-widget_type=\"text-editor.default\">\n\t\t\t\t<div class=\"elementor-widget-container\">\n\t\t\t\t\t\t\t\t\t<p><span style=\"font-weight: 400;\">Graziela Ferreira Guarda (UFF) | <a href=\"http:\/\/lattes.cnpq.br\/0638310765534182\" target=\"_blank\" rel=\"noopener\">Lattes<\/a>\u00a0 | <a href=\"mailto:grazielaguarda@id.uff.br\">grazielaguarda@id.uff.br<\/a><\/span><\/p><p>Sean Wolfgand Matsui Siqueira (UNIRIO) | <a href=\"http:\/\/lattes.cnpq.br\/2562652838103607\" target=\"_blank\" rel=\"noopener\">Lattes<\/a> | <a href=\"mailto:sean@uniriotec.br\">sean@uniriotec.br<\/a><\/p><p><span style=\"font-weight: 400;\">Marcelo Bustamente Chilingue (IBC) | <a href=\"http:\/\/lattes.cnpq.br\/2035004854637504\" target=\"_blank\" rel=\"noopener\">Lattes<\/a> | <a href=\"mailto:marcelochilingue@ibc.gov.br\">marcelochilingue@ibc.gov.br<\/a><\/span><\/p><p>Ang\u00e9lica Fonseca da Silva Dias (UFRJ) | <a style=\"font-weight: 400;\" href=\"http:\/\/lattes.cnpq.br\/8795875378897586\" target=\"_blank\" rel=\"noopener\">Lattes<\/a> | <a style=\"font-weight: 400;\" href=\"mailto:angelica@nce.ufrj.br\">angelica@nce.ufrj.br<\/a><\/p><p>Ronney Moreira de Castro (UFJF) | <a href=\"http:\/\/lattes.cnpq.br\/2514007540772901\" target=\"_blank\" rel=\"noopener\">Lattes<\/a> | <a href=\"mailto:ronney.castro@ufjf.br\">ronney.castro@ufjf.br<\/a><\/p>\t\t\t\t\t\t\t\t<\/div>\n\t\t\t\t<\/div>\n\t\t\t\t<div class=\"elementor-element elementor-element-a6a06f7 elementor-widget elementor-widget-heading\" data-id=\"a6a06f7\" data-element_type=\"widget\" data-e-type=\"widget\" data-widget_type=\"heading.default\">\n\t\t\t\t<div class=\"elementor-widget-container\">\n\t\t\t\t\t<h4 class=\"elementor-heading-title elementor-size-default\">Acessibilidade e Inclus\u00e3o<\/h4>\t\t\t\t<\/div>\n\t\t\t\t<\/div>\n\t\t\t\t<div class=\"elementor-element elementor-element-cacc9b1 elementor-widget elementor-widget-text-editor\" data-id=\"cacc9b1\" data-element_type=\"widget\" data-e-type=\"widget\" data-widget_type=\"text-editor.default\">\n\t\t\t\t<div class=\"elementor-widget-container\">\n\t\t\t\t\t\t\t\t\t<p><span style=\"font-weight: 400;\">Graziela Ferreira Guarda (UFF) | <a href=\"http:\/\/lattes.cnpq.br\/0638310765534182\" target=\"_blank\" rel=\"noopener\">Lattes<\/a>\u00a0 | <a href=\"mailto:grazielaguarda@id.uff.br\">grazielaguarda@id.uff.br<\/a><\/span><\/p><p>Rodrigo Oliveira (UFF) | <a href=\"http:\/\/lattes.cnpq.br\/1091110605525620\">Lattes<\/a> | <a href=\"mailto:rodrigoso@id.uff.br\">rodrigoso@id.uff.br<\/a><\/p>\t\t\t\t\t\t\t\t<\/div>\n\t\t\t\t<\/div>\n\t\t\t\t<div class=\"elementor-element elementor-element-8d81cc5 elementor-widget elementor-widget-heading\" data-id=\"8d81cc5\" data-element_type=\"widget\" data-e-type=\"widget\" data-widget_type=\"heading.default\">\n\t\t\t\t<div class=\"elementor-widget-container\">\n\t\t\t\t\t<h4 class=\"elementor-heading-title elementor-size-default\">Financeiro<\/h4>\t\t\t\t<\/div>\n\t\t\t\t<\/div>\n\t\t\t\t<div class=\"elementor-element elementor-element-30fb729 elementor-widget elementor-widget-text-editor\" data-id=\"30fb729\" data-element_type=\"widget\" data-e-type=\"widget\" data-widget_type=\"text-editor.default\">\n\t\t\t\t<div class=\"elementor-widget-container\">\n\t\t\t\t\t\t\t\t\t<p><span style=\"font-weight: 400;\">Graziela Ferreira Guarda (UFF) | <a href=\"http:\/\/lattes.cnpq.br\/0638310765534182\" target=\"_blank\" rel=\"noopener\">Lattes<\/a>\u00a0 | <a href=\"mailto:grazielaguarda@id.uff.br\">grazielaguarda@id.uff.br<\/a><\/span><\/p><p>Ronney Moreira de Castro (UFJF) | <a href=\"http:\/\/lattes.cnpq.br\/2514007540772901\">Lattes<\/a> | <a href=\"mailto:ronney.castro@ufjf.br\">ronney.castro@ufjf.br<\/a><\/p>\t\t\t\t\t\t\t\t<\/div>\n\t\t\t\t<\/div>\n\t\t\t\t<div class=\"elementor-element elementor-element-846bebf elementor-widget elementor-widget-heading\" data-id=\"846bebf\" data-element_type=\"widget\" data-e-type=\"widget\" data-widget_type=\"heading.default\">\n\t\t\t\t<div class=\"elementor-widget-container\">\n\t\t\t\t\t<h4 class=\"elementor-heading-title elementor-size-default\">Inscri\u00e7\u00f5es e Certificados<\/h4>\t\t\t\t<\/div>\n\t\t\t\t<\/div>\n\t\t\t\t<div class=\"elementor-element elementor-element-3769155 elementor-widget elementor-widget-text-editor\" data-id=\"3769155\" data-element_type=\"widget\" data-e-type=\"widget\" data-widget_type=\"text-editor.default\">\n\t\t\t\t<div class=\"elementor-widget-container\">\n\t\t\t\t\t\t\t\t\t<p>Ronney Moreira de Castro (UFJF) | <a href=\"http:\/\/lattes.cnpq.br\/2514007540772901\">Lattes<\/a> | <a href=\"mailto:ronney.castro@ufjf.br\">ronney.castro@ufjf.br<\/a><\/p>\t\t\t\t\t\t\t\t<\/div>\n\t\t\t\t<\/div>\n\t\t\t\t<div class=\"elementor-element elementor-element-32f4236 elementor-widget elementor-widget-heading\" data-id=\"32f4236\" data-element_type=\"widget\" data-e-type=\"widget\" data-widget_type=\"heading.default\">\n\t\t\t\t<div class=\"elementor-widget-container\">\n\t\t\t\t\t<h4 class=\"elementor-heading-title elementor-size-default\">Publicidade, M\u00eddias e Redes Sociais<\/h4>\t\t\t\t<\/div>\n\t\t\t\t<\/div>\n\t\t\t\t<div class=\"elementor-element elementor-element-c2b77ed elementor-widget elementor-widget-text-editor\" data-id=\"c2b77ed\" data-element_type=\"widget\" data-e-type=\"widget\" data-widget_type=\"text-editor.default\">\n\t\t\t\t<div class=\"elementor-widget-container\">\n\t\t\t\t\t\t\t\t\t<p>Fernanda Pires (UEA) | <a href=\"http:\/\/lattes.cnpq.br\/1513105922120587\">Lattes<\/a> | <a href=\"mailto:fpires@uea.edu.br\">fpires@uea.edu.br<\/a><\/p><p>Marcela Pessoa (UEA) | <a href=\"http:\/\/lattes.cnpq.br\/8158921311848193\">Lattes<\/a> | <a href=\"mailto:msppessoa@uea.edu.br\">msppessoa@uea.edu.br<\/a><\/p><p>Fabrizio Honda (UEA\/UFAM) | <a href=\"http:\/\/lattes.cnpq.br\/9416424164006171\">Lattes<\/a> | <a href=\"mailto:fabrizio.honda@icomp.ufam.edu.br\">fabrizio.honda@icomp.ufam.edu.br<\/a><\/p><p>Jeniffer Macena (UEA\/UFAM) | <a href=\"http:\/\/lattes.cnpq.br\/1585673927757260\">Lattes<\/a> | <a href=\"mailto:jeniffer.souza@icomp.ufam.edu.br\">jeniffer.souza@icomp.ufam.edu.br<\/a><\/p><p>Jo\u00e3o Bernardo (UEA\/UFAM) | <a href=\"http:\/\/lattes.cnpq.br\/9108765843823554\">Lattes<\/a> | <a href=\"mailto:jrsb@icomp.ufam.edu.br\">jrsb@icomp.ufam.edu.br<\/a><\/p><p>Fl\u00e1via Brenda Ribeiro de Lima (UEA) | <a href=\"http:\/\/lattes.cnpq.br\/2713815681781466\">L<i>a<\/i>ttes<\/a> | <a href=\"mailto:fbrdl.lic21@uea.edu.br\">fbrdl.lic21@uea.edu.br<\/a><\/p><p>Cristiana Pedrosa (UEA) | <a href=\"http:\/\/lattes.cnpq.br\/2522555304460643\">Lattes<\/a> | <a href=\"mailto:cdnp.lic23@uea.edu.br\">cdnp.lic23@uea.edu.br<\/a><\/p><p>Mateus Macedo (IF Goiano) | <a href=\"http:\/\/lattes.cnpq.br\/1193473969400253\">Lattes<\/a> | <a href=\"mailto:barrosmateusmacedo@gmail.com\">barrosmateusmacedo@gmail.com<\/a><\/p><p>Taynara Dutra (IFSC)\u00a0 | <a href=\"http:\/\/lattes.cnpq.br\/9540235491409087\">Lattes<\/a> | <a href=\"mailto:taynara.dutra@ifsc.edu.br\">taynara.dutra@ifsc.edu.br<\/a><\/p><p>Julya Alves Campos | <a href=\"mailto:julyaac71@gmail.com\">julyaac71@gmail.com<\/a><\/p><p>Waldecir da Silva Martins | <a href=\"https:\/\/lattes.cnpq.br\/1468949655772467\">Lattes<\/a> | <a href=\"mailto:wdsm.lic22@uea.edu.br\">wdsm.lic22@uea.edu.br<\/a><\/p><p>Davi Aguiar Moreira (UEA) | <a href=\"http:\/\/lattes.cnpq.br\/5496076255716216\">Lattes<\/a> | <a href=\"mailto:dam.eng23@uea.edu.br\">dam.eng23@uea.edu.br<\/a><\/p><p>\u00cdcaro Benarr\u00f3s de Oliveira (UEA) | <a href=\"https:\/\/lattes.cnpq.br\/1682578114772021\">Lattes<\/a> | <a href=\"mailto:ibdo.lic23@uea.edu.br\">ibdo.lic23@uea.edu.br<\/a><\/p>\t\t\t\t\t\t\t\t<\/div>\n\t\t\t\t<\/div>\n\t\t\t\t<div class=\"elementor-element elementor-element-f0bbc0a elementor-widget elementor-widget-heading\" data-id=\"f0bbc0a\" data-element_type=\"widget\" data-e-type=\"widget\" data-widget_type=\"heading.default\">\n\t\t\t\t<div class=\"elementor-widget-container\">\n\t\t\t\t\t<h4 class=\"elementor-heading-title elementor-size-default\">Website<\/h4>\t\t\t\t<\/div>\n\t\t\t\t<\/div>\n\t\t\t\t<div class=\"elementor-element elementor-element-4718637 elementor-widget elementor-widget-text-editor\" data-id=\"4718637\" data-element_type=\"widget\" data-e-type=\"widget\" data-widget_type=\"text-editor.default\">\n\t\t\t\t<div class=\"elementor-widget-container\">\n\t\t\t\t\t\t\t\t\t<p>Taynara Dutra (IFSC)\u00a0 | <a href=\"http:\/\/lattes.cnpq.br\/9540235491409087\">Lattes<\/a> | <a href=\"mailto:taynara.dutra@ifsc.edu.br\">taynara.dutra@ifsc.edu.br<\/a><\/p><p>Douglas Lusa Krug (IFPR) | <a href=\"http:\/\/lattes.cnpq.br\/1328994533985579\">Lattes\u00a0<\/a>|\u00a0<a href=\"mailto:douglas.krug@ifpr.edu.br\">douglas.krug@ifpr.edu.br<\/a><\/p><p>Mateus Macedo (IF Goiano) |\u00a0<a href=\"http:\/\/lattes.cnpq.br\/1193473969400253\">Lattes<\/a>\u00a0|\u00a0<a href=\"mailto:barrosmateusmacedo@gmail.com\">barrosmateusmacedo@gmail.com<\/a><\/p><p>Rodrigo Oliveira (UFF) | <a href=\"http:\/\/lattes.cnpq.br\/1091110605525620\">Lattes<\/a> | <a href=\"mailto:rodrigoso@id.uff.br\">rodrigoso@id.uff.br<\/a><\/p>\t\t\t\t\t\t\t\t<\/div>\n\t\t\t\t<\/div>\n\t\t\t\t\t<\/div>\n\t\t\t\t<\/div>\n\t\t\t\t<\/div>\n\t\t","protected":false},"excerpt":{"rendered":"<p>Comiss\u00e3o Organizadora Coordena\u00e7\u00e3o Geral Graziela Ferreira Guarda (UFF) | Lattes\u00a0 | grazielaguarda@id.uff.br Sean Wolfgand Matsui Siqueira (UNIRIO) | Lattes | sean@uniriotec.br Marcelo Bustamente Chilingue (IBC) | Lattes | marcelochilingue@ibc.gov.br Ang\u00e9lica Fonseca da Silva Dias (UFRJ) | Lattes | angelica@nce.ufrj.br Ronney Moreira de Castro (UFJF) | Lattes | ronney.castro@ufjf.br Acessibilidade e Inclus\u00e3o Graziela Ferreira Guarda (UFF) | Lattes\u00a0 | grazielaguarda@id.uff.br Rodrigo Oliveira (UFF) | Lattes | rodrigoso@id.uff.br Financeiro Graziela Ferreira Guarda (UFF) | Lattes\u00a0 | grazielaguarda@id.uff.br Ronney Moreira de Castro (UFJF) | Lattes | ronney.castro@ufjf.br Inscri\u00e7\u00f5es e Certificados Ronney Moreira de Castro (UFJF) | Lattes | ronney.castro@ufjf.br Publicidade, M\u00eddias e Redes Sociais Fernanda Pires (UEA) | Lattes | fpires@uea.edu.br Marcela Pessoa (UEA) | Lattes | msppessoa@uea.edu.br Fabrizio Honda (UEA\/UFAM) | Lattes | fabrizio.honda@icomp.ufam.edu.br Jeniffer Macena (UEA\/UFAM) | Lattes | jeniffer.souza@icomp.ufam.edu.br Jo\u00e3o Bernardo (UEA\/UFAM) | Lattes | jrsb@icomp.ufam.edu.br Fl\u00e1via Brenda Ribeiro de Lima (UEA) | Lattes | fbrdl.lic21@uea.edu.br Cristiana Pedrosa (UEA) | Lattes | cdnp.lic23@uea.edu.br Mateus Macedo (IF Goiano) | Lattes | barrosmateusmacedo@gmail.com Taynara Dutra (IFSC)\u00a0 | Lattes | taynara.dutra@ifsc.edu.br Julya Alves Campos | julyaac71@gmail.com Waldecir da Silva Martins | Lattes | wdsm.lic22@uea.edu.br Davi Aguiar Moreira (UEA) | Lattes | dam.eng23@uea.edu.br \u00cdcaro Benarr\u00f3s de Oliveira (UEA) | Lattes | ibdo.lic23@uea.edu.br Website Taynara Dutra (IFSC)\u00a0 | Lattes | taynara.dutra@ifsc.edu.br Douglas Lusa Krug (IFPR) | Lattes\u00a0|\u00a0douglas.krug@ifpr.edu.br Mateus Macedo (IF Goiano) |\u00a0Lattes\u00a0|\u00a0barrosmateusmacedo@gmail.com Rodrigo Oliveira (UFF) | Lattes | rodrigoso@id.uff.br<\/p>\n","protected":false},"author":7,"featured_media":0,"parent":0,"menu_order":0,"comment_status":"closed","ping_status":"closed","template":"elementor_header_footer","meta":{"footnotes":""},"class_list":["post-221","page","type-page","status-publish","hentry"],"_links":{"self":[{"href":"https:\/\/cbie.sbc.org.br\/2024\/wp-json\/wp\/v2\/pages\/221","targetHints":{"allow":["GET"]}}],"collection":[{"href":"https:\/\/cbie.sbc.org.br\/2024\/wp-json\/wp\/v2\/pages"}],"about":[{"href":"https:\/\/cbie.sbc.org.br\/2024\/wp-json\/wp\/v2\/types\/page"}],"author":[{"embeddable":true,"href":"https:\/\/cbie.sbc.org.br\/2024\/wp-json\/wp\/v2\/users\/7"}],"replies":[{"embeddable":true,"href":"https:\/\/cbie.sbc.org.br\/2024\/wp-json\/wp\/v2\/comments?post=221"}],"version-history":[{"count":182,"href":"https:\/\/cbie.sbc.org.br\/2024\/wp-json\/wp\/v2\/pages\/221\/revisions"}],"predecessor-version":[{"id":5330,"href":"https:\/\/cbie.sbc.org.br\/2024\/wp-json\/wp\/v2\/pages\/221\/revisions\/5330"}],"wp:attachment":[{"href":"https:\/\/cbie.sbc.org.br\/2024\/wp-json\/wp\/v2\/media?parent=221"}],"curies":[{"name":"wp","href":"https:\/\/api.w.org\/{rel}","templated":true}]}}