{"id":355,"date":"2023-04-04T01:30:16","date_gmt":"2023-04-04T04:30:16","guid":{"rendered":"https:\/\/cbie.sbc.org.br\/2023\/?page_id=355"},"modified":"2023-04-20T23:12:01","modified_gmt":"2023-04-21T02:12:01","slug":"fotos","status":"publish","type":"page","link":"https:\/\/cbie.sbc.org.br\/2023\/fotos\/","title":{"rendered":"Fotos"},"content":{"rendered":"\t\t<div data-elementor-type=\"wp-page\" data-elementor-id=\"355\" class=\"elementor elementor-355\">\n\t\t\t\t<div class=\"elementor-element elementor-element-da730de e-flex e-con-boxed wpr-particle-no wpr-jarallax-no wpr-parallax-no wpr-sticky-section-no wpr-equal-height-no e-con e-parent\" data-id=\"da730de\" data-element_type=\"container\" data-e-type=\"container\">\n\t\t\t\t\t<div class=\"e-con-inner\">\n\t\t\t\t<div class=\"elementor-element elementor-element-4001596 elementor-widget elementor-widget-heading\" data-id=\"4001596\" data-element_type=\"widget\" data-e-type=\"widget\" data-widget_type=\"heading.default\">\n\t\t\t\t<div class=\"elementor-widget-container\">\n\t\t\t\t\t<h2 class=\"elementor-heading-title elementor-size-default\"><br>Fotos<\/h2>\t\t\t\t<\/div>\n\t\t\t\t<\/div>\n\t\t\t\t<div class=\"elementor-element elementor-element-1bb0c12 elementor-widget elementor-widget-heading\" data-id=\"1bb0c12\" data-element_type=\"widget\" data-e-type=\"widget\" data-widget_type=\"heading.default\">\n\t\t\t\t<div class=\"elementor-widget-container\">\n\t\t\t\t\t<h3 class=\"elementor-heading-title elementor-size-default\">Passo Fundo<\/h3>\t\t\t\t<\/div>\n\t\t\t\t<\/div>\n\t\t\t\t\t<\/div>\n\t\t\t\t<\/div>\n\t\t<div class=\"elementor-element elementor-element-23531fa e-flex e-con-boxed wpr-particle-no wpr-jarallax-no wpr-parallax-no wpr-sticky-section-no wpr-equal-height-no e-con e-parent\" data-id=\"23531fa\" data-element_type=\"container\" data-e-type=\"container\">\n\t\t\t\t\t<div class=\"e-con-inner\">\n\t\t\t\t<div class=\"elementor-element elementor-element-555c497 elementor-arrows-position-inside elementor-pagination-position-outside elementor-widget elementor-widget-image-carousel\" data-id=\"555c497\" data-element_type=\"widget\" data-e-type=\"widget\" data-settings=\"{&quot;slides_to_show&quot;:&quot;1&quot;,&quot;navigation&quot;:&quot;both&quot;,&quot;autoplay&quot;:&quot;yes&quot;,&quot;pause_on_hover&quot;:&quot;yes&quot;,&quot;pause_on_interaction&quot;:&quot;yes&quot;,&quot;autoplay_speed&quot;:5000,&quot;infinite&quot;:&quot;yes&quot;,&quot;effect&quot;:&quot;slide&quot;,&quot;speed&quot;:500}\" data-widget_type=\"image-carousel.default\">\n\t\t\t\t<div class=\"elementor-widget-container\">\n\t\t\t\t\t\t\t<div class=\"elementor-image-carousel-wrapper swiper\" role=\"region\" aria-roledescription=\"carousel\" aria-label=\"Carrossel de imagens\" dir=\"ltr\">\n\t\t\t<div class=\"elementor-image-carousel swiper-wrapper\" aria-live=\"off\">\n\t\t\t\t\t\t\t\t<div class=\"swiper-slide\" role=\"group\" aria-roledescription=\"slide\" aria-label=\"1 de 10\"><figure class=\"swiper-slide-inner\"><img decoding=\"async\" class=\"swiper-slide-image\" src=\"https:\/\/cbie.sbc.org.br\/2023\/wp-content\/uploads\/2023\/04\/IMG_7787.jpg\" alt=\"IMG_7787\" \/><\/figure><\/div><div class=\"swiper-slide\" role=\"group\" aria-roledescription=\"slide\" aria-label=\"2 de 10\"><figure class=\"swiper-slide-inner\"><img decoding=\"async\" class=\"swiper-slide-image\" src=\"https:\/\/cbie.sbc.org.br\/2023\/wp-content\/uploads\/2023\/04\/IMG_7063.jpg\" alt=\"IMG_7063\" \/><\/figure><\/div><div class=\"swiper-slide\" role=\"group\" aria-roledescription=\"slide\" aria-label=\"3 de 10\"><figure class=\"swiper-slide-inner\"><img decoding=\"async\" class=\"swiper-slide-image\" src=\"https:\/\/cbie.sbc.org.br\/2023\/wp-content\/uploads\/2023\/04\/DSC09309-scaled.jpg\" alt=\"DSC09309\" \/><\/figure><\/div><div class=\"swiper-slide\" role=\"group\" aria-roledescription=\"slide\" aria-label=\"4 de 10\"><figure class=\"swiper-slide-inner\"><img decoding=\"async\" class=\"swiper-slide-image\" src=\"https:\/\/cbie.sbc.org.br\/2023\/wp-content\/uploads\/2023\/04\/DSC09228-scaled.jpg\" alt=\"DSC09228\" \/><\/figure><\/div><div class=\"swiper-slide\" role=\"group\" aria-roledescription=\"slide\" aria-label=\"5 de 10\"><figure class=\"swiper-slide-inner\"><img decoding=\"async\" class=\"swiper-slide-image\" src=\"https:\/\/cbie.sbc.org.br\/2023\/wp-content\/uploads\/2023\/04\/DSC09213-scaled.jpg\" alt=\"DSC09213\" \/><\/figure><\/div><div class=\"swiper-slide\" role=\"group\" aria-roledescription=\"slide\" aria-label=\"6 de 10\"><figure class=\"swiper-slide-inner\"><img decoding=\"async\" class=\"swiper-slide-image\" src=\"https:\/\/cbie.sbc.org.br\/2023\/wp-content\/uploads\/2023\/04\/DSC05586-scaled.jpg\" alt=\"DSC05586\" \/><\/figure><\/div><div class=\"swiper-slide\" role=\"group\" aria-roledescription=\"slide\" aria-label=\"7 de 10\"><figure class=\"swiper-slide-inner\"><img decoding=\"async\" class=\"swiper-slide-image\" src=\"https:\/\/cbie.sbc.org.br\/2023\/wp-content\/uploads\/2023\/04\/DSC05518-scaled.jpg\" alt=\"DSC05518\" \/><\/figure><\/div><div class=\"swiper-slide\" role=\"group\" aria-roledescription=\"slide\" aria-label=\"8 de 10\"><figure class=\"swiper-slide-inner\"><img decoding=\"async\" class=\"swiper-slide-image\" src=\"https:\/\/cbie.sbc.org.br\/2023\/wp-content\/uploads\/2023\/04\/DSC05502-scaled.jpg\" alt=\"DSC05502\" \/><\/figure><\/div><div class=\"swiper-slide\" role=\"group\" aria-roledescription=\"slide\" aria-label=\"9 de 10\"><figure class=\"swiper-slide-inner\"><img decoding=\"async\" class=\"swiper-slide-image\" src=\"https:\/\/cbie.sbc.org.br\/2023\/wp-content\/uploads\/2023\/04\/IMG04336-scaled.jpg\" alt=\"IMG04336\" \/><\/figure><\/div><div class=\"swiper-slide\" role=\"group\" aria-roledescription=\"slide\" aria-label=\"10 de 10\"><figure class=\"swiper-slide-inner\"><img decoding=\"async\" class=\"swiper-slide-image\" src=\"https:\/\/cbie.sbc.org.br\/2023\/wp-content\/uploads\/2023\/04\/IMG07983-scaled.jpg\" alt=\"IMG07983\" \/><\/figure><\/div>\t\t\t<\/div>\n\t\t\t\t\t\t\t\t\t\t\t\t<div class=\"elementor-swiper-button elementor-swiper-button-prev\" role=\"button\" tabindex=\"0\">\n\t\t\t\t\t\t<i aria-hidden=\"true\" class=\"eicon-chevron-left\"><\/i>\t\t\t\t\t<\/div>\n\t\t\t\t\t<div class=\"elementor-swiper-button elementor-swiper-button-next\" role=\"button\" tabindex=\"0\">\n\t\t\t\t\t\t<i aria-hidden=\"true\" class=\"eicon-chevron-right\"><\/i>\t\t\t\t\t<\/div>\n\t\t\t\t\n\t\t\t\t\t\t\t\t\t<div class=\"swiper-pagination\"><\/div>\n\t\t\t\t\t\t\t\t\t<\/div>\n\t\t\t\t\t\t<\/div>\n\t\t\t\t<\/div>\n\t\t\t\t\t<\/div>\n\t\t\t\t<\/div>\n\t\t<div class=\"elementor-element elementor-element-6070974 e-flex e-con-boxed wpr-particle-no wpr-jarallax-no wpr-parallax-no wpr-sticky-section-no wpr-equal-height-no e-con e-parent\" data-id=\"6070974\" data-element_type=\"container\" data-e-type=\"container\">\n\t\t\t\t\t<div class=\"e-con-inner\">\n\t\t\t\t<div class=\"elementor-element elementor-element-1122cc5 elementor-widget elementor-widget-heading\" data-id=\"1122cc5\" data-element_type=\"widget\" data-e-type=\"widget\" data-widget_type=\"heading.default\">\n\t\t\t\t<div class=\"elementor-widget-container\">\n\t\t\t\t\t<h3 class=\"elementor-heading-title elementor-size-default\">UPF<\/h3>\t\t\t\t<\/div>\n\t\t\t\t<\/div>\n\t\t\t\t\t<\/div>\n\t\t\t\t<\/div>\n\t\t<div class=\"elementor-element elementor-element-ff26154 e-flex e-con-boxed wpr-particle-no wpr-jarallax-no wpr-parallax-no wpr-sticky-section-no wpr-equal-height-no e-con e-parent\" data-id=\"ff26154\" data-element_type=\"container\" data-e-type=\"container\">\n\t\t\t\t\t<div class=\"e-con-inner\">\n\t\t\t\t<div class=\"elementor-element elementor-element-c795b97 elementor-arrows-position-inside elementor-pagination-position-outside elementor-widget elementor-widget-image-carousel\" data-id=\"c795b97\" data-element_type=\"widget\" data-e-type=\"widget\" data-settings=\"{&quot;slides_to_show&quot;:&quot;1&quot;,&quot;navigation&quot;:&quot;both&quot;,&quot;autoplay&quot;:&quot;yes&quot;,&quot;pause_on_hover&quot;:&quot;yes&quot;,&quot;pause_on_interaction&quot;:&quot;yes&quot;,&quot;autoplay_speed&quot;:5000,&quot;infinite&quot;:&quot;yes&quot;,&quot;effect&quot;:&quot;slide&quot;,&quot;speed&quot;:500}\" data-widget_type=\"image-carousel.default\">\n\t\t\t\t<div class=\"elementor-widget-container\">\n\t\t\t\t\t\t\t<div class=\"elementor-image-carousel-wrapper swiper\" role=\"region\" aria-roledescription=\"carousel\" aria-label=\"Carrossel de imagens\" dir=\"ltr\">\n\t\t\t<div class=\"elementor-image-carousel swiper-wrapper\" aria-live=\"off\">\n\t\t\t\t\t\t\t\t<div class=\"swiper-slide\" role=\"group\" aria-roledescription=\"slide\" aria-label=\"1 de 25\"><figure class=\"swiper-slide-inner\"><img decoding=\"async\" class=\"swiper-slide-image\" src=\"https:\/\/cbie.sbc.org.br\/2023\/wp-content\/uploads\/2023\/04\/centro-eventos-upf-5.jpg\" alt=\"centro-eventos-upf-5\" \/><\/figure><\/div><div class=\"swiper-slide\" role=\"group\" aria-roledescription=\"slide\" aria-label=\"2 de 25\"><figure class=\"swiper-slide-inner\"><img decoding=\"async\" class=\"swiper-slide-image\" src=\"https:\/\/cbie.sbc.org.br\/2023\/wp-content\/uploads\/2023\/04\/centro-de-eventos-auditorio-600_38035.png\" alt=\"centro-de-eventos-auditorio-600_38035\" \/><\/figure><\/div><div class=\"swiper-slide\" role=\"group\" aria-roledescription=\"slide\" aria-label=\"3 de 25\"><figure class=\"swiper-slide-inner\"><img decoding=\"async\" class=\"swiper-slide-image\" src=\"https:\/\/cbie.sbc.org.br\/2023\/wp-content\/uploads\/2023\/04\/minicursos-Semape-1-_150308.jpeg\" alt=\"minicursos-Semape--1-_150308\" \/><\/figure><\/div><div class=\"swiper-slide\" role=\"group\" aria-roledescription=\"slide\" aria-label=\"4 de 25\"><figure class=\"swiper-slide-inner\"><img decoding=\"async\" class=\"swiper-slide-image\" src=\"https:\/\/cbie.sbc.org.br\/2023\/wp-content\/uploads\/2023\/04\/591a8b06-ef2f-43ee-bad1-81f0fb8ef42b.jpg\" alt=\"591a8b06-ef2f-43ee-bad1-81f0fb8ef42b\" \/><\/figure><\/div><div class=\"swiper-slide\" role=\"group\" aria-roledescription=\"slide\" aria-label=\"5 de 25\"><figure class=\"swiper-slide-inner\"><img decoding=\"async\" class=\"swiper-slide-image\" src=\"https:\/\/cbie.sbc.org.br\/2023\/wp-content\/uploads\/2023\/04\/UPF_7538.jpg\" alt=\"UPF_7538\" \/><\/figure><\/div><div class=\"swiper-slide\" role=\"group\" aria-roledescription=\"slide\" aria-label=\"6 de 25\"><figure class=\"swiper-slide-inner\"><img decoding=\"async\" class=\"swiper-slide-image\" src=\"https:\/\/cbie.sbc.org.br\/2023\/wp-content\/uploads\/2023\/04\/DSC-1241_117865.jpg\" alt=\"DSC-1241_117865\" \/><\/figure><\/div><div class=\"swiper-slide\" role=\"group\" aria-roledescription=\"slide\" aria-label=\"7 de 25\"><figure class=\"swiper-slide-inner\"><img decoding=\"async\" class=\"swiper-slide-image\" src=\"https:\/\/cbie.sbc.org.br\/2023\/wp-content\/uploads\/2023\/04\/workshop-apresentacao-projetos-green-office-upf-20-_189825.jpg\" alt=\"workshop-apresenta\u00e7\u00e3o-projetos-green-office-upf--20-_189825\" \/><\/figure><\/div><div class=\"swiper-slide\" role=\"group\" aria-roledescription=\"slide\" aria-label=\"8 de 25\"><figure class=\"swiper-slide-inner\"><img decoding=\"async\" class=\"swiper-slide-image\" src=\"https:\/\/cbie.sbc.org.br\/2023\/wp-content\/uploads\/2023\/04\/Ingresso-especial-UPF-scaled.jpg\" alt=\"Ingresso especial UPF\" \/><\/figure><\/div><div class=\"swiper-slide\" role=\"group\" aria-roledescription=\"slide\" aria-label=\"9 de 25\"><figure class=\"swiper-slide-inner\"><img decoding=\"async\" class=\"swiper-slide-image\" src=\"https:\/\/cbie.sbc.org.br\/2023\/wp-content\/uploads\/2023\/04\/interacao-day-upf_187882.jpeg\" alt=\"interacao-day-upf_187882\" \/><\/figure><\/div><div class=\"swiper-slide\" role=\"group\" aria-roledescription=\"slide\" aria-label=\"10 de 25\"><figure class=\"swiper-slide-inner\"><img decoding=\"async\" class=\"swiper-slide-image\" src=\"https:\/\/cbie.sbc.org.br\/2023\/wp-content\/uploads\/2023\/04\/programa-apollo-upf-parque-2-_185632.jpg\" alt=\"programa-apollo-upf-parque--2-_185632\" \/><\/figure><\/div><div class=\"swiper-slide\" role=\"group\" aria-roledescription=\"slide\" aria-label=\"11 de 25\"><figure class=\"swiper-slide-inner\"><img decoding=\"async\" class=\"swiper-slide-image\" src=\"https:\/\/cbie.sbc.org.br\/2023\/wp-content\/uploads\/2023\/04\/upf-parque-centelha_183870.jpg\" alt=\"upf-parque-centelha_183870\" \/><\/figure><\/div><div class=\"swiper-slide\" role=\"group\" aria-roledescription=\"slide\" aria-label=\"12 de 25\"><figure class=\"swiper-slide-inner\"><img decoding=\"async\" class=\"swiper-slide-image\" src=\"https:\/\/cbie.sbc.org.br\/2023\/wp-content\/uploads\/2023\/04\/UPF-2021_161810.jpeg\" alt=\"UPF-2021_161810\" \/><\/figure><\/div><div class=\"swiper-slide\" role=\"group\" aria-roledescription=\"slide\" aria-label=\"13 de 25\"><figure class=\"swiper-slide-inner\"><img decoding=\"async\" class=\"swiper-slide-image\" src=\"https:\/\/cbie.sbc.org.br\/2023\/wp-content\/uploads\/2023\/04\/ec348f2a-8fa5-40c0-bfe7-3acc349e94d8.jpeg\" alt=\"Uma imagem do p\u00f3rtico da Upf, um ambiente arb\u00f3reo.\" \/><\/figure><\/div><div class=\"swiper-slide\" role=\"group\" aria-roledescription=\"slide\" aria-label=\"14 de 25\"><figure class=\"swiper-slide-inner\"><img decoding=\"async\" class=\"swiper-slide-image\" src=\"https:\/\/cbie.sbc.org.br\/2023\/wp-content\/uploads\/2023\/04\/teste1-scaled.jpg\" alt=\"teste(1)\" \/><\/figure><\/div><div class=\"swiper-slide\" role=\"group\" aria-roledescription=\"slide\" aria-label=\"15 de 25\"><figure class=\"swiper-slide-inner\"><img decoding=\"async\" class=\"swiper-slide-image\" src=\"https:\/\/cbie.sbc.org.br\/2023\/wp-content\/uploads\/2023\/04\/2048e1d4-03d9-4796-9bda-150d786674d5.jpg\" alt=\"2048e1d4-03d9-4796-9bda-150d786674d5\" \/><\/figure><\/div><div class=\"swiper-slide\" role=\"group\" aria-roledescription=\"slide\" aria-label=\"16 de 25\"><figure class=\"swiper-slide-inner\"><img decoding=\"async\" class=\"swiper-slide-image\" src=\"https:\/\/cbie.sbc.org.br\/2023\/wp-content\/uploads\/2023\/04\/3dcfd8c0-63f9-47ef-9f99-dbb0d0f0c365.jpg\" alt=\"3dcfd8c0-63f9-47ef-9f99-dbb0d0f0c365\" \/><\/figure><\/div><div class=\"swiper-slide\" role=\"group\" aria-roledescription=\"slide\" aria-label=\"17 de 25\"><figure class=\"swiper-slide-inner\"><img decoding=\"async\" class=\"swiper-slide-image\" src=\"https:\/\/cbie.sbc.org.br\/2023\/wp-content\/uploads\/2023\/04\/20e8a9d5-3c26-4cb8-9a33-c87eba457813.jpg\" alt=\"20e8a9d5-3c26-4cb8-9a33-c87eba457813\" \/><\/figure><\/div><div class=\"swiper-slide\" role=\"group\" aria-roledescription=\"slide\" aria-label=\"18 de 25\"><figure class=\"swiper-slide-inner\"><img decoding=\"async\" class=\"swiper-slide-image\" src=\"https:\/\/cbie.sbc.org.br\/2023\/wp-content\/uploads\/2023\/04\/odonto-upf-4.jpg\" alt=\"Uma \u00e1rea arb\u00f3rea da UPF, no fundo, um pr\u00e9dio feito de tijolos. Pr\u00e9dio da Odonto.\" \/><\/figure><\/div><div class=\"swiper-slide\" role=\"group\" aria-roledescription=\"slide\" aria-label=\"19 de 25\"><figure class=\"swiper-slide-inner\"><img decoding=\"async\" class=\"swiper-slide-image\" src=\"https:\/\/cbie.sbc.org.br\/2023\/wp-content\/uploads\/2023\/04\/servicos-ferias_189930.jpg\" alt=\"Alguns arbustos de hortensias, brancas e azuis. O logo do p\u00f3rtico da UPF est\u00e1 no fundo.\" \/><\/figure><\/div><div class=\"swiper-slide\" role=\"group\" aria-roledescription=\"slide\" aria-label=\"20 de 25\"><figure class=\"swiper-slide-inner\"><img decoding=\"async\" class=\"swiper-slide-image\" src=\"https:\/\/cbie.sbc.org.br\/2023\/wp-content\/uploads\/2023\/04\/images.jpeg\" alt=\"Um pr\u00e9dio da UPF, feito de tijolos com janelas reflexivas.\" \/><\/figure><\/div><div class=\"swiper-slide\" role=\"group\" aria-roledescription=\"slide\" aria-label=\"21 de 25\"><figure class=\"swiper-slide-inner\"><img decoding=\"async\" class=\"swiper-slide-image\" src=\"https:\/\/cbie.sbc.org.br\/2023\/wp-content\/uploads\/2023\/04\/63eefd4f-b77f-434e-a1f7-aec14a540a36.jpeg\" alt=\"Um grupo de aproximadamente 20 pessoas socializando em um gramado na UPF.\" \/><\/figure><\/div><div class=\"swiper-slide\" role=\"group\" aria-roledescription=\"slide\" aria-label=\"22 de 25\"><figure class=\"swiper-slide-inner\"><img decoding=\"async\" class=\"swiper-slide-image\" src=\"https:\/\/cbie.sbc.org.br\/2023\/wp-content\/uploads\/2023\/04\/upf-parque_170524.jpeg\" alt=\"M\u00f3dulo tr\u00eas da UPF Park. Uma constru\u00e7\u00e3o com janelas de vidro com realces em azul e vermelho.\" \/><\/figure><\/div><div class=\"swiper-slide\" role=\"group\" aria-roledescription=\"slide\" aria-label=\"23 de 25\"><figure class=\"swiper-slide-inner\"><img decoding=\"async\" class=\"swiper-slide-image\" src=\"https:\/\/cbie.sbc.org.br\/2023\/wp-content\/uploads\/2023\/04\/UPF-2021_161810-1.jpeg\" alt=\"O p\u00f3rtico da UPF. H\u00e1 arbustos, arvores e o o elemento principal da imagem \u00e9 o logo da UPF.\" \/><\/figure><\/div><div class=\"swiper-slide\" role=\"group\" aria-roledescription=\"slide\" aria-label=\"24 de 25\"><figure class=\"swiper-slide-inner\"><img decoding=\"async\" class=\"swiper-slide-image\" src=\"https:\/\/cbie.sbc.org.br\/2023\/wp-content\/uploads\/2023\/04\/teste1-1-scaled.jpg\" alt=\"Um gramado com algumas arvores. H\u00e1 um caminho com tr\u00eas pessoas caminhando lado a lado. H\u00e1 duas pessoas sentadas em um banco e duas pessoas deitadas na grama. H\u00e1 um pr\u00e9dio no fundo, o centro de conviv\u00eancia da UPF\" \/><\/figure><\/div><div class=\"swiper-slide\" role=\"group\" aria-roledescription=\"slide\" aria-label=\"25 de 25\"><figure class=\"swiper-slide-inner\"><img decoding=\"async\" class=\"swiper-slide-image\" src=\"https:\/\/cbie.sbc.org.br\/2023\/wp-content\/uploads\/2023\/04\/campus.jpg\" alt=\"Duas pessoas deitadas em um gramado, na frente do centro de conviv\u00eancias da UPF, um pr\u00e9dio cinza e branco. H\u00e1 algumas arvores.\" \/><\/figure><\/div>\t\t\t<\/div>\n\t\t\t\t\t\t\t\t\t\t\t\t<div class=\"elementor-swiper-button elementor-swiper-button-prev\" role=\"button\" tabindex=\"0\">\n\t\t\t\t\t\t<i aria-hidden=\"true\" class=\"eicon-chevron-left\"><\/i>\t\t\t\t\t<\/div>\n\t\t\t\t\t<div class=\"elementor-swiper-button elementor-swiper-button-next\" role=\"button\" tabindex=\"0\">\n\t\t\t\t\t\t<i aria-hidden=\"true\" class=\"eicon-chevron-right\"><\/i>\t\t\t\t\t<\/div>\n\t\t\t\t\n\t\t\t\t\t\t\t\t\t<div class=\"swiper-pagination\"><\/div>\n\t\t\t\t\t\t\t\t\t<\/div>\n\t\t\t\t\t\t<\/div>\n\t\t\t\t<\/div>\n\t\t\t\t\t<\/div>\n\t\t\t\t<\/div>\n\t\t\t\t<\/div>\n\t\t","protected":false},"excerpt":{"rendered":"<p>Fotos Passo Fundo Anterior Pr\u00f3ximo UPF Anterior Pr\u00f3ximo<\/p>\n","protected":false},"author":3,"featured_media":0,"parent":0,"menu_order":0,"comment_status":"closed","ping_status":"closed","template":"elementor_header_footer","meta":{"footnotes":""},"class_list":["post-355","page","type-page","status-publish","hentry"],"_links":{"self":[{"href":"https:\/\/cbie.sbc.org.br\/2023\/wp-json\/wp\/v2\/pages\/355","targetHints":{"allow":["GET"]}}],"collection":[{"href":"https:\/\/cbie.sbc.org.br\/2023\/wp-json\/wp\/v2\/pages"}],"about":[{"href":"https:\/\/cbie.sbc.org.br\/2023\/wp-json\/wp\/v2\/types\/page"}],"author":[{"embeddable":true,"href":"https:\/\/cbie.sbc.org.br\/2023\/wp-json\/wp\/v2\/users\/3"}],"replies":[{"embeddable":true,"href":"https:\/\/cbie.sbc.org.br\/2023\/wp-json\/wp\/v2\/comments?post=355"}],"version-history":[{"count":31,"href":"https:\/\/cbie.sbc.org.br\/2023\/wp-json\/wp\/v2\/pages\/355\/revisions"}],"predecessor-version":[{"id":1944,"href":"https:\/\/cbie.sbc.org.br\/2023\/wp-json\/wp\/v2\/pages\/355\/revisions\/1944"}],"wp:attachment":[{"href":"https:\/\/cbie.sbc.org.br\/2023\/wp-json\/wp\/v2\/media?parent=355"}],"curies":[{"name":"wp","href":"https:\/\/api.w.org\/{rel}","templated":true}]}}