{"id":354,"date":"2023-04-04T01:33:46","date_gmt":"2023-04-04T04:33:46","guid":{"rendered":"https:\/\/cbie.sbc.org.br\/2023\/?page_id=354"},"modified":"2023-04-16T16:06:50","modified_gmt":"2023-04-16T19:06:50","slug":"a-cidade","status":"publish","type":"page","link":"https:\/\/cbie.sbc.org.br\/2023\/a-cidade\/","title":{"rendered":"A cidade"},"content":{"rendered":"\t\t<div data-elementor-type=\"wp-page\" data-elementor-id=\"354\" class=\"elementor elementor-354\">\n\t\t\t\t<div class=\"elementor-element elementor-element-da730de e-flex e-con-boxed wpr-particle-no wpr-jarallax-no wpr-parallax-no wpr-sticky-section-no wpr-equal-height-no e-con e-parent\" data-id=\"da730de\" data-element_type=\"container\" data-e-type=\"container\">\n\t\t\t\t\t<div class=\"e-con-inner\">\n\t\t\t\t<div class=\"elementor-element elementor-element-122325a elementor-widget elementor-widget-heading\" data-id=\"122325a\" data-element_type=\"widget\" data-e-type=\"widget\" data-widget_type=\"heading.default\">\n\t\t\t\t<div class=\"elementor-widget-container\">\n\t\t\t\t\t<h2 class=\"elementor-heading-title elementor-size-default\"><br>A cidade<\/h2>\t\t\t\t<\/div>\n\t\t\t\t<\/div>\n\t\t\t\t<div class=\"elementor-element elementor-element-fb1b8ed elementor-widget elementor-widget-text-editor\" data-id=\"fb1b8ed\" data-element_type=\"widget\" data-e-type=\"widget\" data-widget_type=\"text-editor.default\">\n\t\t\t\t<div class=\"elementor-widget-container\">\n\t\t\t\t\t\t\t\t\t<p><img decoding=\"async\" class=\"aligncenter\" src=\"https:\/\/www.pmpf.rs.gov.br\/turismo\/wp-content\/uploads\/sites\/51\/2021\/12\/banner_turismo_2.png\" \/><\/p><p>Educa\u00e7\u00e3o, trabalho e empreendedorismo constituem a base do desenvolvimento de Passo Fundo, munic\u00edpio com cerca de 206 mil habitantes, localizado ao noroeste do Rio Grande do Sul.<\/p><p>Nas \u00faltimas d\u00e9cadas, a cidade destacou-se como p\u00f3lo universit\u00e1rio, refer\u00eancia de atendimento em sa\u00fade e por contar com din\u00e2mica atividade no setor de servi\u00e7os, com\u00e9rcio, ind\u00fastria e agroneg\u00f3cio.<\/p><p>Aos que s\u00e3o da terra, somam-se todos os que, aqui, encontram oportunidades de crescimento profissional e pessoal em um ambiente acolhedor, plural e privilegiado pela paisagem natural.<\/p><p>Passo Fundo \u00e9 a Capital Nacional da Literatura, t\u00edtulo conquistado pela realiza\u00e7\u00e3o das Jornadas Nacionais de Literatura, um dos principais movimentos em prol da leitura do pa\u00eds. Temos a rota da literatura, com os Monumentos das Letras Gigantes, o Largo da Literatura e sua \u00e1rvore de Letras, al\u00e9m dos T\u00faneis da Literatura, com diferentes textos, levando divers\u00e3o e cultura para todos. Tamb\u00e9m s\u00e3o destaque eventos como o Festival Internacional de Folclore e o Rodeio Internacional de Passo Fundo. Al\u00e9m disso, a cidade tem diversos monumentos e espa\u00e7os p\u00fablicos de valor hist\u00f3rico e arquitet\u00f4nico, como a Pra\u00e7a Marechal Floriano, conhecida como a Pra\u00e7a da Cuia, o Teatro Municipal M\u00facio de Castro, o Parque da Gare, entre tantos outros espa\u00e7os p\u00fablicos de lazer. Bom passeio. Viva Passo Fundo!<\/p><p>Acesse a<a href=\"https:\/\/www.pmpf.rs.gov.br\/turismo\/\" target=\"_blank\" rel=\"noopener\"> p\u00e1gina de Turismo da Prefeitura Municipal<\/a>\u00a0de Passo Fundo e conhe\u00e7a mais sobre nossa cidade!\u00a0<\/p><hr \/><p style=\"text-align: right;\"><em>Fonte: Site Prefeitura Municipal de Passo Fundo<\/em><\/p>\t\t\t\t\t\t\t\t<\/div>\n\t\t\t\t<\/div>\n\t\t\t\t\t<\/div>\n\t\t\t\t<\/div>\n\t\t\t\t<\/div>\n\t\t","protected":false},"excerpt":{"rendered":"<p>A cidade Educa\u00e7\u00e3o, trabalho e empreendedorismo constituem a base do desenvolvimento de Passo Fundo, munic\u00edpio com cerca de 206 mil habitantes, localizado ao noroeste do Rio Grande do Sul. Nas \u00faltimas d\u00e9cadas, a cidade destacou-se como p\u00f3lo universit\u00e1rio, refer\u00eancia de atendimento em sa\u00fade e por contar com din\u00e2mica atividade no setor de servi\u00e7os, com\u00e9rcio, ind\u00fastria e agroneg\u00f3cio. Aos que s\u00e3o da terra, somam-se todos os que, aqui, encontram oportunidades de crescimento profissional e pessoal em um ambiente acolhedor, plural e privilegiado pela paisagem natural. Passo Fundo \u00e9 a Capital Nacional da Literatura, t\u00edtulo conquistado pela realiza\u00e7\u00e3o das Jornadas Nacionais de Literatura, um dos principais movimentos em prol da leitura do pa\u00eds. Temos a rota da literatura, com os Monumentos das Letras Gigantes, o Largo da Literatura e sua \u00e1rvore de Letras, al\u00e9m dos T\u00faneis da Literatura, com diferentes textos, levando divers\u00e3o e cultura para todos. Tamb\u00e9m s\u00e3o destaque eventos como o Festival Internacional de Folclore e o Rodeio Internacional de Passo Fundo. Al\u00e9m disso, a cidade tem diversos monumentos e espa\u00e7os p\u00fablicos de valor hist\u00f3rico e arquitet\u00f4nico, como a Pra\u00e7a Marechal Floriano, conhecida como a Pra\u00e7a da Cuia, o Teatro Municipal M\u00facio de Castro, o Parque da Gare, entre tantos outros espa\u00e7os p\u00fablicos de lazer. Bom passeio. Viva Passo Fundo! Acesse a p\u00e1gina de Turismo da Prefeitura Municipal\u00a0de Passo Fundo e conhe\u00e7a mais sobre nossa cidade!\u00a0 Fonte: Site Prefeitura Municipal de Passo Fundo<\/p>\n","protected":false},"author":4,"featured_media":0,"parent":0,"menu_order":0,"comment_status":"closed","ping_status":"closed","template":"elementor_header_footer","meta":{"footnotes":""},"class_list":["post-354","page","type-page","status-publish","hentry"],"_links":{"self":[{"href":"https:\/\/cbie.sbc.org.br\/2023\/wp-json\/wp\/v2\/pages\/354","targetHints":{"allow":["GET"]}}],"collection":[{"href":"https:\/\/cbie.sbc.org.br\/2023\/wp-json\/wp\/v2\/pages"}],"about":[{"href":"https:\/\/cbie.sbc.org.br\/2023\/wp-json\/wp\/v2\/types\/page"}],"author":[{"embeddable":true,"href":"https:\/\/cbie.sbc.org.br\/2023\/wp-json\/wp\/v2\/users\/4"}],"replies":[{"embeddable":true,"href":"https:\/\/cbie.sbc.org.br\/2023\/wp-json\/wp\/v2\/comments?post=354"}],"version-history":[{"count":40,"href":"https:\/\/cbie.sbc.org.br\/2023\/wp-json\/wp\/v2\/pages\/354\/revisions"}],"predecessor-version":[{"id":1272,"href":"https:\/\/cbie.sbc.org.br\/2023\/wp-json\/wp\/v2\/pages\/354\/revisions\/1272"}],"wp:attachment":[{"href":"https:\/\/cbie.sbc.org.br\/2023\/wp-json\/wp\/v2\/media?parent=354"}],"curies":[{"name":"wp","href":"https:\/\/api.w.org\/{rel}","templated":true}]}}