{"id":353,"date":"2023-04-04T01:49:12","date_gmt":"2023-04-04T04:49:12","guid":{"rendered":"https:\/\/cbie.sbc.org.br\/2023\/?page_id=353"},"modified":"2023-04-16T16:08:11","modified_gmt":"2023-04-16T19:08:11","slug":"rodoviaria","status":"publish","type":"page","link":"https:\/\/cbie.sbc.org.br\/2023\/rodoviaria\/","title":{"rendered":"Rodovi\u00e1ria"},"content":{"rendered":"\t\t<div data-elementor-type=\"wp-page\" data-elementor-id=\"353\" class=\"elementor elementor-353\">\n\t\t\t\t<div class=\"elementor-element elementor-element-ccbf970 e-flex e-con-boxed wpr-particle-no wpr-jarallax-no wpr-parallax-no wpr-sticky-section-no e-con e-parent\" data-id=\"ccbf970\" data-element_type=\"container\" data-e-type=\"container\">\n\t\t\t\t\t<div class=\"e-con-inner\">\n\t\t\t\t<div class=\"elementor-element elementor-element-e8f1aa0 elementor-widget elementor-widget-heading\" data-id=\"e8f1aa0\" data-element_type=\"widget\" data-e-type=\"widget\" data-widget_type=\"heading.default\">\n\t\t\t\t<div class=\"elementor-widget-container\">\n\t\t\t\t\t<h3 class=\"elementor-heading-title elementor-size-default\">RODOVI\u00c1RIA <\/h3>\t\t\t\t<\/div>\n\t\t\t\t<\/div>\n\t\t\t\t<div class=\"elementor-element elementor-element-07b9ac3 elementor-widget elementor-widget-image\" data-id=\"07b9ac3\" data-element_type=\"widget\" data-e-type=\"widget\" data-widget_type=\"image.default\">\n\t\t\t\t<div class=\"elementor-widget-container\">\n\t\t\t\t\t\t\t\t\t\t\t\t\t\t\t<img fetchpriority=\"high\" decoding=\"async\" width=\"730\" height=\"548\" src=\"https:\/\/cbie.sbc.org.br\/2023\/wp-content\/uploads\/2023\/04\/rodoviaria.jpg\" class=\"attachment-medium_large size-medium_large wp-image-912\" alt=\"\" srcset=\"https:\/\/cbie.sbc.org.br\/2023\/wp-content\/uploads\/2023\/04\/rodoviaria.jpg 730w, https:\/\/cbie.sbc.org.br\/2023\/wp-content\/uploads\/2023\/04\/rodoviaria-300x225.jpg 300w, https:\/\/cbie.sbc.org.br\/2023\/wp-content\/uploads\/2023\/04\/rodoviaria-600x450.jpg 600w\" sizes=\"(max-width: 730px) 100vw, 730px\" \/>\t\t\t\t\t\t\t\t\t\t\t\t\t\t\t<\/div>\n\t\t\t\t<\/div>\n\t\t\t\t<div class=\"elementor-element elementor-element-f9f8f27 elementor-widget elementor-widget-text-editor\" data-id=\"f9f8f27\" data-element_type=\"widget\" data-e-type=\"widget\" data-widget_type=\"text-editor.default\">\n\t\t\t\t<div class=\"elementor-widget-container\">\n\t\t\t\t\t\t\t\t\t<p>Acesse o site da&nbsp;<a href=\"https:\/\/www.rodoviariapassofundo.com.br\/site\/\" target=\"_blank\">Esta\u00e7\u00e3o Rodovi\u00e1ria de Passo Fundo<\/a>!<\/p>\t\t\t\t\t\t\t\t<\/div>\n\t\t\t\t<\/div>\n\t\t\t\t\t<\/div>\n\t\t\t\t<\/div>\n\t\t\t\t<\/div>\n\t\t","protected":false},"excerpt":{"rendered":"<p>RODOVI\u00c1RIA Acesse o site da&nbsp;Esta\u00e7\u00e3o Rodovi\u00e1ria de Passo Fundo!<\/p>\n","protected":false},"author":4,"featured_media":0,"parent":0,"menu_order":0,"comment_status":"closed","ping_status":"closed","template":"elementor_header_footer","meta":{"footnotes":""},"class_list":["post-353","page","type-page","status-publish","hentry"],"_links":{"self":[{"href":"https:\/\/cbie.sbc.org.br\/2023\/wp-json\/wp\/v2\/pages\/353","targetHints":{"allow":["GET"]}}],"collection":[{"href":"https:\/\/cbie.sbc.org.br\/2023\/wp-json\/wp\/v2\/pages"}],"about":[{"href":"https:\/\/cbie.sbc.org.br\/2023\/wp-json\/wp\/v2\/types\/page"}],"author":[{"embeddable":true,"href":"https:\/\/cbie.sbc.org.br\/2023\/wp-json\/wp\/v2\/users\/4"}],"replies":[{"embeddable":true,"href":"https:\/\/cbie.sbc.org.br\/2023\/wp-json\/wp\/v2\/comments?post=353"}],"version-history":[{"count":18,"href":"https:\/\/cbie.sbc.org.br\/2023\/wp-json\/wp\/v2\/pages\/353\/revisions"}],"predecessor-version":[{"id":1278,"href":"https:\/\/cbie.sbc.org.br\/2023\/wp-json\/wp\/v2\/pages\/353\/revisions\/1278"}],"wp:attachment":[{"href":"https:\/\/cbie.sbc.org.br\/2023\/wp-json\/wp\/v2\/media?parent=353"}],"curies":[{"name":"wp","href":"https:\/\/api.w.org\/{rel}","templated":true}]}}