{"id":351,"date":"2023-04-04T01:36:45","date_gmt":"2023-04-04T04:36:45","guid":{"rendered":"https:\/\/cbie.sbc.org.br\/2023\/?page_id=351"},"modified":"2023-04-16T16:07:13","modified_gmt":"2023-04-16T19:07:13","slug":"aeroporto","status":"publish","type":"page","link":"https:\/\/cbie.sbc.org.br\/2023\/aeroporto\/","title":{"rendered":"Aeroporto"},"content":{"rendered":"\t\t<div data-elementor-type=\"wp-page\" data-elementor-id=\"351\" class=\"elementor elementor-351\">\n\t\t\t\t<div class=\"elementor-element elementor-element-5b6fd30 e-flex e-con-boxed wpr-particle-no wpr-jarallax-no wpr-parallax-no wpr-sticky-section-no e-con e-parent\" data-id=\"5b6fd30\" data-element_type=\"container\" data-e-type=\"container\">\n\t\t\t\t\t<div class=\"e-con-inner\">\n\t\t<div class=\"elementor-element elementor-element-b04f7e5 e-con-full e-flex wpr-particle-no wpr-jarallax-no wpr-parallax-no wpr-sticky-section-no e-con e-parent\" data-id=\"b04f7e5\" data-element_type=\"container\" data-e-type=\"container\">\n\t\t\t\t<div class=\"elementor-element elementor-element-366e547 elementor-widget elementor-widget-heading\" data-id=\"366e547\" data-element_type=\"widget\" data-e-type=\"widget\" data-widget_type=\"heading.default\">\n\t\t\t\t<div class=\"elementor-widget-container\">\n\t\t\t\t\t<h2 class=\"elementor-heading-title elementor-size-default\">Aeroporto<\/h2>\t\t\t\t<\/div>\n\t\t\t\t<\/div>\n\t\t\t\t<div class=\"elementor-element elementor-element-0956d62 elementor-widget elementor-widget-text-editor\" data-id=\"0956d62\" data-element_type=\"widget\" data-e-type=\"widget\" data-widget_type=\"text-editor.default\">\n\t\t\t\t<div class=\"elementor-widget-container\">\n\t\t\t\t\t\t\t\t\t<p style=\"text-align: left;\">O\u202fAeroporto de Passo Fundo, oficialmente registrado como Lauro Kurtz, \u00e9 um aer\u00f3dromo p\u00fablico\u202fbrasileiro, localizado no\u202fmunic\u00edpio de\u202fPasso Fundo\/RS. O nome faz refer\u00eancia ao piloto ga\u00facho Lauro Ignacio Kortz. Atualmente, figura como o terceiro aeroporto mais movimentado do RS, al\u00e9m de possuir o segundo maior terminal de passageiros do estado.<\/p><p><span style=\"color: var( --e-global-color-text ); font-family: var( --e-global-typography-text-font-family ), Sans-serif; font-weight: var( --e-global-typography-text-font-weight ); text-align: var(--text-align); letter-spacing: 0px;\">Registros hist\u00f3ricos apontam que o primeiro voo na cidade ocorreu em abril de 1942, com a rota Porto Alegre\/Cruz Alta\/Passo Fundo. A linha era operada pela Varig, com uma aeronave modelo Junkers F-13.<\/span><\/p><p><span style=\"color: var( --e-global-color-text ); font-family: var( --e-global-typography-text-font-family ), Sans-serif; font-weight: var( --e-global-typography-text-font-weight ); text-align: var(--text-align); letter-spacing: 0px;\">Nos anos de 2021 e 2022, o aeroporto passou por amplia\u00e7\u00e3o e moderniza\u00e7\u00e3o de todo o s\u00edtio aeroportu\u00e1rio, a partir do Termo de Compromisso (TC) 5\/2017, firmado entre a Secretaria de Avia\u00e7\u00e3o Civil (SAC), vinculada ao ent\u00e3o Minist\u00e9rio da Infraestrutura do Governo Federal, e a Secretaria de Log\u00edstica e Transporte (Selt). A pista de pousos e decolagens tamb\u00e9m foi totalmente recuperada, aumentada sua capacidade estrutural.<\/span><\/p><p><span style=\"color: var( --e-global-color-text ); font-family: var( --e-global-typography-text-font-family ), Sans-serif; font-weight: var( --e-global-typography-text-font-weight ); text-align: var(--text-align); letter-spacing: 0px;\">Em 2023, as novas instala\u00e7\u00f5es do aeroporto entraram em opera\u00e7\u00e3o.<\/span><\/p><p style=\"text-align: left;\"><em><span style=\"color: var( --e-global-color-text ); font-family: var( --e-global-typography-text-font-family ), Sans-serif; font-weight: var( --e-global-typography-text-font-weight ); text-align: var(--text-align); letter-spacing: 0px;\">Fonte: Site Infraero<\/span><\/em><\/p>\t\t\t\t\t\t\t\t<\/div>\n\t\t\t\t<\/div>\n\t\t\t\t<\/div>\n\t\t<div class=\"elementor-element elementor-element-9644bf6 e-con-full e-flex wpr-particle-no wpr-jarallax-no wpr-parallax-no wpr-sticky-section-no e-con e-parent\" data-id=\"9644bf6\" data-element_type=\"container\" data-e-type=\"container\">\n\t\t\t\t<div class=\"elementor-element elementor-element-e1daa1a elementor-widget elementor-widget-text-editor\" data-id=\"e1daa1a\" data-element_type=\"widget\" data-e-type=\"widget\" data-widget_type=\"text-editor.default\">\n\t\t\t\t<div class=\"elementor-widget-container\">\n\t\t\t\t\t\t\t\t\t<p style=\"text-align: center;\">Mais informa\u00e7\u00f5es sobre o nosso aeroporto no site\u00a0<a href=\"https:\/\/www4.infraero.gov.br\/aeroporto-passo-fundo\/\" target=\"_blank\" rel=\"noopener\">da Infraero<\/a>!<\/p>\t\t\t\t\t\t\t\t<\/div>\n\t\t\t\t<\/div>\n\t\t\t\t<div class=\"elementor-element elementor-element-5e94391 elementor-widget elementor-widget-image\" data-id=\"5e94391\" data-element_type=\"widget\" data-e-type=\"widget\" data-widget_type=\"image.default\">\n\t\t\t\t<div class=\"elementor-widget-container\">\n\t\t\t\t\t\t\t\t\t\t\t\t\t\t\t<img fetchpriority=\"high\" decoding=\"async\" width=\"1023\" height=\"682\" src=\"https:\/\/cbie.sbc.org.br\/2023\/wp-content\/uploads\/2023\/04\/PASSO-FUNDO-aeroporto.jpg.webp\" class=\"attachment-large size-large wp-image-606\" alt=\"Uma placa amarela escrito &#039;Aeroporto Lauro Kurtz&#039;, na vertical. Levemente ao fundo, est\u00e1 o aeroporto.\" srcset=\"https:\/\/cbie.sbc.org.br\/2023\/wp-content\/uploads\/2023\/04\/PASSO-FUNDO-aeroporto.jpg.webp 1023w, https:\/\/cbie.sbc.org.br\/2023\/wp-content\/uploads\/2023\/04\/PASSO-FUNDO-aeroporto.jpg-300x200.webp 300w, https:\/\/cbie.sbc.org.br\/2023\/wp-content\/uploads\/2023\/04\/PASSO-FUNDO-aeroporto.jpg-768x512.webp 768w, https:\/\/cbie.sbc.org.br\/2023\/wp-content\/uploads\/2023\/04\/PASSO-FUNDO-aeroporto.jpg-600x400.webp 600w\" sizes=\"(max-width: 1023px) 100vw, 1023px\" \/>\t\t\t\t\t\t\t\t\t\t\t\t\t\t\t<\/div>\n\t\t\t\t<\/div>\n\t\t\t\t<\/div>\n\t\t\t\t\t<\/div>\n\t\t\t\t<\/div>\n\t\t\t\t<\/div>\n\t\t","protected":false},"excerpt":{"rendered":"<p>Aeroporto O\u202fAeroporto de Passo Fundo, oficialmente registrado como Lauro Kurtz, \u00e9 um aer\u00f3dromo p\u00fablico\u202fbrasileiro, localizado no\u202fmunic\u00edpio de\u202fPasso Fundo\/RS. O nome faz refer\u00eancia ao piloto ga\u00facho Lauro Ignacio Kortz. Atualmente, figura como o terceiro aeroporto mais movimentado do RS, al\u00e9m de possuir o segundo maior terminal de passageiros do estado. Registros hist\u00f3ricos apontam que o primeiro voo na cidade ocorreu em abril de 1942, com a rota Porto Alegre\/Cruz Alta\/Passo Fundo. A linha era operada pela Varig, com uma aeronave modelo Junkers F-13. Nos anos de 2021 e 2022, o aeroporto passou por amplia\u00e7\u00e3o e moderniza\u00e7\u00e3o de todo o s\u00edtio aeroportu\u00e1rio, a partir do Termo de Compromisso (TC) 5\/2017, firmado entre a Secretaria de Avia\u00e7\u00e3o Civil (SAC), vinculada ao ent\u00e3o Minist\u00e9rio da Infraestrutura do Governo Federal, e a Secretaria de Log\u00edstica e Transporte (Selt). A pista de pousos e decolagens tamb\u00e9m foi totalmente recuperada, aumentada sua capacidade estrutural. Em 2023, as novas instala\u00e7\u00f5es do aeroporto entraram em opera\u00e7\u00e3o. Fonte: Site Infraero Mais informa\u00e7\u00f5es sobre o nosso aeroporto no site\u00a0da Infraero!<\/p>\n","protected":false},"author":4,"featured_media":0,"parent":0,"menu_order":0,"comment_status":"closed","ping_status":"closed","template":"elementor_header_footer","meta":{"footnotes":""},"class_list":["post-351","page","type-page","status-publish","hentry"],"_links":{"self":[{"href":"https:\/\/cbie.sbc.org.br\/2023\/wp-json\/wp\/v2\/pages\/351","targetHints":{"allow":["GET"]}}],"collection":[{"href":"https:\/\/cbie.sbc.org.br\/2023\/wp-json\/wp\/v2\/pages"}],"about":[{"href":"https:\/\/cbie.sbc.org.br\/2023\/wp-json\/wp\/v2\/types\/page"}],"author":[{"embeddable":true,"href":"https:\/\/cbie.sbc.org.br\/2023\/wp-json\/wp\/v2\/users\/4"}],"replies":[{"embeddable":true,"href":"https:\/\/cbie.sbc.org.br\/2023\/wp-json\/wp\/v2\/comments?post=351"}],"version-history":[{"count":25,"href":"https:\/\/cbie.sbc.org.br\/2023\/wp-json\/wp\/v2\/pages\/351\/revisions"}],"predecessor-version":[{"id":1275,"href":"https:\/\/cbie.sbc.org.br\/2023\/wp-json\/wp\/v2\/pages\/351\/revisions\/1275"}],"wp:attachment":[{"href":"https:\/\/cbie.sbc.org.br\/2023\/wp-json\/wp\/v2\/media?parent=351"}],"curies":[{"name":"wp","href":"https:\/\/api.w.org\/{rel}","templated":true}]}}