{"id":224,"date":"2023-04-04T00:34:04","date_gmt":"2023-04-04T03:34:04","guid":{"rendered":"https:\/\/cbie.sbc.org.br\/2023\/?page_id=224"},"modified":"2023-11-27T09:10:21","modified_gmt":"2023-11-27T12:10:21","slug":"certificados","status":"publish","type":"page","link":"https:\/\/cbie.sbc.org.br\/2023\/certificados\/","title":{"rendered":"Certificados"},"content":{"rendered":"\t\t<div data-elementor-type=\"wp-page\" data-elementor-id=\"224\" class=\"elementor elementor-224\">\n\t\t\t\t<div class=\"elementor-element elementor-element-da730de e-flex e-con-boxed wpr-particle-no wpr-jarallax-no wpr-parallax-no wpr-sticky-section-no wpr-equal-height-no e-con e-parent\" data-id=\"da730de\" data-element_type=\"container\" data-e-type=\"container\">\n\t\t\t\t\t<div class=\"e-con-inner\">\n\t\t\t\t<div class=\"elementor-element elementor-element-9b2d6f8 elementor-widget elementor-widget-heading\" data-id=\"9b2d6f8\" data-element_type=\"widget\" data-e-type=\"widget\" data-widget_type=\"heading.default\">\n\t\t\t\t<div class=\"elementor-widget-container\">\n\t\t\t\t\t<h2 class=\"elementor-heading-title elementor-size-default\"><br>Certificados<\/h2>\t\t\t\t<\/div>\n\t\t\t\t<\/div>\n\t\t\t\t<div class=\"elementor-element elementor-element-fbe0f75 elementor-widget elementor-widget-heading\" data-id=\"fbe0f75\" data-element_type=\"widget\" data-e-type=\"widget\" data-widget_type=\"heading.default\">\n\t\t\t\t<div class=\"elementor-widget-container\">\n\t\t\t\t\t<p class=\"elementor-heading-title elementor-size-default\">O formato de disponibiliza\u00e7\u00e3o dos certificados foi validade juridicamente e n\u00e3o fere a LGPD.<\/p>\t\t\t\t<\/div>\n\t\t\t\t<\/div>\n\t\t\t\t<div class=\"elementor-element elementor-element-5b83759 elementor-widget elementor-widget-text-editor\" data-id=\"5b83759\" data-element_type=\"widget\" data-e-type=\"widget\" data-widget_type=\"text-editor.default\">\n\t\t\t\t<div class=\"elementor-widget-container\">\n\t\t\t\t\t\t\t\t\t<ul>\n<li><a href=\"https:\/\/drive.google.com\/drive\/folders\/1Z5_mAkxVLumMmo571MkgvI9QrvfxepFl?usp=sharing\" target=\"_blank\" rel=\"noopener\">Acesse seu certificado de <b>Participante<\/b><\/a><\/li>\n<li><a href=\"https:\/\/drive.google.com\/drive\/folders\/1MLI-EdeWLRsozcRCNeRQNIhD1o3DQXf1?usp=sharing\" target=\"_blank\" rel=\"noopener\">Acesse seu certificado de <b>Apresentador<\/b><\/a><\/li>\n<li><a href=\"https:\/\/drive.google.com\/drive\/folders\/1C1jOhmQC3kHqHuV6CnSY0jE2Xp1YLBnU?usp=sharing\" target=\"_blank\" rel=\"noopener\">Acesse seu certificado de <b>Avaliador de Artigo<\/b><\/a><\/li>\n<li><a href=\"https:\/\/drive.google.com\/drive\/folders\/10rLFTraYhFjpuPXOLn1fteU77NnaC2uQ?usp=sharing\" target=\"_blank\" rel=\"noopener\">Acesse seu certificado de <b>melhor Artigo<\/b><\/a><\/li>\n<li><a href=\"https:\/\/drive.google.com\/drive\/folders\/1n-BylmNp7ojGZhCryiya-cR_n-HOzsbG?usp=sharing\" target=\"_blank\" rel=\"noopener\">Acesse seu certificado de <b>Men\u00e7\u00e3o Honrosa<\/b><\/a><\/li>\n<li>Acesse seu certificado dos Workshops\n<ul>\n<li><a href=\"https:\/\/drive.google.com\/drive\/folders\/19hb59DDfyPmbNc2pBynJExHTVGHIlLeO?usp=sharing\" target=\"_blank\" rel=\"noopener\">Apresentador<\/a><\/li>\n<li>&nbsp;<a href=\"https:\/\/drive.google.com\/drive\/folders\/1M7jM9ghaDgX7ma-FvWqhtSoiR3UrZi4L?usp=sharing\" target=\"_blank\" rel=\"noopener\">Avaliador<\/a><\/li>\n<li><span style=\"color: var( --e-global-color-text ); font-family: var( --e-global-typography-text-font-family ), Sans-serif; font-weight: var( --e-global-typography-text-font-weight ); word-spacing: var( --e-global-typography-text-word-spacing ); text-align: var(--text-align); letter-spacing: 0px;\"><a href=\"https:\/\/drive.google.com\/drive\/folders\/1YMI6aC2HhHDaK10kF7TPZV9SQq274EJc?usp=sharing\" target=\"_blank\" rel=\"noopener\">Melhores artigo<\/a><\/span><\/li>\n<\/ul>\n<\/li>\n<li><a href=\"https:\/\/drive.google.com\/drive\/folders\/1YXMZZw-mD_nOhdnFxyXvFrRB0CGotCuK?usp=sharing\" target=\"_blank\" rel=\"noopener\">Acesse seu certificado de <b>membro de banca e Avaliador CTD IE<\/b><\/a><\/li>\n<li><a href=\"https:\/\/drive.google.com\/drive\/folders\/1fybGduqL2Z-BVEHtynaFwWNNVuNUZuiv?usp=sharing\" target=\"_blank\" rel=\"noopener\">Acesse seu certificado de&nbsp; <b>Premia\u00e7\u00e3o no CTD-IE<\/b><\/a><\/li>\n<li><span style=\"color: var( --e-global-color-text ); font-family: var( --e-global-typography-text-font-family ), Sans-serif; word-spacing: var( --e-global-typography-text-word-spacing ); text-align: var(--text-align); letter-spacing: 0px;\"><a href=\"https:\/\/drive.google.com\/drive\/folders\/17Y33twfKx3CAmjuLKUOWGS__auNOQIAb?usp=sharing\" target=\"_blank\" rel=\"noopener\"><span style=\"font-weight: var( --e-global-typography-text-font-weight );\">Acesse seu certificado de <\/span><b>premia\u00e7\u00e3o no Apps.Edu&nbsp;<\/b><\/a><b>&nbsp;<\/b><\/span><\/li>\n<li><a href=\"https:\/\/drive.google.com\/drive\/folders\/13vtylo6Di94Q4rmsZ0amRWV8SWluuHfa?usp=sharing\" target=\"_blank\">Acesse seu certificado de<b> Comiss\u00e3o Organizadora<\/b><\/a><a href=\"https:\/\/drive.google.com\/drive\/folders\/13vtylo6Di94Q4rmsZ0amRWV8SWluuHfa?usp=sharing\" target=\"_blank\"><b>&nbsp;<\/b><\/a><\/li>\n<li><a href=\"https:\/\/drive.google.com\/drive\/folders\/1lhdZi04dWB2iEkTthpdn5iTt6tOfyYwS?usp=sharing\" target=\"_blank\" style=\"font-family: var( --e-global-typography-text-font-family ), Sans-serif; font-weight: var( --e-global-typography-text-font-weight ); word-spacing: var( --e-global-typography-text-word-spacing ); text-align: var(--text-align); background-color: white; letter-spacing: 0px;\">Acesse seu certificado de <b>Palestrante<\/b><\/a><br><\/li>\n<li><a href=\"https:\/\/drive.google.com\/drive\/folders\/1edo7OWvVWMDUqs1wLAqVqC9U4o5rOU3b?usp=sharing\" target=\"_blank\">Acesse seu certificado de <b>Painelista<\/b><\/a><br><\/li>\n<\/ul>\t\t\t\t\t\t\t\t<\/div>\n\t\t\t\t<\/div>\n\t\t\t\t\t<\/div>\n\t\t\t\t<\/div>\n\t\t\t\t<\/div>\n\t\t","protected":false},"excerpt":{"rendered":"<p>Certificados O formato de disponibiliza\u00e7\u00e3o dos certificados foi validade juridicamente e n\u00e3o fere a LGPD. Acesse seu certificado de Participante Acesse seu certificado de Apresentador Acesse seu certificado de Avaliador de Artigo Acesse seu certificado de melhor Artigo Acesse seu certificado de Men\u00e7\u00e3o Honrosa Acesse seu certificado dos Workshops Apresentador &nbsp;Avaliador Melhores artigo Acesse seu certificado de membro de banca e Avaliador CTD IE Acesse seu certificado de&nbsp; Premia\u00e7\u00e3o no CTD-IE Acesse seu certificado de premia\u00e7\u00e3o no Apps.Edu&nbsp;&nbsp; Acesse seu certificado de Comiss\u00e3o Organizadora&nbsp; Acesse seu certificado de Palestrante Acesse seu certificado de Painelista<\/p>\n","protected":false},"author":3,"featured_media":0,"parent":0,"menu_order":0,"comment_status":"closed","ping_status":"closed","template":"elementor_header_footer","meta":{"footnotes":""},"class_list":["post-224","page","type-page","status-publish","hentry"],"_links":{"self":[{"href":"https:\/\/cbie.sbc.org.br\/2023\/wp-json\/wp\/v2\/pages\/224","targetHints":{"allow":["GET"]}}],"collection":[{"href":"https:\/\/cbie.sbc.org.br\/2023\/wp-json\/wp\/v2\/pages"}],"about":[{"href":"https:\/\/cbie.sbc.org.br\/2023\/wp-json\/wp\/v2\/types\/page"}],"author":[{"embeddable":true,"href":"https:\/\/cbie.sbc.org.br\/2023\/wp-json\/wp\/v2\/users\/3"}],"replies":[{"embeddable":true,"href":"https:\/\/cbie.sbc.org.br\/2023\/wp-json\/wp\/v2\/comments?post=224"}],"version-history":[{"count":40,"href":"https:\/\/cbie.sbc.org.br\/2023\/wp-json\/wp\/v2\/pages\/224\/revisions"}],"predecessor-version":[{"id":3007,"href":"https:\/\/cbie.sbc.org.br\/2023\/wp-json\/wp\/v2\/pages\/224\/revisions\/3007"}],"wp:attachment":[{"href":"https:\/\/cbie.sbc.org.br\/2023\/wp-json\/wp\/v2\/media?parent=224"}],"curies":[{"name":"wp","href":"https:\/\/api.w.org\/{rel}","templated":true}]}}