{"id":221,"date":"2023-04-04T00:32:57","date_gmt":"2023-04-04T03:32:57","guid":{"rendered":"https:\/\/cbie.sbc.org.br\/2023\/?page_id=221"},"modified":"2023-08-04T20:21:00","modified_gmt":"2023-08-04T23:21:00","slug":"organizacao","status":"publish","type":"page","link":"https:\/\/cbie.sbc.org.br\/2023\/organizacao\/","title":{"rendered":"Organiza\u00e7\u00e3o"},"content":{"rendered":"\t\t<div data-elementor-type=\"wp-page\" data-elementor-id=\"221\" class=\"elementor elementor-221\">\n\t\t\t\t<div class=\"elementor-element elementor-element-9cf3f42 e-flex e-con-boxed wpr-particle-no wpr-jarallax-no wpr-parallax-no wpr-sticky-section-no wpr-equal-height-no e-con e-parent\" data-id=\"9cf3f42\" data-element_type=\"container\" data-e-type=\"container\">\n\t\t\t\t\t<div class=\"e-con-inner\">\n\t\t\t\t<div class=\"elementor-element elementor-element-7133123 elementor-widget elementor-widget-heading\" data-id=\"7133123\" data-element_type=\"widget\" data-e-type=\"widget\" data-widget_type=\"heading.default\">\n\t\t\t\t<div class=\"elementor-widget-container\">\n\t\t\t\t\t<h2 class=\"elementor-heading-title elementor-size-default\"><br>Organiza\u00e7\u00e3o<\/h2>\t\t\t\t<\/div>\n\t\t\t\t<\/div>\n\t\t\t\t<div class=\"elementor-element elementor-element-382dc20 elementor-widget elementor-widget-heading\" data-id=\"382dc20\" data-element_type=\"widget\" data-e-type=\"widget\" data-widget_type=\"heading.default\">\n\t\t\t\t<div class=\"elementor-widget-container\">\n\t\t\t\t\t<h4 class=\"elementor-heading-title elementor-size-default\">Coordena\u00e7\u00e3o Geral<\/h4>\t\t\t\t<\/div>\n\t\t\t\t<\/div>\n\t\t\t\t\t<\/div>\n\t\t\t\t<\/div>\n\t\t<div class=\"elementor-element elementor-element-71e0d14 e-flex e-con-boxed wpr-particle-no wpr-jarallax-no wpr-parallax-no wpr-sticky-section-no wpr-equal-height-no e-con e-parent\" data-id=\"71e0d14\" data-element_type=\"container\" data-e-type=\"container\">\n\t\t\t\t\t<div class=\"e-con-inner\">\n\t\t\t\t<div class=\"elementor-element elementor-element-ba38753 elementor-widget elementor-widget-text-editor\" data-id=\"ba38753\" data-element_type=\"widget\" data-e-type=\"widget\" data-widget_type=\"text-editor.default\">\n\t\t\t\t<div class=\"elementor-widget-container\">\n\t\t\t\t\t\t\t\t\t<p><span style=\"font-weight: 400;\">Prof. Dr. Adriano Canabarro Teixeira (UPF) | <a href=\"http:\/\/lattes.cnpq.br\/1841882790688813\">Lattes<\/a> | <a href=\"mailto:teixeira@upf.br\">teixeira@upf.br<\/a><br \/><\/span><span style=\"font-weight: 400;\">Profa. Dra. Karina Marcon (UDESC) | <a href=\"http:\/\/lattes.cnpq.br\/5061817713945964\" target=\"_blank\" rel=\"noopener\">Lattes<\/a>\u00a0 | <a href=\"mailto:karina.marcon@udesc.br\" target=\"_blank\" rel=\"noopener\">karina.marcon@udesc.br<\/a><\/span><\/p>\t\t\t\t\t\t\t\t<\/div>\n\t\t\t\t<\/div>\n\t\t\t\t<div class=\"elementor-element elementor-element-dbad4ae elementor-widget elementor-widget-heading\" data-id=\"dbad4ae\" data-element_type=\"widget\" data-e-type=\"widget\" data-widget_type=\"heading.default\">\n\t\t\t\t<div class=\"elementor-widget-container\">\n\t\t\t\t\t<h4 class=\"elementor-heading-title elementor-size-default\">Coordena\u00e7\u00e3o geral de programa<\/h4>\t\t\t\t<\/div>\n\t\t\t\t<\/div>\n\t\t\t\t<div class=\"elementor-element elementor-element-cacc9b1 elementor-widget elementor-widget-text-editor\" data-id=\"cacc9b1\" data-element_type=\"widget\" data-e-type=\"widget\" data-widget_type=\"text-editor.default\">\n\t\t\t\t<div class=\"elementor-widget-container\">\n\t\t\t\t\t\t\t\t\t<p><span style=\"font-weight: 400;\">Profa. Dra Juliana Machado Brand\u00e3o (UNIPAMPA) | <a href=\"http:\/\/lattes.cnpq.br\/5364387277554857\" target=\"_blank\" rel=\"noopener\">Lattes <\/a><\/span>|<a href=\"mailto:julianamachado@unipampa.edu.br\" target=\"_blank\" rel=\"noopener\"> julianamachado@unipampa.edu.br<\/a><br \/>Profa. Dra. Lidiane Goedert |\u00a0<a href=\"http:\/\/lattes.cnpq.br\/5674374517903586\" target=\"_blank\" rel=\"noopener\">Lattes<\/a>\u00a0|<a href=\"mailto:lidiane.goedert@udesc.br\"> lidiane.goedert@udesc.br<\/a><\/p>\t\t\t\t\t\t\t\t<\/div>\n\t\t\t\t<\/div>\n\t\t\t\t<div class=\"elementor-element elementor-element-c124e60 elementor-widget elementor-widget-heading\" data-id=\"c124e60\" data-element_type=\"widget\" data-e-type=\"widget\" data-widget_type=\"heading.default\">\n\t\t\t\t<div class=\"elementor-widget-container\">\n\t\t\t\t\t<h4 class=\"elementor-heading-title elementor-size-default\">XXXIV Simp\u00f3sio Brasileiro de Inform\u00e1tica na Educa\u00e7\u00e3o \u2013 SBIE 2023<\/h4>\t\t\t\t<\/div>\n\t\t\t\t<\/div>\n\t\t\t\t<div class=\"elementor-element elementor-element-a9110fc elementor-widget elementor-widget-text-editor\" data-id=\"a9110fc\" data-element_type=\"widget\" data-e-type=\"widget\" data-widget_type=\"text-editor.default\">\n\t\t\t\t<div class=\"elementor-widget-container\">\n\t\t\t\t\t\t\t\t\t<p>Alex Sandro Gomes (UFPE) \u2013\u00a0<a href=\"http:\/\/lattes.cnpq.br\/7188784344595649\">Lattes<\/a>\u00a0|\u00a0<a href=\"mailto:asg@cin.ufpe.br\">asg@cin.ufpe.br<\/a><a href=\"http:\/\/lattes.cnpq.br\/7188784344595649\"><br \/><\/a>Leandro Marques Queiros (UFPE) \u2013\u00a0<a href=\"http:\/\/lattes.cnpq.br\/1547638419636850\">Lattes<\/a>\u00a0|\u00a0<a href=\"mailto:lmq@cin.ufpe.br\">lmq@cin.ufpe.br<\/a><\/p>\t\t\t\t\t\t\t\t<\/div>\n\t\t\t\t<\/div>\n\t\t\t\t<div class=\"elementor-element elementor-element-8d81cc5 elementor-widget elementor-widget-heading\" data-id=\"8d81cc5\" data-element_type=\"widget\" data-e-type=\"widget\" data-widget_type=\"heading.default\">\n\t\t\t\t<div class=\"elementor-widget-container\">\n\t\t\t\t\t<h4 class=\"elementor-heading-title elementor-size-default\">XXIX Workshop de Inform\u00e1tica na Escola - WIE 2023<\/h4>\t\t\t\t<\/div>\n\t\t\t\t<\/div>\n\t\t\t\t<div class=\"elementor-element elementor-element-30fb729 elementor-widget elementor-widget-text-editor\" data-id=\"30fb729\" data-element_type=\"widget\" data-e-type=\"widget\" data-widget_type=\"text-editor.default\">\n\t\t\t\t<div class=\"elementor-widget-container\">\n\t\t\t\t\t\t\t\t\t<p>Ad\u00e3o Caron Cambraia (IFFAR) |&nbsp;<a href=\"http:\/\/lattes.cnpq.br\/4507314509079204\">Lattes&nbsp;<\/a>|&nbsp;<a href=\"mailto:adao.cambraia@iffarroupilha.edu.br\" target=\"_blank\" rel=\"noopener\">adao.cambraia@iffarroupilha.edu.br<\/a><br>Aline Silva&nbsp;<span style=\"color: var( --e-global-color-text ); font-family: var( --e-global-typography-text-font-family ), Sans-serif; font-weight: var( --e-global-typography-text-font-weight ); letter-spacing: 0px; text-align: var(--text-align); word-spacing: var( --e-global-typography-text-word-spacing );\">de Bona<\/span><span style=\"color: var( --e-global-color-text ); font-family: var( --e-global-typography-text-font-family ), Sans-serif; font-weight: var( --e-global-typography-text-font-weight ); letter-spacing: 0px; text-align: var(--text-align); word-spacing: var( --e-global-typography-text-word-spacing );\">&nbsp;<\/span>(IFRS) |&nbsp;<a href=\"http:\/\/lattes.cnpq.br\/0264896077247150\">Lattes&nbsp;<\/a>|&nbsp;<a href=\"mailto:aline.bona@osorio.ifrs.edu.br\">aline.bona@osorio.ifrs.edu.br<\/a><\/p>\t\t\t\t\t\t\t\t<\/div>\n\t\t\t\t<\/div>\n\t\t\t\t<div class=\"elementor-element elementor-element-846bebf elementor-widget elementor-widget-heading\" data-id=\"846bebf\" data-element_type=\"widget\" data-e-type=\"widget\" data-widget_type=\"heading.default\">\n\t\t\t\t<div class=\"elementor-widget-container\">\n\t\t\t\t\t<h4 class=\"elementor-heading-title elementor-size-default\">Jornadas de Atualiza\u00e7\u00e3o em Inform\u00e1tica na Educa\u00e7\u00e3o (JAIE)<\/h4>\t\t\t\t<\/div>\n\t\t\t\t<\/div>\n\t\t\t\t<div class=\"elementor-element elementor-element-3769155 elementor-widget elementor-widget-text-editor\" data-id=\"3769155\" data-element_type=\"widget\" data-e-type=\"widget\" data-widget_type=\"text-editor.default\">\n\t\t\t\t<div class=\"elementor-widget-container\">\n\t\t\t\t\t\t\t\t\t<p>Tatyane Calixto (CESAR School)\u00a0 |\u00a0<a href=\"http:\/\/lattes.cnpq.br\/2357786818655678\" target=\"_blank\" rel=\"noopener\">Lattes |<\/a>\u00a0<a href=\"mailto:tscs@cesar.school\">tscs@cesar.school\u00a0<\/a><br \/>Jeane Melo (UFRPE) |\u00a0<a href=\"http:\/\/lattes.cnpq.br\/8499459630583005\" target=\"_blank\" rel=\"noopener\">Lattes<\/a>\u00a0|\u00a0<a href=\"mailto:jeane.bmelo@ufrpe.br\">jeane.bmelo@ufrpe.br<\/a><br \/>Rozelma Fran\u00e7a\u00a0 (UFRPE) |\u00a0<a href=\"http:\/\/lattes.cnpq.br\/4282789732521235\" target=\"_blank\" rel=\"noopener\">Lattes\u00a0<\/a>|\u00a0<a href=\"mailto:rozelma.franca@ufrpe.br\">rozelma.franca@ufrpe.br<\/a><\/p>\t\t\t\t\t\t\t\t<\/div>\n\t\t\t\t<\/div>\n\t\t\t\t<div class=\"elementor-element elementor-element-32f4236 elementor-widget elementor-widget-heading\" data-id=\"32f4236\" data-element_type=\"widget\" data-e-type=\"widget\" data-widget_type=\"heading.default\">\n\t\t\t\t<div class=\"elementor-widget-container\">\n\t\t\t\t\t<h4 class=\"elementor-heading-title elementor-size-default\">Concurso de Teses, Disserta\u00e7\u00f5es e Trabalhos de Conclus\u00e3o de Curso em Inform\u00e1tica na Educa\u00e7\u00e3o \u2013 CTD-IE<\/h4>\t\t\t\t<\/div>\n\t\t\t\t<\/div>\n\t\t\t\t<div class=\"elementor-element elementor-element-c2b77ed elementor-widget elementor-widget-text-editor\" data-id=\"c2b77ed\" data-element_type=\"widget\" data-e-type=\"widget\" data-widget_type=\"text-editor.default\">\n\t\t\t\t<div class=\"elementor-widget-container\">\n\t\t\t\t\t\t\t\t\t<p>Klalter Bez Fontana Arndt (UDESC) |\u00a0<a href=\"https:\/\/lattes.cnpq.br\/7402731465288377\" target=\"_blank\" rel=\"noopener\">Lattes |<\/a>\u00a0<a href=\"mailto:klalter.arndt@udesc.br\">klalter.arndt@udesc.br<\/a><\/p>\t\t\t\t\t\t\t\t<\/div>\n\t\t\t\t<\/div>\n\t\t\t\t<div class=\"elementor-element elementor-element-f0bbc0a elementor-widget elementor-widget-heading\" data-id=\"f0bbc0a\" data-element_type=\"widget\" data-e-type=\"widget\" data-widget_type=\"heading.default\">\n\t\t\t\t<div class=\"elementor-widget-container\">\n\t\t\t\t\t<h4 class=\"elementor-heading-title elementor-size-default\">Concurso Integrado de Desenvolvimento de Solu\u00e7\u00f5es de Tecnologia e Objetos de Aprendizagem para a Educa\u00e7\u00e3o \u2013 Apps.Edu<\/h4>\t\t\t\t<\/div>\n\t\t\t\t<\/div>\n\t\t\t\t<div class=\"elementor-element elementor-element-4718637 elementor-widget elementor-widget-text-editor\" data-id=\"4718637\" data-element_type=\"widget\" data-e-type=\"widget\" data-widget_type=\"text-editor.default\">\n\t\t\t\t<div class=\"elementor-widget-container\">\n\t\t\t\t\t\t\t\t\t<p>Profa. Dra. Aline de Campos (PUCRS)&nbsp; |&nbsp;<a href=\"http:\/\/lattes.cnpq.br\/8758124308639338\">Lattes<\/a> | <a href=\"mailto:prof@alinedecampos.pro.br\">prof@alinedecampos.pro.br<\/a><br>Prof. Dr. Bruno Costa (IFRJ) |&nbsp;<a href=\"http:\/\/lattes.cnpq.br\/8162384236816488\">Lattes&nbsp;<\/a>|&nbsp;<a href=\"mailto:bruno.costa@ifrj.edu.br\">bruno.costa@ifrj.edu.br<\/a><\/p>\t\t\t\t\t\t\t\t<\/div>\n\t\t\t\t<\/div>\n\t\t\t\t<div class=\"elementor-element elementor-element-a7c06e3 elementor-widget elementor-widget-heading\" data-id=\"a7c06e3\" data-element_type=\"widget\" data-e-type=\"widget\" data-widget_type=\"heading.default\">\n\t\t\t\t<div class=\"elementor-widget-container\">\n\t\t\t\t\t<h4 class=\"elementor-heading-title elementor-size-default\">Postgraduate Students Experience \u2013 StudX<\/h4>\t\t\t\t<\/div>\n\t\t\t\t<\/div>\n\t\t\t\t<div class=\"elementor-element elementor-element-b4d6e92 elementor-widget elementor-widget-text-editor\" data-id=\"b4d6e92\" data-element_type=\"widget\" data-e-type=\"widget\" data-widget_type=\"text-editor.default\">\n\t\t\t\t<div class=\"elementor-widget-container\">\n\t\t\t\t\t\t\t\t\t<p>Eduardo Henrique Teixeira (INATEL) |\u00a0<a href=\"http:\/\/lattes.cnpq.br\/5706959249737319\" target=\"_blank\" rel=\"noopener\">Lattes<\/a>\u00a0|\u00a0<a href=\"mailto:eduardot@gea.inatel.br\">eduardot@gea.inatel.br<\/a><br \/>Adriano Fiuza do Nascimento (UDESC) |\u00a0<a href=\"http:\/\/lattes.cnpq.br\/4810155557205815\">Lattes<\/a>\u00a0|\u00a0<a href=\"mailto:adriano.fiuza@hotmail.com\">adriano.fiuza@hotmail.com<\/a><br \/>Thalita Artur (UPF) |\u00a0<a href=\"http:\/\/lattes.cnpq.br\/6726706319819922\" target=\"_blank\" rel=\"noopener\">Lattes<\/a>\u00a0|\u00a0<a href=\"mailto:190472@upf.br\">190472@upf.br<\/a><br \/>J\u00falio C\u00e9sar Gama Dias da Silva (IFRJ) |\u00a0<a href=\"http:\/\/lattes.cnpq.br\/6466781778573760\">Lattes<\/a>\u00a0|\u00a0<a href=\"mailto:julio.silva@ifrj.edu.br\">julio.silva@ifrj.edu.br<\/a><\/p>\t\t\t\t\t\t\t\t<\/div>\n\t\t\t\t<\/div>\n\t\t\t\t<div class=\"elementor-element elementor-element-ee13ea2 elementor-widget elementor-widget-heading\" data-id=\"ee13ea2\" data-element_type=\"widget\" data-e-type=\"widget\" data-widget_type=\"heading.default\">\n\t\t\t\t<div class=\"elementor-widget-container\">\n\t\t\t\t\t<h4 class=\"elementor-heading-title elementor-size-default\">Espa\u00e7o Criatividade<\/h4>\t\t\t\t<\/div>\n\t\t\t\t<\/div>\n\t\t\t\t<div class=\"elementor-element elementor-element-49aa369 elementor-widget elementor-widget-text-editor\" data-id=\"49aa369\" data-element_type=\"widget\" data-e-type=\"widget\" data-widget_type=\"text-editor.default\">\n\t\t\t\t<div class=\"elementor-widget-container\">\n\t\t\t\t\t\t\t\t\t<p>Daniel Puhl &#8211; Coordenador Local<\/p>\t\t\t\t\t\t\t\t<\/div>\n\t\t\t\t<\/div>\n\t\t\t\t<div class=\"elementor-element elementor-element-bc8a959 elementor-widget elementor-widget-heading\" data-id=\"bc8a959\" data-element_type=\"widget\" data-e-type=\"widget\" data-widget_type=\"heading.default\">\n\t\t\t\t<div class=\"elementor-widget-container\">\n\t\t\t\t\t<h4 class=\"elementor-heading-title elementor-size-default\">Workshops<\/h4>\t\t\t\t<\/div>\n\t\t\t\t<\/div>\n\t\t\t\t<div class=\"elementor-element elementor-element-c9296dc elementor-widget elementor-widget-text-editor\" data-id=\"c9296dc\" data-element_type=\"widget\" data-e-type=\"widget\" data-widget_type=\"text-editor.default\">\n\t\t\t\t<div class=\"elementor-widget-container\">\n\t\t\t\t\t\t\t\t\t<p>Profa. Dra. Patr\u00edcia Grasel da Silva (IFRJ) | <a href=\"http:\/\/lattes.cnpq.br\/8163480874525368\" target=\"_blank\" rel=\"noopener\">Lattes <\/a>| <a href=\"mailto:patricia.grasel@ifrj.edu.br\">patricia.grasel@ifrj.edu.br<\/a><br \/>Profa. Dra. Maira Bernardi (ASAV) |\u00a0<a href=\"http:\/\/lattes.cnpq.br\/0575032423607374\" target=\"_blank\" rel=\"noopener\">Lattes <\/a>| <a href=\"mailto:mairaber@asav.org.br\" target=\"_blank\" rel=\"noopener\">mairaber@asav.org.br<\/a><\/p>\t\t\t\t\t\t\t\t<\/div>\n\t\t\t\t<\/div>\n\t\t\t\t\t<\/div>\n\t\t\t\t<\/div>\n\t\t\t\t<\/div>\n\t\t","protected":false},"excerpt":{"rendered":"<p>Organiza\u00e7\u00e3o Coordena\u00e7\u00e3o Geral Prof. Dr. Adriano Canabarro Teixeira (UPF) | Lattes | teixeira@upf.brProfa. Dra. Karina Marcon (UDESC) | Lattes\u00a0 | karina.marcon@udesc.br Coordena\u00e7\u00e3o geral de programa Profa. Dra Juliana Machado Brand\u00e3o (UNIPAMPA) | Lattes | julianamachado@unipampa.edu.brProfa. Dra. Lidiane Goedert |\u00a0Lattes\u00a0| lidiane.goedert@udesc.br XXXIV Simp\u00f3sio Brasileiro de Inform\u00e1tica na Educa\u00e7\u00e3o \u2013 SBIE 2023 Alex Sandro Gomes (UFPE) \u2013\u00a0Lattes\u00a0|\u00a0asg@cin.ufpe.brLeandro Marques Queiros (UFPE) \u2013\u00a0Lattes\u00a0|\u00a0lmq@cin.ufpe.br XXIX Workshop de Inform\u00e1tica na Escola &#8211; WIE 2023 Ad\u00e3o Caron Cambraia (IFFAR) |&nbsp;Lattes&nbsp;|&nbsp;adao.cambraia@iffarroupilha.edu.brAline Silva&nbsp;de Bona&nbsp;(IFRS) |&nbsp;Lattes&nbsp;|&nbsp;aline.bona@osorio.ifrs.edu.br Jornadas de Atualiza\u00e7\u00e3o em Inform\u00e1tica na Educa\u00e7\u00e3o (JAIE) Tatyane Calixto (CESAR School)\u00a0 |\u00a0Lattes |\u00a0tscs@cesar.school\u00a0Jeane Melo (UFRPE) |\u00a0Lattes\u00a0|\u00a0jeane.bmelo@ufrpe.brRozelma Fran\u00e7a\u00a0 (UFRPE) |\u00a0Lattes\u00a0|\u00a0rozelma.franca@ufrpe.br Concurso de Teses, Disserta\u00e7\u00f5es e Trabalhos de Conclus\u00e3o de Curso em Inform\u00e1tica na Educa\u00e7\u00e3o \u2013 CTD-IE Klalter Bez Fontana Arndt (UDESC) |\u00a0Lattes |\u00a0klalter.arndt@udesc.br Concurso Integrado de Desenvolvimento de Solu\u00e7\u00f5es de Tecnologia e Objetos de Aprendizagem para a Educa\u00e7\u00e3o \u2013 Apps.Edu Profa. Dra. Aline de Campos (PUCRS)&nbsp; |&nbsp;Lattes | prof@alinedecampos.pro.brProf. Dr. Bruno Costa (IFRJ) |&nbsp;Lattes&nbsp;|&nbsp;bruno.costa@ifrj.edu.br Postgraduate Students Experience \u2013 StudX Eduardo Henrique Teixeira (INATEL) |\u00a0Lattes\u00a0|\u00a0eduardot@gea.inatel.brAdriano Fiuza do Nascimento (UDESC) |\u00a0Lattes\u00a0|\u00a0adriano.fiuza@hotmail.comThalita Artur (UPF) |\u00a0Lattes\u00a0|\u00a0190472@upf.brJ\u00falio C\u00e9sar Gama Dias da Silva (IFRJ) |\u00a0Lattes\u00a0|\u00a0julio.silva@ifrj.edu.br Espa\u00e7o Criatividade Daniel Puhl &#8211; Coordenador Local Workshops Profa. Dra. Patr\u00edcia Grasel da Silva (IFRJ) | Lattes | patricia.grasel@ifrj.edu.brProfa. Dra. Maira Bernardi (ASAV) |\u00a0Lattes | mairaber@asav.org.br<\/p>\n","protected":false},"author":4,"featured_media":0,"parent":0,"menu_order":0,"comment_status":"closed","ping_status":"closed","template":"elementor_header_footer","meta":{"footnotes":""},"class_list":["post-221","page","type-page","status-publish","hentry"],"_links":{"self":[{"href":"https:\/\/cbie.sbc.org.br\/2023\/wp-json\/wp\/v2\/pages\/221","targetHints":{"allow":["GET"]}}],"collection":[{"href":"https:\/\/cbie.sbc.org.br\/2023\/wp-json\/wp\/v2\/pages"}],"about":[{"href":"https:\/\/cbie.sbc.org.br\/2023\/wp-json\/wp\/v2\/types\/page"}],"author":[{"embeddable":true,"href":"https:\/\/cbie.sbc.org.br\/2023\/wp-json\/wp\/v2\/users\/4"}],"replies":[{"embeddable":true,"href":"https:\/\/cbie.sbc.org.br\/2023\/wp-json\/wp\/v2\/comments?post=221"}],"version-history":[{"count":91,"href":"https:\/\/cbie.sbc.org.br\/2023\/wp-json\/wp\/v2\/pages\/221\/revisions"}],"predecessor-version":[{"id":2217,"href":"https:\/\/cbie.sbc.org.br\/2023\/wp-json\/wp\/v2\/pages\/221\/revisions\/2217"}],"wp:attachment":[{"href":"https:\/\/cbie.sbc.org.br\/2023\/wp-json\/wp\/v2\/media?parent=221"}],"curies":[{"name":"wp","href":"https:\/\/api.w.org\/{rel}","templated":true}]}}