{"id":1897,"date":"2023-04-19T14:06:16","date_gmt":"2023-04-19T17:06:16","guid":{"rendered":"https:\/\/cbie.sbc.org.br\/2023\/?page_id=1897"},"modified":"2023-09-28T11:32:38","modified_gmt":"2023-09-28T14:32:38","slug":"divulgacao","status":"publish","type":"page","link":"https:\/\/cbie.sbc.org.br\/2023\/divulgacao\/","title":{"rendered":"Divulga\u00e7\u00e3o"},"content":{"rendered":"\t\t<div data-elementor-type=\"wp-page\" data-elementor-id=\"1897\" class=\"elementor elementor-1897\">\n\t\t\t\t<div class=\"elementor-element elementor-element-21204d0 e-flex e-con-boxed wpr-particle-no wpr-jarallax-no wpr-parallax-no wpr-sticky-section-no e-con e-parent\" data-id=\"21204d0\" data-element_type=\"container\" data-e-type=\"container\">\n\t\t\t\t\t<div class=\"e-con-inner\">\n\t\t\t\t<div class=\"elementor-element elementor-element-37da29a elementor-widget elementor-widget-heading\" data-id=\"37da29a\" data-element_type=\"widget\" data-e-type=\"widget\" data-widget_type=\"heading.default\">\n\t\t\t\t<div class=\"elementor-widget-container\">\n\t\t\t\t\t<h2 class=\"elementor-heading-title elementor-size-default\">Ajude na divulga\u00e7\u00e3o<\/h2>\t\t\t\t<\/div>\n\t\t\t\t<\/div>\n\t\t\t\t<div class=\"elementor-element elementor-element-b27e75e elementor-widget elementor-widget-image\" data-id=\"b27e75e\" data-element_type=\"widget\" data-e-type=\"widget\" data-widget_type=\"image.default\">\n\t\t\t\t<div class=\"elementor-widget-container\">\n\t\t\t\t\t\t\t\t\t\t\t\t<figure class=\"wp-caption\">\n\t\t\t\t\t\t\t\t\t\t\t<a href=\"https:\/\/drive.google.com\/file\/d\/1LEbl80YE6t-OQNUQ6coTF47IVLi0qjq5\/view?usp=share_link\">\n\t\t\t\t\t\t\t<img fetchpriority=\"high\" decoding=\"async\" width=\"280\" height=\"396\" src=\"https:\/\/cbie.sbc.org.br\/2023\/wp-content\/uploads\/2023\/04\/Screenshot_20230419_163743.png\" class=\"attachment-large size-large wp-image-1909\" alt=\"Clique para baixar o arquivo para impress\u00e3o!\" srcset=\"https:\/\/cbie.sbc.org.br\/2023\/wp-content\/uploads\/2023\/04\/Screenshot_20230419_163743.png 280w, https:\/\/cbie.sbc.org.br\/2023\/wp-content\/uploads\/2023\/04\/Screenshot_20230419_163743-212x300.png 212w\" sizes=\"(max-width: 280px) 100vw, 280px\" \/>\t\t\t\t\t\t\t\t<\/a>\n\t\t\t\t\t\t\t\t\t\t\t<figcaption class=\"widget-image-caption wp-caption-text\">Clique para baixar o arquivo para impress\u00e3o!<\/figcaption>\n\t\t\t\t\t\t\t\t\t\t<\/figure>\n\t\t\t\t\t\t\t\t\t<\/div>\n\t\t\t\t<\/div>\n\t\t\t\t<div class=\"elementor-element elementor-element-74e26dc elementor-widget elementor-widget-image\" data-id=\"74e26dc\" data-element_type=\"widget\" data-e-type=\"widget\" data-widget_type=\"image.default\">\n\t\t\t\t<div class=\"elementor-widget-container\">\n\t\t\t\t\t\t\t\t\t\t\t\t\t\t\t<img decoding=\"async\" width=\"300\" height=\"287\" src=\"https:\/\/cbie.sbc.org.br\/2023\/wp-content\/uploads\/2023\/09\/somente-logo-300x287.png\" class=\"attachment-medium size-medium wp-image-2841\" alt=\"\" srcset=\"https:\/\/cbie.sbc.org.br\/2023\/wp-content\/uploads\/2023\/09\/somente-logo-300x287.png 300w, https:\/\/cbie.sbc.org.br\/2023\/wp-content\/uploads\/2023\/09\/somente-logo-1024x980.png 1024w, https:\/\/cbie.sbc.org.br\/2023\/wp-content\/uploads\/2023\/09\/somente-logo-768x735.png 768w, https:\/\/cbie.sbc.org.br\/2023\/wp-content\/uploads\/2023\/09\/somente-logo-600x574.png 600w, https:\/\/cbie.sbc.org.br\/2023\/wp-content\/uploads\/2023\/09\/somente-logo.png 1500w\" sizes=\"(max-width: 300px) 100vw, 300px\" \/>\t\t\t\t\t\t\t\t\t\t\t\t\t\t\t<\/div>\n\t\t\t\t<\/div>\n\t\t\t\t<div class=\"elementor-element elementor-element-8928667 elementor-widget elementor-widget-image\" data-id=\"8928667\" data-element_type=\"widget\" data-e-type=\"widget\" data-widget_type=\"image.default\">\n\t\t\t\t<div class=\"elementor-widget-container\">\n\t\t\t\t\t\t\t\t\t\t\t\t\t\t\t<img decoding=\"async\" width=\"768\" height=\"361\" src=\"https:\/\/cbie.sbc.org.br\/2023\/wp-content\/uploads\/2023\/09\/Logo-CBIE-BRANCO-Vetor-768x361.png\" class=\"attachment-medium_large size-medium_large wp-image-2840\" alt=\"\" srcset=\"https:\/\/cbie.sbc.org.br\/2023\/wp-content\/uploads\/2023\/09\/Logo-CBIE-BRANCO-Vetor-768x361.png 768w, https:\/\/cbie.sbc.org.br\/2023\/wp-content\/uploads\/2023\/09\/Logo-CBIE-BRANCO-Vetor-300x141.png 300w, https:\/\/cbie.sbc.org.br\/2023\/wp-content\/uploads\/2023\/09\/Logo-CBIE-BRANCO-Vetor-1024x481.png 1024w, https:\/\/cbie.sbc.org.br\/2023\/wp-content\/uploads\/2023\/09\/Logo-CBIE-BRANCO-Vetor-600x282.png 600w, https:\/\/cbie.sbc.org.br\/2023\/wp-content\/uploads\/2023\/09\/Logo-CBIE-BRANCO-Vetor.png 1500w\" sizes=\"(max-width: 768px) 100vw, 768px\" \/>\t\t\t\t\t\t\t\t\t\t\t\t\t\t\t<\/div>\n\t\t\t\t<\/div>\n\t\t\t\t<div class=\"elementor-element elementor-element-0c9b635 elementor-widget elementor-widget-image\" data-id=\"0c9b635\" data-element_type=\"widget\" data-e-type=\"widget\" data-widget_type=\"image.default\">\n\t\t\t\t<div class=\"elementor-widget-container\">\n\t\t\t\t\t\t\t\t\t\t\t\t\t\t\t<img loading=\"lazy\" decoding=\"async\" width=\"768\" height=\"361\" src=\"https:\/\/cbie.sbc.org.br\/2023\/wp-content\/uploads\/2023\/09\/Logo-CBIE-Vetor-768x361.png\" class=\"attachment-medium_large size-medium_large wp-image-2842\" alt=\"\" srcset=\"https:\/\/cbie.sbc.org.br\/2023\/wp-content\/uploads\/2023\/09\/Logo-CBIE-Vetor-768x361.png 768w, https:\/\/cbie.sbc.org.br\/2023\/wp-content\/uploads\/2023\/09\/Logo-CBIE-Vetor-300x141.png 300w, https:\/\/cbie.sbc.org.br\/2023\/wp-content\/uploads\/2023\/09\/Logo-CBIE-Vetor-1024x481.png 1024w, https:\/\/cbie.sbc.org.br\/2023\/wp-content\/uploads\/2023\/09\/Logo-CBIE-Vetor-600x282.png 600w, https:\/\/cbie.sbc.org.br\/2023\/wp-content\/uploads\/2023\/09\/Logo-CBIE-Vetor.png 1250w\" sizes=\"(max-width: 768px) 100vw, 768px\" \/>\t\t\t\t\t\t\t\t\t\t\t\t\t\t\t<\/div>\n\t\t\t\t<\/div>\n\t\t\t\t<div class=\"elementor-element elementor-element-f894b1c elementor-widget elementor-widget-image\" data-id=\"f894b1c\" data-element_type=\"widget\" data-e-type=\"widget\" data-widget_type=\"image.default\">\n\t\t\t\t<div class=\"elementor-widget-container\">\n\t\t\t\t\t\t\t\t\t\t\t\t\t\t\t<img loading=\"lazy\" decoding=\"async\" width=\"1024\" height=\"256\" src=\"https:\/\/cbie.sbc.org.br\/2023\/wp-content\/uploads\/2023\/04\/3-1024x256.png\" class=\"attachment-large size-large wp-image-1886\" alt=\"Uma imagem com fundo roxo, na esquerda h\u00e1 o desenho de uma cuia, na qual est\u00e1 escrita CBIE2023, atr\u00e1s da cuia, est\u00e3o as cores do rio grande do sul. O teto na imagem diz: &quot;CBIE2023 XII CONGRESSO BRASILEIRO DE INFORM\u00c1TICA NA EDUCA\u00c7\u00c3O&quot;, &quot;6 A 10 NOV&quot;, na direita, de cima para baixo, h\u00e1 &#039;local&#039;, ap\u00f3s isso, o logo da UPF, realiza\u00e7\u00e3o, e ap\u00f3s isso, o logo da SBC, e realiza\u00e7\u00e3o, ap\u00f3s isso, o logo da comiss\u00e3o especial de inform\u00e1tica na educa\u00e7\u00e3o, UPF e Passo Fundo.\" srcset=\"https:\/\/cbie.sbc.org.br\/2023\/wp-content\/uploads\/2023\/04\/3-1024x256.png 1024w, https:\/\/cbie.sbc.org.br\/2023\/wp-content\/uploads\/2023\/04\/3-300x75.png 300w, https:\/\/cbie.sbc.org.br\/2023\/wp-content\/uploads\/2023\/04\/3-768x192.png 768w, https:\/\/cbie.sbc.org.br\/2023\/wp-content\/uploads\/2023\/04\/3-1536x384.png 1536w, https:\/\/cbie.sbc.org.br\/2023\/wp-content\/uploads\/2023\/04\/3-2048x512.png 2048w, https:\/\/cbie.sbc.org.br\/2023\/wp-content\/uploads\/2023\/04\/3-600x150.png 600w\" sizes=\"(max-width: 1024px) 100vw, 1024px\" \/>\t\t\t\t\t\t\t\t\t\t\t\t\t\t\t<\/div>\n\t\t\t\t<\/div>\n\t\t\t\t<div class=\"elementor-element elementor-element-d74b537 elementor-widget elementor-widget-video\" data-id=\"d74b537\" data-element_type=\"widget\" data-e-type=\"widget\" data-settings=\"{&quot;youtube_url&quot;:&quot;https:\\\/\\\/www.youtube.com\\\/watch?v=_AFuxzfsAJ4&quot;,&quot;video_type&quot;:&quot;youtube&quot;,&quot;controls&quot;:&quot;yes&quot;}\" data-widget_type=\"video.default\">\n\t\t\t\t<div class=\"elementor-widget-container\">\n\t\t\t\t\t\t\t<div class=\"elementor-wrapper elementor-open-inline\">\n\t\t\t<div class=\"elementor-video\"><\/div>\t\t<\/div>\n\t\t\t\t\t\t<\/div>\n\t\t\t\t<\/div>\n\t\t\t\t\t<\/div>\n\t\t\t\t<\/div>\n\t\t\t\t<\/div>\n\t\t","protected":false},"excerpt":{"rendered":"<p>Ajude na divulga\u00e7\u00e3o Clique para baixar o arquivo para impress\u00e3o!<\/p>\n","protected":false},"author":6,"featured_media":0,"parent":0,"menu_order":0,"comment_status":"closed","ping_status":"closed","template":"elementor_header_footer","meta":{"footnotes":""},"class_list":["post-1897","page","type-page","status-publish","hentry"],"_links":{"self":[{"href":"https:\/\/cbie.sbc.org.br\/2023\/wp-json\/wp\/v2\/pages\/1897","targetHints":{"allow":["GET"]}}],"collection":[{"href":"https:\/\/cbie.sbc.org.br\/2023\/wp-json\/wp\/v2\/pages"}],"about":[{"href":"https:\/\/cbie.sbc.org.br\/2023\/wp-json\/wp\/v2\/types\/page"}],"author":[{"embeddable":true,"href":"https:\/\/cbie.sbc.org.br\/2023\/wp-json\/wp\/v2\/users\/6"}],"replies":[{"embeddable":true,"href":"https:\/\/cbie.sbc.org.br\/2023\/wp-json\/wp\/v2\/comments?post=1897"}],"version-history":[{"count":13,"href":"https:\/\/cbie.sbc.org.br\/2023\/wp-json\/wp\/v2\/pages\/1897\/revisions"}],"predecessor-version":[{"id":2845,"href":"https:\/\/cbie.sbc.org.br\/2023\/wp-json\/wp\/v2\/pages\/1897\/revisions\/2845"}],"wp:attachment":[{"href":"https:\/\/cbie.sbc.org.br\/2023\/wp-json\/wp\/v2\/media?parent=1897"}],"curies":[{"name":"wp","href":"https:\/\/api.w.org\/{rel}","templated":true}]}}